{"id":4428,"date":"2020-11-18T11:03:43","date_gmt":"2020-11-18T16:03:43","guid":{"rendered":"https:\/\/phantomdivers.com\/videos\/"},"modified":"2024-05-22T09:41:22","modified_gmt":"2024-05-22T14:41:22","slug":"videos","status":"publish","type":"page","link":"https:\/\/phantomdivers.com\/it\/videos\/","title":{"rendered":"Videos"},"content":{"rendered":"<section class=\"wpb-content-wrapper\"><p>[vc_row][vc_column][vc_empty_space][vc_column_text]Phantom Divers \u00e8 un operatore subacqueo con oltre 25 anni di esperienza, un pioniere nelle immersioni con lo squalo toro nella Riviera Maya. Dedicato e impegnato nella conservazione dell\u2019ambiente marino. Da anni abbiamo il piacere di condividere il nostro lavoro con diversi media in tutto il mondo. Condividiamo con voi alcune di queste interviste.[\/vc_column_text][vc_empty_space][vc_custom_heading text=&#8221;Televisi\u00f3n&#8221; font_container=&#8221;tag:h3|font_size:20|text_align:left&#8221; google_fonts=&#8221;font_family:Raleway%3A100%2C200%2C300%2Cregular%2C500%2C600%2C700%2C800%2C900|font_style:400%20regular%3A400%3Anormal&#8221;][\/vc_column][\/vc_row][vc_row][vc_column width=&#8221;1\/3&#8243;][vc_custom_heading text=&#8221;National Geographic&#8221; font_container=&#8221;tag:h5|font_size:17|text_align:left&#8221; google_fonts=&#8221;font_family:Raleway%3A100%2C200%2C300%2Cregular%2C500%2C600%2C700%2C800%2C900|font_style:400%20regular%3A400%3Anormal&#8221;][vc_column_text]&#8221;Perpetual Planet: Ecotourism in M\u00e9xico&#8221;[\/vc_column_text][vc_single_image image=&#8221;4537&#8243; img_size=&#8221;full&#8221; alignment=&#8221;center&#8221; onclick=&#8221;custom_link&#8221; img_link_target=&#8221;_blank&#8221; link=&#8221;https:\/\/www.facebook.com\/natgeotravel\/videos\/10155752288783992&#8243;][vc_empty_space][vc_column_text]While ecotourism is often good for conservation, it can also endanger wildlife. Can we strike a balance?[\/vc_column_text][\/vc_column][vc_column width=&#8221;1\/3&#8243;][vc_custom_heading text=&#8221;Animal Planet&#8221; font_container=&#8221;tag:h5|font_size:17|text_align:left&#8221; google_fonts=&#8221;font_family:Raleway%3A100%2C200%2C300%2Cregular%2C500%2C600%2C700%2C800%2C900|font_style:400%20regular%3A400%3Anormal&#8221;][vc_column_text]&#8221;Phantom Divers and Bull Sharks&#8221;[\/vc_column_text][vc_single_image image=&#8221;4540&#8243; img_size=&#8221;full&#8221; onclick=&#8221;custom_link&#8221; link=&#8221;https:\/\/www.youtube.com\/watch?v=qKL9A6_jPLU&#8221;][vc_empty_space][vc_column_text]Nuestros amigos de Telemundo ten\u00edan la inquietud de conocer un poco m\u00e1s sobre los tiburones para entender porque son tan importantes en su ecosistema, as\u00ed que los llevamos a bucear con ellos para que conozcan un poco m\u00e1s sobre ellos y el trabajo que hacemos en Phantom junto son Saving our Sharks.[\/vc_column_text][\/vc_column][vc_column width=&#8221;1\/3&#8243;][vc_custom_heading text=&#8221;Callejeros Viajeros&#8221; font_container=&#8221;tag:h5|font_size:17|text_align:left&#8221; google_fonts=&#8221;font_family:Raleway%3A100%2C200%2C300%2Cregular%2C500%2C600%2C700%2C800%2C900|font_style:400%20regular%3A400%3Anormal&#8221;][vc_column_text]&#8221;Buceo con Tiburon&#8221;[\/vc_column_text][vc_single_image image=&#8221;4543&#8243; img_size=&#8221;full&#8221; onclick=&#8221;custom_link&#8221; link=&#8221;https:\/\/www.youtube.com\/watch?v=9UyQd-GrL_g&#8221;][vc_empty_space][vc_column_text]Llevamos a nuestros amigos Callejeros Viajeros al incre\u00edble mundo subacu\u00e1tico para bucear con el Tibur\u00f3n Toro y conocer un poco sobre la importancia de esta especie y los esfuerzos que se est\u00e1n haciendo por la conservaci\u00f3n de la especie.[\/vc_column_text][\/vc_column][\/vc_row][vc_row][vc_column width=&#8221;1\/3&#8243;][vc_custom_heading text=&#8221;Rai TV&#8221; font_container=&#8221;tag:h5|font_size:17|text_align:left&#8221; google_fonts=&#8221;font_family:Raleway%3A100%2C200%2C300%2Cregular%2C500%2C600%2C700%2C800%2C900|font_style:400%20regular%3A400%3Anormal&#8221;][vc_column_text]&#8221;L\u00b4Amico degli Squali&#8221;[\/vc_column_text][vc_single_image image=&#8221;4546&#8243; img_size=&#8221;full&#8221; alignment=&#8221;center&#8221; onclick=&#8221;custom_link&#8221; img_link_target=&#8221;_blank&#8221; link=&#8221;https:\/\/www.youtube.com\/watch?v=HqvPhFw3VtA&#8221;][vc_empty_space][vc_column_text]Un noticiero italiano habla sobre los tiburones, su importancia y el trabajo de conservaci\u00f3n que hacemos en Playa del Carmen para su conservaci\u00f3n.[\/vc_column_text][\/vc_column][vc_column width=&#8221;1\/3&#8243;][vc_custom_heading text=&#8221;Canal Off&#8221; font_container=&#8221;tag:h5|font_size:17|text_align:left&#8221; google_fonts=&#8221;font_family:Raleway%3A100%2C200%2C300%2Cregular%2C500%2C600%2C700%2C800%2C900|font_style:400%20regular%3A400%3Anormal&#8221;][vc_column_text]&#8221;Sofia Gra\u00e7a Aranha mergulha com seis tubar\u00f5es Cabe\u00e7a Chata | Amea\u00e7ados&#8221;[\/vc_column_text][vc_single_image image=&#8221;4549&#8243; img_size=&#8221;full&#8221; onclick=&#8221;custom_link&#8221; link=&#8221;https:\/\/www.youtube.com\/watch?v=mgm-Vnnn-8k&#8221;][vc_empty_space][vc_column_text]Apaixonada pelo mar e por animais marinhos, a bi\u00f3loga Sofia Gra\u00e7a Aranha viaja em busca daqueles que s\u00e3o os mais amea\u00e7ados dos oceanos. Em Playa Del Carmen, no M\u00e9xico, ela vai atr\u00e1s do tubar\u00e3o Cabe\u00e7a Chata. Para isso, Sofia mergulha com Chino, o dono da Saving Our Sharks, uma ONG de defesa dos tubar\u00f5es, que trabalha com a educa\u00e7\u00e3o ambiental e tamb\u00e9m se dedica a pesquisas cient\u00edficas.[\/vc_column_text][\/vc_column][vc_column width=&#8221;1\/3&#8243;][vc_custom_heading text=&#8221;Televisa&#8221; font_container=&#8221;tag:h5|font_size:17|text_align:left&#8221; google_fonts=&#8221;font_family:Raleway%3A100%2C200%2C300%2Cregular%2C500%2C600%2C700%2C800%2C900|font_style:400%20regular%3A400%3Anormal&#8221;][vc_column_text]&#8221;Noticieros Televisa | El hombre que nada con tiburones.&#8221;[\/vc_column_text][vc_single_image image=&#8221;4552&#8243; img_size=&#8221;full&#8221; onclick=&#8221;custom_link&#8221; link=&#8221;https:\/\/www.youtube.com\/watch?v=cX1YxFDPYZc&#8221;][vc_empty_space][vc_column_text]En Playa del Carmen, Quintana Roo, vive el hombre que alimenta a los tiburones y lo que busca es hacer conciencia de la importancia de esta especie y de que vale m\u00e1s un tibur\u00f3n vivo que uno muerto.[\/vc_column_text][\/vc_column][\/vc_row][vc_row][vc_column width=&#8221;1\/3&#8243;][vc_custom_heading text=&#8221;TV Azteca&#8221; font_container=&#8221;tag:h5|font_size:17|text_align:left&#8221; google_fonts=&#8221;font_family:Raleway%3A100%2C200%2C300%2Cregular%2C500%2C600%2C700%2C800%2C900|font_style:400%20regular%3A400%3Anormal&#8221;][vc_column_text]&#8221;Animale Nocturno con Ricardo Obert&#8221;[\/vc_column_text][vc_single_image image=&#8221;4555&#8243; img_size=&#8221;full&#8221; alignment=&#8221;center&#8221; onclick=&#8221;custom_link&#8221; img_link_target=&#8221;_blank&#8221; link=&#8221;https:\/\/www.youtube.com\/watch?v=dCatIS77v9U&#8221;][vc_empty_space][vc_column_text]Ricardo Obert viaja a Playa del Carmen, Quintana Roo para sumergirse junto con Jorge &#8220;El Chino&#8221; Loria, buzo profesional y due\u00f1o de Phantom Divers, en el maravilloso mundo del Tibur\u00f3n Toro. \u00a1Acomp\u00e1\u00f1enos en esta aventura![\/vc_column_text][\/vc_column][vc_column width=&#8221;1\/3&#8243;][vc_custom_heading text=&#8221;TV Azteca&#8221; font_container=&#8221;tag:h5|font_size:17|text_align:left&#8221; google_fonts=&#8221;font_family:Raleway%3A100%2C200%2C300%2Cregular%2C500%2C600%2C700%2C800%2C900|font_style:400%20regular%3A400%3Anormal&#8221;][vc_column_text]&#8221;Aprendamos un poco sobre el Tibur\u00f3n Toro&#8221;[\/vc_column_text][vc_single_image image=&#8221;4558&#8243; img_size=&#8221;full&#8221; onclick=&#8221;custom_link&#8221; link=&#8221;https:\/\/www.youtube.com\/watch?v=YO9Imo8gyTU&#8221;][vc_empty_space][vc_column_text]El tibur\u00f3n lejos de ser un animal peligroso, como lo conocemos, es un animal indispensable para su ecosistema. Llevamos a nuestros amigos de TV Azteca a bucear con el Tibur\u00f3n Toro y ense\u00f1arles un poco de la especie y el trabajo de conservaci\u00f3n que estamos haciendo.[\/vc_column_text][\/vc_column][vc_column width=&#8221;1\/3&#8243;][vc_custom_heading text=&#8221;Telemundo&#8221; font_container=&#8221;tag:h5|font_size:17|text_align:left&#8221; google_fonts=&#8221;font_family:Raleway%3A100%2C200%2C300%2Cregular%2C500%2C600%2C700%2C800%2C900|font_style:400%20regular%3A400%3Anormal&#8221;][vc_column_text]&#8221;La importancia del Tibur\u00f3n Ballena&#8221;[\/vc_column_text][vc_single_image image=&#8221;4561&#8243; img_size=&#8221;full&#8221; onclick=&#8221;custom_link&#8221; link=&#8221;https:\/\/www.youtube.com\/watch?v=-8LBdcZU858&#8243;][vc_empty_space][vc_column_text]La contaminaci\u00f3n, la pesca ilegal y el turismo de masa ponen este gigante del mar en peligro de extinci\u00f3n. En los \u00faltimos 75 a\u00f1os su poblaci\u00f3n se ha visto reducida en un 50%. Hoy en d\u00eda se cuentan s\u00f3lo 7000 ejemplares.[\/vc_column_text][\/vc_column][\/vc_row][vc_row][vc_column width=&#8221;1\/3&#8243;][vc_custom_heading text=&#8221;Telemundo&#8221; font_container=&#8221;tag:h5|font_size:17|text_align:left&#8221; google_fonts=&#8221;font_family:Raleway%3A100%2C200%2C300%2Cregular%2C500%2C600%2C700%2C800%2C900|font_style:400%20regular%3A400%3Anormal&#8221;][vc_column_text]&#8221;Planeta Tierra&#8221;[\/vc_column_text][vc_single_image image=&#8221;4564&#8243; img_size=&#8221;full&#8221; alignment=&#8221;center&#8221; onclick=&#8221;custom_link&#8221; img_link_target=&#8221;_blank&#8221; link=&#8221;https:\/\/www.youtube.com\/watch?v=w063Sv4mb0o&#8221;][vc_empty_space][vc_column_text]Nuestros amigos de Telemundo nos acompa\u00f1aron en un buceo con Tiburon Toro para conocer un poco m\u00e1s de esta especie y aprender sobre el trabajo de conservaci\u00f3n que hacemos junto con Saving our Sharks.[\/vc_column_text][\/vc_column][vc_column width=&#8221;1\/3&#8243;][vc_custom_heading text=&#8221;Telemundo&#8221; font_container=&#8221;tag:h5|font_size:17|text_align:left&#8221; google_fonts=&#8221;font_family:Raleway%3A100%2C200%2C300%2Cregular%2C500%2C600%2C700%2C800%2C900|font_style:400%20regular%3A400%3Anormal&#8221;][vc_column_text]&#8221;Noticias Telemundo | Los tiburones est\u00e1n desapareciendo de forma alarmante.&#8221;[\/vc_column_text][vc_single_image image=&#8221;4567&#8243; img_size=&#8221;full&#8221; onclick=&#8221;custom_link&#8221; link=&#8221;https:\/\/www.youtube.com\/watch?v=dB2V80qmSew&#8221;][vc_empty_space][vc_column_text]A pesar de ser uno de los animales m\u00e1s temidos, los tiburones son parte esencial para la salud del oc\u00e9ano y est\u00e1n desapareciendo en cifras alarmantes.[\/vc_column_text][\/vc_column][vc_column width=&#8221;1\/3&#8243;][vc_custom_heading text=&#8221;Foro TV&#8221; font_container=&#8221;tag:h5|font_size:17|text_align:left&#8221; google_fonts=&#8221;font_family:Raleway%3A100%2C200%2C300%2Cregular%2C500%2C600%2C700%2C800%2C900|font_style:400%20regular%3A400%3Anormal&#8221;][vc_column_text]&#8221;Historias por contar | Tibur\u00f3n Toro en peligro&#8221;[\/vc_column_text][vc_single_image image=&#8221;4573&#8243; img_size=&#8221;full&#8221; alignment=&#8221;center&#8221; onclick=&#8221;custom_link&#8221; img_link_target=&#8221;_blank&#8221; link=&#8221;https:\/\/www.youtube.com\/watch?v=3euOOQd2zM8&#8243;][vc_empty_space][vc_column_text]Cada d\u00eda cientos de tiburones son capturados para satisfacer la demanda que existe por sus aletas. Historias por Contar nos muestra una de tantas realidades de pesca indiscriminada de esta especie y el esfuerzo de grupos conservacionistas como, Saving our Sharks, por frenar esta realidad.[\/vc_column_text][\/vc_column][\/vc_row][vc_row][vc_column width=&#8221;1\/3&#8243;][vc_custom_heading text=&#8221;Vamos a Bucear&#8221; font_container=&#8221;tag:h5|font_size:17|text_align:left&#8221; google_fonts=&#8221;font_family:Raleway%3A100%2C200%2C300%2Cregular%2C500%2C600%2C700%2C800%2C900|font_style:400%20regular%3A400%3Anormal&#8221;][vc_column_text]&#8221;Buceando entre tiburones&#8221;[\/vc_column_text][vc_single_image image=&#8221;4577&#8243; img_size=&#8221;full&#8221; onclick=&#8221;custom_link&#8221; link=&#8221;https:\/\/www.youtube.com\/watch?v=WF3XEXFC8r0&#8243;][vc_empty_space][vc_column_text]Queremos hacer conciencia sobre la importancia de los tiburones, una especie que se ha clasificado como peligrosa para el ser humano, lo que ha provocado su caza desmedida. Estos animales son sumamente importantes para la conservaci\u00f3n de nuestros oc\u00e9anos y cientos de especies marinas por lo que tenemos que protegerlos.[\/vc_column_text][\/vc_column][vc_column width=&#8221;1\/3&#8243;][vc_custom_heading text=&#8221;Uno TV&#8221; font_container=&#8221;tag:h5|font_size:17|text_align:left&#8221; google_fonts=&#8221;font_family:Raleway%3A100%2C200%2C300%2Cregular%2C500%2C600%2C700%2C800%2C900|font_style:400%20regular%3A400%3Anormal&#8221;][vc_column_text]&#8221;Tibur\u00f3n Toro&#8221;[\/vc_column_text][vc_single_image image=&#8221;4580&#8243; img_size=&#8221;full&#8221; onclick=&#8221;custom_link&#8221; link=&#8221;https:\/\/www.facebook.com\/watch\/?v=626524324440775&#8243;][vc_empty_space][vc_column_text]Nuestos amigos de Uno TV nos visitaron en Playa del Carmen con el objetivo de desmitificar a los tiburones y conocer un poco m\u00e1s sobre su importancia en los ecosistemas marinos y el trabajo de conservaci\u00f3n que se hace en la zona.[\/vc_column_text][\/vc_column][vc_column width=&#8221;1\/3&#8243;][vc_custom_heading text=&#8221;Cabovision TV&#8221; font_container=&#8221;tag:h5|font_size:17|text_align:left&#8221; google_fonts=&#8221;font_family:Raleway%3A100%2C200%2C300%2Cregular%2C500%2C600%2C700%2C800%2C900|font_style:400%20regular%3A400%3Anormal&#8221;][vc_column_text]&#8221;Tiburones de Mexico&#8221;[\/vc_column_text][vc_single_image image=&#8221;4583&#8243; img_size=&#8221;full&#8221; alignment=&#8221;center&#8221; onclick=&#8221;custom_link&#8221; img_link_target=&#8221;_blank&#8221; link=&#8221;https:\/\/www.youtube.com\/watch?v=k56olCGP3B8&#8243;][vc_empty_space][vc_column_text]Llevamos a nuestros amigos de Cabovision a una expedici\u00f3n de Tiburones en Playa del Carmen, M\u00e9xico, para dar a conocer la importancia de una de las especies marinas m\u00e1s importantes de los oc\u00e9anos; Los Tiburones[\/vc_column_text][\/vc_column][\/vc_row][vc_row][vc_column][vc_empty_space][vc_custom_heading text=&#8221;Documentales&#8221; font_container=&#8221;tag:h3|font_size:20|text_align:left&#8221; google_fonts=&#8221;font_family:Raleway%3A100%2C200%2C300%2Cregular%2C500%2C600%2C700%2C800%2C900|font_style:400%20regular%3A400%3Anormal&#8221;][\/vc_column][\/vc_row][vc_row][vc_column width=&#8221;1\/3&#8243;][vc_custom_heading text=&#8221;M\u00e9xico Pel\u00e1gico&#8221; font_container=&#8221;tag:h5|font_size:17|text_align:left&#8221; google_fonts=&#8221;font_family:Raleway%3A100%2C200%2C300%2Cregular%2C500%2C600%2C700%2C800%2C900|font_style:400%20regular%3A400%3Anormal&#8221;][vc_column_text][\/vc_column_text][vc_single_image image=&#8221;4586&#8243; img_size=&#8221;full&#8221; alignment=&#8221;center&#8221; onclick=&#8221;custom_link&#8221; img_link_target=&#8221;_blank&#8221; link=&#8221;https:\/\/vimeo.com\/102625167&#8243;][vc_empty_space][vc_column_text]M\u00e9xico Pel\u00e1gico es un documental que condesa tres a\u00f1os de filmaci\u00f3n y aprendizaje en el mar abierto mexicano. el prop\u00f3sito de este proyecto es generar conciencia del p\u00fablico y promover la protecci\u00f3n sustentable de especies pel\u00e1gicas en M\u00e9xico.<br \/>\n\u2014 Jero Prieto[\/vc_column_text][\/vc_column][vc_column width=&#8221;1\/3&#8243;][vc_custom_heading text=&#8221;Mares Mexicanos&#8221; font_container=&#8221;tag:h5|font_size:17|text_align:left&#8221; google_fonts=&#8221;font_family:Raleway%3A100%2C200%2C300%2Cregular%2C500%2C600%2C700%2C800%2C900|font_style:400%20regular%3A400%3Anormal&#8221;][vc_column_text]&#8221;Playa del carmen &#8211; Tiburon Toro&#8221;[\/vc_column_text][vc_single_image image=&#8221;4589&#8243; img_size=&#8221;full&#8221; onclick=&#8221;custom_link&#8221; link=&#8221;https:\/\/www.youtube.com\/watch?v=1UDfmwjF7f4&#8243;][vc_empty_space][vc_column_text]Los tiburones son una especie sumamente importante para los oc\u00e9anos por lo que Phantom hace una gran labor por cambiar la percepci\u00f3n de las personas hacia estos animales, y hoy nuestros amigos de Mares Mexicanos se sumergieron con nosotros.[\/vc_column_text][\/vc_column][vc_column width=&#8221;1\/3&#8243;][vc_custom_heading text=&#8221;Tiburones de M\u00e9xico por Gerardo Villar&#8221; font_container=&#8221;tag:h5|font_size:17|text_align:left&#8221; google_fonts=&#8221;font_family:Raleway%3A100%2C200%2C300%2Cregular%2C500%2C600%2C700%2C800%2C900|font_style:400%20regular%3A400%3Anormal&#8221;][vc_column_text][\/vc_column_text][vc_single_image image=&#8221;4592&#8243; img_size=&#8221;full&#8221; onclick=&#8221;custom_link&#8221; link=&#8221;https:\/\/www.youtube.com\/watch?v=GbLk2D9Gt0I&#8221;][vc_empty_space][vc_column_text]Gerardo Villar nos acompa\u00f1a para conocer un poco m\u00e1s sobre los tiburones, estos animales a los que se les ha dado el rol de asesinos, pero que en verdad son animales s\u00faper importantes para la conservaci\u00f3n de nuestros arrecifes y otras especies marinas.[\/vc_column_text][\/vc_column][\/vc_row][vc_row][vc_column width=&#8221;1\/3&#8243;][vc_custom_heading text=&#8221;Por el Planeta&#8221; font_container=&#8221;tag:h5|font_size:17|text_align:left&#8221; google_fonts=&#8221;font_family:Raleway%3A100%2C200%2C300%2Cregular%2C500%2C600%2C700%2C800%2C900|font_style:400%20regular%3A400%3Anormal&#8221;][vc_column_text]&#8221;Encuentros cercanos&#8221;[\/vc_column_text][vc_single_image image=&#8221;4595&#8243; img_size=&#8221;full&#8221; alignment=&#8221;center&#8221; onclick=&#8221;custom_link&#8221; img_link_target=&#8221;_blank&#8221; link=&#8221;https:\/\/www.youtube.com\/watch?v=rcgqPAFUuSw&#8221;][vc_empty_space][vc_column_text]Un encuentro cercano con el tibur\u00f3n toro s\u00f3lo es posible en tres lugares en el mundo. El equipo de Por el Planeta visita el caribe mexicano con el fin de encontrarse con esta especie. Aqu\u00ed puedes encontrar v\u00eddeos que muestran las maravillas naturales de los muchos ecosistemas que conforman nuestro mundo.[\/vc_column_text][\/vc_column][vc_column width=&#8221;1\/3&#8243;][vc_custom_heading text=&#8221;Jonathan Bird Blue World&#8221; font_container=&#8221;tag:h5|font_size:17|text_align:left&#8221; google_fonts=&#8221;font_family:Raleway%3A100%2C200%2C300%2Cregular%2C500%2C600%2C700%2C800%2C900|font_style:400%20regular%3A400%3Anormal&#8221;][vc_column_text]&#8221;Bull Sharks&#8221;[\/vc_column_text][vc_single_image image=&#8221;4598&#8243; img_size=&#8221;full&#8221; onclick=&#8221;custom_link&#8221; link=&#8221;https:\/\/www.youtube.com\/watch?v=vrkkQO9zVfA&#8221;][vc_empty_space][vc_column_text]Jonathan viaja a M\u00e9xico para un encuentro cercano con los tiburones toro, infames por el hecho de que se sabe que son la especie de tibur\u00f3n m\u00e1s peligrosa para los humanos. Llega a probarse un traje anti-tibur\u00f3n de cota de malla y conoce a un bi\u00f3logo que est\u00e1 estudiando a los tiburones para aprender m\u00e1s sobre su poblaci\u00f3n y h\u00e1bitos.[\/vc_column_text][\/vc_column][vc_column width=&#8221;1\/3&#8243;][vc_custom_heading text=&#8221;Canal 11&#8243; font_container=&#8221;tag:h5|font_size:17|text_align:left&#8221; google_fonts=&#8221;font_family:Raleway%3A100%2C200%2C300%2Cregular%2C500%2C600%2C700%2C800%2C900|font_style:400%20regular%3A400%3Anormal&#8221;][vc_column_text]&#8221;Libro Rojo &#8211; Especies Amenazadas&#8221;[\/vc_column_text][vc_single_image image=&#8221;4601&#8243; img_size=&#8221;full&#8221; onclick=&#8221;custom_link&#8221; link=&#8221;https:\/\/www.youtube.com\/watch?v=hEMn9GrmwBw&#8221;][vc_empty_space][vc_column_text]A pesar de su mala reputaci\u00f3n, los tiburones son unos de los animales m\u00e1s extraordinarios del planeta. Son una especie que ha mantenido su mismo dise\u00f1o anat\u00f3mico desde el inicio de su existencia, son grandes predadores con una funci\u00f3n muy importante en el ecosistema marino: limpian los mares y son responsables de mantener solamente a los ejemplares fuertes y sanos que preserven cada especie, sin sobrepoblaciones. Esta especie tan temida y poco comprendida, ha sido depredada por el humano con fines l\u00fadicos y comerciales, convirtiendo as\u00ed a los tiburones en una especie en peligro de extinci\u00f3n.[\/vc_column_text][\/vc_column][\/vc_row][vc_row][vc_column width=&#8221;1\/3&#8243;][vc_custom_heading text=&#8221;Cronicas Submarinas por Alberto Friscione&#8221; font_container=&#8221;tag:h5|font_size:17|text_align:left&#8221; google_fonts=&#8221;font_family:Raleway%3A100%2C200%2C300%2Cregular%2C500%2C600%2C700%2C800%2C900|font_style:400%20regular%3A400%3Anormal&#8221;][vc_column_text][\/vc_column_text][vc_single_image image=&#8221;4604&#8243; img_size=&#8221;full&#8221; alignment=&#8221;center&#8221; onclick=&#8221;custom_link&#8221; img_link_target=&#8221;_blank&#8221; link=&#8221;https:\/\/www.youtube.com\/watch?v=9UhjQGnKPXs&#8221;][vc_empty_space][vc_column_text]Video realizado por Alberto Friscione, activista y buzo mexicano reconocido mundialmente por su labor de conservaci\u00f3n de la fauna marina.[\/vc_column_text][\/vc_column][vc_column width=&#8221;1\/3&#8243;][vc_custom_heading text=&#8221;Project Earth&#8221; font_container=&#8221;tag:h5|font_size:17|text_align:left&#8221; google_fonts=&#8221;font_family:Raleway%3A100%2C200%2C300%2Cregular%2C500%2C600%2C700%2C800%2C900|font_style:400%20regular%3A400%3Anormal&#8221;][vc_column_text]&#8221;Shark Turism &#8211; Playa del Carmen&#8221;[\/vc_column_text][vc_single_image image=&#8221;4607&#8243; img_size=&#8221;full&#8221; onclick=&#8221;custom_link&#8221; link=&#8221;https:\/\/www.youtube.com\/watch?v=3SxSnaHMGlQ&#8221;][vc_empty_space][vc_column_text]En Playa del Carmen, M\u00e9xico, el buceo con Tiburones Toro se ha convertido en un negocio incre\u00edblemente popular y lucrativo que genera millones en ingresos anuales para la ciudad tur\u00edstica mexicana. Esta es solo una de las razones por las que estos animales son importantes, sin mencionar el papel tan importante que desempe\u00f1an en los oc\u00e9anos.[\/vc_column_text][\/vc_column][vc_column width=&#8221;1\/3&#8243;][vc_custom_heading text=&#8221;Rai TV&#8221; font_container=&#8221;tag:h5|font_size:17|text_align:left&#8221; google_fonts=&#8221;font_family:Raleway%3A100%2C200%2C300%2Cregular%2C500%2C600%2C700%2C800%2C900|font_style:400%20regular%3A400%3Anormal&#8221;][vc_column_text]&#8221;I misteri del Messico&#8221;[\/vc_column_text][vc_single_image image=&#8221;4610&#8243; img_size=&#8221;full&#8221; onclick=&#8221;custom_link&#8221; link=&#8221;https:\/\/www.youtube.com\/watch?v=owy2VzJxsj0&#8243;][vc_empty_space][vc_column_text]Un documental de Claudia y Leonardo Capodarte.[\/vc_column_text][\/vc_column][\/vc_row][vc_row][vc_column width=&#8221;1\/3&#8243;][vc_custom_heading text=&#8221;France TV 1&#8243; font_container=&#8221;tag:h5|font_size:17|text_align:left&#8221; google_fonts=&#8221;font_family:Raleway%3A100%2C200%2C300%2Cregular%2C500%2C600%2C700%2C800%2C900|font_style:400%20regular%3A400%3Anormal&#8221;][vc_column_text][\/vc_column_text][vc_single_image image=&#8221;5267&#8243; img_size=&#8221;full&#8221; alignment=&#8221;center&#8221; onclick=&#8221;custom_link&#8221; img_link_target=&#8221;_blank&#8221; link=&#8221;https:\/\/vimeo.com\/625720045&#8243;][vc_empty_space][vc_column_text]Video realizado por Emmanuel Reitz[\/vc_column_text][\/vc_column][vc_column width=&#8221;1\/3&#8243;][\/vc_column][vc_column width=&#8221;1\/3&#8243;][\/vc_column][\/vc_row][vc_row][vc_column][vc_empty_space][\/vc_column][\/vc_row]<\/p>\n<\/section>","protected":false},"excerpt":{"rendered":"<p>[vc_row][vc_column][vc_empty_space][vc_column_text]Phantom Divers \u00e8 un operatore subacqueo con oltre 25 anni di esperienza, un pioniere nelle immersioni con lo squalo toro nella Riviera Maya. Dedicato e impegnato nella conservazione dell\u2019ambiente marino. Da anni abbiamo il piacere di condividere il nostro lavoro con diversi media in tutto il mondo. Condividiamo con voi alcune di queste interviste.[\/vc_column_text][vc_empty_space][vc_custom_heading text=&#8221;Televisi\u00f3n&#8221; [&hellip;]<\/p>\n","protected":false},"author":1,"featured_media":0,"parent":0,"menu_order":0,"comment_status":"closed","ping_status":"closed","template":"","meta":{"footnotes":""},"class_list":["post-4428","page","type-page","status-publish","hentry"],"_links":{"self":[{"href":"https:\/\/phantomdivers.com\/it\/wp-json\/wp\/v2\/pages\/4428","targetHints":{"allow":["GET"]}}],"collection":[{"href":"https:\/\/phantomdivers.com\/it\/wp-json\/wp\/v2\/pages"}],"about":[{"href":"https:\/\/phantomdivers.com\/it\/wp-json\/wp\/v2\/types\/page"}],"author":[{"embeddable":true,"href":"https:\/\/phantomdivers.com\/it\/wp-json\/wp\/v2\/users\/1"}],"replies":[{"embeddable":true,"href":"https:\/\/phantomdivers.com\/it\/wp-json\/wp\/v2\/comments?post=4428"}],"version-history":[{"count":12,"href":"https:\/\/phantomdivers.com\/it\/wp-json\/wp\/v2\/pages\/4428\/revisions"}],"predecessor-version":[{"id":5276,"href":"https:\/\/phantomdivers.com\/it\/wp-json\/wp\/v2\/pages\/4428\/revisions\/5276"}],"wp:attachment":[{"href":"https:\/\/phantomdivers.com\/it\/wp-json\/wp\/v2\/media?parent=4428"}],"curies":[{"name":"wp","href":"https:\/\/api.w.org\/{rel}","templated":true}]}}