{"id":4004,"date":"2019-12-23T12:10:22","date_gmt":"2019-12-23T17:10:22","guid":{"rendered":"https:\/\/phantomdivers.com\/?page_id=4004"},"modified":"2025-09-26T17:29:32","modified_gmt":"2025-09-26T22:29:32","slug":"incontro-con-le-razze","status":"publish","type":"page","link":"https:\/\/phantomdivers.com\/it\/immersioni-con-squali\/incontro-con-le-razze\/","title":{"rendered":"Incontro con le Razze"},"content":{"rendered":"<section class=\"wpb-content-wrapper\"><p>[vc_row full_width=&#8221;stretch_row_content&#8221; css=&#8221;.vc_custom_1563556730526{padding-top: 20px !important;}&#8221;][vc_column width=&#8221;1\/2&#8243; css=&#8221;.vc_custom_1563556763700{padding-top: 20px !important;padding-bottom: 20px !important;}&#8221;][vc_video link=&#8221;https:\/\/www.youtube.com\/watch?v=WROWG11qpCc&#8221; title=&#8221;INCONTRO CON LE RAZZE&#8221;][\/vc_column][vc_column width=&#8221;1\/2&#8243; css=&#8221;.vc_custom_1563554364484{padding-right: 10px !important;}&#8221;][vc_column_text css=&#8221;.vc_custom_1577120879685{padding-bottom: 20px !important;}&#8221; el_class=&#8221;text-negro&#8221;]<\/p>\n<h2 style=\"font-size: 2.5em;\">INCONTRO CON LE RAZZE<\/h2>\n<p>&nbsp;<\/p>\n<p>Durante la stagione degli squali zambezi, nei giorni in cui si assentano per dare alla luce o per cibarsi in altri siti, offriamo l\u2019immersione Incontro con le Razze. In questa immersione la guida attrar\u00e0 le razze e le avviciner\u00e0 ai clienti affinch\u00e9 possano osservarle da vicino, un meraviglioso incontro di interazione. l\u2019esperienza incredibile di immergersi e attrarre le razze. Si tratta di un incontro ravvicinato interattivo e divertente con queste magnifiche creature!<\/p>\n<p>Ci immergeremo a una profondit\u00e0 di 25 metri. Si tratta di un\u2019immersione statica durante la quale dovr\u00e0 permanere nel posto assegnatovi.<br \/>\n[\/vc_column_text][vc_tta_accordion style=&#8221;flat&#8221; shape=&#8221;square&#8221; color=&#8221;blue&#8221; c_icon=&#8221;&#8221; active_section=&#8221;5&#8243;][vc_tta_section title=&#8221;Pre-requisiti&#8221; tab_id=&#8221;1563552032604-d253e329-da70&#8243;][vc_column_text el_class=&#8221;text-negro&#8221;]\u2013 Subacquei Avanzati o Open Water con pi\u00f9 di 20 immersioni. Se non rientrate in uno di questi criteri, potrete fare un\u2019immersione di prova con uno dei nostri istruttori, affinch\u00e9 possa valutare le vostre abilit\u00e0 sott&#8217;acqua.<br \/>\n\u2013 Buon consumo d&#8217;aria.<br \/>\n\u2013 Buone tecniche di compensazione.<br \/>\n\u2013 Fare attenzione al piano d&#8217;immersione.<br \/>\n\u2013 Attrezzatura adeguata (muta intera, senza colori brillanti).[\/vc_column_text][\/vc_tta_section][vc_tta_section title=&#8221;Prezzo&#8221; tab_id=&#8221;1563552032636-397aa197-a14c&#8221;][vc_column_text el_class=&#8221;text-negro&#8221;]<strong>ORARIO:<\/strong><br \/>\nRegistrazione 1:30 pm ritorno 4:00pm<\/p>\n<p><strong>PREZZO: <\/strong><br \/>\n$2660 MXN + $440 MXN per il noleggio dell\u2019attrezzatura.<\/p>\n<p>NOTA: Si consiglia di controllare le previsioni del tempo, un paio di giorni prima dell\u2019immersione.[\/vc_column_text][\/vc_tta_section][\/vc_tta_accordion][vc_btn title=&#8221;PRENOTA ORA&#8221; style=&#8221;flat&#8221; shape=&#8221;square&#8221; color=&#8221;blue&#8221; size=&#8221;lg&#8221; align=&#8221;left&#8221; link=&#8221;url:%2Fcontacts%2F|||&#8221;][\/vc_column][\/vc_row][vc_row full_width=&#8221;stretch_row_content&#8221;][vc_column][vc_empty_space][\/vc_column][\/vc_row][vc_row][vc_column][\/vc_column][\/vc_row]<\/p>\n<\/section>","protected":false},"excerpt":{"rendered":"<p>[vc_row full_width=&#8221;stretch_row_content&#8221; css=&#8221;.vc_custom_1563556730526{padding-top: 20px !important;}&#8221;][vc_column width=&#8221;1\/2&#8243; css=&#8221;.vc_custom_1563556763700{padding-top: 20px !important;padding-bottom: 20px !important;}&#8221;][vc_video link=&#8221;https:\/\/www.youtube.com\/watch?v=WROWG11qpCc&#8221; title=&#8221;INCONTRO CON LE RAZZE&#8221;][\/vc_column][vc_column width=&#8221;1\/2&#8243; css=&#8221;.vc_custom_1563554364484{padding-right: 10px !important;}&#8221;][vc_column_text css=&#8221;.vc_custom_1577120879685{padding-bottom: 20px !important;}&#8221; el_class=&#8221;text-negro&#8221;] INCONTRO CON LE RAZZE &nbsp; Durante la stagione degli squali zambezi, nei giorni in cui si assentano per dare alla luce o per cibarsi in altri siti, offriamo l\u2019immersione Incontro con [&hellip;]<\/p>\n","protected":false},"author":1,"featured_media":0,"parent":1346,"menu_order":0,"comment_status":"closed","ping_status":"closed","template":"","meta":{"footnotes":""},"class_list":["post-4004","page","type-page","status-publish","hentry"],"_links":{"self":[{"href":"https:\/\/phantomdivers.com\/it\/wp-json\/wp\/v2\/pages\/4004","targetHints":{"allow":["GET"]}}],"collection":[{"href":"https:\/\/phantomdivers.com\/it\/wp-json\/wp\/v2\/pages"}],"about":[{"href":"https:\/\/phantomdivers.com\/it\/wp-json\/wp\/v2\/types\/page"}],"author":[{"embeddable":true,"href":"https:\/\/phantomdivers.com\/it\/wp-json\/wp\/v2\/users\/1"}],"replies":[{"embeddable":true,"href":"https:\/\/phantomdivers.com\/it\/wp-json\/wp\/v2\/comments?post=4004"}],"version-history":[{"count":13,"href":"https:\/\/phantomdivers.com\/it\/wp-json\/wp\/v2\/pages\/4004\/revisions"}],"predecessor-version":[{"id":5586,"href":"https:\/\/phantomdivers.com\/it\/wp-json\/wp\/v2\/pages\/4004\/revisions\/5586"}],"up":[{"embeddable":true,"href":"https:\/\/phantomdivers.com\/it\/wp-json\/wp\/v2\/pages\/1346"}],"wp:attachment":[{"href":"https:\/\/phantomdivers.com\/it\/wp-json\/wp\/v2\/media?parent=4004"}],"curies":[{"name":"wp","href":"https:\/\/api.w.org\/{rel}","templated":true}]}}