{"id":1392,"date":"2019-07-19T22:32:28","date_gmt":"2019-07-19T22:32:28","guid":{"rendered":"http:\/\/phantomdivers.com\/dive-courses\/"},"modified":"2026-03-18T11:18:28","modified_gmt":"2026-03-18T16:18:28","slug":"corsi-di-immersione","status":"publish","type":"page","link":"https:\/\/phantomdivers.com\/it\/corsi-di-immersione\/","title":{"rendered":"Corsi di immersione"},"content":{"rendered":"<section class=\"wpb-content-wrapper\"><p>[vc_row][vc_column width=&#8221;1\/2&#8243;][vc_single_image image=&#8221;999&#8243; img_size=&#8221;full&#8221; alignment=&#8221;right&#8221; css=&#8221;.vc_custom_1563575096385{padding-top: 40px !important;}&#8221;][\/vc_column][vc_column width=&#8221;1\/2&#8243; css=&#8221;.vc_custom_1563487977412{padding-top: 20px !important;padding-right: 10px !important;}&#8221;][vc_column_text]<\/p>\n<h2 style=\"color: #000000; font-size: 28px;\"><strong>IMMERSIONE RICREATIVA<\/strong><\/h2>\n<hr \/>\n<p><span style=\"color: #000000;\">Immersioni ricreative Include quanto segue:<br \/>\nSCUBA DIVING INTRODUCTION<\/span><br \/>\n<span style=\"color: #000000;\">SNSI EASY DIVER<\/span><br \/>\n<span style=\"color: #000000;\">UPGRADE FROM SNSI SCUBA DIVER TO OPEN WATER DIVER<\/span><br \/>\n<span style=\"color: #000000;\">SNSI OPEN WATER REFERRAL<\/span><br \/>\n<span style=\"color: #000000;\">SNSI OPEN WATER DIVER<\/span><br \/>\n<span style=\"color: #000000;\">SNSI ADVANCED OPEN WATER<\/span><br \/>\n<span style=\"color: #000000;\">SSI RESCUE DIVER<\/span>[\/vc_column_text][vc_btn title=&#8221;PER SAPERNE DI PI\u00d9&#8221; style=&#8221;flat&#8221; shape=&#8221;square&#8221; color=&#8221;primary&#8221; link=&#8221;url:%2Fit%2Fcorsi-di-immersione%2Fimmersione-ricreativa%2F|||&#8221; css=&#8221;.vc_custom_1564411213990{padding-top: 40px !important;}&#8221;][\/vc_column][\/vc_row][vc_row][vc_column][vc_empty_space][\/vc_column][\/vc_row][vc_row][vc_column width=&#8221;1\/2&#8243;][vc_single_image image=&#8221;1002&#8243; img_size=&#8221;full&#8221; alignment=&#8221;right&#8221; css=&#8221;.vc_custom_1563575225055{padding-top: 40px !important;}&#8221;][\/vc_column][vc_column width=&#8221;1\/2&#8243; css=&#8221;.vc_custom_1563487977412{padding-top: 20px !important;padding-right: 10px !important;}&#8221;][vc_column_text]<\/p>\n<h3 style=\"color: #000000; font-size: 28px;\"><strong>CORSI DI SPECIALITA\u2019<\/strong><\/h3>\n<hr \/>\n<p><span style=\"color: #000000;\">I corsi di specialit\u00e0 continui sono progettati per sviluppare le tue abilit\u00e0 subacquee e ti danno la fiducia in pi\u00f9 per continuare a fare ci\u00f2 che ami. Ti invitiamo a saperne di pi\u00f9 su di loro e scegli quale sar\u00e0 la tua prossima avventura subacquea.<\/span><\/p>\n<p>[\/vc_column_text][vc_btn title=&#8221;PER SAPERNE DI PI\u00d9&#8221; style=&#8221;flat&#8221; shape=&#8221;square&#8221; color=&#8221;primary&#8221; link=&#8221;url:%2Fit%2Fcorsi-di-immersione%2Fspecialita%2F|||&#8221; css=&#8221;.vc_custom_1564411286881{padding-top: 40px !important;}&#8221;][\/vc_column][\/vc_row][vc_row][vc_column][vc_empty_space][\/vc_column][\/vc_row][vc_row][vc_column width=&#8221;1\/2&#8243;][vc_single_image image=&#8221;1005&#8243; img_size=&#8221;full&#8221; alignment=&#8221;right&#8221; css=&#8221;.vc_custom_1563575350522{padding-top: 40px !important;}&#8221;][\/vc_column][vc_column width=&#8221;1\/2&#8243; css=&#8221;.vc_custom_1563487977412{padding-top: 20px !important;padding-right: 10px !important;}&#8221;][vc_column_text]<span style=\"color: #000000; font-size: 20px;\"><strong>Firts Aid &amp; CPR<\/strong><\/span><\/p>\n<hr \/>\n<p><span style=\"color: #000000;\">Corso di specialit\u00e0 Include quanto segue:<br \/>\nCORSO DI PRONTO SOCCORSO<br \/>\nCORSO EMERGENCY OXYGEN PROVIDER<br \/>\n<\/span>[\/vc_column_text][vc_btn title=&#8221;PER SAPERNE DI PI\u00d9&#8221; style=&#8221;flat&#8221; shape=&#8221;square&#8221; color=&#8221;primary&#8221; link=&#8221;url:%2Fit%2Fcorsi-di-immersione%2Fprimo-soccorso%2F|||&#8221; css=&#8221;.vc_custom_1564411352311{padding-top: 40px !important;}&#8221;][\/vc_column][\/vc_row][vc_row][vc_column][vc_empty_space][\/vc_column][\/vc_row][vc_row][vc_column width=&#8221;1\/2&#8243;][vc_single_image image=&#8221;1008&#8243; img_size=&#8221;full&#8221; alignment=&#8221;right&#8221; css=&#8221;.vc_custom_1563575483860{padding-top: 40px !important;}&#8221;][\/vc_column][vc_column width=&#8221;1\/2&#8243; css=&#8221;.vc_custom_1563487977412{padding-top: 20px !important;padding-right: 10px !important;}&#8221;][vc_column_text]<\/p>\n<p><span class=\"s2\" style=\"color: #000000; font-size: 20px;\"><strong>IMMERSIONI PER PROFESSIONISTI<\/strong><br \/>\n<\/span><\/p>\n<hr \/>\n<p><span style=\"color: #000000;\">Ti invitiamo a continuare con questo livello di certificazione professionale se vuoi convertire il tuo hobby in una carriera subacquea e diventare un leader che consiglia e motiva gli altri ad avventurarsi nel mondo delle immersioni. Oltre ad immergerti molto, sperimenterai anche il piacere di vedere altri subacquei divertirsi tanto quanto te.<\/span><\/p>\n<p>[\/vc_column_text][vc_btn title=&#8221;PER SAPERNE DI PI\u00d9&#8221; style=&#8221;flat&#8221; shape=&#8221;square&#8221; color=&#8221;primary&#8221; link=&#8221;url:%2Fit%2Fcorsi-di-immersione%2Fimmersione-professionale%2F|||&#8221; css=&#8221;.vc_custom_1564411424958{padding-top: 40px !important;}&#8221;][\/vc_column][\/vc_row][vc_row][vc_column][vc_empty_space][\/vc_column][\/vc_row]<\/p>\n<\/section>","protected":false},"excerpt":{"rendered":"<p>[vc_row][vc_column width=&#8221;1\/2&#8243;][vc_single_image image=&#8221;999&#8243; img_size=&#8221;full&#8221; alignment=&#8221;right&#8221; css=&#8221;.vc_custom_1563575096385{padding-top: 40px !important;}&#8221;][\/vc_column][vc_column width=&#8221;1\/2&#8243; css=&#8221;.vc_custom_1563487977412{padding-top: 20px !important;padding-right: 10px !important;}&#8221;][vc_column_text] IMMERSIONE RICREATIVA Immersioni ricreative Include quanto segue: SCUBA DIVING INTRODUCTION SNSI EASY DIVER UPGRADE FROM SNSI SCUBA DIVER TO OPEN WATER DIVER SNSI OPEN WATER REFERRAL SNSI OPEN WATER DIVER SNSI ADVANCED OPEN WATER SSI RESCUE DIVER[\/vc_column_text][vc_btn title=&#8221;PER SAPERNE DI PI\u00d9&#8221; [&hellip;]<\/p>\n","protected":false},"author":1,"featured_media":0,"parent":0,"menu_order":0,"comment_status":"closed","ping_status":"closed","template":"","meta":{"footnotes":""},"class_list":["post-1392","page","type-page","status-publish","hentry"],"_links":{"self":[{"href":"https:\/\/phantomdivers.com\/it\/wp-json\/wp\/v2\/pages\/1392","targetHints":{"allow":["GET"]}}],"collection":[{"href":"https:\/\/phantomdivers.com\/it\/wp-json\/wp\/v2\/pages"}],"about":[{"href":"https:\/\/phantomdivers.com\/it\/wp-json\/wp\/v2\/types\/page"}],"author":[{"embeddable":true,"href":"https:\/\/phantomdivers.com\/it\/wp-json\/wp\/v2\/users\/1"}],"replies":[{"embeddable":true,"href":"https:\/\/phantomdivers.com\/it\/wp-json\/wp\/v2\/comments?post=1392"}],"version-history":[{"count":5,"href":"https:\/\/phantomdivers.com\/it\/wp-json\/wp\/v2\/pages\/1392\/revisions"}],"predecessor-version":[{"id":5674,"href":"https:\/\/phantomdivers.com\/it\/wp-json\/wp\/v2\/pages\/1392\/revisions\/5674"}],"wp:attachment":[{"href":"https:\/\/phantomdivers.com\/it\/wp-json\/wp\/v2\/media?parent=1392"}],"curies":[{"name":"wp","href":"https:\/\/api.w.org\/{rel}","templated":true}]}}