{"id":1383,"date":"2019-07-19T21:30:14","date_gmt":"2019-07-19T21:30:14","guid":{"rendered":"http:\/\/phantomdivers.com\/tours-italian\/snorkel\/"},"modified":"2025-09-26T17:55:11","modified_gmt":"2025-09-26T22:55:11","slug":"boccaglio","status":"publish","type":"page","link":"https:\/\/phantomdivers.com\/it\/tours-italian\/boccaglio\/","title":{"rendered":"Tour di Snorkeling"},"content":{"rendered":"<section class=\"wpb-content-wrapper\"><p>[vc_row full_width=&#8221;stretch_row_content&#8221; css=&#8221;.vc_custom_1563566761802{padding-top: 20px !important;}&#8221;][vc_column width=&#8221;1\/2&#8243; css=&#8221;.vc_custom_1563566789576{padding-top: 20px !important;}&#8221;][vc_images_carousel images=&#8221;932,979,982,985&#8243; img_size=&#8221;full&#8221; autoplay=&#8221;yes&#8221; hide_pagination_control=&#8221;yes&#8221; wrap=&#8221;yes&#8221;][\/vc_column][vc_column width=&#8221;1\/2&#8243; css=&#8221;.vc_custom_1563487977412{padding-top: 20px !important;padding-right: 10px !important;}&#8221;][vc_column_text]<\/p>\n<h2 style=\"font-size: 28px;\"><strong>TOUR DI SNORKELING<\/strong><\/h2>\n<hr \/>\n<p><span style=\"color: #000000;\">SNORKELING A PLAYA DEL CARMEN<\/span><br \/>\n<span style=\"color: #000000;\">SNORKELING A COZUMEL<\/span><\/p>\n<h3 style=\"font-size: 28px;\"><strong>DETTAGLI<\/strong><\/h3>\n<p>[\/vc_column_text][vc_tta_accordion style=&#8221;flat&#8221; shape=&#8221;square&#8221; color=&#8221;blue&#8221; c_icon=&#8221;&#8221; active_section=&#8221;5&#8243;][vc_tta_section title=&#8221;SNORKELING A PLAYA DEL CARMEN&#8221; tab_id=&#8221;1563565961528-c6c5a4ea-61ac&#8221;][vc_column_text]<span style=\"color: #000000;\">Questa attivit\u00e0 \u00e8 un modo divertente e rilassante per vedere il mondo multicolore sotto la superficie del mare, pu\u00f2 essere il tuo primo approccio al mondo delle attivit\u00e0 subacquee o semplicemente un\u2019attivit\u00e0 che \u00a0invita a sorprendervi con la sensazione rilassante di galleggiare e di essere immersi nel Paesaggio sottomarino<\/span><\/p>\n<p><span style=\"color: #000000;\">Puoi scegliere tra lo snorkeling in una colorata barriera corallina con molti pesci o la barriera corallina situata nella baia di Inah a sud di Playa del Carmen, dove avrai la possibilit\u00e0 di vedere tartarughe, razze, pesci, ecc.<\/span><\/p>\n<p><span style=\"color: #000000;\"><strong>ORARIO:<\/strong><\/span><br \/>\n<span style=\"color: #000000;\">Mattina:\u00a0Registrazione 10:00 AM- ritorno 12:30<\/span><br \/>\n<span style=\"color: #000000;\">Pomeriggio:\u00a0\u00a0Registrazione 13:00-\u00a0 ritorno15:30<\/span><\/p>\n<p><span style=\"color: #000000;\"><strong>INCLUDERE:<\/strong>\u00a0<\/span><br \/>\n<span style=\"color: #000000;\">1.\u00a0Guida.<\/span><br \/>\n<span style=\"color: #000000;\">2.\u00a0Attrezzatura a noleggio.<\/span><br \/>\n<span style=\"color: #000000;\">3.\u00a0Acqua in bottiglia.<\/span><\/p>\n<p><span style=\"color: #000000;\"><strong>PREZZIO:<\/strong><\/span><br \/>\n<span style=\"color: #000000;\">$1120 MXN (1,5 ORE)<\/span><br \/>\n<span style=\"color: #000000;\">$1440 MXN PER PERSONA (2,5 ORE)<\/span>[\/vc_column_text][\/vc_tta_section][vc_tta_section title=&#8221;SNORKELING A COZUMEL&#8221; tab_id=&#8221;1563565961624-544d4e2a-d375&#8243;][vc_column_text]<span style=\"color: #000000;\">Cozumel \u00e8 uno dei luoghi pi\u00f9 famosi per vivere un\u2019avventura acquatica, con scogliere colorate e formazioni coralline. Ti divertirai a fare snorkeling in 3 diversi punti di questa bellissima isola.<\/span><\/p>\n<p><span style=\"color: #000000;\"><strong>ORARIO:<\/strong><\/span><br \/>\n<span style=\"color: #000000;\">Registrazione 9:00 am in Phantom Divers<\/span><br \/>\n<span style=\"color: #000000;\">Traghetto incluso alle 10:00 del mattino*<\/span><\/p>\n<p><span style=\"color: #000000;\"><strong>INCLUDERE:<br \/>\n<\/strong>1.\u00a0Guida.<\/span><br \/>\n<span style=\"color: #000000;\">2.\u00a0Attrezzatura a noleggio.<\/span><br \/>\n<span style=\"color: #000000;\">3.\u00a0Acqua in bottiglia.<\/span><\/p>\n<p><span style=\"color: #000000;\"><strong>PREZZO:\u00a0<\/strong>\u00a0<\/span><br \/>\n<span style=\"color: #000000;\">$1660 MXN*<\/span><\/p>\n<p><b><span style=\"color: #000000;\">*** I biglietti del traghetto per Cozumel e il parco marino non sono inclusi.<\/span><\/b>[\/vc_column_text][\/vc_tta_section][\/vc_tta_accordion][vc_btn title=&#8221;PRENOTA ORA&#8221; style=&#8221;flat&#8221; shape=&#8221;square&#8221; color=&#8221;primary&#8221; link=&#8221;url:%2Fit%2Fcontatti%2F|||&#8221; css=&#8221;.vc_custom_1565036342466{padding-top: 40px !important;}&#8221;][\/vc_column][\/vc_row][vc_row full_width=&#8221;stretch_row_content&#8221;][vc_column][vc_empty_space][\/vc_column][\/vc_row]<\/p>\n<\/section>","protected":false},"excerpt":{"rendered":"<p>[vc_row full_width=&#8221;stretch_row_content&#8221; css=&#8221;.vc_custom_1563566761802{padding-top: 20px !important;}&#8221;][vc_column width=&#8221;1\/2&#8243; css=&#8221;.vc_custom_1563566789576{padding-top: 20px !important;}&#8221;][vc_images_carousel images=&#8221;932,979,982,985&#8243; img_size=&#8221;full&#8221; autoplay=&#8221;yes&#8221; hide_pagination_control=&#8221;yes&#8221; wrap=&#8221;yes&#8221;][\/vc_column][vc_column width=&#8221;1\/2&#8243; css=&#8221;.vc_custom_1563487977412{padding-top: 20px !important;padding-right: 10px !important;}&#8221;][vc_column_text] TOUR DI SNORKELING SNORKELING A PLAYA DEL CARMEN SNORKELING A COZUMEL DETTAGLI [\/vc_column_text][vc_tta_accordion style=&#8221;flat&#8221; shape=&#8221;square&#8221; color=&#8221;blue&#8221; c_icon=&#8221;&#8221; active_section=&#8221;5&#8243;][vc_tta_section title=&#8221;SNORKELING A PLAYA DEL CARMEN&#8221; tab_id=&#8221;1563565961528-c6c5a4ea-61ac&#8221;][vc_column_text]Questa attivit\u00e0 \u00e8 un modo divertente e rilassante per vedere il mondo [&hellip;]<\/p>\n","protected":false},"author":1,"featured_media":0,"parent":1367,"menu_order":0,"comment_status":"closed","ping_status":"closed","template":"","meta":{"footnotes":""},"class_list":["post-1383","page","type-page","status-publish","hentry"],"_links":{"self":[{"href":"https:\/\/phantomdivers.com\/it\/wp-json\/wp\/v2\/pages\/1383","targetHints":{"allow":["GET"]}}],"collection":[{"href":"https:\/\/phantomdivers.com\/it\/wp-json\/wp\/v2\/pages"}],"about":[{"href":"https:\/\/phantomdivers.com\/it\/wp-json\/wp\/v2\/types\/page"}],"author":[{"embeddable":true,"href":"https:\/\/phantomdivers.com\/it\/wp-json\/wp\/v2\/users\/1"}],"replies":[{"embeddable":true,"href":"https:\/\/phantomdivers.com\/it\/wp-json\/wp\/v2\/comments?post=1383"}],"version-history":[{"count":13,"href":"https:\/\/phantomdivers.com\/it\/wp-json\/wp\/v2\/pages\/1383\/revisions"}],"predecessor-version":[{"id":5599,"href":"https:\/\/phantomdivers.com\/it\/wp-json\/wp\/v2\/pages\/1383\/revisions\/5599"}],"up":[{"embeddable":true,"href":"https:\/\/phantomdivers.com\/it\/wp-json\/wp\/v2\/pages\/1367"}],"wp:attachment":[{"href":"https:\/\/phantomdivers.com\/it\/wp-json\/wp\/v2\/media?parent=1383"}],"curies":[{"name":"wp","href":"https:\/\/api.w.org\/{rel}","templated":true}]}}