{"id":1373,"date":"2019-07-19T20:16:07","date_gmt":"2019-07-19T20:16:07","guid":{"rendered":"http:\/\/phantomdivers.com\/tours-italian\/cenote-2\/"},"modified":"2025-09-26T16:56:01","modified_gmt":"2025-09-26T21:56:01","slug":"cenote-italian","status":"publish","type":"page","link":"https:\/\/phantomdivers.com\/it\/tours-italian\/cenote-italian\/","title":{"rendered":"Cenote"},"content":{"rendered":"<section class=\"wpb-content-wrapper\"><p>[vc_row full_width=&#8221;stretch_row_content&#8221; css=&#8221;.vc_custom_1563566761802{padding-top: 20px !important;}&#8221;][vc_column width=&#8221;1\/2&#8243; css=&#8221;.vc_custom_1563566789576{padding-top: 20px !important;}&#8221;][vc_single_image image=&#8221;923&#8243; img_size=&#8221;full&#8221;][\/vc_column][vc_column width=&#8221;1\/2&#8243; css=&#8221;.vc_custom_1563487977412{padding-top: 20px !important;padding-right: 10px !important;}&#8221;][vc_column_text]<\/p>\n<h2 style=\"font-size: 30px;\">DIVING IN CENOTE<\/h2>\n<h3 style=\"font-size: 28px;\"><strong>DESCRIZIONE<\/strong><\/h3>\n<p><span style=\"color: #000000;\">I cenotes sono dei sistemi di caverne formate dai fiumi sotterranei cristallini tipici della regione. Qui si possono trovare incredibili stalattiti, stalagmiti e fossili marini. Con una visibilit\u00e0 di oltre 50 metri, i cenotes sono un punto d\u2019attrazione singolare e meta imperdibile per qualsiasi sub.<\/span><\/p>\n<p>[\/vc_column_text][vc_tta_accordion style=&#8221;flat&#8221; shape=&#8221;square&#8221; color=&#8221;blue&#8221; c_icon=&#8221;&#8221; active_section=&#8221;5&#8243;][vc_tta_section title=&#8221;INCLUSIONS&#8221; tab_id=&#8221;1563565961528-c6c5a4ea-61ac&#8221;][vc_column_text]<\/p>\n<p><span style=\"color: #000000;\"><strong>INCLUDERE:<br \/>\n<\/strong>1. Trasporto Playa del Carmen \/ Cenotes.<\/span><br \/>\n<span style=\"color: #000000;\">2. Guida con brevetto full cave.<\/span><br \/>\n<span style=\"color: #000000;\">3. Ingresso.<\/span><br \/>\n<span style=\"color: #000000;\">4. Bibite.<\/span><br \/>\n<span style=\"color: #000000;\">5. Sandwich.<\/span><\/p>\n<p>[\/vc_column_text][\/vc_tta_section][vc_tta_section title=&#8221;CATEGORIA&#8221; tab_id=&#8221;1563565961624-544d4e2a-d375&#8243;][vc_column_text]<span style=\"color: #000000;\"><strong>CATEGORIA A:<\/strong><\/span><\/p>\n<p><span style=\"color: #000000;\">Dos Ojos: un cenote parzialmente scoperto situato a 55 km a sud di Playa del Carmen. Ha due linee di immersione piene di stalattiti e stalagmiti. Dato che questo cenote non \u00e8 aperto, \u00e8 un po&#8217; buio, ma l&#8217;acqua \u00e8 cristallina, quindi devi solo accendere la lampada e divertirti.<\/span><\/p>\n<p><span style=\"color: #000000;\">Dream Gate: un cenote parzialmente scoperto con due linee di immersione; entrambi pieni di belle stalattiti e colonne. In questo cenote puoi vedere le radici degli alberi della giungla che raggiungono l&#8217;acqua, nonch\u00e9 le formazioni rocciose e l&#8217;aloclino (dove l&#8217;acqua salata incontra l&#8217;acqua dolce).<\/span><\/p>\n<p><span style=\"color: #000000;\">* Per questa immersione \u00e8 richiesto un grande controllo dell&#8217;assetto a causa delle delicate formazioni e del terreno sedimentato.<\/span><\/p>\n<p><span style=\"color: #000000;\"><strong>CATEGORIA B<\/strong>:<\/span><\/p>\n<p><span style=\"color: #000000;\">Due immersioni in caverna in due cenote differenti (1 cenote profondo + 1 cenote basso). Per questo tour sono necessari almeno 4 subacquei esperti.<\/span><\/p>\n<ul>\n<li style=\"color: #000000;\">La Fossa + Due Occhi \/ La Fossa + Nicte Ha \/ Due Occhi + Nicte Ha.<\/li>\n<li style=\"color: #000000;\">Angelita + Autolavaggio (Aktun Ha) \/ Angelita + Casa Cenote \/ Angelita + Tajma Ha.<\/li>\n<\/ul>\n<p><span style=\"color: #000000;\">* Angelita e El Pit sono due dei cenotes pi\u00f9 famosi della zona; molti subacquei si riferiscono a loro come il cielo e il mondo sotterraneo a causa dei colori visti in ciascuno. Quando il sole \u00e8 esattamente sopra la Fossa si possono vedere dei raggi di luce che vanno dalla superficie verso il basso donando al cenote diverse sfumature di azzurro. Mentre il cenote Angelita ha un&#8217;atmosfera mistica quando raggiungi la nuvola mentre i colori iniziano a cambiare dal blu al verde, al giallo e all&#8217;arancione quando entri nella nuvola. Questa \u00e8 senza dubbio un&#8217;esperienza che i subacquei esperti non possono perdere.<\/span>[\/vc_column_text][\/vc_tta_section][vc_tta_section title=&#8221;PREZZO&#8221; tab_id=&#8221;1563566235339-60a56184-251c&#8221;][vc_column_text]<span style=\"color: #000000;\"><strong>ORARIO:<\/strong>\u00a0<\/span><br \/>\n<span style=\"color: #000000;\">Registrazione 8:30 \u2013 ritorno14:00-15:00 in base al cenote.<\/span><\/p>\n<p><span style=\"color: #000000;\"><strong>PREZZO:<br \/>\n<\/strong>2 IMMERSIONI CENOTES<\/span><br \/>\n<span style=\"color: #000000;\">Categoria A: $4000 MXN (Accompagnatore: $1900 MXN)<\/span><br \/>\n<span style=\"color: #000000;\">Categoria B: $4440 MXN (Accompagnatore: $2120 MXN)\u00a0\u00a0\u00a0\u00a0\u00a0\u00a0\u00a0\u00a0\u00a0 <em>MIN. 4 PAX<br \/>\n<\/em>Noleggio Attrezzatura: $560 MXN\u00a0\u00a0<\/span>[\/vc_column_text][\/vc_tta_section][\/vc_tta_accordion][vc_btn title=&#8221;PRENOTA ORA&#8221; style=&#8221;flat&#8221; shape=&#8221;square&#8221; color=&#8221;primary&#8221; link=&#8221;url:%2Fit%2Fcontatti%2F|||&#8221; css=&#8221;.vc_custom_1565036118062{padding-top: 40px !important;}&#8221;][\/vc_column][\/vc_row][vc_row full_width=&#8221;stretch_row_content&#8221;][vc_column][vc_empty_space][\/vc_column][\/vc_row]<\/p>\n<\/section>","protected":false},"excerpt":{"rendered":"<p>[vc_row full_width=&#8221;stretch_row_content&#8221; css=&#8221;.vc_custom_1563566761802{padding-top: 20px !important;}&#8221;][vc_column width=&#8221;1\/2&#8243; css=&#8221;.vc_custom_1563566789576{padding-top: 20px !important;}&#8221;][vc_single_image image=&#8221;923&#8243; img_size=&#8221;full&#8221;][\/vc_column][vc_column width=&#8221;1\/2&#8243; css=&#8221;.vc_custom_1563487977412{padding-top: 20px !important;padding-right: 10px !important;}&#8221;][vc_column_text] DIVING IN CENOTE DESCRIZIONE I cenotes sono dei sistemi di caverne formate dai fiumi sotterranei cristallini tipici della regione. Qui si possono trovare incredibili stalattiti, stalagmiti e fossili marini. Con una visibilit\u00e0 di oltre 50 metri, i cenotes [&hellip;]<\/p>\n","protected":false},"author":1,"featured_media":0,"parent":1367,"menu_order":0,"comment_status":"closed","ping_status":"closed","template":"","meta":{"footnotes":""},"class_list":["post-1373","page","type-page","status-publish","hentry"],"_links":{"self":[{"href":"https:\/\/phantomdivers.com\/it\/wp-json\/wp\/v2\/pages\/1373","targetHints":{"allow":["GET"]}}],"collection":[{"href":"https:\/\/phantomdivers.com\/it\/wp-json\/wp\/v2\/pages"}],"about":[{"href":"https:\/\/phantomdivers.com\/it\/wp-json\/wp\/v2\/types\/page"}],"author":[{"embeddable":true,"href":"https:\/\/phantomdivers.com\/it\/wp-json\/wp\/v2\/users\/1"}],"replies":[{"embeddable":true,"href":"https:\/\/phantomdivers.com\/it\/wp-json\/wp\/v2\/comments?post=1373"}],"version-history":[{"count":13,"href":"https:\/\/phantomdivers.com\/it\/wp-json\/wp\/v2\/pages\/1373\/revisions"}],"predecessor-version":[{"id":5579,"href":"https:\/\/phantomdivers.com\/it\/wp-json\/wp\/v2\/pages\/1373\/revisions\/5579"}],"up":[{"embeddable":true,"href":"https:\/\/phantomdivers.com\/it\/wp-json\/wp\/v2\/pages\/1367"}],"wp:attachment":[{"href":"https:\/\/phantomdivers.com\/it\/wp-json\/wp\/v2\/media?parent=1373"}],"curies":[{"name":"wp","href":"https:\/\/api.w.org\/{rel}","templated":true}]}}