{"id":1370,"date":"2019-07-19T20:01:24","date_gmt":"2019-07-19T20:01:24","guid":{"rendered":"http:\/\/phantomdivers.com\/tours-italian\/playa-del-carmen\/"},"modified":"2026-03-18T12:53:55","modified_gmt":"2026-03-18T17:53:55","slug":"playa-del-carmen-italian","status":"publish","type":"page","link":"https:\/\/phantomdivers.com\/it\/tours-italian\/playa-del-carmen-italian\/","title":{"rendered":"Playa del Carmen"},"content":{"rendered":"<section class=\"wpb-content-wrapper\"><p>[vc_row full_width=&#8221;stretch_row_content&#8221; css=&#8221;.vc_custom_1563566761802{padding-top: 20px !important;}&#8221;][vc_column width=&#8221;1\/2&#8243; css=&#8221;.vc_custom_1563566789576{padding-top: 20px !important;}&#8221;][vc_images_carousel images=&#8221;920,944,947,950&#8243; img_size=&#8221;full&#8221; autoplay=&#8221;yes&#8221; wrap=&#8221;yes&#8221;][\/vc_column][vc_column width=&#8221;1\/2&#8243; css=&#8221;.vc_custom_1563487977412{padding-top: 20px !important;padding-right: 10px !important;}&#8221;][vc_column_text]<\/p>\n<h2 class=\"p1\"><span class=\"s1\" style=\"color: #000000; font-size: 30px;\">IMMERSIONI A PLAYA DEL CARMEN<\/span><\/h2>\n<h3 style=\"color: #000000; font-size: 28px;\"><strong>DESCRIZIONE<\/strong><\/h3>\n<p><span style=\"color: #000000;\">Playa del Carmen, \u00e8 un paradiso di fama mondiale che offre ai sub l\u2019opportunit\u00e0 di scoprire la vita sottomarina lungo la costa della seconda barriera corallina pi\u00f9 grande del mondo, siamo sicuri che lo amerete. Indipendentemente se sei un subacqueo certificato con esperienza o se \u00e8 la tua prima volta sott\u2019acqua !!!<\/span><\/p>\n<p><span style=\"color: #000000;\">TOUR GIORNALIERI PER SUB CON BREVETTO<\/span><br \/>\n<span style=\"color: #000000;\">IMMERSIONE NOTTURNA PER SUB CON BREVETTO<\/span><br \/>\n<span style=\"color: #000000;\">SNSI SCUBA DIVING INTRODUCTION PER SUB SENZA BREVETTO<\/span><\/p>\n<p>[\/vc_column_text][vc_tta_accordion style=&#8221;flat&#8221; shape=&#8221;square&#8221; color=&#8221;blue&#8221; c_icon=&#8221;&#8221; active_section=&#8221;5&#8243;][vc_tta_section title=&#8221;TOUR GIORNALIERI PER SUB CON BREVETTO&#8221; tab_id=&#8221;1563565961528-c6c5a4ea-61ac&#8221;][vc_column_text]<span style=\"color: #000000;\">PHANTOM DIVERS offre incredibili siti di immersione in\u00a0 barriere coralline come: tortugas, barracudas, Shangrila, jardines, Cueva de Pargo, tra gli altri. Abbiamo anche immersione in pareti come Pared Verde, Chunzumbul, Moc-Che e immersioni in relitti, tutte a Playa del Carmen.<\/span><\/p>\n<p><span style=\"color: #000000;\"><strong>ORARIO:<\/strong><\/span><br \/>\n<span style=\"color: #000000;\">Mattina: Registrazione 8:30 am\u00a0ritorno 12:00<\/span><br \/>\n<span style=\"color: #000000;\">Pomeriggio: Registrazione 12:30\u00a0 ritorno 4:00 pm<\/span><br \/>\n<span style=\"color: #000000;\">Durata approssimata: 3 ore.<\/span><\/p>\n<p><span style=\"color: #000000;\"><strong>INCLUDERE:<\/strong><\/span><br \/>\n<span style=\"color: #000000;\">1. Guida.<\/span><br \/>\n<span style=\"color: #000000;\">2. Bombole, zavorra ed acqua in bottiglia.<\/span><\/p>\n<p><span style=\"color: #000000;\"><strong>PREZZIO:<\/strong><\/span><br \/>\n<span style=\"color: #000000;\">1 IMMERSIONE: $1660 MXN<\/span><br \/>\n<span style=\"color: #000000;\">2 IMMERSIONI: $1900 MXN<\/span><br \/>\n<span style=\"color: #000000;\">Noleggio Attrezzatura: $440 MXN<\/span>[\/vc_column_text][vc_btn title=&#8221;PRENOTA ORA&#8221; style=&#8221;flat&#8221; shape=&#8221;square&#8221; color=&#8221;primary&#8221; link=&#8221;url:%2Fit%2Fcontatti%2F|||&#8221; css=&#8221;.vc_custom_1565036004695{padding-top: 40px !important;}&#8221;][\/vc_tta_section][vc_tta_section title=&#8221;IMMERSIONE NOTTURNA PER SUB CON BREVETTO&#8221; tab_id=&#8221;1563565961624-544d4e2a-d375&#8243;][vc_column_text]<span style=\"color: #000000;\">Phantom Divers ti porta a vivere un\u2019avventura unica piena di adrenalina e divertimento. Un\u2019immersione per esplorare la vita marina della barriera corallina di notte e scoprire le diverse specie che fanno apparizione al sorgere del sole.<\/span><\/p>\n<p><span style=\"color: #000000;\"><strong>ORARIO:<\/strong><\/span><br \/>\n<span style=\"color: #000000;\">Check in 30 minuti prima del tramonto.<\/span><\/p>\n<p><span style=\"color: #000000;\"><strong>INCLUDERE:<\/strong><\/span><br \/>\n<span style=\"color: #000000;\">1. Guida.<\/span><br \/>\n<span style=\"color: #000000;\">2. Bombole, zavorra e acqua in bottiglia.<\/span><\/p>\n<p><span style=\"color: #000000;\"><strong>PREZZO:<\/strong><\/span><br \/>\n<span style=\"color: #000000;\">1 IMMERSIONE: $2120 MXN\u00a0<\/span><br \/>\n<span style=\"color: #000000;\">Noleggio Attrezzatura: $560 MXN<\/span>[\/vc_column_text][vc_btn title=&#8221;PRENOTA ORA&#8221; style=&#8221;flat&#8221; shape=&#8221;square&#8221; color=&#8221;primary&#8221; link=&#8221;url:%2Fit%2Fcontatti%2F|||&#8221; css=&#8221;.vc_custom_1565036018144{padding-top: 40px !important;}&#8221;][\/vc_tta_section][vc_tta_section title=&#8221;SNSI SCUBA DIVING INTRODUCTION PER SUB SENZA BREVETTO&#8221; tab_id=&#8221;1563566235339-60a56184-251c&#8221;][vc_column_text]<span style=\"color: #000000;\">Come subacqueo senza brevetto, puoi seguire il Corso Introduzione al Diving. Questo corso include una lezione di 30 minuti che spiegher\u00e0 le basi teoriche delle immersioni e come gestire le attrezzature subacquee, alcuni esercizi in acque confinate e, infine, due immersioni, in cui \u00e8 possibile osservare la vita marina di due diverse barriere coralline.<\/span><\/p>\n<p><span style=\"color: #000000;\"><strong>ORARIO:<\/strong><\/span><br \/>\n<span style=\"color: #000000;\">Registrazione12:00 \u2013 ritorno 4:00 pm<\/span><br \/>\n<span style=\"color: #000000;\">Durata approssimata: 4 ore.<\/span><\/p>\n<p><span style=\"color: #000000;\"><strong>INCLUDERE:<\/strong><\/span><br \/>\n<span style=\"color: #000000;\">1. Una lezione dove imparerete le basi teoriche del sub.<\/span><br \/>\n<span style=\"color: #000000;\">2. Esercizi in mare in acqua poco profonda, dove si metter\u00e0, in pratica le nozioni apprese nella parte teorica.<\/span><br \/>\n<span style=\"color: #000000;\">3. 2 immersioni in due barriere diverse, con una profondit\u00e0 massima di 12 metri.<\/span><br \/>\n<span style=\"color: #000000;\">4. Guida.<\/span><br \/>\n<span style=\"color: #000000;\">5. Bombole, zavorra e acqua in bottiglia.<\/span><br \/>\n<span style=\"color: #000000;\">6. Attrezzatura a noleggio.<\/span><\/p>\n<p><span style=\"color: #000000;\">Avrete la possibilit\u00e0 di vedere molti banchi di pesci colorati ed incredibili barriere coralline.<\/span><\/p>\n<p><span style=\"color: #000000;\"><strong>PREZZIO:<\/strong><\/span><br \/>\n<span style=\"color: #000000;\">2 IMMERSIONI: $2900 MXN<\/span>[\/vc_column_text][vc_btn title=&#8221;PRENOTA ORA&#8221; style=&#8221;flat&#8221; shape=&#8221;square&#8221; color=&#8221;primary&#8221; link=&#8221;url:%2Fit%2Fcontatti%2F|||&#8221; css=&#8221;.vc_custom_1565036031917{padding-top: 40px !important;}&#8221;][\/vc_tta_section][\/vc_tta_accordion][\/vc_column][\/vc_row][vc_row full_width=&#8221;stretch_row_content&#8221;][vc_column][vc_empty_space][\/vc_column][\/vc_row]<\/p>\n<\/section>","protected":false},"excerpt":{"rendered":"<p>[vc_row full_width=&#8221;stretch_row_content&#8221; css=&#8221;.vc_custom_1563566761802{padding-top: 20px !important;}&#8221;][vc_column width=&#8221;1\/2&#8243; css=&#8221;.vc_custom_1563566789576{padding-top: 20px !important;}&#8221;][vc_images_carousel images=&#8221;920,944,947,950&#8243; img_size=&#8221;full&#8221; autoplay=&#8221;yes&#8221; wrap=&#8221;yes&#8221;][\/vc_column][vc_column width=&#8221;1\/2&#8243; css=&#8221;.vc_custom_1563487977412{padding-top: 20px !important;padding-right: 10px !important;}&#8221;][vc_column_text] IMMERSIONI A PLAYA DEL CARMEN DESCRIZIONE Playa del Carmen, \u00e8 un paradiso di fama mondiale che offre ai sub l\u2019opportunit\u00e0 di scoprire la vita sottomarina lungo la costa della seconda barriera corallina pi\u00f9 grande del mondo, [&hellip;]<\/p>\n","protected":false},"author":1,"featured_media":0,"parent":1367,"menu_order":0,"comment_status":"closed","ping_status":"closed","template":"","meta":{"footnotes":""},"class_list":["post-1370","page","type-page","status-publish","hentry"],"_links":{"self":[{"href":"https:\/\/phantomdivers.com\/it\/wp-json\/wp\/v2\/pages\/1370","targetHints":{"allow":["GET"]}}],"collection":[{"href":"https:\/\/phantomdivers.com\/it\/wp-json\/wp\/v2\/pages"}],"about":[{"href":"https:\/\/phantomdivers.com\/it\/wp-json\/wp\/v2\/types\/page"}],"author":[{"embeddable":true,"href":"https:\/\/phantomdivers.com\/it\/wp-json\/wp\/v2\/users\/1"}],"replies":[{"embeddable":true,"href":"https:\/\/phantomdivers.com\/it\/wp-json\/wp\/v2\/comments?post=1370"}],"version-history":[{"count":11,"href":"https:\/\/phantomdivers.com\/it\/wp-json\/wp\/v2\/pages\/1370\/revisions"}],"predecessor-version":[{"id":5691,"href":"https:\/\/phantomdivers.com\/it\/wp-json\/wp\/v2\/pages\/1370\/revisions\/5691"}],"up":[{"embeddable":true,"href":"https:\/\/phantomdivers.com\/it\/wp-json\/wp\/v2\/pages\/1367"}],"wp:attachment":[{"href":"https:\/\/phantomdivers.com\/it\/wp-json\/wp\/v2\/media?parent=1370"}],"curies":[{"name":"wp","href":"https:\/\/api.w.org\/{rel}","templated":true}]}}