{"id":1367,"date":"2019-07-19T19:14:25","date_gmt":"2019-07-19T19:14:25","guid":{"rendered":"http:\/\/phantomdivers.com\/tours\/"},"modified":"2026-03-18T12:58:28","modified_gmt":"2026-03-18T17:58:28","slug":"tours-italian","status":"publish","type":"page","link":"https:\/\/phantomdivers.com\/it\/tours-italian\/","title":{"rendered":"Tours"},"content":{"rendered":"<section class=\"wpb-content-wrapper\"><p>[vc_row full_width=&#8221;stretch_row_content&#8221;][vc_column width=&#8221;1\/2&#8243;][vc_single_image image=&#8221;920&#8243; img_size=&#8221;full&#8221; alignment=&#8221;right&#8221; css=&#8221;.vc_custom_1563563865170{padding-top: 40px !important;}&#8221;][\/vc_column][vc_column width=&#8221;1\/2&#8243; css=&#8221;.vc_custom_1563487977412{padding-top: 20px !important;padding-right: 10px !important;}&#8221;][vc_column_text]<\/p>\n<h2 class=\"p1\" style=\"text-align: left; font-size: 28px; color: #000000;\"><span class=\"s1\"><strong>IMMERSIONI A PLAYA DEL CARMEN<br \/>\n<\/strong><\/span><\/h2>\n<hr \/>\n<p><span style=\"color: #000000;\">Playa del Carmen, \u00e8 un paradiso di fama mondiale che offre ai sub l\u2019opportunit\u00e0 di scoprire la vita sottomarina lungo la costa della seconda barriera corallina pi\u00f9 grande del mondo, siamo sicuri che lo amerete. Indipendentemente se sei un subacqueo certificato con esperienza o se \u00e8 la tua prima volta sott\u2019acqua !!!<\/span><\/p>\n<p><span style=\"color: #000000;\">TOUR GIORNALIERI PER SUB CON BREVETTO<\/span><br \/>\n<span style=\"color: #000000;\">IMMERSIONE NOTTURNA PER SUB CON BREVETTO<\/span><br \/>\n<span style=\"color: #000000;\">SNSI SCUBA DIVING INTRODUCTION PER SUB SENZA BREVETTO<\/span><\/p>\n<p>[\/vc_column_text][vc_btn title=&#8221;PER SAPERNE DI PI\u00d9&#8221; style=&#8221;flat&#8221; shape=&#8221;square&#8221; color=&#8221;primary&#8221; link=&#8221;url:%2Fit%2Ftours-italian%2Fplaya-del-carmen-italian%2F|||&#8221; css=&#8221;.vc_custom_1564247504229{padding-top: 40px !important;}&#8221;][\/vc_column][\/vc_row][vc_row full_width=&#8221;stretch_row_content&#8221;][vc_column][vc_empty_space][\/vc_column][\/vc_row][vc_row full_width=&#8221;stretch_row_content&#8221;][vc_column width=&#8221;1\/2&#8243;][vc_single_image image=&#8221;923&#8243; img_size=&#8221;full&#8221; alignment=&#8221;right&#8221; css=&#8221;.vc_custom_1563564016486{padding-top: 40px !important;}&#8221;][\/vc_column][vc_column width=&#8221;1\/2&#8243; css=&#8221;.vc_custom_1563487977412{padding-top: 20px !important;padding-right: 10px !important;}&#8221;][vc_column_text]<\/p>\n<h3 class=\"p1\" style=\"text-align: left; font-size: 28px; color: #000000;\"><span class=\"s1\"><strong>IMMERSIONI A CENOTE<br \/>\n<\/strong><\/span><\/h3>\n<hr \/>\n<p class=\"p1\"><span style=\"color: #000000;\">I cenotes sono sistemi di caverne allagate formate dai tipici fiumi sotterranei cristallini della regione. In questi luoghi puoi trovare incredibili stalattiti, stalagmiti e fossili marini. Con una visibilit\u00e0 di oltre 50 metri, i cenotes sono un singolare punto di attrazione e un must per qualsiasi subacqueo.<\/span><\/p>\n<p class=\"p1\" style=\"text-align: left;\"><span style=\"color: #000000;\"><span class=\"s2\">\u00a0<\/span><\/span><\/p>\n<p>[\/vc_column_text][vc_btn title=&#8221;PER SAPERNE DI PI\u00d9&#8221; style=&#8221;flat&#8221; shape=&#8221;square&#8221; color=&#8221;primary&#8221; link=&#8221;url:%2Fit%2Ftours-italian%2Fcenote-italian%2F|||&#8221; css=&#8221;.vc_custom_1564247580394{padding-top: 40px !important;}&#8221;][\/vc_column][\/vc_row][vc_row full_width=&#8221;stretch_row_content&#8221;][vc_column][vc_empty_space][\/vc_column][\/vc_row][vc_row full_width=&#8221;stretch_row_content&#8221;][vc_column width=&#8221;1\/2&#8243;][vc_single_image image=&#8221;926&#8243; img_size=&#8221;full&#8221; alignment=&#8221;right&#8221; css=&#8221;.vc_custom_1563564170735{padding-top: 40px !important;}&#8221;][\/vc_column][vc_column width=&#8221;1\/2&#8243; css=&#8221;.vc_custom_1563487977412{padding-top: 20px !important;padding-right: 10px !important;}&#8221;][vc_column_text]<\/p>\n<p class=\"p1\" style=\"text-align: left;\"><span style=\"color: #000000; font-size: 28px;\"><span class=\"s1\"><strong>IMMERSIONI A COZUMEL<br \/>\n<\/strong><\/span><\/span><\/p>\n<hr \/>\n<p><span style=\"color: #000000;\">L\u2019isola di Cozumel, famosa in tutto il mondo, si trova di fronte a PLAYA DEL CARMEN, a soli 15 km dalla riva (35 minuti in traghetto) la maggior parte delle sue barriere coralline fanno parte del PARCO NAZIONALE MARINO dal 1996, l\u2019immersione in parete \u00e8 sicuramente l\u2019attrazione principale . Il nostro team partner a Cozumel ti aspetter\u00e0, pronto a guidarti a vivere le meravigliose esperienze subacquee o di snorkeling:<\/span><\/p>\n<p><span style=\"color: #000000;\">PARTENZE GIORNALIERE PER DIVERS CERTIFICATI<\/span><br \/>\n<span style=\"color: #000000;\">SCUBA DIVING INTRODUCTION PER SUB SENZA BREVETTO<\/span><br \/>\n<span style=\"color: #000000;\">SNORKEL IN COZUMEL<\/span><\/p>\n<p>[\/vc_column_text][vc_btn title=&#8221;PER SAPERNE DI PI\u00d9&#8221; style=&#8221;flat&#8221; shape=&#8221;square&#8221; color=&#8221;primary&#8221; link=&#8221;url:%2Fit%2Ftours-italian%2Fcozumel-italian%2F|||&#8221; css=&#8221;.vc_custom_1564247651784{padding-top: 40px !important;}&#8221;][\/vc_column][\/vc_row][vc_row full_width=&#8221;stretch_row_content&#8221;][vc_column][vc_empty_space][\/vc_column][\/vc_row][vc_row full_width=&#8221;stretch_row_content&#8221;][vc_column width=&#8221;1\/2&#8243;][vc_single_image image=&#8221;929&#8243; img_size=&#8221;full&#8221; alignment=&#8221;right&#8221; css=&#8221;.vc_custom_1563564503597{padding-top: 40px !important;}&#8221;][\/vc_column][vc_column width=&#8221;1\/2&#8243; css=&#8221;.vc_custom_1563487977412{padding-top: 20px !important;padding-right: 10px !important;}&#8221;][vc_column_text]<\/p>\n<p class=\"p1\" style=\"text-align: left;\"><span style=\"color: #000000; font-size: 28px;\"><span class=\"s1\"><strong>IMMERSIONI SPECIALI<br \/>\n<\/strong><\/span><\/span><\/p>\n<hr \/>\n<p><span style=\"color: #000000;\">PHANTOM DIVERS ti offre la possibilit\u00e0 di immergerti nei siti di immersione pi\u00f9 eccitanti della Riviera Maya, passando per il museo sottomarino di Isla Mujeres fino a un magnifico relitto a Puerto Morelos.<\/span><\/p>\n<p>[\/vc_column_text][vc_btn title=&#8221;PER SAPERNE DI PI\u00d9&#8221; style=&#8221;flat&#8221; shape=&#8221;square&#8221; color=&#8221;primary&#8221; link=&#8221;url:%2Fit%2Ftours-italian%2Fimmersioni-speciali%2F|||&#8221; css=&#8221;.vc_custom_1564247722089{padding-top: 40px !important;}&#8221;][\/vc_column][\/vc_row][vc_row full_width=&#8221;stretch_row_content&#8221;][vc_column][vc_empty_space][\/vc_column][\/vc_row][vc_row full_width=&#8221;stretch_row_content&#8221;][vc_column width=&#8221;1\/2&#8243;][vc_single_image image=&#8221;932&#8243; img_size=&#8221;full&#8221; alignment=&#8221;right&#8221; css=&#8221;.vc_custom_1563564618693{padding-top: 40px !important;}&#8221;][\/vc_column][vc_column width=&#8221;1\/2&#8243; css=&#8221;.vc_custom_1563487977412{padding-top: 20px !important;padding-right: 10px !important;}&#8221;][vc_column_text]<span style=\"color: #000000; font-size: 28px;\"><span class=\"s1\"><strong>TOUR DI SNORKELING<br \/>\n<\/strong><\/span><\/span><\/p>\n<hr \/>\n<p><span style=\"color: #000000;\">SNORKELING A PLAYA DEL CARMEN<br \/>\n<\/span><span style=\"color: #000000;\">SNORKELING A COZUMEL<\/span>[\/vc_column_text][vc_btn title=&#8221;PER SAPERNE DI PI\u00d9&#8221; style=&#8221;flat&#8221; shape=&#8221;square&#8221; color=&#8221;primary&#8221; link=&#8221;url:%2Fit%2Ftours-italian%2Fboccaglio%2F|||&#8221; css=&#8221;.vc_custom_1564247784806{padding-top: 40px !important;}&#8221;][\/vc_column][\/vc_row][vc_row full_width=&#8221;stretch_row_content&#8221;][vc_column][vc_empty_space][\/vc_column][\/vc_row][vc_row full_width=&#8221;stretch_row_content&#8221;][vc_column width=&#8221;1\/2&#8243;][vc_single_image image=&#8221;935&#8243; img_size=&#8221;full&#8221; alignment=&#8221;right&#8221; css=&#8221;.vc_custom_1563564757496{padding-top: 40px !important;}&#8221;][\/vc_column][vc_column width=&#8221;1\/2&#8243; css=&#8221;.vc_custom_1563487977412{padding-top: 20px !important;padding-right: 10px !important;}&#8221;][vc_column_text]<\/p>\n<p class=\"p1\" style=\"text-align: left; font-size: 28px;\"><span style=\"color: #000000;\"><span class=\"s1\"><strong>SNORKELING CON SQUALI BALENA<br \/>\n<\/strong><\/span><\/span><\/p>\n<hr \/>\n<p><span style=\"color: #000000;\">Gli squali balena sono il pesce pi\u00f9 grande dell\u2019oceano: possono raggiungere i 16 metri (50 piedi) e da giugno a met\u00e0 settembre, gli squali balena arrivano nel canale messicano dello Yucatan, in cerca delle calde acque caraibiche del plancton.<\/span><\/p>\n<p>[\/vc_column_text][vc_btn title=&#8221;PER SAPERNE DI PI\u00d9&#8221; style=&#8221;flat&#8221; shape=&#8221;square&#8221; color=&#8221;primary&#8221; link=&#8221;url:%2Fit%2Ftours-italian%2Fwhale-shark-2%2F|||&#8221; css=&#8221;.vc_custom_1564247889447{padding-top: 40px !important;}&#8221;][\/vc_column][\/vc_row][vc_row full_width=&#8221;stretch_row_content&#8221;][vc_column][vc_empty_space][\/vc_column][\/vc_row][vc_row full_width=&#8221;stretch_row_content&#8221;][vc_column width=&#8221;1\/2&#8243;][vc_single_image image=&#8221;938&#8243; img_size=&#8221;full&#8221; alignment=&#8221;right&#8221; css=&#8221;.vc_custom_1563564900396{padding-top: 40px !important;}&#8221;][\/vc_column][vc_column width=&#8221;1\/2&#8243; css=&#8221;.vc_custom_1563487977412{padding-top: 20px !important;padding-right: 10px !important;}&#8221;][vc_column_text]<\/p>\n<p class=\"p1\" style=\"text-align: left; font-size: 28px;\"><span style=\"color: #000000;\"><span class=\"s1\"><strong>FOTO E VIDEO SERVIZIO<br \/>\n<\/strong><\/span><\/span><\/p>\n<hr \/>\n<p class=\"p1\" style=\"text-align: left;\"><span style=\"color: #000000;\"><span class=\"s2\">Nella maggior parte delle immersioni, PHANTOM DIVERS offre il miglior servizio di fotografia e video fornito da professionisti con attrezzature di alta qualit\u00e0, in modo da poter portare a casa i tuoi ricordi in formato digitale!<\/span><\/span><\/p>\n<p>[\/vc_column_text][vc_btn title=&#8221;PER SAPERNE DI PI\u00d9&#8221; style=&#8221;flat&#8221; shape=&#8221;square&#8221; color=&#8221;primary&#8221; link=&#8221;url:%2Fit%2Ftours-italian%2Fservizio-foto-e-video%2F|||&#8221; css=&#8221;.vc_custom_1564247966935{padding-top: 40px !important;}&#8221;][\/vc_column][\/vc_row][vc_row full_width=&#8221;stretch_row_content&#8221;][vc_column][vc_empty_space][\/vc_column][\/vc_row]<\/p>\n<\/section>","protected":false},"excerpt":{"rendered":"<p>[vc_row full_width=&#8221;stretch_row_content&#8221;][vc_column width=&#8221;1\/2&#8243;][vc_single_image image=&#8221;920&#8243; img_size=&#8221;full&#8221; alignment=&#8221;right&#8221; css=&#8221;.vc_custom_1563563865170{padding-top: 40px !important;}&#8221;][\/vc_column][vc_column width=&#8221;1\/2&#8243; css=&#8221;.vc_custom_1563487977412{padding-top: 20px !important;padding-right: 10px !important;}&#8221;][vc_column_text] IMMERSIONI A PLAYA DEL CARMEN Playa del Carmen, \u00e8 un paradiso di fama mondiale che offre ai sub l\u2019opportunit\u00e0 di scoprire la vita sottomarina lungo la costa della seconda barriera corallina pi\u00f9 grande del mondo, siamo sicuri che lo amerete. [&hellip;]<\/p>\n","protected":false},"author":1,"featured_media":0,"parent":0,"menu_order":0,"comment_status":"closed","ping_status":"closed","template":"","meta":{"footnotes":""},"class_list":["post-1367","page","type-page","status-publish","hentry"],"_links":{"self":[{"href":"https:\/\/phantomdivers.com\/it\/wp-json\/wp\/v2\/pages\/1367","targetHints":{"allow":["GET"]}}],"collection":[{"href":"https:\/\/phantomdivers.com\/it\/wp-json\/wp\/v2\/pages"}],"about":[{"href":"https:\/\/phantomdivers.com\/it\/wp-json\/wp\/v2\/types\/page"}],"author":[{"embeddable":true,"href":"https:\/\/phantomdivers.com\/it\/wp-json\/wp\/v2\/users\/1"}],"replies":[{"embeddable":true,"href":"https:\/\/phantomdivers.com\/it\/wp-json\/wp\/v2\/comments?post=1367"}],"version-history":[{"count":6,"href":"https:\/\/phantomdivers.com\/it\/wp-json\/wp\/v2\/pages\/1367\/revisions"}],"predecessor-version":[{"id":5694,"href":"https:\/\/phantomdivers.com\/it\/wp-json\/wp\/v2\/pages\/1367\/revisions\/5694"}],"wp:attachment":[{"href":"https:\/\/phantomdivers.com\/it\/wp-json\/wp\/v2\/media?parent=1367"}],"curies":[{"name":"wp","href":"https:\/\/api.w.org\/{rel}","templated":true}]}}