{"id":1358,"date":"2019-07-19T17:36:36","date_gmt":"2019-07-19T17:36:36","guid":{"rendered":"http:\/\/phantomdivers.com\/immersioni-con-squali\/bull-shark-encounter-reef\/"},"modified":"2025-09-26T17:32:29","modified_gmt":"2025-09-26T22:32:29","slug":"incontro-con-squali-zambezi-barriera-corallina","status":"publish","type":"page","link":"https:\/\/phantomdivers.com\/it\/immersioni-con-squali\/incontro-con-squali-zambezi-barriera-corallina\/","title":{"rendered":"Incontro con squali zambezi + barriera corallina"},"content":{"rendered":"<section class=\"wpb-content-wrapper\"><p>[vc_row full_width=&#8221;stretch_row_content&#8221; css=&#8221;.vc_custom_1563556730526{padding-top: 20px !important;}&#8221;][vc_column width=&#8221;1\/2&#8243; css=&#8221;.vc_custom_1563556763700{padding-top: 20px !important;padding-bottom: 20px !important;}&#8221;][vc_video link=&#8221;https:\/\/www.youtube.com\/watch?v=0lOzfAE_lrE&#8221;][\/vc_column][vc_column width=&#8221;1\/2&#8243; css=&#8221;.vc_custom_1563554364484{padding-right: 10px !important;}&#8221;][vc_column_text css=&#8221;.vc_custom_1564241867331{padding-bottom: 20px !important;}&#8221;]<\/p>\n<h2 style=\"font-size: 30px;\">INCONTRO CON SQUALI SAMBEZI<\/h2>\n<h3><span style=\"color: #000000; font-size: 20px;\"><span class=\"s2\"><strong>DESCRIZIONE:<br \/>\n<\/strong><\/span><\/span><\/h3>\n<p><span style=\"color: #000000; fonst-size: 24px;\"><span class=\"s2\">Questo pacchetto speciale \u00e8 la combinazione di due incredibili immersioni: la prima si svolge su una barriera corallina colorata, dove \u00e8 possibile vedere molti pesci e coralli tropicali, la seconda immersione \u00e8 il nostro tuffo pieno di azione INCONTRO CON LO SQUALO ZAMBEZI (alimentazione degli squali).<\/span><\/span><\/p>\n<p>[\/vc_column_text][vc_tta_accordion style=&#8221;flat&#8221; shape=&#8221;square&#8221; color=&#8221;blue&#8221; c_icon=&#8221;&#8221; active_section=&#8221;5&#8243;][vc_tta_section title=&#8221;PREREQUISITI&#8221; tab_id=&#8221;1563552032604-d253e329-da70&#8243;][vc_column_text]<span style=\"color: #000000;\">\u2013 Subacquei Avanzati o Open Water con pi\u00f9 di 20 immersioni registrate (se non si rispetta, \u00e8 possibile effettuare un\u2019immersione prima dell\u2019immersione con gli squali in modo che l\u2019istruttore possa valutare le vostre abilit\u00e0 subacquee).<\/span><br \/>\n<span style=\"color: #000000;\">\u2013 Buon consumo d\u2019aria.<\/span><br \/>\n<span style=\"color: #000000;\">\u2013 Buone tecniche di equalizzazione.<\/span><br \/>\n<span style=\"color: #000000;\">\u2013 Ascolta attentamente e segui il piano d\u2019immersione.<\/span><br \/>\n<span style=\"color: #000000;\">\u2013 Attrezzature adeguate (muta completa, senza colori vivaci).<\/span><\/p>\n<p><span style=\"color: #000000;\">\u00c8 importante essere un sub sufficientemente esperto e seguire il piano per la propria sicurezza e quella del resto del gruppo.<\/span>[\/vc_column_text][\/vc_tta_section][vc_tta_section title=&#8221;PREZZO&#8221; tab_id=&#8221;1563552032636-397aa197-a14c&#8221;][vc_column_text]<span style=\"color: #000000;\"><strong>ORARIO:<br \/>\n<\/strong>Mattina: Registrazione 8:30 AM ritorno 12:30 pm.<\/span><\/p>\n<p><span style=\"color: #000000;\"><strong>PREZZO:<\/strong><\/span><br \/>\n<span style=\"color: #000000;\">$4420 MXN<\/span><br \/>\n<span style=\"color: #000000;\">+ $440 MXN per noleggio attrezzatura<\/span><\/p>\n<p>&nbsp;<\/p>\n<p class=\"p1\"><span style=\"color: #3366ff;\"><a style=\"color: #3366ff;\" href=\"https:\/\/www.youtube.com\/watch?v=0lOzfAE_lrE\">EXPLANATORY VIDEO ABOUT BULL SHARK DIVING RULES AND BEHAVIOR. *<\/a><\/span><\/p>\n<p><span style=\"color: #000000;\">\u00a0<\/span>[\/vc_column_text][\/vc_tta_section][\/vc_tta_accordion][vc_btn title=&#8221;PRENOTA ORA&#8221; style=&#8221;flat&#8221; shape=&#8221;square&#8221; color=&#8221;blue&#8221; size=&#8221;lg&#8221; align=&#8221;left&#8221; link=&#8221;url:%2Fit%2Fcontatti%2F|||&#8221;][\/vc_column][\/vc_row][vc_row full_width=&#8221;stretch_row_content&#8221;][vc_column][vc_empty_space][\/vc_column][\/vc_row]<\/p>\n<\/section>","protected":false},"excerpt":{"rendered":"<p>[vc_row full_width=&#8221;stretch_row_content&#8221; css=&#8221;.vc_custom_1563556730526{padding-top: 20px !important;}&#8221;][vc_column width=&#8221;1\/2&#8243; css=&#8221;.vc_custom_1563556763700{padding-top: 20px !important;padding-bottom: 20px !important;}&#8221;][vc_video link=&#8221;https:\/\/www.youtube.com\/watch?v=0lOzfAE_lrE&#8221;][\/vc_column][vc_column width=&#8221;1\/2&#8243; css=&#8221;.vc_custom_1563554364484{padding-right: 10px !important;}&#8221;][vc_column_text css=&#8221;.vc_custom_1564241867331{padding-bottom: 20px !important;}&#8221;] INCONTRO CON SQUALI SAMBEZI DESCRIZIONE: Questo pacchetto speciale \u00e8 la combinazione di due incredibili immersioni: la prima si svolge su una barriera corallina colorata, dove \u00e8 possibile vedere molti pesci e coralli tropicali, la seconda immersione [&hellip;]<\/p>\n","protected":false},"author":1,"featured_media":0,"parent":1346,"menu_order":0,"comment_status":"closed","ping_status":"closed","template":"","meta":{"footnotes":""},"class_list":["post-1358","page","type-page","status-publish","hentry"],"_links":{"self":[{"href":"https:\/\/phantomdivers.com\/it\/wp-json\/wp\/v2\/pages\/1358","targetHints":{"allow":["GET"]}}],"collection":[{"href":"https:\/\/phantomdivers.com\/it\/wp-json\/wp\/v2\/pages"}],"about":[{"href":"https:\/\/phantomdivers.com\/it\/wp-json\/wp\/v2\/types\/page"}],"author":[{"embeddable":true,"href":"https:\/\/phantomdivers.com\/it\/wp-json\/wp\/v2\/users\/1"}],"replies":[{"embeddable":true,"href":"https:\/\/phantomdivers.com\/it\/wp-json\/wp\/v2\/comments?post=1358"}],"version-history":[{"count":8,"href":"https:\/\/phantomdivers.com\/it\/wp-json\/wp\/v2\/pages\/1358\/revisions"}],"predecessor-version":[{"id":5588,"href":"https:\/\/phantomdivers.com\/it\/wp-json\/wp\/v2\/pages\/1358\/revisions\/5588"}],"up":[{"embeddable":true,"href":"https:\/\/phantomdivers.com\/it\/wp-json\/wp\/v2\/pages\/1346"}],"wp:attachment":[{"href":"https:\/\/phantomdivers.com\/it\/wp-json\/wp\/v2\/media?parent=1358"}],"curies":[{"name":"wp","href":"https:\/\/api.w.org\/{rel}","templated":true}]}}