{"id":1349,"date":"2019-07-18T22:59:32","date_gmt":"2019-07-18T22:59:32","guid":{"rendered":"http:\/\/phantomdivers.com\/immersioni-con-squali\/bull-shark-diving-information\/"},"modified":"2026-03-18T14:42:19","modified_gmt":"2026-03-18T19:42:19","slug":"informazioni-sugli-squali-zambezi","status":"publish","type":"page","link":"https:\/\/phantomdivers.com\/it\/immersioni-con-squali\/informazioni-sugli-squali-zambezi\/","title":{"rendered":"Informazioni sugli squali zambezi"},"content":{"rendered":"<section class=\"wpb-content-wrapper\"><p>[vc_row full_width=&#8221;stretch_row_content&#8221; css=&#8221;.vc_custom_1563554306003{padding-top: 20px !important;}&#8221;][vc_column width=&#8221;1\/2&#8243;][vc_video link=&#8221;https:\/\/www.youtube.com\/watch?v=0lOzfAE_lrE&#8221;][\/vc_column][vc_column width=&#8221;1\/2&#8243; css=&#8221;.vc_custom_1563554364484{padding-right: 10px !important;}&#8221;][vc_column_text css=&#8221;.vc_custom_1564240729424{padding-bottom: 20px !important;}&#8221;]<\/p>\n<h2 style=\"color: #000000; font-size: 28px;\">INFORMAZIONI SUGLI SQUALI ZAMBEZI<\/h2>\n<p><span style=\"color: #000000;\">Gli squali zambezi (carcharhinus leucas) sono tra i predatori oceanici pi\u00f9 temuti, nonostante gli esseri umani non facciano parte della loro catena alimentare. Questo timore e\u2019 dovuto a informazioni e giornalismo sensazionalista. Tuttavia pero\u2019, le immersioni con questi maestosi animali, sono un\u2019esperienza che sempre pi\u00f9 persone vogliono fare!<\/span><\/p>\n<p><span style=\"color: #000000;\">INCONTRO CON SQUALI ZAMBEZI<\/span><br \/>\n<span style=\"color: #000000;\">INCONTRO CON SQUALI ZAMBEZI + BARRIERA CORALLINA<\/span><br \/>\n<span style=\"color: #000000;\">SCOPRI GLI SQUALI ZAMBEZI<\/span><br \/>\n<span style=\"color: #000000;\">SSI OSSERVATORE DI SQUALI<\/span><\/p>\n<h3 style=\"color: #000000; font-size: 28px;\">DETTAGLI<\/h3>\n<p>[\/vc_column_text][vc_tta_accordion style=&#8221;flat&#8221; shape=&#8221;square&#8221; color=&#8221;blue&#8221; c_icon=&#8221;&#8221; active_section=&#8221;5&#8243;][vc_tta_section title=&#8221;INFORMAZIONI SUGLI SQUALI ZAMBEZI&#8221; tab_id=&#8221;1563552032604-d253e329-da70&#8243;][vc_column_text]<\/p>\n<p><span style=\"color: #000000;\">In realt\u00e0 gli Squali Zambezi(Carcharhinus Leucas)\u00a0 sono una specie opportunistica che pu\u00f2 crescere fino a 4 metri di lunghezza. Questo significa che si nutre di molti tipi di animali acquatici, in particolare di pesci, tartarughe, mammiferi marini e addirittura altri squali.<\/span><\/p>\n<p><span style=\"color: #000000;\">Playa del Carmen \u00e8 tra i posti migliori al mondo per fare sub con gli squali leucas: la temperatura calda dell\u2019acqua e la buona visibilit\u00e0 ci permettono di apprezzare la bellezza e l\u2019eleganza di questi predatori impressionanti che visitano l\u2019area di Playa del Carmen durante i mesi tra novembre e marzo.<\/span><\/p>\n<p><span style=\"color: #000000;\">Il nostro centro sub \u00e8 stato il primo a offrire i famosi incontri con gli Squali Zambezi a Playa del Carmen. Dal 1997 abbiamo sviluppato le nostre tecniche per rendere quest\u2019immersione sicura, educativa e divertente.<\/span><\/p>\n<p><span style=\"color: #000000;\">Phantom Divers \u00e8 stato il pioniere negli incontri con gli Squali Zambezi perch\u00e8 ci\u00f2 che ci ha spinto \u00e8 la passione, capire, scoprire e far conoscere i misteri che questi splendidi animali nascondono. Unisciti a noi per avere di questa esperienza unica!<\/span><\/p>\n<p>[\/vc_column_text][\/vc_tta_section][vc_tta_section title=&#8221;QUADRO COMPARATIVO&#8221; tab_id=&#8221;1563552032636-397aa197-a14c&#8221;][vc_column_text el_class=&#8221;tabla&#8221;]<\/p>\n<table>\n<thead>\n<tr>\n<th>QUADRO COMPARATIVO<\/th>\n<th>INCONTRO CON SQUALI ZAMBEZI<\/th>\n<th>SCOPRI GLI SQUALI ZAMBEZI<\/th>\n<\/tr>\n<\/thead>\n<tbody>\n<tr>\n<td>LIVELLO D&#8217;ESPERIENZA<\/td>\n<td>ADVANCED<\/td>\n<td>OPEN WATER<\/td>\n<\/tr>\n<tr>\n<td>PROFONDITA&#8217;<\/td>\n<td>25 Metri<\/td>\n<td>18 Metri<\/td>\n<\/tr>\n<tr>\n<td>DUATA<\/td>\n<td>25 Min<\/td>\n<td>45 Min<\/td>\n<\/tr>\n<tr>\n<td>TIPO D&#8217;IMMERSIONE<\/td>\n<td>Statico<\/td>\n<td>In corrente<\/td>\n<\/tr>\n<tr>\n<td>SOSTA DI SICUREZZA<\/td>\n<td>S\u00ec<\/td>\n<td>S\u00ec<\/td>\n<\/tr>\n<tr>\n<td>ATTRAZIONE<\/td>\n<td>S\u00ec<\/td>\n<td>No<\/td>\n<\/tr>\n<tr>\n<td>DISTANZA DAGLI SQUALI<\/td>\n<td>Molto vicino<\/td>\n<td>6-18 Metri<\/td>\n<\/tr>\n<tr>\n<td>NUMERO DI SQUALI<\/td>\n<td>1-20+<\/td>\n<td>N\/A<\/td>\n<\/tr>\n<tr>\n<td>INTERAZIONE<\/td>\n<td>S\u00ec*<\/td>\n<td>No<\/td>\n<\/tr>\n<tr>\n<td>FOTOGRAFIA<\/td>\n<td>++++++<\/td>\n<td>++<\/td>\n<\/tr>\n<tr>\n<td>SPOT PRIMARIO DI FOTOGRAFIA<\/td>\n<td>S\u00ec<\/td>\n<td>No<\/td>\n<\/tr>\n<tr>\n<td>PREZZO<\/td>\n<td>3560 MXN + braccialetto conservazione + 440 MXN Attrezzatura<\/td>\n<td>2180 MXN + braccialetto conservazione + 440 MXN Attrezzatura<\/td>\n<\/tr>\n<tr>\n<td>RIMBORSO PER ASSENZA DI SQUALI<\/td>\n<td>Rimborso Parziale<\/td>\n<td>No<\/td>\n<\/tr>\n<\/tbody>\n<\/table>\n<p>[\/vc_column_text][\/vc_tta_section][vc_tta_section title=&#8221;PHANTOM DIVERS E LA CONSERVAZIONE DEGLI SQUALI&#8221; tab_id=&#8221;1564240933468-f0d719b4-8b65&#8243;][vc_column_text]<\/p>\n<div>\n<p><span style=\"color: #000000;\">In Messico gli squali sono sotto la pressione crescente dell\u2019industria della pesca. Questa \u00e8 una realt\u00e0 molto preoccupante per tutti gli amanti di squali e per l\u2019ecosistema marino. Tuttavia, al fine di avanzare con i piani di conservazione, \u00e8 necessario conoscere i loro schemi di movimento.<\/span><\/p>\n<p><span style=\"color: #000000;\">Il nostro direttore, Jorge Loria, ha fondato l\u2019organizzazione non governativa <span style=\"color: #3366ff;\"><a style=\"color: #3366ff;\" href=\"https:\/\/www.savingoursharks.org\/\" target=\"_blank\" rel=\"noopener noreferrer\">Saving Our Sharks<\/a><\/span>, che sta conducendo ricerche approfondite sui modelli di movimento degli squali, attraverso l\u2019uso della telemetria acustica e satellitare, per individuare l\u2019habitat appropriato per questa specie. Queste indagini sono necessarie per stabilire i tempi e le aree corrette per la protezione degli squali.<\/span><\/p>\n<p><span style=\"color: #000000;\">Il team di Phantom Divers, consapevole di questa realt\u00e0, sta lavorando direttamente con l\u2019ONG Saving Our Sharks per raggiungere l\u2019obiettivo principale: LA CREAZIONE DI UN SANTUARIO DI SQUALI SULLA COSTA CARAIBICA DEL MESSICO, che implica la piena protezione degli squali in questa zona. Immergendoti con Phantom Divers, sosterrete anche la conservazione.<\/span><\/p>\n<p><span style=\"color: #000000;\">Attualmente, Playa del Carmen \u00e8 considerata uno dei migliori posti al mondo per eseguire questo tipo di immersioni, data la chiarezza delle sue acque e il numero di esemplari che possono essere osservati in una singola immersione. PHANTOM DIVERS \u00e8 un PIONIERE, sia nel DIVING con gli Squali Zambezi che nella loro CONSERVAZIONE nei Caraibi Messicani, collaboriamo con diverse ONG nazionali e internazionali per studiare e proteggere gli squali nella zona.<\/span><\/p>\n<p><span style=\"color: #000000;\">Stiamo partecipando al progetto di telemetria dello squalo Zambezi per raccogliere informazioni, per creare un santuario degli squali nella nostra regione e saperne di pi\u00f9 sul suo comportamento.<\/span><\/p>\n<p><span style=\"color: #000000;\">Quando t\u2019immergi con PHANTOM DIVERS, sosterrai questo progetto e la cura dell\u2019ecosistema marino, poich\u00e9 il valore di $100 MXN che paghi per il BRACCIALETTO DI CONSERVAZIONE \u00e8 destinato all\u2019associazione Saving Our Sharks.<\/span><\/p>\n<p><span style=\"color: #000000;\">Nel corso degli anni, la nostra comunit\u00e0 e colleghi hanno capito che era possibile svolgere attivit\u00e0 subacquee con il TIBUR\u00d3N TORO in PLAYA DEL CARMEN in modo sicuro e allo stesso tempo rendere i subacquei consapevoli dell\u2019importanza della conservazione di questa specie, dal momento che la sua importanza \u00e8 vitale per l\u2019ecosistema marino. \u00a0PHANTOM DIVERS \u00e8 orgogliosa dei riconoscimenti che ha ricevuto localmente e a livello nazionale poich\u00e9 questo ci incoraggia a continuare a collaborare con la conservazione degli ecosistemi marini nei Caraibi messicani attraverso la ricerca, l\u2019educazione ambientale e la formazione.<\/span><\/p>\n<p><span style=\"color: #000000;\">Abbiamo ancora una lunga strada da percorrere, speriamo di contare con la tua partecipazione.<\/span><\/p>\n<p><span style=\"color: #000000;\">Immergersi con gli squali zambezi \u00e8 un\u2019avventura che non dimenticherete mai.<\/span><\/p>\n<p><span style=\"color: #000000;\">LINK A VIDEO DI CONSERVAZIONE<\/span><\/p>\n<p><a href=\"https:\/\/www.youtube.com\/watch?time_continue=9&amp;v=AcrwUi-r3Xk\" target=\"_blank\" rel=\"noopener noreferrer\"><b><u>VIDEO ABOUT CONSERVATION<\/u><\/b><b>.<\/b> <span style=\"color: #000000;\">*<\/span><\/a><\/p>\n<\/div>\n<p>[\/vc_column_text][\/vc_tta_section][\/vc_tta_accordion][\/vc_column][\/vc_row][vc_row full_width=&#8221;stretch_row_content&#8221;][vc_column][vc_empty_space][\/vc_column][\/vc_row]<\/p>\n<\/section>","protected":false},"excerpt":{"rendered":"<p>[vc_row full_width=&#8221;stretch_row_content&#8221; css=&#8221;.vc_custom_1563554306003{padding-top: 20px !important;}&#8221;][vc_column width=&#8221;1\/2&#8243;][vc_video link=&#8221;https:\/\/www.youtube.com\/watch?v=0lOzfAE_lrE&#8221;][\/vc_column][vc_column width=&#8221;1\/2&#8243; css=&#8221;.vc_custom_1563554364484{padding-right: 10px !important;}&#8221;][vc_column_text css=&#8221;.vc_custom_1564240729424{padding-bottom: 20px !important;}&#8221;] INFORMAZIONI SUGLI SQUALI ZAMBEZI Gli squali zambezi (carcharhinus leucas) sono tra i predatori oceanici pi\u00f9 temuti, nonostante gli esseri umani non facciano parte della loro catena alimentare. Questo timore e\u2019 dovuto a informazioni e giornalismo sensazionalista. Tuttavia pero\u2019, le immersioni con [&hellip;]<\/p>\n","protected":false},"author":1,"featured_media":0,"parent":1346,"menu_order":0,"comment_status":"closed","ping_status":"closed","template":"","meta":{"footnotes":""},"class_list":["post-1349","page","type-page","status-publish","hentry"],"_links":{"self":[{"href":"https:\/\/phantomdivers.com\/it\/wp-json\/wp\/v2\/pages\/1349","targetHints":{"allow":["GET"]}}],"collection":[{"href":"https:\/\/phantomdivers.com\/it\/wp-json\/wp\/v2\/pages"}],"about":[{"href":"https:\/\/phantomdivers.com\/it\/wp-json\/wp\/v2\/types\/page"}],"author":[{"embeddable":true,"href":"https:\/\/phantomdivers.com\/it\/wp-json\/wp\/v2\/users\/1"}],"replies":[{"embeddable":true,"href":"https:\/\/phantomdivers.com\/it\/wp-json\/wp\/v2\/comments?post=1349"}],"version-history":[{"count":7,"href":"https:\/\/phantomdivers.com\/it\/wp-json\/wp\/v2\/pages\/1349\/revisions"}],"predecessor-version":[{"id":5701,"href":"https:\/\/phantomdivers.com\/it\/wp-json\/wp\/v2\/pages\/1349\/revisions\/5701"}],"up":[{"embeddable":true,"href":"https:\/\/phantomdivers.com\/it\/wp-json\/wp\/v2\/pages\/1346"}],"wp:attachment":[{"href":"https:\/\/phantomdivers.com\/it\/wp-json\/wp\/v2\/media?parent=1349"}],"curies":[{"name":"wp","href":"https:\/\/api.w.org\/{rel}","templated":true}]}}