{"id":1346,"date":"2019-07-18T21:53:33","date_gmt":"2019-07-18T21:53:33","guid":{"rendered":"http:\/\/phantomdivers.com\/shark-diving-tours\/"},"modified":"2026-03-18T14:46:49","modified_gmt":"2026-03-18T19:46:49","slug":"immersioni-con-squali","status":"publish","type":"page","link":"https:\/\/phantomdivers.com\/it\/immersioni-con-squali\/","title":{"rendered":"Immersioni con squali"},"content":{"rendered":"<section class=\"wpb-content-wrapper\"><p>[vc_row full_width=&#8221;stretch_row_content&#8221;][vc_column width=&#8221;1\/2&#8243;][vc_single_image image=&#8221;870&#8243; img_size=&#8221;full&#8221; alignment=&#8221;center&#8221; css=&#8221;.vc_custom_1563487917989{padding-top: 40px !important;}&#8221;][\/vc_column][vc_column width=&#8221;1\/2&#8243; css=&#8221;.vc_custom_1563487977412{padding-top: 20px !important;padding-right: 10px !important;}&#8221;][vc_column_text]<\/p>\n<h2 style=\"text-align: left; color: #333333; font-size: 28px;\"><strong>INFORMAZIONI SUGLI SQUALI ZAMBEZI<\/strong><\/h2>\n<p>[\/vc_column_text][vc_column_text]<\/p>\n<hr \/>\n<div>\n<p><span style=\"color: #000000;\">Gli squali zambezi (carcharhinus leucas) sono tra i predatori oceanici pi\u00f9 temuti, nonostante gli esseri umani non facciano parte della loro catena alimentare. Questo timore e\u2019 dovuto a informazioni e giornalismo sensazionalista. Tuttavia pero\u2019, le immersioni con questi maestosi animali, sono un\u2019esperienza che sempre pi\u00f9 persone vogliono fare!<\/span><\/p>\n<p><span style=\"color: #000000;\">INCONTRO CON SQUALI ZAMBEZI<br \/>\nINCONTRO CON SQUALI ZAMBEZI + BARRIERA CORALLINA<br \/>\nSCOPRI GLI SQUALI ZAMBEZI<br \/>\nSSI OSSERVATORE DI SQUALI<\/span><\/p>\n<\/div>\n<p>[\/vc_column_text][vc_btn title=&#8221;PER SAPERNE DI PI\u00d9&#8221; style=&#8221;flat&#8221; shape=&#8221;square&#8221; color=&#8221;primary&#8221; link=&#8221;url:%2Fit%2Fimmersioni-con-squali%2Finformazioni-sugli-squali-zambezi%2F|||&#8221; css=&#8221;.vc_custom_1564180146809{padding-top: 40px !important;}&#8221;][\/vc_column][\/vc_row][vc_row full_width=&#8221;stretch_row_content&#8221;][vc_column][vc_separator color=&#8221;custom&#8221; accent_color=&#8221;#ebebeb&#8221; css=&#8221;.vc_custom_1563488575993{padding-top: 40px !important;}&#8221;][vc_empty_space][\/vc_column][\/vc_row][vc_row full_width=&#8221;stretch_row_content&#8221;][vc_column width=&#8221;1\/2&#8243;][vc_single_image image=&#8221;873&#8243; img_size=&#8221;full&#8221; alignment=&#8221;center&#8221; css=&#8221;.vc_custom_1563488734213{padding-top: 40px !important;}&#8221;][\/vc_column][vc_column width=&#8221;1\/2&#8243; css=&#8221;.vc_custom_1563487977412{padding-top: 20px !important;padding-right: 10px !important;}&#8221;][vc_column_text]<\/p>\n<h3 style=\"text-align: left; color: #333333; font-size: 28px;\"><strong>INCONTRO CON SQUALI ZAMBEZI<\/strong><\/h3>\n<p>[\/vc_column_text][vc_column_text]<\/p>\n<hr \/>\n<p><span style=\"color: #000000;\">Faremo immersioni con gli squali toro a 80 piedi. Si tratta di un\u2019immersione statica in cui dovrai rimanere nel posto assegnato. Quindi se ti va in questa avventura ad alta quota, dai un\u2019occhiata e unisciti a noi in questo viaggio della tua vita!<\/span><\/p>\n<p><span style=\"color: #000000;\">Gli squali toro sono creature molto grandi, non sono timidi e spesso passano vicino ai subacquei. Questo \u00e8 un comportamento normale per loro, se non sei preparato sar\u00e0 una scarica di adrenalina.<\/span><\/p>\n<p>[\/vc_column_text][vc_btn title=&#8221;PER SAPERNE DI PI\u00d9&#8221; style=&#8221;flat&#8221; shape=&#8221;square&#8221; color=&#8221;primary&#8221; link=&#8221;url:%2Fit%2Fimmersioni-con-squali%2Fincontro-con-squali-zambezi%2F|||&#8221; css=&#8221;.vc_custom_1564180257156{padding-top: 40px !important;}&#8221;][\/vc_column][\/vc_row][vc_row full_width=&#8221;stretch_row_content&#8221;][vc_column][vc_separator color=&#8221;custom&#8221; accent_color=&#8221;#ebebeb&#8221; css=&#8221;.vc_custom_1563488575993{padding-top: 40px !important;}&#8221;][vc_empty_space][\/vc_column][\/vc_row][vc_row full_width=&#8221;stretch_row_content&#8221;][vc_column width=&#8221;1\/2&#8243;][vc_single_image image=&#8221;877&#8243; img_size=&#8221;full&#8221; alignment=&#8221;center&#8221; css=&#8221;.vc_custom_1563489707140{padding-top: 40px !important;}&#8221;][\/vc_column][vc_column width=&#8221;1\/2&#8243; css=&#8221;.vc_custom_1563487977412{padding-top: 20px !important;padding-right: 10px !important;}&#8221;][vc_column_text]<\/p>\n<h4 style=\"text-align: left;\"><strong><span style=\"color: #333333;\">INCONTRO CON SQUALI ZAMBEZI + BARRIERA CORALLINA<\/span><\/strong><\/h4>\n<p>[\/vc_column_text][vc_column_text]<\/p>\n<hr \/>\n<p><span style=\"color: #000000;\">Faremo immersioni con gli squali toro a 80 piedi. Si tratta di un\u2019immersione statica in cui dovrai rimanere nel posto assegnato. Quindi se ti va in questa avventura ad alta quota, dai un\u2019occhiata e unisciti a noi in questo viaggio della tua vita!<\/span><\/p>\n<p><span style=\"color: #000000;\">Gli squali toro sono creature molto grandi, non sono timidi e spesso passano vicino ai subacquei. Questo \u00e8 un comportamento normale per loro, se non sei preparato sar\u00e0 una scarica di adrenalina.<\/span><\/p>\n<p>[\/vc_column_text][vc_btn title=&#8221;PER SAPERNE DI PI\u00d9&#8221; style=&#8221;flat&#8221; shape=&#8221;square&#8221; color=&#8221;primary&#8221; link=&#8221;url:%2Fit%2Fimmersioni-con-squali%2Fincontro-con-squali-zambezi-barriera-corallina%2F|||&#8221; css=&#8221;.vc_custom_1564180368123{padding-top: 40px !important;}&#8221;][\/vc_column][\/vc_row][vc_row full_width=&#8221;stretch_row_content&#8221;][vc_column][vc_separator color=&#8221;custom&#8221; accent_color=&#8221;#ebebeb&#8221; css=&#8221;.vc_custom_1563488575993{padding-top: 40px !important;}&#8221;][vc_empty_space][\/vc_column][\/vc_row][vc_row full_width=&#8221;stretch_row_content&#8221;][vc_column width=&#8221;1\/2&#8243;][vc_single_image image=&#8221;3980&#8243; img_size=&#8221;full&#8221; alignment=&#8221;center&#8221; css=&#8221;.vc_custom_1577218358590{padding-top: 40px !important;}&#8221;][\/vc_column][vc_column width=&#8221;1\/2&#8243; css=&#8221;.vc_custom_1563487977412{padding-top: 20px !important;padding-right: 10px !important;}&#8221;][vc_column_text]<\/p>\n<h4 style=\"text-align: left;\"><strong><span style=\"color: #333333;\">INCONTRO CON LE RAZZE<\/span><\/strong><\/h4>\n<p>[\/vc_column_text][vc_column_text]<\/p>\n<hr \/>\n<p><span style=\"color: #000000;\">Durante la stagione degli squali zambezi, nei giorni in cui si assentano per dare alla luce o per cibarsi in altri siti, offriamo l\u2019immersione Incontro con le Razze. In questa immersione la guida attrar\u00e0 le razze e le avviciner\u00e0 ai clienti affinch\u00e9 possano osservarle da vicino, un meraviglioso incontro di interazione. l\u2019esperienza incredibile di immergersi e attrarre le razze. Si tratta di un incontro ravvicinato interattivo e divertente con queste magnifiche creature!<\/span><\/p>\n<p><span style=\"color: #000000;\">Ci immergeremo a una profondit\u00e0 di 25 metri. Si tratta di un\u2019immersione statica durante la quale dovr\u00e0 permanere nel posto assegnatovi. vita!<\/span>[\/vc_column_text][vc_btn title=&#8221;PER SAPERNE DI PI\u00d9&#8221; style=&#8221;flat&#8221; shape=&#8221;square&#8221; color=&#8221;primary&#8221; link=&#8221;url:https%3A%2F%2Fphantomdivers.com%2Fit%2Fimmersioni-con-squali%2Fincontro-con-le-razze%2F|title:Incontro%20con%20le%20Razze||&#8221; css=&#8221;.vc_custom_1577218463606{padding-top: 40px !important;}&#8221;][\/vc_column][\/vc_row][vc_row full_width=&#8221;stretch_row_content&#8221;][vc_column][vc_separator color=&#8221;custom&#8221; accent_color=&#8221;#ebebeb&#8221; css=&#8221;.vc_custom_1563488575993{padding-top: 40px !important;}&#8221;][vc_empty_space][\/vc_column][\/vc_row][vc_row full_width=&#8221;stretch_row_content&#8221;][vc_column width=&#8221;1\/2&#8243;][vc_single_image image=&#8221;881&#8243; img_size=&#8221;full&#8221; alignment=&#8221;center&#8221; css=&#8221;.vc_custom_1563489975468{padding-top: 40px !important;}&#8221;][\/vc_column][vc_column width=&#8221;1\/2&#8243; css=&#8221;.vc_custom_1563487977412{padding-top: 20px !important;padding-right: 10px !important;}&#8221;][vc_column_text]<\/p>\n<h4><strong><span style=\"color: #333333;\">SCOPRI GLI SQUALI ZAMBEZI<\/span><\/strong><\/h4>\n<p>[\/vc_column_text][vc_column_text]<\/p>\n<hr \/>\n<p><span style=\"color: #000000;\">Questa immersione si svolge in una zona di fondo sabbioso a una profondit\u00e0 di 60 piedi. Ci immergiamo alla deriva per 45 minuti vicino all\u2019area in cui attiriamo gli squali.<\/span><\/p>\n<p><span style=\"color: #000000;\">Non usiamo nessun tipo di esca o attrazione in questa immersione, vedrai gli squali nel loro ambiente naturale, avrai l\u2019opportunit\u00e0 di fare foto e di essere vicino a loro.<\/span><\/p>\n<p>[\/vc_column_text][vc_btn title=&#8221;PER SAPERNE DI PI\u00d9&#8221; style=&#8221;flat&#8221; shape=&#8221;square&#8221; color=&#8221;primary&#8221; link=&#8221;url:%2Fit%2Fimmersioni-con-squali%2Fscopri-gli-squali-zambezi%2F|||&#8221; css=&#8221;.vc_custom_1564180470146{padding-top: 40px !important;}&#8221;][\/vc_column][\/vc_row][vc_row full_width=&#8221;stretch_row_content&#8221;][vc_column][vc_separator color=&#8221;custom&#8221; accent_color=&#8221;#ebebeb&#8221; css=&#8221;.vc_custom_1563488575993{padding-top: 40px !important;}&#8221;][vc_empty_space][\/vc_column][\/vc_row][vc_row full_width=&#8221;stretch_row_content&#8221;][vc_column width=&#8221;1\/2&#8243;][vc_single_image image=&#8221;884&#8243; img_size=&#8221;full&#8221; alignment=&#8221;center&#8221; css=&#8221;.vc_custom_1563490138600{padding-top: 40px !important;}&#8221;][\/vc_column][vc_column width=&#8221;1\/2&#8243; css=&#8221;.vc_custom_1563487977412{padding-top: 20px !important;padding-right: 10px !important;}&#8221;][vc_column_text]<\/p>\n<h4><strong><span style=\"color: #333333;\">SSI OSSERVATORE DI SQUALI<\/span><\/strong><\/h4>\n<p>[\/vc_column_text][vc_column_text]<\/p>\n<hr \/>\n<p><span style=\"color: #000000;\">L\u2019esperienza che abbiamo acquisito negli ultimi anni ci ha permesso di creare una specialit\u00e0 riconosciuta da SSI: Shark Observer. Questo corso ti aiuter\u00e0 a fare le immersioni con gli squali toro in modo sicuro e responsabile.<\/span><\/p>\n<p>[\/vc_column_text][vc_btn title=&#8221;PER SAPERNE DI PI\u00d9&#8221; style=&#8221;flat&#8221; shape=&#8221;square&#8221; color=&#8221;primary&#8221; link=&#8221;url:%2Fit%2Fimmersioni-con-squali%2Fssi-observatore-di-squali%2F|||&#8221; css=&#8221;.vc_custom_1564180579090{padding-top: 40px !important;}&#8221;][\/vc_column][\/vc_row][vc_row full_width=&#8221;stretch_row_content&#8221;][vc_column][vc_separator color=&#8221;custom&#8221; accent_color=&#8221;#ebebeb&#8221; css=&#8221;.vc_custom_1563488575993{padding-top: 40px !important;}&#8221;][vc_empty_space][\/vc_column][\/vc_row]<\/p>\n<\/section>","protected":false},"excerpt":{"rendered":"<p>[vc_row full_width=&#8221;stretch_row_content&#8221;][vc_column width=&#8221;1\/2&#8243;][vc_single_image image=&#8221;870&#8243; img_size=&#8221;full&#8221; alignment=&#8221;center&#8221; css=&#8221;.vc_custom_1563487917989{padding-top: 40px !important;}&#8221;][\/vc_column][vc_column width=&#8221;1\/2&#8243; css=&#8221;.vc_custom_1563487977412{padding-top: 20px !important;padding-right: 10px !important;}&#8221;][vc_column_text] INFORMAZIONI SUGLI SQUALI ZAMBEZI [\/vc_column_text][vc_column_text] Gli squali zambezi (carcharhinus leucas) sono tra i predatori oceanici pi\u00f9 temuti, nonostante gli esseri umani non facciano parte della loro catena alimentare. Questo timore e\u2019 dovuto a informazioni e giornalismo sensazionalista. Tuttavia pero\u2019, le [&hellip;]<\/p>\n","protected":false},"author":1,"featured_media":0,"parent":0,"menu_order":0,"comment_status":"closed","ping_status":"closed","template":"","meta":{"footnotes":""},"class_list":["post-1346","page","type-page","status-publish","hentry"],"_links":{"self":[{"href":"https:\/\/phantomdivers.com\/it\/wp-json\/wp\/v2\/pages\/1346","targetHints":{"allow":["GET"]}}],"collection":[{"href":"https:\/\/phantomdivers.com\/it\/wp-json\/wp\/v2\/pages"}],"about":[{"href":"https:\/\/phantomdivers.com\/it\/wp-json\/wp\/v2\/types\/page"}],"author":[{"embeddable":true,"href":"https:\/\/phantomdivers.com\/it\/wp-json\/wp\/v2\/users\/1"}],"replies":[{"embeddable":true,"href":"https:\/\/phantomdivers.com\/it\/wp-json\/wp\/v2\/comments?post=1346"}],"version-history":[{"count":6,"href":"https:\/\/phantomdivers.com\/it\/wp-json\/wp\/v2\/pages\/1346\/revisions"}],"predecessor-version":[{"id":5706,"href":"https:\/\/phantomdivers.com\/it\/wp-json\/wp\/v2\/pages\/1346\/revisions\/5706"}],"wp:attachment":[{"href":"https:\/\/phantomdivers.com\/it\/wp-json\/wp\/v2\/media?parent=1346"}],"curies":[{"name":"wp","href":"https:\/\/api.w.org\/{rel}","templated":true}]}}