{"id":5359,"date":"2024-07-22T10:08:17","date_gmt":"2024-07-22T15:08:17","guid":{"rendered":"https:\/\/phantomdivers.com\/dive-hotel-packages\/"},"modified":"2025-09-27T10:08:29","modified_gmt":"2025-09-27T15:08:29","slug":"phantomsuites-hotel","status":"publish","type":"page","link":"https:\/\/phantomdivers.com\/es\/phantomsuites-hotel\/","title":{"rendered":"Paquetes de buceo + hotel"},"content":{"rendered":"<section class=\"wpb-content-wrapper\"><p>[vc_row][vc_column width=&#8221;7\/12&#8243;][vc_gallery interval=&#8221;3&#8243; images=&#8221;5325,5322,5298,5304&#8243; img_size=&#8221;full&#8221;][\/vc_column][vc_column width=&#8221;5\/12&#8243;][vc_tta_accordion style=&#8221;flat&#8221; shape=&#8221;square&#8221; color=&#8221;blue&#8221; c_icon=&#8221;&#8221; active_section=&#8221;5&#8243;][vc_tta_section title=&#8221;PAQUETES DE BUCEO + HOTEL&#8221; tab_id=&#8221;1721416370214-0f306176-b432&#8243;][vc_column_text]\u00a1Nuestros paquetes est\u00e1n dise\u00f1ados para vivir la experiencia completa de buceo en Playa del Carmen!<\/p>\n<p>Luego de explorar los arrecifes con la reconocida empresa de buceo PHANTOM DIVERS, te ofrecemos alojamiento en nuestro nuevo hotel AH XOK SUITES ubicado en la 5ta Avenida.<\/p>\n<p>Cuenta con 20 suites de lujo con una impresionante azotea y una maravillosa comunidad de amantes del oc\u00e9ano. Todas las suites incluyen cocina americana, balc\u00f3n privado, TV, aire acondicionado y wifi r\u00e1pido.<\/p>\n<p>Si desea un paquete personalizado, env\u00ede un correo electr\u00f3nico con su solicitud, incluyendo el n\u00famero de invitados, fechas y necesidades especiales.[\/vc_column_text][vc_empty_space][\/vc_tta_section][vc_tta_section title=&#8221;UNA SEMANA&#8221; tab_id=&#8221;1721418752961-c98a271b-141e&#8221;][vc_column_text]<strong>7 NOCHES, 10 INMERSIONES\u00a0<\/strong><\/p>\n<p>D\u00cdA 1: TRASLADO DEL AEROPUERTO DE CANC\u00daN A <strong>AH XOK SUITES<\/strong><br \/>\nD\u00cdA 2: <strong>2 INMERSIONES PLAYA DEL CARMEN<\/strong><br \/>\nD\u00cdA 3: <strong>2 INMERSIONES PLAYA DEL CARMEN<\/strong><br \/>\nD\u00cdA 4: <strong>2 INMERSIONES COZUMEL<\/strong><br \/>\nD\u00cdA 5: <strong>2 BUCEOS CENOTE<\/strong><br \/>\nD\u00cdA 6: <strong>2 INMERSIONES PLAYA DEL CARMEN<\/strong><br \/>\nD\u00cdA 7: D\u00cdA LIBRE+ CENA DE \u00daLTIMA NOCHE<br \/>\nD\u00cdA 8: TRASLADO AL AEROPUERTO DE CANC\u00daN[\/vc_column_text][vc_row_inner css=&#8221;.vc_custom_1721419915059{margin-top: 15px !important;}&#8221;][vc_column_inner width=&#8221;1\/2&#8243;][vc_column_text]<strong>PRECIO POR PERSONA<\/strong><br \/>\nBASE DE OCUPACI\u00d3N DOBLE<br \/>\n$22000 MXN[\/vc_column_text][\/vc_column_inner][vc_column_inner width=&#8221;1\/2&#8243;][vc_column_text]No incluido:<\/p>\n<ul>\n<li>Equipo de buceo $2340 MXN por persona (Traje de neopreno, regulador, BCD, m\u00e1scara, aletas)<\/li>\n<li>Desayuno extra $200 MXN por d\u00eda por persona<\/li>\n<li>Propinas, sugeridas 10%<\/li>\n<li>Candado para uso de taquilla<\/li>\n<\/ul>\n<p>[\/vc_column_text][\/vc_column_inner][\/vc_row_inner][\/vc_tta_section][vc_tta_section title=&#8221;FIN DE SEMANA&#8221; tab_id=&#8221;1721419952499-4834924b-1d54&#8243;][vc_column_text]<strong>3 NOCHES, 4 INMERSIONES\u00a0<\/strong><\/p>\n<p>D\u00cdA 1: TRASLADO DEL AEROPUERTO DE CANC\u00daN A <strong>AH XOK SUITES<\/strong><br \/>\nD\u00cdA 2: <strong>2 INMERSIONES PLAYA DEL CARMEN<\/strong><br \/>\nD\u00cdA 3: <strong>2 INMERSIONES PLAYA DEL CARMEN<\/strong> + CENA DE \u00daLTIMA NOCHE<br \/>\nD\u00cdA 4: TRASLADO AL AEROPUERTO DE CANC\u00daN[\/vc_column_text][vc_row_inner css=&#8221;.vc_custom_1721419915059{margin-top: 15px !important;}&#8221;][vc_column_inner width=&#8221;1\/2&#8243;][vc_column_text]<strong>PRECIO POR PERSONA<\/strong><br \/>\nBASE DE OCUPACI\u00d3N DOBLE<br \/>\n$9440 MXN[\/vc_column_text][\/vc_column_inner][vc_column_inner width=&#8221;1\/2&#8243;][vc_column_text]No incluido:<\/p>\n<ul>\n<li>Equipo de buceo $2340 MXN por persona (Traje de neopreno, regulador, BCD, m\u00e1scara, aletas)<\/li>\n<li>Desayuno extra $200 MXN por d\u00eda por persona<\/li>\n<li>Propinas, 10% sugerido<\/li>\n<li>Candado para uso de taquilla<\/li>\n<\/ul>\n<p>[\/vc_column_text][\/vc_column_inner][\/vc_row_inner][\/vc_tta_section][vc_tta_section title=&#8221;OPEN WATER&#8221; tab_id=&#8221;1721420076735-095ab4c9-41bf&#8221;][vc_column_text]<strong>3 NOCHES, 4 INMERSIONES\u00a0<\/strong><\/p>\n<p>D\u00cdA 1: TRASLADO DEL AEROPUERTO DE CANC\u00daN A <strong>AH XOK SUITES<\/strong><br \/>\nDIA 2:<br \/>\nAM: CLASES Y PR\u00c1CTICAS EN PISCINA<br \/>\nPM: <strong>INMERSIONES EN AGUAS ABIERTAS 1 &amp; 2<\/strong><br \/>\nD\u00cdA 3:<br \/>\nAM: <strong>INMERSIONES EN AGUAS ABIERTAS 3 &amp; 4<\/strong><br \/>\nPM: CENA DE ANOCHE<br \/>\nD\u00cdA 4: TRASLADO AL AEROPUERTO DE CANC\u00daN[\/vc_column_text][vc_row_inner css=&#8221;.vc_custom_1721419915059{margin-top: 15px !important;}&#8221;][vc_column_inner width=&#8221;1\/2&#8243;][vc_column_text]<strong>PRECIO POR PERSONA<\/strong><br \/>\nBASE DE OCUPACI\u00d3N DOBLE<br \/>\n$15340 MXN<\/p>\n<p>El paquete OPEN WATER incluye equipo de buceo y libros online.[\/vc_column_text][\/vc_column_inner][vc_column_inner width=&#8221;1\/2&#8243;][vc_column_text]No incluido:<\/p>\n<ul>\n<li>Desayuno extra $200 MXN por d\u00eda por persona<\/li>\n<li>Propinas, 10% sugerido<\/li>\n<li>Candado para uso de taquilla<\/li>\n<\/ul>\n<p>[\/vc_column_text][\/vc_column_inner][\/vc_row_inner][\/vc_tta_section][\/vc_tta_accordion][vc_row_inner disable_element=&#8221;yes&#8221;][vc_column_inner width=&#8221;1\/2&#8243;][vc_single_image image=&#8221;5341&#8243; img_size=&#8221;full&#8221;][\/vc_column_inner][vc_column_inner width=&#8221;1\/2&#8243;][vc_single_image image=&#8221;5314&#8243; img_size=&#8221;full&#8221;][\/vc_column_inner][\/vc_row_inner][vc_column_text]Todas las opciones incluyen:<\/p>\n<ul>\n<li>Traslado desde el Aeropuerto Internacional de Canc\u00fan a Ah Xok Suites, Playa del Carmen.<\/li>\n<li>Alojamiento en hotel Ah Xok Suites con base de ocupaci\u00f3n doble.<\/li>\n<li>Traslado desde el hotel Ah Xok Suites al centro de buceo Phantom Divers.<\/li>\n<li>Cena de ultima noche<\/li>\n<li>Traslado del hotel Ah Xok Suites al Aeropuerto Internacional de Canc\u00fan<\/li>\n<\/ul>\n<p>[\/vc_column_text][\/vc_column][\/vc_row][vc_row][vc_column][vc_column_text]<br \/>\n[\/vc_column_text][vc_empty_space][\/vc_column][\/vc_row][vc_row][vc_column width=&#8221;2\/3&#8243;][vc_row_inner][vc_column_inner width=&#8221;1\/2&#8243;][vc_single_image image=&#8221;5298&#8243; img_size=&#8221;600&#215;500&#8243; alignment=&#8221;center&#8221; css_animation=&#8221;fadeIn&#8221;][\/vc_column_inner][vc_column_inner width=&#8221;1\/2&#8243;][vc_single_image image=&#8221;5301&#8243; img_size=&#8221;650&#215;500&#8243; alignment=&#8221;center&#8221; css_animation=&#8221;fadeIn&#8221;][\/vc_column_inner][\/vc_row_inner][vc_row_inner css=&#8221;.vc_custom_1721412061065{margin-top: 30px !important;}&#8221;][vc_column_inner width=&#8221;1\/2&#8243;][vc_single_image image=&#8221;5307&#8243; img_size=&#8221;600&#215;500&#8243; alignment=&#8221;center&#8221; css_animation=&#8221;fadeIn&#8221;][\/vc_column_inner][vc_column_inner width=&#8221;1\/2&#8243;][vc_single_image image=&#8221;5304&#8243; img_size=&#8221;600&#215;500&#8243; alignment=&#8221;center&#8221; css_animation=&#8221;fadeIn&#8221;][\/vc_column_inner][\/vc_row_inner][\/vc_column][vc_column width=&#8221;1\/3&#8243;][vc_tta_accordion style=&#8221;flat&#8221; shape=&#8221;square&#8221; color=&#8221;blue&#8221; c_icon=&#8221;&#8221; active_section=&#8221;5&#8243;][vc_tta_section title=&#8221;HOTEL NUEVO&#8221; tab_id=&#8221;1721416370214-0f306176-b432&#8243;][vc_column_text]PHANTOM SUITES es el hogar para aquellos que buscan una conexi\u00f3n m\u00e1s profunda con el oc\u00e9ano. Un lugar para estar rodeado de gente que se preocupa por la vida marina.<\/p>\n<p>\u00a120 suites de lujo con una impresionante azotea ubicadas en la 5ta Avenida, a 3 minutos a pie de la playa y a 15 de la tienda de buceo!<\/p>\n<p>Todas las suites incluyen cocina americana, balc\u00f3n privado, TV, aire acondicionado y wifi r\u00e1pido.<\/p>\n<p>Transporte gratuito a la tienda de buceo.[\/vc_column_text][vc_empty_space][vc_btn title=&#8221;PAQUETES DE BUCEO + HOTEL&#8221; style=&#8221;flat&#8221; shape=&#8221;square&#8221; color=&#8221;blue&#8221; size=&#8221;lg&#8221; align=&#8221;left&#8221; link=&#8221;url:https%3A%2F%2Fphantomdivers.com%2Fes%2Fpaquetes-de-buceo-hotel%2F|title:Dive%20%2B%20Hotel%20Packages&#8221;][\/vc_tta_section][\/vc_tta_accordion][vc_row_inner][vc_column_inner width=&#8221;1\/2&#8243; css=&#8221;.vc_custom_1721417760391{padding-right: 0px !important;padding-left: 0px !important;}&#8221;][vc_single_image image=&#8221;5518&#8243; img_size=&#8221;full&#8221; onclick=&#8221;custom_link&#8221; link=&#8221;https:\/\/ahxoksuites.com\/es\/descuento-phantomdivers?currency=MXN&#8221;][\/vc_column_inner][vc_column_inner width=&#8221;1\/2&#8243; css=&#8221;.vc_custom_1721417770671{padding-right: 0px !important;padding-left: 0px !important;}&#8221;][vc_single_image image=&#8221;5314&#8243; img_size=&#8221;full&#8221;][\/vc_column_inner][\/vc_row_inner][vc_btn title=&#8221;RESERVAR&#8221; style=&#8221;flat&#8221; shape=&#8221;square&#8221; color=&#8221;blue&#8221; size=&#8221;lg&#8221; align=&#8221;left&#8221; link=&#8221;url:https%3A%2F%2Fahxoksuites.com%2Fes%2Fdescuento-phantomdivers%3Fcurrency%3DMXN|title:Dive%20%2B%20Hotel%20Packages&#8221; css=&#8221;.vc_custom_1721860616948{margin-top: 15px !important;}&#8221;][\/vc_column][\/vc_row]<\/p>\n<\/section>","protected":false},"excerpt":{"rendered":"<p>[vc_row][vc_column width=&#8221;7\/12&#8243;][vc_gallery interval=&#8221;3&#8243; images=&#8221;5325,5322,5298,5304&#8243; img_size=&#8221;full&#8221;][\/vc_column][vc_column width=&#8221;5\/12&#8243;][vc_tta_accordion style=&#8221;flat&#8221; shape=&#8221;square&#8221; color=&#8221;blue&#8221; c_icon=&#8221;&#8221; active_section=&#8221;5&#8243;][vc_tta_section title=&#8221;PAQUETES DE BUCEO + HOTEL&#8221; tab_id=&#8221;1721416370214-0f306176-b432&#8243;][vc_column_text]\u00a1Nuestros paquetes est\u00e1n dise\u00f1ados para vivir la experiencia completa de buceo en Playa del Carmen! Luego de explorar los arrecifes con la reconocida empresa de buceo PHANTOM DIVERS, te ofrecemos alojamiento en nuestro nuevo hotel AH XOK SUITES ubicado [&hellip;]<\/p>\n","protected":false},"author":1,"featured_media":0,"parent":0,"menu_order":0,"comment_status":"closed","ping_status":"closed","template":"","meta":{"footnotes":""},"class_list":["post-5359","page","type-page","status-publish","hentry"],"_links":{"self":[{"href":"https:\/\/phantomdivers.com\/es\/wp-json\/wp\/v2\/pages\/5359","targetHints":{"allow":["GET"]}}],"collection":[{"href":"https:\/\/phantomdivers.com\/es\/wp-json\/wp\/v2\/pages"}],"about":[{"href":"https:\/\/phantomdivers.com\/es\/wp-json\/wp\/v2\/types\/page"}],"author":[{"embeddable":true,"href":"https:\/\/phantomdivers.com\/es\/wp-json\/wp\/v2\/users\/1"}],"replies":[{"embeddable":true,"href":"https:\/\/phantomdivers.com\/es\/wp-json\/wp\/v2\/comments?post=5359"}],"version-history":[{"count":12,"href":"https:\/\/phantomdivers.com\/es\/wp-json\/wp\/v2\/pages\/5359\/revisions"}],"predecessor-version":[{"id":5613,"href":"https:\/\/phantomdivers.com\/es\/wp-json\/wp\/v2\/pages\/5359\/revisions\/5613"}],"wp:attachment":[{"href":"https:\/\/phantomdivers.com\/es\/wp-json\/wp\/v2\/media?parent=5359"}],"curies":[{"name":"wp","href":"https:\/\/api.w.org\/{rel}","templated":true}]}}