{"id":5347,"date":"2024-07-19T12:37:38","date_gmt":"2024-07-19T17:37:38","guid":{"rendered":"https:\/\/phantomdivers.com\/brand-new-hotel-ah-xok-suites\/"},"modified":"2025-06-02T10:25:12","modified_gmt":"2025-06-02T15:25:12","slug":"hotel-nuevo-ah-xok-suites","status":"publish","type":"page","link":"https:\/\/phantomdivers.com\/es\/hotel-nuevo-ah-xok-suites\/","title":{"rendered":"Hotel Nuevo Phantom Suites"},"content":{"rendered":"<section class=\"wpb-content-wrapper\"><p>[vc_row][vc_column width=&#8221;2\/3&#8243;][vc_row_inner][vc_column_inner width=&#8221;1\/2&#8243;][vc_single_image image=&#8221;5298&#8243; img_size=&#8221;600&#215;500&#8243; alignment=&#8221;center&#8221; css_animation=&#8221;fadeIn&#8221;][\/vc_column_inner][vc_column_inner width=&#8221;1\/2&#8243;][vc_single_image image=&#8221;5301&#8243; img_size=&#8221;650&#215;500&#8243; alignment=&#8221;center&#8221; css_animation=&#8221;fadeIn&#8221;][\/vc_column_inner][\/vc_row_inner][vc_row_inner css=&#8221;.vc_custom_1721412061065{margin-top: 30px !important;}&#8221;][vc_column_inner width=&#8221;1\/2&#8243;][vc_single_image image=&#8221;5307&#8243; img_size=&#8221;600&#215;500&#8243; alignment=&#8221;center&#8221; css_animation=&#8221;fadeIn&#8221;][\/vc_column_inner][vc_column_inner width=&#8221;1\/2&#8243;][vc_single_image image=&#8221;5304&#8243; img_size=&#8221;600&#215;500&#8243; alignment=&#8221;center&#8221; css_animation=&#8221;fadeIn&#8221;][\/vc_column_inner][\/vc_row_inner][\/vc_column][vc_column width=&#8221;1\/3&#8243;][vc_tta_accordion style=&#8221;flat&#8221; shape=&#8221;square&#8221; color=&#8221;blue&#8221; c_icon=&#8221;&#8221; active_section=&#8221;5&#8243;][vc_tta_section title=&#8221;HOTEL NUEVO&#8221; tab_id=&#8221;1721416370214-0f306176-b432&#8243;][vc_column_text]PHANTOM SUITES es el hogar para aquellos que buscan una conexi\u00f3n m\u00e1s profunda con el oc\u00e9ano. Un lugar para estar rodeado de gente que se preocupa por la vida marina.<\/p>\n<p>\u00a120 suites de lujo con una impresionante azotea ubicadas en la 5ta Avenida, a 3 minutos a pie de la playa y a 15 de la tienda de buceo!<\/p>\n<p>Todas las suites incluyen cocina americana, balc\u00f3n privado, TV, aire acondicionado y wifi r\u00e1pido.<\/p>\n<p>Transporte gratuito a la tienda de buceo.[\/vc_column_text][vc_empty_space][vc_btn title=&#8221;PAQUETES DE BUCEO + HOTEL&#8221; style=&#8221;flat&#8221; shape=&#8221;square&#8221; color=&#8221;blue&#8221; size=&#8221;lg&#8221; align=&#8221;left&#8221; link=&#8221;url:https%3A%2F%2Fphantomdivers.com%2Fes%2Fpaquetes-de-buceo-hotel%2F|title:Dive%20%2B%20Hotel%20Packages&#8221;][\/vc_tta_section][\/vc_tta_accordion][vc_row_inner][vc_column_inner width=&#8221;1\/2&#8243; css=&#8221;.vc_custom_1721417760391{padding-right: 0px !important;padding-left: 0px !important;}&#8221;][vc_single_image image=&#8221;5518&#8243; img_size=&#8221;full&#8221; onclick=&#8221;custom_link&#8221; link=&#8221;https:\/\/ahxoksuites.com\/es\/descuento-phantomdivers?currency=MXN&#8221;][\/vc_column_inner][vc_column_inner width=&#8221;1\/2&#8243; css=&#8221;.vc_custom_1721417770671{padding-right: 0px !important;padding-left: 0px !important;}&#8221;][vc_single_image image=&#8221;5314&#8243; img_size=&#8221;full&#8221;][\/vc_column_inner][\/vc_row_inner][vc_btn title=&#8221;RESERVAR&#8221; style=&#8221;flat&#8221; shape=&#8221;square&#8221; color=&#8221;blue&#8221; size=&#8221;lg&#8221; align=&#8221;left&#8221; link=&#8221;url:https%3A%2F%2Fahxoksuites.com%2Fes%2Fdescuento-phantomdivers%3Fcurrency%3DMXN|title:Dive%20%2B%20Hotel%20Packages&#8221; css=&#8221;.vc_custom_1721860616948{margin-top: 15px !important;}&#8221;][\/vc_column][\/vc_row]<\/p>\n<\/section>","protected":false},"excerpt":{"rendered":"<p>[vc_row][vc_column width=&#8221;2\/3&#8243;][vc_row_inner][vc_column_inner width=&#8221;1\/2&#8243;][vc_single_image image=&#8221;5298&#8243; img_size=&#8221;600&#215;500&#8243; alignment=&#8221;center&#8221; css_animation=&#8221;fadeIn&#8221;][\/vc_column_inner][vc_column_inner width=&#8221;1\/2&#8243;][vc_single_image image=&#8221;5301&#8243; img_size=&#8221;650&#215;500&#8243; alignment=&#8221;center&#8221; css_animation=&#8221;fadeIn&#8221;][\/vc_column_inner][\/vc_row_inner][vc_row_inner css=&#8221;.vc_custom_1721412061065{margin-top: 30px !important;}&#8221;][vc_column_inner width=&#8221;1\/2&#8243;][vc_single_image image=&#8221;5307&#8243; img_size=&#8221;600&#215;500&#8243; alignment=&#8221;center&#8221; css_animation=&#8221;fadeIn&#8221;][\/vc_column_inner][vc_column_inner width=&#8221;1\/2&#8243;][vc_single_image image=&#8221;5304&#8243; img_size=&#8221;600&#215;500&#8243; alignment=&#8221;center&#8221; css_animation=&#8221;fadeIn&#8221;][\/vc_column_inner][\/vc_row_inner][\/vc_column][vc_column width=&#8221;1\/3&#8243;][vc_tta_accordion style=&#8221;flat&#8221; shape=&#8221;square&#8221; color=&#8221;blue&#8221; c_icon=&#8221;&#8221; active_section=&#8221;5&#8243;][vc_tta_section title=&#8221;HOTEL NUEVO&#8221; tab_id=&#8221;1721416370214-0f306176-b432&#8243;][vc_column_text]PHANTOM SUITES es el hogar para aquellos que buscan una conexi\u00f3n m\u00e1s profunda con el oc\u00e9ano. Un lugar para estar rodeado de [&hellip;]<\/p>\n","protected":false},"author":1,"featured_media":0,"parent":0,"menu_order":0,"comment_status":"closed","ping_status":"closed","template":"","meta":{"footnotes":""},"class_list":["post-5347","page","type-page","status-publish","hentry"],"_links":{"self":[{"href":"https:\/\/phantomdivers.com\/es\/wp-json\/wp\/v2\/pages\/5347","targetHints":{"allow":["GET"]}}],"collection":[{"href":"https:\/\/phantomdivers.com\/es\/wp-json\/wp\/v2\/pages"}],"about":[{"href":"https:\/\/phantomdivers.com\/es\/wp-json\/wp\/v2\/types\/page"}],"author":[{"embeddable":true,"href":"https:\/\/phantomdivers.com\/es\/wp-json\/wp\/v2\/users\/1"}],"replies":[{"embeddable":true,"href":"https:\/\/phantomdivers.com\/es\/wp-json\/wp\/v2\/comments?post=5347"}],"version-history":[{"count":7,"href":"https:\/\/phantomdivers.com\/es\/wp-json\/wp\/v2\/pages\/5347\/revisions"}],"predecessor-version":[{"id":5521,"href":"https:\/\/phantomdivers.com\/es\/wp-json\/wp\/v2\/pages\/5347\/revisions\/5521"}],"wp:attachment":[{"href":"https:\/\/phantomdivers.com\/es\/wp-json\/wp\/v2\/media?parent=5347"}],"curies":[{"name":"wp","href":"https:\/\/api.w.org\/{rel}","templated":true}]}}