{"id":4926,"date":"2022-06-09T10:10:14","date_gmt":"2022-06-09T15:10:14","guid":{"rendered":"https:\/\/phantomdivers.com\/politica-de-privacidad\/"},"modified":"2022-06-09T10:10:15","modified_gmt":"2022-06-09T15:10:15","slug":"politica-de-privacidad","status":"publish","type":"page","link":"https:\/\/phantomdivers.com\/es\/politica-de-privacidad\/","title":{"rendered":"Pol\u00edtica de privacidad"},"content":{"rendered":"<section class=\"wpb-content-wrapper\"><p>[vc_row][vc_column][vc_column_text]<\/p>\n<h2>Datos Recabados<\/h2>\n<p>La informaci\u00f3n personal que ingreses si te registras en nuestro sitio se utilizar\u00e1 para<\/p>\n<ul>\n<li>Proporcionar los servicios solicitados.<\/li>\n<li>Personalizar el sitio para ti y comunicarnos contigo.<\/li>\n<li>Ayudar a hacer cumplir nuestros t\u00e9rminos y condiciones, evitar el fraude y mantener nuestro sitio seguro.<\/li>\n<li>Utilizamos cookies y otras tecnolog\u00edas para realizar un seguimiento de tu interacci\u00f3n en l\u00ednea con nuestro sitio.<\/li>\n<li>Nosotros no enviamos correos electr\u00f3nicos no solicitados.<\/li>\n<\/ul>\n<h2>Divulgaci\u00f3n<\/h2>\n<ul>\n<li>En el caso de realizar un pago en el sitio web, se divulgar\u00e1 la informaci\u00f3n necesaria para realizar la transacci\u00f3n.<\/li>\n<li>Ocasionalmente proporcionamos informaci\u00f3n a otras empresas que trabajan en nuestro nombre para ayudar a proporcionar nuestros servicios.<\/li>\n<li>No ofrecemos ni vendemos las direcciones de correo electr\u00f3nico o datos de colecci\u00f3n\/lista de deseados a terceros.<\/li>\n<\/ul>\n<h2>Grupos P\u00fablicos y Foros<\/h2>\n<p>Toda la publicada en grupos o foros se convierte en informaci\u00f3n p\u00fablica. No revele informaci\u00f3n privada en estas \u00e1reas.<\/p>\n<h2>Terceros<\/h2>\n<p>\nSalvo que se indique expresamente lo contrario en esta Pol\u00edtica de Privacidad, este documento se refiere \u00fanicamente al uso y divulgaci\u00f3n de la informaci\u00f3n que nos haya otorgado a nosotros.El uso de la informaci\u00f3n personal otorgada a terceros, como pasarelas de pagos, es exclusiva responsabilidad de dicha entidad y se rige por su propia pol\u00edtica de privacidad.\n<\/p>\n<h2>Analytics y Mostrar Publicidad<\/h2>\n<ul>\n<li>Las funci\u00f3n de Google Analytics que hemos implementado se basa en la publicidad mostrada (por ejemplo, Remarketing).<\/li>\n<li>Los visitantes pueden dejar de usar Google Analytics para mostrar publicidad y personalizar los anuncios de Google Display Network con el <a href=\"https:\/\/www.google.com\/settings\/ads\/onweb\">Administrador de Preferencias de Publicidad<\/a>.<\/li>\n<li>Utilizamos Remarketing con Google Analytics para hacer publicidad en l\u00ednea.<\/li>\n<li>Nosotros y otros vendedores (terceros), incluyendo Google, utilizamos cookies de origen (como la cookie de Google Analytics) y las cookies de terceros (como la cookie de DoubleClick) juntas para informar, optimizar y publicar anuncios basados en visitas anteriores de una persona a nuestra p\u00e1gina web.<\/li>\n<li>Si deseas dejar de usar este servicio puedes utilizar este <a href=\"https:\/\/tools.google.com\/dlpage\/gaoptout\/\" target=\"_blank\" rel=\"noopener\">add-on para tu navegador<\/a>.<\/li>\n<\/ul>\n<h2>General<\/h2>\n<p>Podemos modificar esta Pol\u00edtica de Privacidad en cualquier momento mediante la publicaci\u00f3n de los t\u00e9rminos modificados en este sitio. Todos los cambios en nuestros t\u00e9rminos son efectivos inmediatamente. Es responsabilidad de los visitantes del sitio revisar la Pol\u00edtica de Privacidad peri\u00f3dicamente para saber si la pol\u00edtica de privacidad se ha cambiado o actualizado.<\/p>\n<p>[\/vc_column_text][\/vc_column][\/vc_row]<\/p>\n<\/section>","protected":false},"excerpt":{"rendered":"<p>[vc_row][vc_column][vc_column_text] Datos Recabados La informaci\u00f3n personal que ingreses si te registras en nuestro sitio se utilizar\u00e1 para Proporcionar los servicios solicitados. Personalizar el sitio para ti y comunicarnos contigo. Ayudar a hacer cumplir nuestros t\u00e9rminos y condiciones, evitar el fraude y mantener nuestro sitio seguro. Utilizamos cookies y otras tecnolog\u00edas para realizar un seguimiento de [&hellip;]<\/p>\n","protected":false},"author":1,"featured_media":0,"parent":0,"menu_order":0,"comment_status":"closed","ping_status":"closed","template":"","meta":{"footnotes":""},"class_list":["post-4926","page","type-page","status-publish","hentry"],"_links":{"self":[{"href":"https:\/\/phantomdivers.com\/es\/wp-json\/wp\/v2\/pages\/4926","targetHints":{"allow":["GET"]}}],"collection":[{"href":"https:\/\/phantomdivers.com\/es\/wp-json\/wp\/v2\/pages"}],"about":[{"href":"https:\/\/phantomdivers.com\/es\/wp-json\/wp\/v2\/types\/page"}],"author":[{"embeddable":true,"href":"https:\/\/phantomdivers.com\/es\/wp-json\/wp\/v2\/users\/1"}],"replies":[{"embeddable":true,"href":"https:\/\/phantomdivers.com\/es\/wp-json\/wp\/v2\/comments?post=4926"}],"version-history":[{"count":1,"href":"https:\/\/phantomdivers.com\/es\/wp-json\/wp\/v2\/pages\/4926\/revisions"}],"predecessor-version":[{"id":4927,"href":"https:\/\/phantomdivers.com\/es\/wp-json\/wp\/v2\/pages\/4926\/revisions\/4927"}],"wp:attachment":[{"href":"https:\/\/phantomdivers.com\/es\/wp-json\/wp\/v2\/media?parent=4926"}],"curies":[{"name":"wp","href":"https:\/\/api.w.org\/{rel}","templated":true}]}}