{"id":4008,"date":"2019-12-23T12:06:02","date_gmt":"2019-12-23T17:06:02","guid":{"rendered":"https:\/\/phantomdivers.com\/buceo-tiburones\/bull-shark-encounter-2\/"},"modified":"2025-09-27T09:51:50","modified_gmt":"2025-09-27T14:51:50","slug":"encuentro-con-las-rayas","status":"publish","type":"page","link":"https:\/\/phantomdivers.com\/es\/buceo-tiburones\/encuentro-con-las-rayas\/","title":{"rendered":"Encuentro con las Rayas"},"content":{"rendered":"<section class=\"wpb-content-wrapper\"><p>[vc_row full_width=&#8221;stretch_row_content&#8221; css=&#8221;.vc_custom_1563556730526{padding-top: 20px !important;}&#8221;][vc_column width=&#8221;1\/2&#8243; css=&#8221;.vc_custom_1563556763700{padding-top: 20px !important;padding-bottom: 20px !important;}&#8221;][vc_video link=&#8221;https:\/\/www.youtube.com\/watch?v=WROWG11qpCc&#8221; title=&#8221;ENCUENTRO CON LAS RAYAS&#8221;][\/vc_column][vc_column width=&#8221;1\/2&#8243; css=&#8221;.vc_custom_1563554364484{padding-right: 10px !important;}&#8221;][vc_column_text css=&#8221;.vc_custom_1577121121890{padding-bottom: 20px !important;}&#8221; el_class=&#8221;text-negro&#8221;]<\/p>\n<h2 style=\"font-size: 2.5em;\">ENCUENTRO CON LAS RAYAS<\/h2>\n<p>&nbsp;<\/p>\n<p>Durante la temporada de tiburones toro, en los d\u00edas que se ausentan a tener sus cr\u00edas o a alimentarse en otras zonas, ofrecemos el buceo de Encuentro con las Rayas, en este buceo el gu\u00eda atractor, acercara a las rayas a los clientes para que las puedan observar de cerca, un maravilloso encuentro de interacci\u00f3n. Bucearemos a 24 metros de profundidad, esta es una inmersi\u00f3n est\u00e1tica donde tendr\u00e1s que permanecer en tu lugar asignado.<\/p>\n<p>[\/vc_column_text][vc_tta_accordion style=&#8221;flat&#8221; shape=&#8221;square&#8221; color=&#8221;blue&#8221; c_icon=&#8221;&#8221; active_section=&#8221;5&#8243;][vc_tta_section title=&#8221;Prerequisitos&#8221; tab_id=&#8221;1563552032604-d253e329-da70&#8243;][vc_column_text el_class=&#8221;text-negro&#8221;]\u2013 Ser buzo Avanzado u Open Water con m\u00e1s de 20 inmersiones registradas (si usted no cumple con esto puede hacer un buceo de check-out antes de la inmersi\u00f3n con las rayas en el cual el instructor puede evaluar sus habilidades de buceo).<br \/>\n\u2013 Buen consumo de aire.<br \/>\n\u2013 Buenas t\u00e9cnicas de compensaci\u00f3n.<br \/>\n\u2013 Escuchar atentamente y seguir el plan de buceo.<br \/>\n\u2013 Equipo adecuado (traje de neopreno completo, sin color brillante).[\/vc_column_text][\/vc_tta_section][vc_tta_section title=&#8221;Precio&#8221; tab_id=&#8221;1563552032636-397aa197-a14c&#8221;][vc_column_text el_class=&#8221;text-negro&#8221;]<strong>HORARIO:<\/strong><br \/>\nTarde: Check in: 1:30 pm a 4:00 pm<\/p>\n<p><strong>PRECIO:<\/strong><br \/>\n$2660 MXN<br \/>\n+ $440 MXN por renta de equipo[\/vc_column_text][\/vc_tta_section][\/vc_tta_accordion][vc_btn title=&#8221;RESERVA AHORA&#8221; style=&#8221;flat&#8221; shape=&#8221;square&#8221; color=&#8221;blue&#8221; size=&#8221;lg&#8221; align=&#8221;left&#8221; link=&#8221;url:%2Fcontacts%2F|||&#8221;][\/vc_column][\/vc_row][vc_row full_width=&#8221;stretch_row_content&#8221;][vc_column][vc_empty_space][\/vc_column][\/vc_row]<\/p>\n<\/section>","protected":false},"excerpt":{"rendered":"<p>[vc_row full_width=&#8221;stretch_row_content&#8221; css=&#8221;.vc_custom_1563556730526{padding-top: 20px !important;}&#8221;][vc_column width=&#8221;1\/2&#8243; css=&#8221;.vc_custom_1563556763700{padding-top: 20px !important;padding-bottom: 20px !important;}&#8221;][vc_video link=&#8221;https:\/\/www.youtube.com\/watch?v=WROWG11qpCc&#8221; title=&#8221;ENCUENTRO CON LAS RAYAS&#8221;][\/vc_column][vc_column width=&#8221;1\/2&#8243; css=&#8221;.vc_custom_1563554364484{padding-right: 10px !important;}&#8221;][vc_column_text css=&#8221;.vc_custom_1577121121890{padding-bottom: 20px !important;}&#8221; el_class=&#8221;text-negro&#8221;] ENCUENTRO CON LAS RAYAS &nbsp; Durante la temporada de tiburones toro, en los d\u00edas que se ausentan a tener sus cr\u00edas o a alimentarse en otras zonas, ofrecemos el buceo de [&hellip;]<\/p>\n","protected":false},"author":1,"featured_media":0,"parent":1212,"menu_order":0,"comment_status":"closed","ping_status":"closed","template":"","meta":{"footnotes":""},"class_list":["post-4008","page","type-page","status-publish","hentry"],"_links":{"self":[{"href":"https:\/\/phantomdivers.com\/es\/wp-json\/wp\/v2\/pages\/4008","targetHints":{"allow":["GET"]}}],"collection":[{"href":"https:\/\/phantomdivers.com\/es\/wp-json\/wp\/v2\/pages"}],"about":[{"href":"https:\/\/phantomdivers.com\/es\/wp-json\/wp\/v2\/types\/page"}],"author":[{"embeddable":true,"href":"https:\/\/phantomdivers.com\/es\/wp-json\/wp\/v2\/users\/1"}],"replies":[{"embeddable":true,"href":"https:\/\/phantomdivers.com\/es\/wp-json\/wp\/v2\/comments?post=4008"}],"version-history":[{"count":9,"href":"https:\/\/phantomdivers.com\/es\/wp-json\/wp\/v2\/pages\/4008\/revisions"}],"predecessor-version":[{"id":5607,"href":"https:\/\/phantomdivers.com\/es\/wp-json\/wp\/v2\/pages\/4008\/revisions\/5607"}],"up":[{"embeddable":true,"href":"https:\/\/phantomdivers.com\/es\/wp-json\/wp\/v2\/pages\/1212"}],"wp:attachment":[{"href":"https:\/\/phantomdivers.com\/es\/wp-json\/wp\/v2\/media?parent=4008"}],"curies":[{"name":"wp","href":"https:\/\/api.w.org\/{rel}","templated":true}]}}