{"id":1282,"date":"2019-07-20T18:06:09","date_gmt":"2019-07-20T18:06:09","guid":{"rendered":"http:\/\/phantomdivers.com\/promociones\/dive-hotel\/"},"modified":"2022-09-15T10:57:40","modified_gmt":"2022-09-15T15:57:40","slug":"buceo-alojamiento","status":"publish","type":"page","link":"https:\/\/phantomdivers.com\/es\/promociones\/buceo-alojamiento\/","title":{"rendered":"Buceo + Alojamiento"},"content":{"rendered":"<section class=\"wpb-content-wrapper\"><p>[vc_row full_width=&#8221;stretch_row_content&#8221; css=&#8221;.vc_custom_1563566761802{padding-top: 20px !important;}&#8221;][vc_column width=&#8221;1\/2&#8243; css=&#8221;.vc_custom_1563566789576{padding-top: 20px !important;}&#8221;][vc_single_image image=&#8221;4988&#8243; img_size=&#8221;full&#8221; alignment=&#8221;center&#8221;][\/vc_column][vc_column width=&#8221;1\/2&#8243; css=&#8221;.vc_custom_1563487977412{padding-top: 20px !important;padding-right: 10px !important;}&#8221;][vc_tta_accordion style=&#8221;flat&#8221; shape=&#8221;square&#8221; color=&#8221;blue&#8221; c_icon=&#8221;&#8221; active_section=&#8221;1&#8243;][vc_tta_section title=&#8221;Buceo + Alojamiento&#8221; tab_id=&#8221;1563565961528-c6c5a4ea-61ac&#8221;][vc_column_text]<\/p>\n<div><span style=\"color: #000000;\">Estaremos felices de ser parte de tu experiencia de buceo en la RIVIERA MAYA, es por eso que te ofrecemos una lista de hoteles altamente seleccionados en Playa del Carmen, todos estos se encuentran cerca a nuestro Centro de Buceo y cerca o sobre la Playa. Tenemos diferentes opciones para todo presupuesto.<\/span><\/div>\n<div><span style=\"color: #000000;\">\u00a0<\/span><\/div>\n<div><span style=\"color: #000000;\">Podemos ayudarle a planificar sus vacaciones de buceo en la Riviera Maya. S\u00f3lo sigue los siguientes 5 pasos y te daremos una cotizaci\u00f3n que incluye tu paquete de submarinismo y el alojamiento:<\/span><\/div>\n<div>\n<hr \/>\n<p><span style=\"color: #000000;\">1. Elije uno o m\u00e1s de los paquetes de buceo mencionados anteriormente o crea tu propio paquete.<\/span><\/p>\n<\/div>\n<div><span style=\"color: #000000;\">2. Cu\u00e9ntanos sobre ti: \u00bfCu\u00e1ntas personas hay en tu grupo? \u00bfQu\u00e9 tipo de habitaci\u00f3n necesitas (sencilla, doble, camas separadas, matrimonial)? \u00bfCu\u00e1ntas habitaciones? \u00bfAlg\u00fan no buceador viajando contigo?<\/span><\/div>\n<div><span style=\"color: #000000;\">3. Elige un hotel del listado seleccionado por Phantom Divers (ver abajo).<\/span><\/div>\n<div><span style=\"color: #000000;\">4. \u00bfEn qu\u00e9 fechas viajas?<\/span><\/div>\n<div><span style=\"color: #000000;\">5. Env\u00edanos un correo.<\/span><\/div>\n<div><span style=\"color: #000000;\">6. Recibir\u00e1s tu cotizaci\u00f3n.<\/span><\/div>\n<p>[\/vc_column_text][\/vc_tta_section][vc_tta_section title=&#8221;Hotel seleccionado por phantom divers Playa del Carmen, Riviera Maya&#8221; tab_id=&#8221;1563565961624-544d4e2a-d375&#8243;][vc_column_text]<span style=\"color: #000000;\">Ofrecemos una amplia selecci\u00f3n de los mejores hoteles en Playa del Carmen. Todos ellos est\u00e1n ubicados cerca de nuestro centro de buceo y en o cerca de la playa. Tenemos diferentes opciones para todos los presupuestos.<\/span><br \/>\n<span style=\"color: #000000;\">________________________________________<\/span><br \/>\n<strong><span style=\"color: #000000;\">\u00a1REVISE LOS SITIOS WEB DE LOS HOTELES Y HAGA SU ELECCI\u00d3N!<\/span><\/strong><br \/>\n<span style=\"color: #000000;\">1. <a href=\"https:\/\/www.ahxoksuites.com\/es\" target=\"_blank\" rel=\"noopener noreferrer\">AH XOK<\/a>: AH XOK Suites es un hotel fundado recientemente que apoya a la conservaci\u00f3n del Tibur\u00f3n Toro. Una parte de los ingresos obtenidos son donados directamente a la ONG Saving our Sharks; esta organizaci\u00f3n se ha encargado durante varios a\u00f1os a la investigaci\u00f3n, protecci\u00f3n y conservaci\u00f3n del Tibur\u00f3n Toro en el exuberante Mar Caribe. AH XOK es un nombre de etimolog\u00eda Maya que tiene como significado El Gran Tibur\u00f3n; este hace referencia al Dios Tibur\u00f3n, el Dios de los mares Mesoamericanos que ha habitado nuestras aguas por millones de a\u00f1os. Este hotel comprende varias suites de lujo con un rooftop que puedes utilizar en cualquier momento para pasar un rato tranquilo asole\u00e1ndote o refresc\u00e1ndote en la alberca con una preciosa vista al Mar Caribe. Se encuentra sobre la Quinta Avenida de Playa del Carmen, la avenida con m\u00e1s tr\u00e1nsito peatonal y atracciones tur\u00edsticas de toda la Riviera Maya. Adem\u00e1s, est\u00e1 ubicado a unos tres minutos de la playa Coco Beach y a solo 15 minutos de nuestro centro de buceo, ambos tiempos son caminando. No dudes en reservar en este precioso hotel, te adjuntamos el link para que le eches un vistazo (AH XOK Suites). \u00a1Recuerda, si reservas a trav\u00e9s de nosotros recibes un 10% de descuento!<\/span><span style=\"color: #000000;\"><br \/>\n<\/span><\/p>\n<p><strong><span style=\"color: #000000;\">Recuerde que con Phantom Divers recibir\u00e1 un descuento adicional sobre la tarifa normal del hotel seleccionado.<\/span><\/strong><\/p>\n<p><span style=\"color: #000000;\">Para su comodidad, tambi\u00e9n podemos organizar excursiones a los mejores sitios naturales y arqueol\u00f3gicos de la Riviera Maya y la Pen\u00ednsula de Yucat\u00e1n.<\/span><br \/>\n<span style=\"color: #000000;\">Haga su reserva envi\u00e1ndonos un correo electr\u00f3nico!<\/span>[\/vc_column_text][vc_btn title=&#8221;ENV\u00cdA UN MENSAJE&#8221; style=&#8221;flat&#8221; shape=&#8221;square&#8221; color=&#8221;primary&#8221; link=&#8221;url:%2Fes%2Fcontactanos%2F|||&#8221; css=&#8221;.vc_custom_1564158740698{padding-top: 40px !important;}&#8221;][\/vc_tta_section][\/vc_tta_accordion][vc_separator][\/vc_column][\/vc_row][vc_row full_width=&#8221;stretch_row_content&#8221;][vc_column][vc_empty_space][\/vc_column][\/vc_row]<\/p>\n<\/section>","protected":false},"excerpt":{"rendered":"<p>[vc_row full_width=&#8221;stretch_row_content&#8221; css=&#8221;.vc_custom_1563566761802{padding-top: 20px !important;}&#8221;][vc_column width=&#8221;1\/2&#8243; css=&#8221;.vc_custom_1563566789576{padding-top: 20px !important;}&#8221;][vc_single_image image=&#8221;4988&#8243; img_size=&#8221;full&#8221; alignment=&#8221;center&#8221;][\/vc_column][vc_column width=&#8221;1\/2&#8243; css=&#8221;.vc_custom_1563487977412{padding-top: 20px !important;padding-right: 10px !important;}&#8221;][vc_tta_accordion style=&#8221;flat&#8221; shape=&#8221;square&#8221; color=&#8221;blue&#8221; c_icon=&#8221;&#8221; active_section=&#8221;1&#8243;][vc_tta_section title=&#8221;Buceo + Alojamiento&#8221; tab_id=&#8221;1563565961528-c6c5a4ea-61ac&#8221;][vc_column_text] Estaremos felices de ser parte de tu experiencia de buceo en la RIVIERA MAYA, es por eso que te ofrecemos una lista de hoteles altamente seleccionados en Playa [&hellip;]<\/p>\n","protected":false},"author":1,"featured_media":0,"parent":1276,"menu_order":0,"comment_status":"closed","ping_status":"closed","template":"","meta":{"footnotes":""},"class_list":["post-1282","page","type-page","status-publish","hentry"],"_links":{"self":[{"href":"https:\/\/phantomdivers.com\/es\/wp-json\/wp\/v2\/pages\/1282","targetHints":{"allow":["GET"]}}],"collection":[{"href":"https:\/\/phantomdivers.com\/es\/wp-json\/wp\/v2\/pages"}],"about":[{"href":"https:\/\/phantomdivers.com\/es\/wp-json\/wp\/v2\/types\/page"}],"author":[{"embeddable":true,"href":"https:\/\/phantomdivers.com\/es\/wp-json\/wp\/v2\/users\/1"}],"replies":[{"embeddable":true,"href":"https:\/\/phantomdivers.com\/es\/wp-json\/wp\/v2\/comments?post=1282"}],"version-history":[{"count":4,"href":"https:\/\/phantomdivers.com\/es\/wp-json\/wp\/v2\/pages\/1282\/revisions"}],"predecessor-version":[{"id":4992,"href":"https:\/\/phantomdivers.com\/es\/wp-json\/wp\/v2\/pages\/1282\/revisions\/4992"}],"up":[{"embeddable":true,"href":"https:\/\/phantomdivers.com\/es\/wp-json\/wp\/v2\/pages\/1276"}],"wp:attachment":[{"href":"https:\/\/phantomdivers.com\/es\/wp-json\/wp\/v2\/media?parent=1282"}],"curies":[{"name":"wp","href":"https:\/\/api.w.org\/{rel}","templated":true}]}}