{"id":1279,"date":"2019-07-20T17:51:35","date_gmt":"2019-07-20T17:51:35","guid":{"rendered":"http:\/\/phantomdivers.com\/promociones\/diving-packages\/"},"modified":"2025-09-27T10:05:19","modified_gmt":"2025-09-27T15:05:19","slug":"paquetes-de-buceo","status":"publish","type":"page","link":"https:\/\/phantomdivers.com\/es\/promociones\/paquetes-de-buceo\/","title":{"rendered":"Paquetes de buceo"},"content":{"rendered":"<section class=\"wpb-content-wrapper\"><p>[vc_row full_width=&#8221;stretch_row_content&#8221; css=&#8221;.vc_custom_1563566761802{padding-top: 20px !important;}&#8221;][vc_column width=&#8221;1\/2&#8243; css=&#8221;.vc_custom_1563566789576{padding-top: 20px !important;}&#8221;][vc_images_carousel images=&#8221;1080,1089,1092,882,1095,1098,1101&#8243; img_size=&#8221;full&#8221; autoplay=&#8221;yes&#8221; hide_pagination_control=&#8221;yes&#8221; wrap=&#8221;yes&#8221;][\/vc_column][vc_column width=&#8221;1\/2&#8243; css=&#8221;.vc_custom_1563487977412{padding-top: 20px !important;padding-right: 10px !important;}&#8221;][vc_tta_accordion style=&#8221;flat&#8221; shape=&#8221;square&#8221; color=&#8221;blue&#8221; c_icon=&#8221;&#8221; active_section=&#8221;1&#8243;][vc_tta_section title=&#8221;Paquetes de buceo&#8221; tab_id=&#8221;1563565961528-c6c5a4ea-61ac&#8221;][vc_column_text]<\/p>\n<div><span style=\"color: #000000;\">Si tienes m\u00e1s de un d\u00eda de vacaciones de buceo, puedes aprovechar los paquetes de buceo con descuento. Estos son nuestros paquetes m\u00e1s comunes. Si deseas un paquete personalizado, env\u00edanos un correo electr\u00f3nico con tus preferencias. \u00a1Con gusto prepararemos un paquete adecuado para ti!<\/span><\/div>\n<div><span style=\"color: #000000;\">\u00a0<\/span><\/div>\n<div><span style=\"color: #000000;\">ESTOS PRECIOS INCLUYEN PLOMOS Y TANQUES.<\/span><\/div>\n<div><span style=\"color: #000000;\">EQUIPO DE ALQUILER NO EST\u00c1 INCLUIDO. *<\/span><\/div>\n<p>[\/vc_column_text][\/vc_tta_section][vc_tta_section title=&#8221;2 d\u00edas (4 buceos)&#8221; tab_id=&#8221;1564156671659-c267a8cf-8ea1&#8243;][vc_column_text]<\/p>\n<div><span style=\"color: #000000;\"><b>2*2 TANQUES<\/b> Buceo desde barco en arrecifes de Playa del Carmen (4 INMERSIONES)<\/span><\/div>\n<div>\n<hr \/>\n<p><span style=\"color: #000000;\"><b>INCLUYE<\/b>:<br \/>\n1. Gu\u00eda.<br \/>\n2. Tanques, plomos, y agua purificada.<\/span><\/p>\n<\/div>\n<div><\/div>\n<div><span style=\"color: #000000;\"><b>PRECIO<\/b>:\u00a0<\/span><\/div>\n<div><span style=\"color: #000000;\">$3400 MXN\u00a0<\/span><\/div>\n<p>[\/vc_column_text][vc_btn title=&#8221;RESERVAR AHORA&#8221; style=&#8221;flat&#8221; shape=&#8221;square&#8221; color=&#8221;primary&#8221; link=&#8221;url:%2Fes%2Fcontactanos%2F|||&#8221; css=&#8221;.vc_custom_1564156907439{padding-top: 40px !important;}&#8221;][\/vc_tta_section][vc_tta_section title=&#8221;2-3 d\u00edas (5 buceos)&#8221; tab_id=&#8221;1563565961624-544d4e2a-d375&#8243;][vc_column_text]<\/p>\n<div><span style=\"color: #000000;\"><b>2-TANQUES<\/b> Buceo desde barco en arrecifes de Playa del Carmen.<\/span><\/div>\n<div><span style=\"color: #000000;\"><b>2-TANQUES<\/b> Buceo en cenote.**<\/span><\/div>\n<div><span style=\"color: #000000;\"><b>1-TANQUE<\/b> Buceo Nocturno.<\/span><\/div>\n<div><\/div>\n<div><span style=\"color: #000000;\"><b>INCLUYE<\/b>:<br \/>\n1. Gu\u00eda.<br \/>\n2. Tanques, plomos y aguas purificada.<br \/>\n3. PARA CENOTES: Transportaci\u00f3n desde el centro de buceo, entradas y lunchbox.<\/span><\/div>\n<div><\/div>\n<div><span style=\"color: #000000;\"><b>PRECIO:<\/b>\u00a0<\/span><\/div>\n<div><span style=\"color: #000000;\">$7120 MXN<\/span><\/div>\n<p>[\/vc_column_text][vc_btn title=&#8221;RESERVAR AHORA&#8221; style=&#8221;flat&#8221; shape=&#8221;square&#8221; color=&#8221;primary&#8221; link=&#8221;url:%2Fes%2Fcontactanos%2F|||&#8221; css=&#8221;.vc_custom_1564157091490{padding-top: 40px !important;}&#8221;][\/vc_tta_section][vc_tta_section title=&#8221;3 d\u00edas (6 buceos)&#8221; tab_id=&#8221;1563566235339-60a56184-251c&#8221;][vc_column_text]<\/p>\n<div><span style=\"color: #000000;\"><b>2- TANQUES<\/b> Buceo desde barco en arrecifes de Playa del Carmen<\/span><\/div>\n<div><span style=\"color: #000000;\"><b>2- TANQUES<\/b> Buceo en cenote**<\/span><\/div>\n<div><span style=\"color: #000000;\"><b>2- TANQUES<\/b> Buceo en Cozumel***<\/span><\/div>\n<div><span style=\"color: #000000;\">\u00a0<\/span><\/div>\n<div><span class=\"ace-all-bold-hthree\" style=\"color: #000000;\"><b>INCLUYE:<\/b><\/span><\/div>\n<div><span style=\"color: #000000;\">1. Gu\u00eda.<\/span><\/div>\n<div><span style=\"color: #000000;\">2. Tanques, plomos y agua purificada.<\/span><\/div>\n<div><span style=\"color: #000000;\">3. PARA CENOTES: Transportaci\u00f3n desde el centro de buceo, entradas y lunchbox.<\/span><\/div>\n<div><span style=\"color: #000000;\">\u00a0<\/span><\/div>\n<div><span style=\"color: #000000;\"><b>PRECIO:<\/b>\u00a0<\/span><\/div>\n<div><span style=\"color: #000000;\">$7320 MXN<\/span><\/div>\n<p>[\/vc_column_text][vc_btn title=&#8221;RESERVAR AHORA&#8221; style=&#8221;flat&#8221; shape=&#8221;square&#8221; color=&#8221;primary&#8221; link=&#8221;url:%2Fes%2Fcontactanos%2F|||&#8221; css=&#8221;.vc_custom_1564157270498{padding-top: 40px !important;}&#8221;][\/vc_tta_section][vc_tta_section title=&#8221;3-4 d\u00edas (7 buceos)&#8221; tab_id=&#8221;asdasdq&#8221;][vc_column_text]<\/p>\n<div><span style=\"color: #000000;\"><strong>2*2- TANQUES<\/strong> Buceo desde barco en arrecifes de Playa del Carmen (4 INMERSIONES)<\/span><\/div>\n<div><span style=\"color: #000000;\"><strong>2- TANQUES<\/strong> Buceo en cenote. **<\/span><\/div>\n<div><span style=\"color: #000000;\"><strong>1- TANQUE<\/strong> Buceo nocturno<\/span><\/div>\n<div><\/div>\n<div><span style=\"color: #000000;\"><b>INCLUYE<\/b>:<br \/>\n1. Gu\u00eda<br \/>\n2. Tanques, plomos y agua purificada.<br \/>\n3. PARA CENOTES: Transportaci\u00f3n desde el centro de buceo, entradas y lunchbox.<\/span><\/div>\n<div><\/div>\n<div><span style=\"color: #000000;\"><b>PRECIO<\/b>:\u00a0<\/span><\/div>\n<div><span style=\"color: #000000;\">$8900 MXN\u00a0<\/span><\/div>\n<p>[\/vc_column_text][vc_btn title=&#8221;RESERVAR AHORA&#8221; style=&#8221;flat&#8221; shape=&#8221;square&#8221; color=&#8221;primary&#8221; link=&#8221;url:%2Fes%2Fcontactanos%2F|||&#8221; css=&#8221;.vc_custom_1564157435553{padding-top: 40px !important;}&#8221;][\/vc_tta_section][vc_tta_section title=&#8221;4 d\u00edas (8 buceos)&#8221; tab_id=&#8221;1563577378220-01fc08dd-4707&#8243;][vc_column_text]<\/p>\n<div><span style=\"color: #000000;\"><b>2*2- TANQUES<\/b> Buceo desde barco en arrecifes de Playa del carmen (4 INMERSIONES)<\/span><\/div>\n<div><span style=\"color: #000000;\"><b>2- TANQUES<\/b> Buceo en cenote.**<\/span><\/div>\n<div><span style=\"color: #000000;\"><b>2- TANQUES<\/b> Buceo desde barco en Cozumel. ***<\/span><\/div>\n<div><\/div>\n<div><span class=\"ace-all-bold-hthree\" style=\"color: #000000;\"><b>INCLUYE:<\/b><\/span><\/div>\n<div><span style=\"color: #000000;\">1. Gu\u00eda.<\/span><\/div>\n<div><span style=\"color: #000000;\">2. Tanques, plomos y agua purificada.<\/span><\/div>\n<div><span style=\"color: #000000;\">3. PARA CENOTES: Transportaci\u00f3n desde el centro de buceo, entradas y lunchbox.<\/span><\/div>\n<div><span style=\"color: #000000;\">\u00a0<\/span><\/div>\n<div><span style=\"color: #000000;\"><b>PRECIO:<\/b>\u00a0<\/span><\/div>\n<div><span style=\"color: #000000;\">$9000 MXN<\/span><\/div>\n<p>[\/vc_column_text][vc_btn title=&#8221;RESERVAR AHORA&#8221; style=&#8221;flat&#8221; shape=&#8221;square&#8221; color=&#8221;primary&#8221; link=&#8221;url:%2Fes%2Fcontactanos%2F|||&#8221; css=&#8221;.vc_custom_1564157615490{padding-top: 40px !important;}&#8221;][\/vc_tta_section][vc_tta_section title=&#8221;5 d\u00edas (10 buceos)&#8221; tab_id=&#8221;1563577586048-bce396ef-0089&#8243;][vc_column_text]<\/p>\n<div><span style=\"color: #000000;\"><b>5*2- TANQUES<\/b> Buceo desde barco en arrecife de Playa del Carmen. \u00a0(10 INMERSIONES).<\/span><\/div>\n<div><\/div>\n<div><span style=\"color: #000000;\"><span class=\"ace-all-bold-hthree\"><b>INCLUYE:<br \/>\n<\/b><\/span>1. Gu\u00eda<br \/>\n2. Tanques, plomos y agua purificada.<br \/>\n<\/span><\/div>\n<div><\/div>\n<div><span style=\"color: #000000;\"><b>PRECIO<\/b>:\u00a0<\/span><\/div>\n<div><span style=\"color: #000000;\">$8500 MXN<\/span><\/div>\n<p>[\/vc_column_text][vc_btn title=&#8221;RESERVAR AHORA&#8221; style=&#8221;flat&#8221; shape=&#8221;square&#8221; color=&#8221;primary&#8221; link=&#8221;url:%2Fes%2Fcontactanos%2F|||&#8221; css=&#8221;.vc_custom_1564157800224{padding-top: 40px !important;}&#8221;][\/vc_tta_section][vc_tta_section title=&#8221;6-7 d\u00edas (13 buceos)&#8221; tab_id=&#8221;1563577691234-a3456c8e-3c35&#8243;][vc_column_text]<\/p>\n<div><span style=\"color: #000000;\"><b>4*2- TANQUES<\/b> Buceo desde barco en arrecifes de playa del Carmen. (8 INMERSIONES)<\/span><\/div>\n<div><span style=\"color: #000000;\"><b>2- TANQUES<\/b> Buceo en Cenote. **<\/span><\/div>\n<div><span style=\"color: #000000;\"><b>2- TANQUES<\/b> Buceo desde barco en Cozumel.***<\/span><\/div>\n<div><span style=\"color: #000000;\"><b>1- TANQUES<\/b> Buceo Nocturno\u00a0<\/span><\/div>\n<div><\/div>\n<div><span class=\"ace-all-bold-hthree\" style=\"color: #000000;\"><b>INCLUYE:<\/b><\/span><\/div>\n<div><span style=\"color: #000000;\">1. Gu\u00eda.<\/span><\/div>\n<div><span style=\"color: #000000;\">2. Tanques, plomos y agua purificada.<\/span><\/div>\n<div><span style=\"color: #000000;\">3. PARA CENOTES: Transportaci\u00f3n desde el centro de buceo, entradas y lunchbox.<\/span><\/div>\n<div><span style=\"color: #000000;\">\u00a0<\/span><\/div>\n<div><span style=\"color: #000000;\"><b>PRECIO:<\/b>\u00a0<\/span><\/div>\n<div><span style=\"color: #000000;\">$14320 MXN<\/span><\/div>\n<p>[\/vc_column_text][vc_btn title=&#8221;RESERVAR AHORA&#8221; style=&#8221;flat&#8221; shape=&#8221;square&#8221; color=&#8221;primary&#8221; link=&#8221;url:%2Fes%2Fcontactanos%2F|||&#8221; css=&#8221;.vc_custom_1564158000046{padding-top: 40px !important;}&#8221;][\/vc_tta_section][vc_tta_section title=&#8221;Notas&#8221; tab_id=&#8221;1563577881199-ae06ab50-6a7a&#8221;][vc_column_text]<\/p>\n<div>\n<p><span style=\"color: #000000;\">*Precio del equipo de alquiler por tour en mar $440 MXN (aletas, m\u00e1scara, traje de neopreno, BCD, regulador).<\/span><\/p>\n<p><span style=\"color: #000000;\">*Precio del equipo de alquiler por tour en Cenote: $560 MXN (aletas, m\u00e1scara, traje de neopreno, BCD, regulador y lampara).<\/span><\/p>\n<p><span style=\"color: #000000;\">-L\u00e1mpara de buceo \u00a0 \u00a0 \u00a0$160 MXN<br \/>\n-Adaptador DIN \u00a0 \u00a0 \u00a0 \u00a0 \u00a0 $160 MXN (Dep\u00f3sito $1120 MXN)<br \/>\n-Precio de Equipo de Renta POR PIEZA \u00a0 \u00a0$160 MXN<br \/>\n-Tanque de Nitrox 32% \u00a0 \u00a0 \u00a0 \u00a0$180 MXN<br \/>\nTanque de Nitrox 32% para Cozumel \u00a0 $220 MXN<br \/>\nTanque de 15 Lt. \u00a0 \u00a0 \u00a0 \u00a0 \u00a0 \u00a0$120 MXN<\/span><\/p>\n<p><span style=\"color: #000000;\">** Las inmersiones en cenotes que se ofrecen en los paquetes anteriores son <span class=\"attrlink url \" style=\"color: #3366ff;\"><a class=\"attrlink\" style=\"color: #3366ff;\" href=\"https:\/\/phantomdivers.com\/es\/tours_de_buceo_y_snorkel\/27\/phantomdivers.comesp\/tours\/cenote\" target=\"_blank\" rel=\"noreferrer nofollow noopener\" data-target-href=\"https:\/\/phantomdivers.com\/es\/tours_de_buceo_y_snorkel\/27\/phantomdivers.comesp\/tours\/cenote\">Categor\u00eda A.<\/a><\/span><\/span><\/p>\n<p><span style=\"color: #000000;\">Si desea bucear en un cenote diferente, hay un cargo adicional dependiendo del cenote y la disponibilidad.<\/span><br \/>\n<span style=\"color: #000000;\">*** Tickets de ferry a Cozumel y costo de parque marino no incluidos.<\/span><\/p>\n<\/div>\n<p>[\/vc_column_text][\/vc_tta_section][\/vc_tta_accordion][vc_separator][\/vc_column][\/vc_row][vc_row full_width=&#8221;stretch_row_content&#8221;][vc_column][vc_empty_space][\/vc_column][\/vc_row]<\/p>\n<\/section>","protected":false},"excerpt":{"rendered":"<p>[vc_row full_width=&#8221;stretch_row_content&#8221; css=&#8221;.vc_custom_1563566761802{padding-top: 20px !important;}&#8221;][vc_column width=&#8221;1\/2&#8243; css=&#8221;.vc_custom_1563566789576{padding-top: 20px !important;}&#8221;][vc_images_carousel images=&#8221;1080,1089,1092,882,1095,1098,1101&#8243; img_size=&#8221;full&#8221; autoplay=&#8221;yes&#8221; hide_pagination_control=&#8221;yes&#8221; wrap=&#8221;yes&#8221;][\/vc_column][vc_column width=&#8221;1\/2&#8243; css=&#8221;.vc_custom_1563487977412{padding-top: 20px !important;padding-right: 10px !important;}&#8221;][vc_tta_accordion style=&#8221;flat&#8221; shape=&#8221;square&#8221; color=&#8221;blue&#8221; c_icon=&#8221;&#8221; active_section=&#8221;1&#8243;][vc_tta_section title=&#8221;Paquetes de buceo&#8221; tab_id=&#8221;1563565961528-c6c5a4ea-61ac&#8221;][vc_column_text] Si tienes m\u00e1s de un d\u00eda de vacaciones de buceo, puedes aprovechar los paquetes de buceo con descuento. Estos son nuestros paquetes m\u00e1s comunes. Si deseas [&hellip;]<\/p>\n","protected":false},"author":1,"featured_media":0,"parent":1276,"menu_order":0,"comment_status":"closed","ping_status":"closed","template":"","meta":{"footnotes":""},"class_list":["post-1279","page","type-page","status-publish","hentry"],"_links":{"self":[{"href":"https:\/\/phantomdivers.com\/es\/wp-json\/wp\/v2\/pages\/1279","targetHints":{"allow":["GET"]}}],"collection":[{"href":"https:\/\/phantomdivers.com\/es\/wp-json\/wp\/v2\/pages"}],"about":[{"href":"https:\/\/phantomdivers.com\/es\/wp-json\/wp\/v2\/types\/page"}],"author":[{"embeddable":true,"href":"https:\/\/phantomdivers.com\/es\/wp-json\/wp\/v2\/users\/1"}],"replies":[{"embeddable":true,"href":"https:\/\/phantomdivers.com\/es\/wp-json\/wp\/v2\/comments?post=1279"}],"version-history":[{"count":13,"href":"https:\/\/phantomdivers.com\/es\/wp-json\/wp\/v2\/pages\/1279\/revisions"}],"predecessor-version":[{"id":5612,"href":"https:\/\/phantomdivers.com\/es\/wp-json\/wp\/v2\/pages\/1279\/revisions\/5612"}],"up":[{"embeddable":true,"href":"https:\/\/phantomdivers.com\/es\/wp-json\/wp\/v2\/pages\/1276"}],"wp:attachment":[{"href":"https:\/\/phantomdivers.com\/es\/wp-json\/wp\/v2\/media?parent=1279"}],"curies":[{"name":"wp","href":"https:\/\/api.w.org\/{rel}","templated":true}]}}