{"id":1276,"date":"2019-07-20T17:28:57","date_gmt":"2019-07-20T17:28:57","guid":{"rendered":"http:\/\/phantomdivers.com\/promotions\/"},"modified":"2024-07-23T12:52:53","modified_gmt":"2024-07-23T17:52:53","slug":"promociones","status":"publish","type":"page","link":"https:\/\/phantomdivers.com\/es\/promociones\/","title":{"rendered":"Promociones"},"content":{"rendered":"<section class=\"wpb-content-wrapper\"><p>[vc_row][vc_column width=&#8221;1\/2&#8243;][vc_single_image image=&#8221;1080&#8243; img_size=&#8221;full&#8221; alignment=&#8221;right&#8221; css=&#8221;.vc_custom_1563643511013{padding-top: 40px !important;}&#8221;][\/vc_column][vc_column width=&#8221;1\/2&#8243; css=&#8221;.vc_custom_1563487977412{padding-top: 20px !important;padding-right: 10px !important;}&#8221;][vc_column_text]<\/p>\n<h2 class=\"p1\" style=\"text-align: left; color: #000000; font-size: 28px;\"><span class=\"s1\"><strong>PAQUETES DE BUCEO<br \/>\n<\/strong><\/span><\/h2>\n<hr \/>\n<p><span style=\"color: #000000;\">ESTOS PRECIOS INCLUYEN PESOS Y TANQUES.<\/span><br \/>\n<span style=\"color: #000000;\">EQUIPO DE ALQUILER NO INCLUIDO. *<\/span><\/p>\n<p><span style=\"color: #000000;\">Estos son nuestros paquetes m\u00e1s comunes. Si desea un paquete personalizado, env\u00edenos un correo electr\u00f3nico con sus preferencias y con mucho gusto le prepararemos un paquete adecuado.<\/span><\/p>\n<p>[\/vc_column_text][vc_btn title=&#8221;APRENDE M\u00c1S&#8221; style=&#8221;flat&#8221; shape=&#8221;square&#8221; color=&#8221;primary&#8221; link=&#8221;url:%2Fes%2Fpromociones%2Fpaquetes-de-buceo%2F|||&#8221; css=&#8221;.vc_custom_1564156098320{padding-top: 40px !important;}&#8221;][\/vc_column][\/vc_row][vc_row][vc_column][vc_empty_space][vc_separator][\/vc_column][\/vc_row][vc_row][vc_column width=&#8221;1\/2&#8243;][vc_single_image image=&#8221;1083&#8243; img_size=&#8221;full&#8221; alignment=&#8221;right&#8221; css=&#8221;.vc_custom_1563643635566{padding-top: 40px !important;}&#8221;][\/vc_column][vc_column width=&#8221;1\/2&#8243; css=&#8221;.vc_custom_1563487977412{padding-top: 20px !important;padding-right: 10px !important;}&#8221;][vc_column_text]<\/p>\n<h3 class=\"p1\" style=\"text-align: left; color: #000000; font-size: 28px;\"><span class=\"s1\"><strong>BUCEO + ALOJAMIENTO<br \/>\n<\/strong><\/span><\/h3>\n<hr \/>\n<p class=\"p2\"><span style=\"color: #000000;\">\u00a1Nuestros paquetes est\u00e1n dise\u00f1ados para vivir la experiencia completa de buceo en Playa del Carmen!<\/span><\/p>\n<p class=\"p2\"><span style=\"color: #000000;\">Luego de explorar los arrecifes con la reconocida empresa de buceo PHANTOM DIVERS, te ofrecemos alojamiento en nuestro nuevo hotel AH XOK SUITES ubicado en la 5ta Avenida.<\/span><\/p>\n<p class=\"p2\"><span style=\"color: #000000;\">Cuenta con 20 suites de lujo con una impresionante azotea y una maravillosa comunidad de amantes del oc\u00e9ano. Todas las suites incluyen cocina americana, balc\u00f3n privado, TV, aire acondicionado y wifi r\u00e1pido.<\/span><\/p>\n<p class=\"p2\"><span style=\"color: #000000;\">Si desea un paquete personalizado, env\u00ede un correo electr\u00f3nico con su solicitud, incluyendo el n\u00famero de invitados, fechas y necesidades especiales.<\/span><\/p>\n<p>[\/vc_column_text][vc_btn title=&#8221;APRENDE M\u00c1S&#8221; style=&#8221;flat&#8221; shape=&#8221;square&#8221; color=&#8221;primary&#8221; link=&#8221;url:https%3A%2F%2Fphantomdivers.com%2Fes%2Fpaquetes-de-buceo-hotel%2F&#8221; css=&#8221;.vc_custom_1721757170575{padding-top: 40px !important;}&#8221;][\/vc_column][\/vc_row][vc_row][vc_column][vc_empty_space][\/vc_column][\/vc_row]<\/p>\n<\/section>","protected":false},"excerpt":{"rendered":"<p>[vc_row][vc_column width=&#8221;1\/2&#8243;][vc_single_image image=&#8221;1080&#8243; img_size=&#8221;full&#8221; alignment=&#8221;right&#8221; css=&#8221;.vc_custom_1563643511013{padding-top: 40px !important;}&#8221;][\/vc_column][vc_column width=&#8221;1\/2&#8243; css=&#8221;.vc_custom_1563487977412{padding-top: 20px !important;padding-right: 10px !important;}&#8221;][vc_column_text] PAQUETES DE BUCEO ESTOS PRECIOS INCLUYEN PESOS Y TANQUES. EQUIPO DE ALQUILER NO INCLUIDO. * Estos son nuestros paquetes m\u00e1s comunes. Si desea un paquete personalizado, env\u00edenos un correo electr\u00f3nico con sus preferencias y con mucho gusto le prepararemos un paquete [&hellip;]<\/p>\n","protected":false},"author":1,"featured_media":0,"parent":0,"menu_order":0,"comment_status":"closed","ping_status":"closed","template":"","meta":{"footnotes":""},"class_list":["post-1276","page","type-page","status-publish","hentry"],"_links":{"self":[{"href":"https:\/\/phantomdivers.com\/es\/wp-json\/wp\/v2\/pages\/1276","targetHints":{"allow":["GET"]}}],"collection":[{"href":"https:\/\/phantomdivers.com\/es\/wp-json\/wp\/v2\/pages"}],"about":[{"href":"https:\/\/phantomdivers.com\/es\/wp-json\/wp\/v2\/types\/page"}],"author":[{"embeddable":true,"href":"https:\/\/phantomdivers.com\/es\/wp-json\/wp\/v2\/users\/1"}],"replies":[{"embeddable":true,"href":"https:\/\/phantomdivers.com\/es\/wp-json\/wp\/v2\/comments?post=1276"}],"version-history":[{"count":4,"href":"https:\/\/phantomdivers.com\/es\/wp-json\/wp\/v2\/pages\/1276\/revisions"}],"predecessor-version":[{"id":5386,"href":"https:\/\/phantomdivers.com\/es\/wp-json\/wp\/v2\/pages\/1276\/revisions\/5386"}],"wp:attachment":[{"href":"https:\/\/phantomdivers.com\/es\/wp-json\/wp\/v2\/media?parent=1276"}],"curies":[{"name":"wp","href":"https:\/\/api.w.org\/{rel}","templated":true}]}}