{"id":1273,"date":"2019-07-20T17:16:42","date_gmt":"2019-07-20T17:16:42","guid":{"rendered":"http:\/\/phantomdivers.com\/curso-de-buceo\/professional-dive\/"},"modified":"2026-03-18T14:58:38","modified_gmt":"2026-03-18T19:58:38","slug":"curso-de-buceo-profesional","status":"publish","type":"page","link":"https:\/\/phantomdivers.com\/es\/curso-de-buceo\/curso-de-buceo-profesional\/","title":{"rendered":"Curso de buceo profesional"},"content":{"rendered":"<section class=\"wpb-content-wrapper\"><p>[vc_row full_width=&#8221;stretch_row_content&#8221; css=&#8221;.vc_custom_1563566761802{padding-top: 20px !important;}&#8221;][vc_column width=&#8221;1\/2&#8243; css=&#8221;.vc_custom_1563566789576{padding-top: 20px !important;}&#8221;][vc_images_carousel images=&#8221;1067,1070,1009,1073&#8243; img_size=&#8221;full&#8221; autoplay=&#8221;yes&#8221; hide_pagination_control=&#8221;yes&#8221; wrap=&#8221;yes&#8221;][\/vc_column][vc_column width=&#8221;1\/2&#8243; css=&#8221;.vc_custom_1563487977412{padding-top: 20px !important;padding-right: 10px !important;}&#8221;][vc_column_text]<\/p>\n<h2 style=\"font-size: 28px;\"><span style=\"color: #000000;\"><em><strong>CURSO DE BUCEO PROFESIONAL<\/strong><\/em><\/span><\/h2>\n<hr \/>\n<p><span style=\"color: #000000;\">Le invitamos a continuar con este nivel profesional de certificaci\u00f3n si desea convertir su pasatiempo en una carrera de buceo y ser un l\u00edder que asesora y motiva a otros a aventurarse en el mundo del buceo. Adem\u00e1s de bucear mucho, tambi\u00e9n experimentar\u00e1 el placer de ver a otros buceadores divertirse tanto como usted.<\/span><\/p>\n<h3 style=\"font-size: 28px;\">DETALLES<\/h3>\n<p>[\/vc_column_text][vc_tta_accordion style=&#8221;flat&#8221; shape=&#8221;square&#8221; color=&#8221;blue&#8221; c_icon=&#8221;&#8221; active_section=&#8221;10&#8243;][vc_tta_section title=&#8221;Curso de divemaster (gu\u00eda de buceo)&#8221; tab_id=&#8221;1563565961528-c6c5a4ea-61ac&#8221;][vc_column_text]<\/p>\n<p><span style=\"color: #000000;\">Comienza tu aventura en los niveles profesionales del buceo recreativo con el programa SSI <b>Divemaster (Gu\u00eda de buceo).<\/b> Trabajando estrechamente con un instructor SSI, ampliar\u00e1s los conocimientos sobre el buceo y la ense\u00f1anza de cursos de buceo, perfeccionando tus destrezas hasta alcanzar el nivel profesional.<\/span><\/p>\n<p>[\/vc_column_text][\/vc_tta_section][vc_tta_section title=&#8221;Requisitos para comenzar&#8221; tab_id=&#8221;1563565961624-544d4e2a-d375&#8243;][vc_column_text]<\/p>\n<div><span style=\"color: #000000;\">1. Certificaci\u00f3n de Buzo de Rescate, o equivalente.<\/span><\/div>\n<div><span style=\"color: #000000;\">2. Tener al menos 40 inmersiones registradas en tu bit\u00e1cora.<\/span><\/div>\n<div><span style=\"color: #000000;\">3. Tener al menos 18 a\u00f1os al comienzo del entrenamiento Instructor de Buceo SSI.<\/span><\/div>\n<div><span style=\"color: #000000;\">4. Presentar una autorizaci\u00f3n m\u00e9dica para bucear, afirmando que est\u00e1 en condiciones de bucear. La autorizaci\u00f3n deber\u00e1 de tener una antig\u00fcedad menor a 12 meses. El m\u00e9dico que firma el formulario no puede ser el candidato.<\/span><\/div>\n<div><span style=\"color: #000000;\">5. Presentar un comprobante de entrenamiento en atenci\u00f3n primaria (RCP) y atenci\u00f3n secundaria (primeros auxilios) con una antig\u00fcedad menor a 12 meses.<\/span><\/div>\n<div><span style=\"color: #000000;\">6. Firmar deslinde de responsabilidad.<\/span><\/div>\n<div><span style=\"color: #000000;\">7. Contar con seguro de buceo.<\/span><\/div>\n<p>[\/vc_column_text][\/vc_tta_section][vc_tta_section title=&#8221;Programaci\u00f3n&#8221; tab_id=&#8221;1563566235339-60a56184-251c&#8221;][vc_column_text]<\/p>\n<div><span style=\"color: #000000;\">1. Completar los segmentos de desarrollo de conocimientos del manual Gu\u00eda de Buceo SSI.<\/span><\/div>\n<div><span style=\"color: #000000;\">2. Crear un plan de emergencia de un sitio de buceo designado (2 buceos).<\/span><\/div>\n<div><span style=\"color: #000000;\">3. Completar los ejercicios de resistencia y las destrezas en el agua (5 ejercicios).<\/span><\/div>\n<div><span style=\"color: #000000;\">4. Completar una evaluaci\u00f3n de rescate de un buceador (2 buceos).<\/span><\/div>\n<div><span style=\"color: #000000;\">5. Completar el taller y evaluaci\u00f3n de destrezas de buceo (5 ejercicios).\u00a0<\/span><\/div>\n<div><span style=\"color: #000000;\">6. Completar las destrezas de aplicaci\u00f3n pr\u00e1ctica (6 buceos).<\/span><\/div>\n<div><span style=\"color: #000000;\">7. Completar los talleres de programas dirigidos por un Instructor de Buceo.<\/span><\/div>\n<div><span style=\"color: #000000;\">8. Repaso de destrezas en aguas confinadas.<\/span><\/div>\n<div><span style=\"color: #000000;\">9. Asistir en el programa Scuba Diving Introduction (Introducci\u00f3n de Buceo) en aguas confinadas<\/span><\/div>\n<div><span style=\"color: #000000;\">10. Asistir en el programa Scuba Diving Introduction (Introduci\u00f3n de Buceo) (1 buceo en aguas abiertas).<\/span><\/div>\n<div><span style=\"color: #000000;\">11. Asistir en el programa Discover Local diving (1 buceo en aguas abiertas).<\/span><\/div>\n<div><span style=\"color: #000000;\">12. Completar las evaluaciones pr\u00e1cticas (2 buceos).<\/span><\/div>\n<div><span style=\"color: #000000;\">13. Asistir alumnos de Buzo de Aguas Abiertas en aguas confinadas.<\/span><\/div>\n<div><span style=\"color: #000000;\">14. Asistir alumnos de buzo de Aguas Abiertas en aguas abiertas.<\/span><\/div>\n<div><span style=\"color: #000000;\">15. Asistir alumnos de buceo de formaci\u00f3n continua en aguas abiertas.<\/span><\/div>\n<div>\n<p><span style=\"color: #000000;\">16. Asistir buceadores certificados en aguas abiertas.<\/span><\/p>\n<p>&nbsp;<\/p>\n<\/div>\n<div><span style=\"color: #000000;\">El curso incluye 14 buceos.<\/span><\/div>\n<p>[\/vc_column_text][\/vc_tta_section][vc_tta_section title=&#8221;Requisitos de certificaci\u00f3n&#8221; tab_id=&#8221;asdasdq&#8221;][vc_column_text]<\/p>\n<div><span style=\"color: #000000;\">1. Cumplir los criterios de profesionalismo.<\/span><\/div>\n<div><span style=\"color: #000000;\">2. Presentar un comprobante de 60 inmersiones registradas que documenten experiencia en buceo de profundidad, buceo nocturno y navegaci\u00f3n subacu\u00e1tica.<\/span><\/div>\n<div><span style=\"color: #000000;\">3. Leer y aceptar el Contrato de Licencia y Afiliaci\u00f3n.<\/span><\/div>\n<div><span style=\"color: #000000;\">4. Cumplir con los requisitos de rendimiento para todas las secciones que forman parte del programa Instructor de buceo.<\/span><\/div>\n<div><span class=\"ace-all-bold-hthree\" style=\"color: #000000;\"><b><br \/>\nEquipo del candidato<\/b><\/span><\/div>\n<div><span class=\"ace-all-bold-hthree\" style=\"color: #000000;\">\u00a0<b>(NO INCLUIDO)<\/b><\/span><\/div>\n<div><span style=\"color: #000000;\">Durante el entrenamiento en aguas abiertas, cada candidato a Divemaster (Gu\u00eda de Buceo) debe estar equipado con el equipo adecuado para el entorno de buceo. Este equipo es personal e indispensable:<\/span><\/div>\n<div><span style=\"color: #000000;\">\u2013 Aletas<\/span><\/div>\n<div><span style=\"color: #000000;\">\u2013 M\u00e1scara<\/span><\/div>\n<div><span style=\"color: #000000;\">\u2013 Tubo de respiraci\u00f3n<\/span><\/div>\n<div><span style=\"color: #000000;\">\u2013 Regulador<\/span><\/div>\n<div><span style=\"color: #000000;\">\u2013 Fuente de Aire Alternativa<\/span><\/div>\n<div><span style=\"color: #000000;\">\u2013 BCD con inflador de baja presi\u00f3n<\/span><\/div>\n<div><span style=\"color: #000000;\">\u2013 Lastre con un sistema de liberaci\u00f3n r\u00e1pida<\/span><\/div>\n<div><span style=\"color: #000000;\">\u2013 Traje isot\u00e9rmico<\/span><\/div>\n<div><span style=\"color: #000000;\">\u2013 Reloj<\/span><\/div>\n<div><span style=\"color: #000000;\">\u2013 Computadora de Buceo<\/span><\/div>\n<div><span style=\"color: #000000;\">\u2013 Br\u00fajula<\/span><\/div>\n<div><span style=\"color: #000000;\">\u2013 Silbato<\/span><\/div>\n<div><span style=\"color: #000000;\">\u2013 Boya inflable con l\u00ednea<\/span><\/div>\n<div><span style=\"color: #000000;\">\u2013 Cuchillo<\/span><\/div>\n<p>[\/vc_column_text][\/vc_tta_section][vc_tta_section title=&#8221;Precio&#8221; tab_id=&#8221;1564155221897-9df1d24a-c05b&#8221;][vc_column_text]<\/p>\n<div><span class=\"ace-all-bold-hthree\" style=\"color: #000000;\"><b>PRECIO<\/b><\/span><\/div>\n<div>\n<p><span class=\"ace-all-bold-hthree\" style=\"color: #000000;\">$21100 MXN*<\/span><\/p>\n<p>&nbsp;<\/p>\n<\/div>\n<div><span class=\"ace-all-bold-hthree\" style=\"color: #000000;\"><b>*NO INCLUYE:<\/b><\/span><\/div>\n<div><span style=\"color: #000000;\">\u2013 Dive master crewpack con holograma \u00a0 \u00a0$7780 MXN<\/span><\/div>\n<div><span style=\"color: #000000;\"><\/span><\/div>\n<p><span style=\"color: #000000;\">\u00a0<\/span>[\/vc_column_text][\/vc_tta_section][\/vc_tta_accordion][vc_btn title=&#8221;RESERVAR AHORA&#8221; style=&#8221;flat&#8221; shape=&#8221;square&#8221; color=&#8221;primary&#8221; link=&#8221;url:%2Fes%2Fcontactanos%2F|||&#8221; css=&#8221;.vc_custom_1564155336572{padding-top: 40px !important;}&#8221;][vc_separator][\/vc_column][\/vc_row][vc_row full_width=&#8221;stretch_row_content&#8221;][vc_column][vc_empty_space][\/vc_column][\/vc_row]<\/p>\n<\/section>","protected":false},"excerpt":{"rendered":"<p>[vc_row full_width=&#8221;stretch_row_content&#8221; css=&#8221;.vc_custom_1563566761802{padding-top: 20px !important;}&#8221;][vc_column width=&#8221;1\/2&#8243; css=&#8221;.vc_custom_1563566789576{padding-top: 20px !important;}&#8221;][vc_images_carousel images=&#8221;1067,1070,1009,1073&#8243; img_size=&#8221;full&#8221; autoplay=&#8221;yes&#8221; hide_pagination_control=&#8221;yes&#8221; wrap=&#8221;yes&#8221;][\/vc_column][vc_column width=&#8221;1\/2&#8243; css=&#8221;.vc_custom_1563487977412{padding-top: 20px !important;padding-right: 10px !important;}&#8221;][vc_column_text] CURSO DE BUCEO PROFESIONAL Le invitamos a continuar con este nivel profesional de certificaci\u00f3n si desea convertir su pasatiempo en una carrera de buceo y ser un l\u00edder que asesora y motiva a otros a [&hellip;]<\/p>\n","protected":false},"author":1,"featured_media":0,"parent":1261,"menu_order":0,"comment_status":"closed","ping_status":"closed","template":"","meta":{"footnotes":""},"class_list":["post-1273","page","type-page","status-publish","hentry"],"_links":{"self":[{"href":"https:\/\/phantomdivers.com\/es\/wp-json\/wp\/v2\/pages\/1273","targetHints":{"allow":["GET"]}}],"collection":[{"href":"https:\/\/phantomdivers.com\/es\/wp-json\/wp\/v2\/pages"}],"about":[{"href":"https:\/\/phantomdivers.com\/es\/wp-json\/wp\/v2\/types\/page"}],"author":[{"embeddable":true,"href":"https:\/\/phantomdivers.com\/es\/wp-json\/wp\/v2\/users\/1"}],"replies":[{"embeddable":true,"href":"https:\/\/phantomdivers.com\/es\/wp-json\/wp\/v2\/comments?post=1273"}],"version-history":[{"count":12,"href":"https:\/\/phantomdivers.com\/es\/wp-json\/wp\/v2\/pages\/1273\/revisions"}],"predecessor-version":[{"id":5714,"href":"https:\/\/phantomdivers.com\/es\/wp-json\/wp\/v2\/pages\/1273\/revisions\/5714"}],"up":[{"embeddable":true,"href":"https:\/\/phantomdivers.com\/es\/wp-json\/wp\/v2\/pages\/1261"}],"wp:attachment":[{"href":"https:\/\/phantomdivers.com\/es\/wp-json\/wp\/v2\/media?parent=1273"}],"curies":[{"name":"wp","href":"https:\/\/api.w.org\/{rel}","templated":true}]}}