{"id":1270,"date":"2019-07-20T16:59:59","date_gmt":"2019-07-20T16:59:59","guid":{"rendered":"http:\/\/phantomdivers.com\/curso-de-buceo\/first-aid\/"},"modified":"2026-03-17T17:10:32","modified_gmt":"2026-03-17T22:10:32","slug":"primeros-auxilios","status":"publish","type":"page","link":"https:\/\/phantomdivers.com\/es\/curso-de-buceo\/primeros-auxilios\/","title":{"rendered":"Primeros auxilios"},"content":{"rendered":"<section class=\"wpb-content-wrapper\"><p>[vc_row full_width=&#8221;stretch_row_content&#8221; css=&#8221;.vc_custom_1563566761802{padding-top: 20px !important;}&#8221;][vc_column width=&#8221;1\/2&#8243; css=&#8221;.vc_custom_1563566789576{padding-top: 20px !important;}&#8221;][vc_single_image image=&#8221;1061&#8243; img_size=&#8221;full&#8221; alignment=&#8221;center&#8221;][\/vc_column][vc_column width=&#8221;1\/2&#8243; css=&#8221;.vc_custom_1563487977412{padding-top: 20px !important;padding-right: 10px !important;}&#8221;][vc_column_text]<\/p>\n<h2 style=\"font-size: 28px;\"><span style=\"color: #000000;\"><strong>First Aid &#038; CPR<\/strong><\/span><\/h2>\n<p><span style=\"color: #000000;\">El curso de especialidades incluye lo siguiente:<\/span><br \/>\n<span style=\"color: #000000;\">FIRST AID COURSE<\/span><br \/>\n<span style=\"color: #000000;\">EMERGENCY OXYGEN PROVIDER COURSE<\/span><\/p>\n<h3 style=\"font-size: 28px;\"><span style=\"color: #000000;\"><strong>DETALLES<\/strong><\/span><\/h3>\n<p>[\/vc_column_text][vc_tta_accordion style=&#8221;flat&#8221; shape=&#8221;square&#8221; color=&#8221;blue&#8221; c_icon=&#8221;&#8221; active_section=&#8221;10&#8243;][vc_tta_section title=&#8221;Curso de primeros auxilios&#8221; tab_id=&#8221;1563565961528-c6c5a4ea-61ac&#8221;][vc_column_text]<\/p>\n<p style=\"font-weight: 400;\"><span style=\"color: #000000;\"><b><strong>INCLUYE:<br \/>\n<\/strong><\/b>Ejercicios de atenci\u00f3n primaria y secundaria, entrenamiento en video, manejo de ox\u00edgeno y desfibrilador, certificaci\u00f3n.<br \/>\n<\/span><\/p>\n<p><span style=\"color: #000000;\"><b><strong>NO INCLUYE:<br \/>\n<\/strong><\/b>Guantes de l\u00e1tex, botiqu\u00edn de primeros auxilios (vendas, bandas, l\u00edquidos de limpieza de heridas, etc.)<br \/>\n<\/span><\/p>\n<p><span style=\"color: #000000;\"><b><strong>DURACION:<br \/>\n<\/strong><\/b>4-8 horas<\/span><\/p>\n<p><span style=\"color: #000000;\"><b><strong>PRECIO:<br \/>\n<\/strong><\/b>$2660 MXN<b><strong><br \/>\n<\/strong><\/b><\/span><\/p>\n<p><span style=\"color: #000000;\"><b><strong>\u00a0<\/strong><\/b><\/span>[\/vc_column_text][\/vc_tta_section][vc_tta_section title=&#8221;Curso de proveedor de oxigeno de emergencia&#8221; tab_id=&#8221;1563565961624-544d4e2a-d375&#8243;][vc_column_text]<span style=\"color: #000000;\"><b style=\"font-weight: 400;\"><strong>INCLUYE:<br \/>\n<\/strong><\/b>Manual de suministrador de ox\u00edgeno, uso de equipos de ox\u00edgeno, reguladores de flujo libre y demanda, m\u00e1scara de bolsillo.<br \/>\n<\/span><\/p>\n<p><span style=\"color: #000000;\"><strong>REQUISITOS:<\/strong><\/span><br \/>\n<span style=\"color: #000000;\">Correcto montaje y desmontaje del equipo de ox\u00edgeno, habilidades para enfrentar accidentes de ox\u00edgeno, pr\u00e1ctica en escenarios con m\u00e1scara de flujo libre y regulador de demanda, RCP con ox\u00edgeno con m\u00e1scara de bolsillo<\/span><\/p>\n<p><span style=\"color: #000000;\"><b>DURACION:<br \/>\n<\/b>3 horas<br \/>\n<\/span><\/p>\n<p><span style=\"color: #000000;\"><b><strong>PRECIO:<br \/>\n<\/strong><\/b>$2660 MXN<\/span><\/p>\n<div><span style=\"color: #000000;\"><b>Incluye<\/b>: Manual de suministrador de ox\u00edgeno, uso de equipos de ox\u00edgeno, reguladores de flujo libre y demanda, m\u00e1scara de bolsillo.<\/span><\/div>\n<div><span style=\"color: #000000;\">Requisitos: Correcto montaje y desmontaje del equipo de ox\u00edgeno, habilidades para enfrentar accidentes de ox\u00edgeno, pr\u00e1ctica en escenarios con m\u00e1scara de flujo libre y regulador de demanda, RCP con ox\u00edgeno con m\u00e1scara de bolsillo.<\/span><\/div>\n<div><span style=\"color: #000000;\"><b>Duraci\u00f3n<\/b>: 3 horas<\/span><\/div>\n<div><span style=\"color: #000000;\"><b>Precio<\/b>: $2660 MXN<\/span><\/div>\n<p>[\/vc_column_text][\/vc_tta_section][\/vc_tta_accordion][vc_btn title=&#8221;RESERVAR AHORA&#8221; style=&#8221;flat&#8221; shape=&#8221;square&#8221; color=&#8221;primary&#8221; link=&#8221;url:%2Fes%2Fcontactanos%2F|||&#8221; css=&#8221;.vc_custom_1565035314979{padding-top: 40px !important;}&#8221;][vc_separator][\/vc_column][\/vc_row][vc_row full_width=&#8221;stretch_row_content&#8221;][vc_column][vc_empty_space][\/vc_column][\/vc_row]<\/p>\n<\/section>","protected":false},"excerpt":{"rendered":"<p>[vc_row full_width=&#8221;stretch_row_content&#8221; css=&#8221;.vc_custom_1563566761802{padding-top: 20px !important;}&#8221;][vc_column width=&#8221;1\/2&#8243; css=&#8221;.vc_custom_1563566789576{padding-top: 20px !important;}&#8221;][vc_single_image image=&#8221;1061&#8243; img_size=&#8221;full&#8221; alignment=&#8221;center&#8221;][\/vc_column][vc_column width=&#8221;1\/2&#8243; css=&#8221;.vc_custom_1563487977412{padding-top: 20px !important;padding-right: 10px !important;}&#8221;][vc_column_text] First Aid &#038; CPR El curso de especialidades incluye lo siguiente: FIRST AID COURSE EMERGENCY OXYGEN PROVIDER COURSE DETALLES [\/vc_column_text][vc_tta_accordion style=&#8221;flat&#8221; shape=&#8221;square&#8221; color=&#8221;blue&#8221; c_icon=&#8221;&#8221; active_section=&#8221;10&#8243;][vc_tta_section title=&#8221;Curso de primeros auxilios&#8221; tab_id=&#8221;1563565961528-c6c5a4ea-61ac&#8221;][vc_column_text] INCLUYE: Ejercicios de atenci\u00f3n primaria y secundaria, [&hellip;]<\/p>\n","protected":false},"author":1,"featured_media":0,"parent":1261,"menu_order":0,"comment_status":"closed","ping_status":"closed","template":"","meta":{"footnotes":""},"class_list":["post-1270","page","type-page","status-publish","hentry"],"_links":{"self":[{"href":"https:\/\/phantomdivers.com\/es\/wp-json\/wp\/v2\/pages\/1270","targetHints":{"allow":["GET"]}}],"collection":[{"href":"https:\/\/phantomdivers.com\/es\/wp-json\/wp\/v2\/pages"}],"about":[{"href":"https:\/\/phantomdivers.com\/es\/wp-json\/wp\/v2\/types\/page"}],"author":[{"embeddable":true,"href":"https:\/\/phantomdivers.com\/es\/wp-json\/wp\/v2\/users\/1"}],"replies":[{"embeddable":true,"href":"https:\/\/phantomdivers.com\/es\/wp-json\/wp\/v2\/comments?post=1270"}],"version-history":[{"count":7,"href":"https:\/\/phantomdivers.com\/es\/wp-json\/wp\/v2\/pages\/1270\/revisions"}],"predecessor-version":[{"id":5666,"href":"https:\/\/phantomdivers.com\/es\/wp-json\/wp\/v2\/pages\/1270\/revisions\/5666"}],"up":[{"embeddable":true,"href":"https:\/\/phantomdivers.com\/es\/wp-json\/wp\/v2\/pages\/1261"}],"wp:attachment":[{"href":"https:\/\/phantomdivers.com\/es\/wp-json\/wp\/v2\/media?parent=1270"}],"curies":[{"name":"wp","href":"https:\/\/api.w.org\/{rel}","templated":true}]}}