{"id":1267,"date":"2019-07-20T16:33:06","date_gmt":"2019-07-20T16:33:06","guid":{"rendered":"http:\/\/phantomdivers.com\/curso-de-buceo\/specialties-dive\/"},"modified":"2025-09-27T09:43:18","modified_gmt":"2025-09-27T14:43:18","slug":"cursos-de-especialidades","status":"publish","type":"page","link":"https:\/\/phantomdivers.com\/es\/curso-de-buceo\/cursos-de-especialidades\/","title":{"rendered":"Cursos de especialidades"},"content":{"rendered":"<section class=\"wpb-content-wrapper\"><p>[vc_row full_width=&#8221;stretch_row_content&#8221; css=&#8221;.vc_custom_1563566761802{padding-top: 20px !important;}&#8221;][vc_column width=&#8221;1\/2&#8243; css=&#8221;.vc_custom_1563566789576{padding-top: 20px !important;}&#8221;][vc_images_carousel images=&#8221;1043,1003,1046,1049,1052,1055&#8243; img_size=&#8221;full&#8221; autoplay=&#8221;yes&#8221; hide_pagination_control=&#8221;yes&#8221; wrap=&#8221;yes&#8221;][\/vc_column][vc_column width=&#8221;1\/2&#8243; css=&#8221;.vc_custom_1563487977412{padding-top: 20px !important;padding-right: 10px !important;}&#8221;][vc_column_text]<\/p>\n<h2 style=\"color: #000000; font-size: 28px;\"><strong>CURSOS DE ESPECIALIDADES<\/strong><\/h2>\n<hr \/>\n<p><span style=\"color: #000000;\">Los cursos de especializaci\u00f3n continuos est\u00e1n dise\u00f1ados para desarrollar sus habilidades de buceo y darle confianza adicional para seguir haciendo lo que ama.<\/span><br \/>\n<span style=\"color: #000000;\">Lo invitamos a aprender m\u00e1s sobre ellos y elegir cu\u00e1l ser\u00e1 su pr\u00f3xima aventura de buceo.<\/span><\/p>\n<h3 style=\"color: #000000; font-size: 28px;\"><strong>DETALLES<\/strong><\/h3>\n<p>[\/vc_column_text][vc_tta_accordion style=&#8221;flat&#8221; shape=&#8221;square&#8221; color=&#8221;blue&#8221; c_icon=&#8221;&#8221; active_section=&#8221;10&#8243;][vc_tta_section title=&#8221;Nitrox&#8221; tab_id=&#8221;1563565961528-c6c5a4ea-61ac&#8221;][vc_column_text]<\/p>\n<p class=\"p2\"><span class=\"s2\" style=\"color: #000000;\"><strong>INCLUYE:<\/strong><br \/>\nManual, 2 buceos, clases te\u00f3ricas, certificaci\u00f3n.<br \/>\n<\/span><\/p>\n<p class=\"p2\"><span class=\"s2\" style=\"color: #000000;\"><strong>REQUISITOS:<\/strong><br \/>\nCertificaci\u00f3n: Aguas abiertas \u2013 Edad m\u00ednima: 12 a\u00f1os.<br \/>\n<\/span><\/p>\n<p class=\"p2\"><span style=\"color: #000000;\"><span class=\"s2\"><strong>PRECIO:<br \/>\n<\/strong><\/span><b>$5560 MXN<\/b>\u00a0Con equipo propio.<br \/>\n<b>$6220 MXN<\/b>\u00a0Con equipo de renta.<br \/>\nSin Buceos<b>:<\/b> <b>$4000 MXN<\/b><\/span><\/p>\n<p>[\/vc_column_text][vc_btn title=&#8221;CONT\u00c1CTANOS&#8221; style=&#8221;flat&#8221; shape=&#8221;square&#8221; color=&#8221;primary&#8221; align=&#8221;center&#8221; link=&#8221;url:%2Fes%2Fcontactanos%2F|||&#8221; css=&#8221;.vc_custom_1564151810078{padding-top: 40px !important;}&#8221;][\/vc_tta_section][vc_tta_section title=&#8221;Buceo Profundo&#8221; tab_id=&#8221;1563565961624-544d4e2a-d375&#8243;][vc_column_text]<\/p>\n<div><span style=\"color: #000000;\"><b>INCLUYE:<\/b> <\/span><br \/>\n<span style=\"color: #000000;\">4 inmersiones (max prof. 40m), repaso de conocimientos con instructor, certificaci\u00f3n.<\/span><\/div>\n<div><span style=\"color: #000000;\"><b><br \/>\nREQUISITOS:<\/b> <\/span><br \/>\n<span style=\"color: #000000;\">Certificaci\u00f3n: avanzado \u2013 Edad m\u00ednima: 15 a\u00f1os.<\/span><\/div>\n<div>\n<p><span style=\"color: #000000;\"><b><br \/>\nPRECIO:<\/b><\/span><\/p>\n<div><span style=\"color: #000000;\"><b>$5660 MXN<\/b>\u00a0Con equipo propio.<br \/>\n<b>$6560 MXN<\/b>\u00a0Con equipo de renta.<br \/>\nTanque Nitrox + <b>$180 MXN<\/b><\/span><\/div>\n<\/div>\n<p>[\/vc_column_text][vc_btn title=&#8221;CONT\u00c1CTANOS&#8221; style=&#8221;flat&#8221; shape=&#8221;square&#8221; color=&#8221;primary&#8221; align=&#8221;center&#8221; link=&#8221;url:%2Fes%2Fcontactanos%2F|||&#8221; css=&#8221;.vc_custom_1564151962019{padding-top: 40px !important;}&#8221;][\/vc_tta_section][vc_tta_section title=&#8221;Observador de tiburones&#8221; tab_id=&#8221;1563566235339-60a56184-251c&#8221;][vc_column_text]<\/p>\n<p class=\"p2\"><span class=\"s2\" style=\"color: #000000;\"><strong>INCLUYE:<\/strong><br \/>\n2 buceos (Descubre al Tibur\u00f3n + Encuentro con el Tibur\u00f3n Toro), repaso de conocimientos con instructor, certificaci\u00f3n.<br \/>\n<\/span><\/p>\n<p class=\"p2\"><span class=\"s2\" style=\"color: #000000;\"><strong>REQUISITOS:<\/strong> Certificaci\u00f3n: Aguas abiertas (min. 20 buceos) \u2013 Edad m\u00ednima: 18 a\u00f1os.<\/span><\/p>\n<p class=\"p2\"><span style=\"color: #000000;\"><span class=\"s2\"><strong>PRECIO:<br \/>\n<\/strong><\/span><b>$6900 MXN<\/b>\u00a0Con equipo propio<br \/>\n<b>$7780 MXN<\/b>\u00a0Con equipo de renta.<\/span><\/p>\n<p>[\/vc_column_text][vc_btn title=&#8221;RESERVAR AHORA&#8221; style=&#8221;flat&#8221; shape=&#8221;square&#8221; color=&#8221;primary&#8221; align=&#8221;center&#8221; link=&#8221;url:%2Fes%2Fcontactanos%2F|||&#8221; css=&#8221;.vc_custom_1565035179960{padding-top: 40px !important;}&#8221;][\/vc_tta_section][vc_tta_section title=&#8221;Buceo de navegaci\u00f3n&#8221; tab_id=&#8221;asdasdq&#8221;][vc_column_text]<\/p>\n<p class=\"p2\"><span class=\"s2\" style=\"color: #000000;\"><strong>INCLUYE:<br \/>\n<\/strong>3 buceos, repaso de conocimientos con instructor, certificaci\u00f3n.<br \/>\n<\/span><\/p>\n<p class=\"p2\"><span style=\"color: #000000;\"><span class=\"s2\"><strong>REQUISITOS:<\/strong><br \/>\n<\/span>Certificaci\u00f3n: Aguas abiertas Jr. \u2013 Edad m\u00ednima: 10 a\u00f1os.<br \/>\n<\/span><\/p>\n<p class=\"p2\"><span style=\"color: #000000;\"><span class=\"s2\"><strong>PRECIO:<br \/>\n<\/strong><\/span><b>$5660 MXN<\/b>\u00a0Con equipo propio.<br \/>\n<b>$6560 MXN<\/b>\u00a0Con equipo de renta.<\/span><\/p>\n<p>[\/vc_column_text][vc_btn title=&#8221;CONT\u00c1CTANOS&#8221; style=&#8221;flat&#8221; shape=&#8221;square&#8221; color=&#8221;primary&#8221; align=&#8221;center&#8221; link=&#8221;url:%2Fes%2Fcontactanos%2F|||&#8221; css=&#8221;.vc_custom_1564152252588{padding-top: 40px !important;}&#8221;][\/vc_tta_section][vc_tta_section title=&#8221;Buceo en barcos hundidos&#8221; tab_id=&#8221;1563577378220-01fc08dd-4707&#8243;][vc_column_text]<\/p>\n<p class=\"p2\"><span class=\"s2\" style=\"color: #000000;\"><strong>INCLUYE:<br \/>\n<\/strong>4 buceos, repaso de conocimientos con instructor, certificaci\u00f3n.<br \/>\n<\/span><\/p>\n<p class=\"p2\"><span class=\"s2\" style=\"color: #000000;\"><strong>REQUISITOS:<br \/>\n<\/strong>Certificaci\u00f3n: Avanzado \u2013 Edad m\u00ednima: 15 a\u00f1os.<br \/>\n<\/span><\/p>\n<p class=\"p2\"><span style=\"color: #000000;\"><span class=\"s2\"><strong>PRECIO:<br \/>\n<\/strong><\/span><b>$9120 MXN<\/b>\u00a0Con equipo propio.<br \/>\n<b>$10900 MXN<\/b>\u00a0Con equipo de renta<\/span><\/p>\n<p>[\/vc_column_text][vc_btn title=&#8221;CONT\u00c1CTANOS&#8221; style=&#8221;flat&#8221; shape=&#8221;square&#8221; color=&#8221;primary&#8221; align=&#8221;center&#8221; link=&#8221;url:%2Fes%2Fcontactanos%2F|||&#8221; css=&#8221;.vc_custom_1564152382802{padding-top: 40px !important;}&#8221;][\/vc_tta_section][vc_tta_section title=&#8221;Buceo con corriente&#8221; tab_id=&#8221;1563577586048-bce396ef-0089&#8243;][vc_column_text]<\/p>\n<p class=\"p2\"><span class=\"s2\" style=\"color: #000000;\"><strong>INCLUYE:<\/strong><br \/>\n2 buceos, repaso de conocimientos con instructor, certificaci\u00f3n.<br \/>\n<\/span><\/p>\n<p class=\"p2\"><span class=\"s2\" style=\"color: #000000;\"><strong>REQUISITOS:<\/strong><br \/>\nCertificaci\u00f3n:Aguas abiertas Jr. \u2013 Edad m\u00ednima: 10 a\u00f1os.<br \/>\n<\/span><\/p>\n<p class=\"p2\"><span style=\"color: #000000;\"><span class=\"s2\"><strong>PRECIO:<br \/>\n<\/strong><\/span><b>$3900 MXN<\/b>\u00a0Con equipo propio.<br \/>\n<b>$4340 MXN<\/b>\u00a0Con equipo de renta.<\/span><\/p>\n<p>[\/vc_column_text][vc_btn title=&#8221;CONT\u00c1CTANOS&#8221; style=&#8221;flat&#8221; shape=&#8221;square&#8221; color=&#8221;primary&#8221; link=&#8221;url:%2Fes%2Fcontactanos%2F|||&#8221; css=&#8221;.vc_custom_1564152513592{padding-top: 40px !important;}&#8221;][\/vc_tta_section][vc_tta_section title=&#8221;Buceo nocturno&#8221; tab_id=&#8221;1563577691234-a3456c8e-3c35&#8243;][vc_column_text]<\/p>\n<p class=\"p2\"><span class=\"s2\" style=\"color: #000000;\"><strong>INCLUYE:<br \/>\n<\/strong>3 buceos, repaso de conocimientos con instructor, certificaci\u00f3n.<br \/>\n<\/span><\/p>\n<p class=\"p2\"><span class=\"s2\" style=\"color: #000000;\"><strong>REQUISITOS:<br \/>\n<\/strong>Certificaci\u00f3n: Aguas abiertas Jr. \u2013 Edad m\u00ednima: 10 a\u00f1os.<br \/>\n<\/span><\/p>\n<p class=\"p2\"><span style=\"color: #000000;\"><span class=\"s2\"><strong>PRECIO:<br \/>\n<\/strong><\/span><b>$7220 MXN<\/b>\u00a0Con equipo propio.<br \/>\n<b>$8900 MXN<\/b>\u00a0Con equipo de renta.<\/span><\/p>\n<p>[\/vc_column_text][vc_btn title=&#8221;CONT\u00c1CTANOS&#8221; style=&#8221;flat&#8221; shape=&#8221;square&#8221; color=&#8221;primary&#8221; align=&#8221;center&#8221; link=&#8221;url:%2Fes%2Fcontactanos%2F|||&#8221; css=&#8221;.vc_custom_1564152634088{padding-top: 40px !important;}&#8221;][\/vc_tta_section][vc_tta_section title=&#8221;Buceo de flotabilidad&#8221; tab_id=&#8221;1563577881199-ae06ab50-6a7a&#8221;][vc_column_text]<\/p>\n<p class=\"p2\"><span class=\"s2\" style=\"color: #000000;\"><strong>INCLUYE:<\/strong><br \/>\n2 buceos, repaso de conocimientos con instructor, certificaci\u00f3n.<br \/>\n<\/span><\/p>\n<p class=\"p2\"><span class=\"s2\" style=\"color: #000000;\"><strong>REQUISITOS:<\/strong><br \/>\nCertificaci\u00f3n: jr. open water \u2013 Edad m\u00ednima: 10 a\u00f1os.<br \/>\n<\/span><\/p>\n<p class=\"p2\"><span style=\"color: #000000;\"><span class=\"s2\"><strong>PRECIO:<br \/>\n<\/strong><\/span><b>$3900 MXN<\/b>\u00a0Con equipo propio.<br \/>\n<b>$4340 MXN<\/b>\u00a0Con equipo de renta.<\/span><\/p>\n<p>[\/vc_column_text][vc_btn title=&#8221;CONT\u00c1CTANOS&#8221; style=&#8221;flat&#8221; shape=&#8221;square&#8221; color=&#8221;primary&#8221; align=&#8221;center&#8221; link=&#8221;url:%2Fes%2Fcontactanos%2F|||&#8221; css=&#8221;.vc_custom_1564152760443{padding-top: 40px !important;}&#8221;][\/vc_tta_section][vc_tta_section title=&#8221;Fotograf\u00eda subacu\u00e1tica&#8221; tab_id=&#8221;1563640313611-6c53ec54-becc&#8221;][vc_column_text]<\/p>\n<p class=\"p2\"><span class=\"s2\" style=\"color: #000000;\"><strong>INCLUYE:<br \/>\n<\/strong>2 buceos, repaso de conocimientos con instructor, certificaci\u00f3n<br \/>\n<\/span><\/p>\n<p class=\"p2\"><span class=\"s2\" style=\"color: #000000;\"><strong>REQUISITOS:<\/strong><br \/>\nCertificaci\u00f3n: Aguas abiertas Jr. \u2013 Edad m\u00ednima: 10 a\u00f1os.<br \/>\n<\/span><\/p>\n<p class=\"p2\"><span style=\"color: #000000;\"><span class=\"s2\"><strong>PRECIO:<br \/>\n<\/strong><\/span><b>$3900 MXN<\/b>\u00a0Con equipo propio.<br \/>\n<b>$4340 MXN<\/b>\u00a0Con equipo de renta.<\/span><\/p>\n<p><span style=\"color: #000000;\">No Incluye: c\u00e1mara fotogr\u00e1fica.\u00a0<\/span>[\/vc_column_text][vc_btn title=&#8221;CONT\u00c1CTANOS&#8221; style=&#8221;flat&#8221; shape=&#8221;square&#8221; color=&#8221;primary&#8221; align=&#8221;center&#8221; link=&#8221;url:%2Fes%2Fcontactanos%2F|||&#8221; css=&#8221;.vc_custom_1564152891496{padding-top: 40px !important;}&#8221;][\/vc_tta_section][\/vc_tta_accordion][vc_separator][\/vc_column][\/vc_row][vc_row full_width=&#8221;stretch_row_content&#8221;][vc_column][vc_empty_space][\/vc_column][\/vc_row]<\/p>\n<\/section>","protected":false},"excerpt":{"rendered":"<p>[vc_row full_width=&#8221;stretch_row_content&#8221; css=&#8221;.vc_custom_1563566761802{padding-top: 20px !important;}&#8221;][vc_column width=&#8221;1\/2&#8243; css=&#8221;.vc_custom_1563566789576{padding-top: 20px !important;}&#8221;][vc_images_carousel images=&#8221;1043,1003,1046,1049,1052,1055&#8243; img_size=&#8221;full&#8221; autoplay=&#8221;yes&#8221; hide_pagination_control=&#8221;yes&#8221; wrap=&#8221;yes&#8221;][\/vc_column][vc_column width=&#8221;1\/2&#8243; css=&#8221;.vc_custom_1563487977412{padding-top: 20px !important;padding-right: 10px !important;}&#8221;][vc_column_text] CURSOS DE ESPECIALIDADES Los cursos de especializaci\u00f3n continuos est\u00e1n dise\u00f1ados para desarrollar sus habilidades de buceo y darle confianza adicional para seguir haciendo lo que ama. Lo invitamos a aprender m\u00e1s sobre ellos y elegir [&hellip;]<\/p>\n","protected":false},"author":1,"featured_media":0,"parent":1261,"menu_order":0,"comment_status":"closed","ping_status":"closed","template":"","meta":{"footnotes":""},"class_list":["post-1267","page","type-page","status-publish","hentry"],"_links":{"self":[{"href":"https:\/\/phantomdivers.com\/es\/wp-json\/wp\/v2\/pages\/1267","targetHints":{"allow":["GET"]}}],"collection":[{"href":"https:\/\/phantomdivers.com\/es\/wp-json\/wp\/v2\/pages"}],"about":[{"href":"https:\/\/phantomdivers.com\/es\/wp-json\/wp\/v2\/types\/page"}],"author":[{"embeddable":true,"href":"https:\/\/phantomdivers.com\/es\/wp-json\/wp\/v2\/users\/1"}],"replies":[{"embeddable":true,"href":"https:\/\/phantomdivers.com\/es\/wp-json\/wp\/v2\/comments?post=1267"}],"version-history":[{"count":10,"href":"https:\/\/phantomdivers.com\/es\/wp-json\/wp\/v2\/pages\/1267\/revisions"}],"predecessor-version":[{"id":5603,"href":"https:\/\/phantomdivers.com\/es\/wp-json\/wp\/v2\/pages\/1267\/revisions\/5603"}],"up":[{"embeddable":true,"href":"https:\/\/phantomdivers.com\/es\/wp-json\/wp\/v2\/pages\/1261"}],"wp:attachment":[{"href":"https:\/\/phantomdivers.com\/es\/wp-json\/wp\/v2\/media?parent=1267"}],"curies":[{"name":"wp","href":"https:\/\/api.w.org\/{rel}","templated":true}]}}