{"id":1264,"date":"2019-07-19T23:13:30","date_gmt":"2019-07-19T23:13:30","guid":{"rendered":"http:\/\/phantomdivers.com\/curso-de-buceo\/recreational-dive\/"},"modified":"2026-03-18T12:42:20","modified_gmt":"2026-03-18T17:42:20","slug":"cursos-recreacionales","status":"publish","type":"page","link":"https:\/\/phantomdivers.com\/es\/curso-de-buceo\/cursos-recreacionales\/","title":{"rendered":"Cursos recreacionales"},"content":{"rendered":"<section class=\"wpb-content-wrapper\"><p>[vc_row full_width=&#8221;stretch_row_content&#8221; css=&#8221;.vc_custom_1563566761802{padding-top: 20px !important;}&#8221;][vc_column width=&#8221;1\/2&#8243; css=&#8221;.vc_custom_1563566789576{padding-top: 20px !important;}&#8221;][vc_images_carousel images=&#8221;1017,1020,1023,1026,1029,1032,1035&#8243; img_size=&#8221;full&#8221; autoplay=&#8221;yes&#8221; hide_pagination_control=&#8221;yes&#8221; wrap=&#8221;yes&#8221;][\/vc_column][vc_column width=&#8221;1\/2&#8243; css=&#8221;.vc_custom_1563487977412{padding-top: 20px !important;padding-right: 10px !important;}&#8221;][vc_column_text]<\/p>\n<h2 style=\"color: #000000; font-size: 28px;\"><strong>SOBRE BUCEO RECREACIONALES<\/strong><\/h2>\n<p>[\/vc_column_text][vc_column_text]<\/p>\n<div>\n<hr \/>\n<p><span style=\"color: #000000;\">Seg\u00fan nuestra experiencia, podemos asegurarte que el buceo recreativo es un deporte que crece d\u00eda a d\u00eda en todo el mundo, ya que muchos est\u00e1n interesados en la vida submarina por simple conocimiento o por el deseo de la conservaci\u00f3n ecol\u00f3gica y otros tienen un esp\u00edritu aventurero.<\/span><\/div>\n<div><span style=\"color: #000000;\">Es necesario estar certificado para bucear, esto implica adquirir conocimientos y habilidades pr\u00e1cticas que son necesarias para desempe\u00f1arse de manera segura y responsable.<\/span><\/div>\n<div><span style=\"color: #000000;\">En esta secci\u00f3n encontrar\u00e1s los cursos que ofrecemos desde: nivel de certificaci\u00f3n b\u00e1sico hasta las especialidades m\u00e1s avanzadas en BUCEO RECREATIVO.<\/span><\/div>\n<div><\/div>\n<div>\n<p><span style=\"color: #000000;\">SNSI te ofrecen la oportunidad de bucear por primera vez como buceadores no certificados simplemente tomando un curso corto y obteniendo la certificaci\u00f3n de Aguas abiertas hasta Buzo de Rescate para que se convierta en un gran buceador recreativo.<\/span><\/p>\n<p>&nbsp;<\/p><\/div>\n<h3 style=\"color: #000000; font-size: 28px;\"><strong>DETALLES<\/strong><\/h3>\n<p>[\/vc_column_text][vc_tta_accordion style=&#8221;flat&#8221; shape=&#8221;square&#8221; color=&#8221;blue&#8221; c_icon=&#8221;&#8221; active_section=&#8221;10&#8243;][vc_tta_section title=&#8221;Introducci\u00f3n de buceo SSI&#8221; tab_id=&#8221;1563565961528-c6c5a4ea-61ac&#8221;][vc_column_text]<\/p>\n<div>\n<hr \/>\n<p><span style=\"color: #000000;\">Si quieres probar el buceo por primera vez, vive una experiencia inolvidable: descubre el buceo. \u00a1Una simple lecci\u00f3n con pr\u00e1ctica en aguas confinadas y pronto disfrutar\u00e1s de las maravillas del mar!<\/span><\/div>\n<div>\n<p><span style=\"color: #000000;\">El programa <strong>INTRODUCCI\u00d3N DE BUCEO<\/strong> te acerca a\u00fan m\u00e1s a la licencia internacional de Aguas Abiertas de <strong>SSI<\/strong>. En este curso, podr\u00e1s aprender sobre el correcto uso del equipo, t\u00e9cnicas de respiraci\u00f3n y control de v\u00f3mito en caso de mareo. \u00a0Si al final de esta experiencia descubres que deseas obtener la certificaci\u00f3n, tu <strong>INTRODUCCI\u00d3N DE BUCEO<\/strong> se acreditar\u00e1 en tu curso de Aguas abiertas.<\/span><\/p>\n<p><span style=\"color: #000000;\"><strong>HORARIO<\/strong><\/span><\/div>\n<div>\n<p><span style=\"color: #000000;\">Check in: 12.00 \u2013 4.00 pm<\/span><\/p>\n<p><span style=\"color: #000000;\"><strong>INCLUYE <\/strong><\/span><\/div>\n<div><span style=\"color: #000000;\">1.\u00a0Orientaci\u00f3n<\/span><\/div>\n<p><span style=\"color: #000000;\">2. Pr\u00e1ctica en piscina o aguas confinadas<br \/>\n3. Uno o dos buceos<br \/>\n4. Equipo completo<\/span><\/p>\n<div><span style=\"color: #000000;\"><strong>PRECIOS:\u00a0<\/strong><\/span><\/div>\n<div><span style=\"color: #000000;\">$2900 MXN (equipo de renta inclu\u00eddo)<\/span><\/div>\n<p>[\/vc_column_text][vc_btn title=&#8221;RESERVAR AHORA&#8221; style=&#8221;flat&#8221; shape=&#8221;square&#8221; color=&#8221;primary&#8221; link=&#8221;url:%2Fes%2Fcontactanos%2F|||&#8221; css=&#8221;.vc_custom_1565034950554{padding-top: 40px !important;}&#8221;][\/vc_tta_section][vc_tta_section title=&#8221;SNSI Easy Diver Course&#8221; tab_id=&#8221;1563565961624-544d4e2a-d375&#8243;][vc_column_text]<span style=\"color: #000000;\"><strong>SNSI EASY DIVER COURSE<br \/>\n<\/strong><\/span><\/p>\n<hr \/>\n<p><span style=\"color: #000000;\">Este curso es la entrada al curso Aguas abiertas. Abre el buceo a aquellas personas que est\u00e1n interesadas en bucear con grupos guiados por un Dive master o instructor. Solo debes leer los primeros 3 cap\u00edtulos del manual, realizar las pr\u00e1cticas en piscina y dos buceos en aguas abiertas con un instructor de nuestro staff. Al finalizar el curso de dos d\u00edas estar\u00e1s capacitado para bucear a una profundidad de 12 metros acompa\u00f1ado por un Divemaster. (Se trata de un curso parcial que solamente te permite bucear acompa\u00f1ado de profesionales, por lo que recomendamos ampliamente tomar el curso completo de AGUAS ABIERTAS).<\/span><\/p>\n<div><\/div>\n<div><span style=\"color: #000000;\"><b>INCLUYE:<\/b>\u00a0<\/span><\/div>\n<div><span style=\"color: #000000;\">1. 1 \u00f3 2 d\u00edas de curso de certificaci\u00f3n.<\/span><\/div>\n<div><span style=\"color: #000000;\">2. Manual Aguas Abiertas.<\/span><\/div>\n<div><span style=\"color: #000000;\">3. Clases te\u00f3ricas de buceo.<\/span><\/div>\n<div><span style=\"color: #000000;\">4. Pr\u00e1cticas en piscina.<\/span><\/div>\n<div><span style=\"color: #000000;\">5. Equipo completo.<\/span><\/div>\n<div><span style=\"color: #000000;\">6. 2 inmersiones desde barco.<br \/>\n7. Ex\u00e1men<\/span><\/div>\n<div><span style=\"color: #000000;\">8. Certificaci\u00f3n.<\/span><\/div>\n<div><\/div>\n<div><span style=\"color: #000000;\"><strong><br \/>\nHORARIO:<\/strong><\/span><\/div>\n<div><span style=\"color: #000000;\">Check in: Se le proporcionar\u00e1 un manual de Aguas Abiertas SNSI \u00a0para leer 3 cap\u00edtulos.<\/span><\/div>\n<div><span style=\"color: #000000;\">D\u00eda 1: Revisi\u00f3n te\u00f3rica, pruebas, descripci\u00f3n del equipo y entrenamiento en la piscina.\u00a0<\/span><\/div>\n<div><span style=\"color: #000000;\">9:00 am \u2013 11:00 pm<\/span><\/div>\n<div><span style=\"color: #000000;\">D\u00eda 1 o 2: 2 inmersiones en barco, practicaremos todas las habilidades aprendidas en la piscina en arrecifes poco profundos (30 pies a 40 pies).\u00a0<\/span><\/div>\n<div>\n<p><span style=\"color: #000000;\">12:30 pm \u2013 4:00 pm\u00a0Examen + Certificaci\u00f3n<\/span><\/p>\n<p>&nbsp;<\/p><\/div>\n<p><span style=\"color: #000000;\"><strong>PRECIO:<br \/>\n<\/strong>$7560 MXN<\/span>[\/vc_column_text][vc_btn title=&#8221;RESERVAR AHORA&#8221; style=&#8221;flat&#8221; shape=&#8221;square&#8221; color=&#8221;primary&#8221; link=&#8221;url:%2Fes%2Fcontactanos%2F|||&#8221; css=&#8221;.vc_custom_1565034963892{padding-top: 40px !important;}&#8221;][\/vc_tta_section][vc_tta_section title=&#8221;Ascenso de scuba diver\/Easy diver a open water diver&#8221; tab_id=&#8221;1563566235339-60a56184-251c&#8221;][vc_column_text]<\/p>\n<div>\n<hr \/>\n<p><span style=\"color: #000000;\">La certificaci\u00f3n Aguas Abiertas <i>SNSI<\/i> te permite bajar a 60 pies (18 m) acompa\u00f1ado por otro buzo. con esta actualizaci\u00f3n estar\u00e1s completamente certificado.<\/span><\/div>\n<div>\n<p><span style=\"color: #000000;\">Comenzaremos con una revisi\u00f3n te\u00f3rica, seguido de pr\u00e1cticas de la piscina (Cap\u00edtulos 4 y 5) para continuar con una inmersi\u00f3n de 2 tanques en aguas abiertas, mejorando el conocimiento general durante todo el curso.<\/span><\/p>\n<p><span style=\"color: #000000;\"><b>INCLUYE:<br \/>\n<\/b><\/span><span style=\"color: #000000;\">-Curso de certificaci\u00f3n de 1-2 d\u00edas<br \/>\n<\/span><span style=\"color: #000000;\">-Manuel de Aguas Abiertas<br \/>\n<\/span><span style=\"color: #000000;\">\u2013<\/span><b style=\"color: #000000;\"> <\/b><span style=\"color: #000000;\">Clases de teor\u00eda<br \/>\n<\/span><span style=\"color: #000000;\">-Sesi\u00f3n de piscina<br \/>\n<\/span><span style=\"color: #000000;\">\u2013<\/span><b style=\"color: #000000;\"> <\/b><span style=\"color: #000000;\">Equipo completo<br \/>\n<\/span><span style=\"color: #000000;\">\u2013<\/span><span style=\"color: #000000;\"><b> \u00a0<\/b><\/span><span style=\"color: #000000;\">2 inmersiones en embarcaciones oce\u00e1nicas<br \/>\n<\/span><span style=\"color: #000000;\">\u2013 Ex\u00e1menes<br \/>\n<\/span><span style=\"color: #000000;\">\u2013 Certificaci\u00f3n<\/span><\/p>\n<p><b style=\"color: #000000;\">PROGRAMACI\u00d3N:<br \/>\n<\/b><span style=\"color: #000000;\">Check in: Deber\u00e1s traer su manual de Aguas Abiertas, leer los cap\u00edtulos 4 y 5 y responder a las revisiones de conocimientos.<br \/>\n<\/span><span style=\"color: #000000;\">D\u00eda 1: Revisi\u00f3n te\u00f3rica, pruebas, resumen del equipo y entrenamiento en la piscina. 8:00 \u2013 11:00 am<br \/>\n<\/span><span style=\"color: #000000;\">D\u00eda 1, tarde: 2 inmersiones en barco, practicaremos todas las habilidades aprendidas en la piscina en arrecifes poco profundos (30 pies a 40 pies). 12:00 pm \u2013 4:00 pm + examen.<br \/>\n<\/span><\/p>\n<p><span style=\"color: #000000;\">O puedes elegir:<br \/>\n<\/span><span style=\"color: #000000;\">D\u00eda 2: 2 inmersiones divertidas en bote de hasta 60 pies y m\u00e1s pr\u00e1cticas de habilidades, si es necesario: examen final de 8:30 a.m. a 12:00 p.m. + examen.<\/span><\/p>\n<p><strong style=\"color: #000000;\">PRECIO:<br \/>\n<\/strong><span style=\"color: #000000;\">$5340 MXN (alquiler de equipo incluido).<\/span><\/div>\n<p>[\/vc_column_text][vc_btn title=&#8221;RESERVAR AHORA&#8221; style=&#8221;flat&#8221; shape=&#8221;square&#8221; color=&#8221;primary&#8221; link=&#8221;url:%2Fes%2Fcontactanos%2F|||&#8221; css=&#8221;.vc_custom_1565034980534{padding-top: 40px !important;}&#8221;][\/vc_tta_section][vc_tta_section title=&#8221;Curso de aguas abiertas&#8221; tab_id=&#8221;1563577378220-01fc08dd-4707&#8243;][vc_column_text]<\/p>\n<hr \/>\n<p><span style=\"color: #000000;\">El curso Aguas Abiertas cambiar\u00e1 tu vida para siempre. Aprender\u00e1s todos los secretos del submarinismo para as\u00ed convertirte en un buzo con certificaci\u00f3n internacional.<br \/>\n<\/span><span style=\"color: #000000;\"><br \/>\nEmpezar\u00e1s con teor\u00eda y clases en piscina para continuar hasta el buceo en aguas abiertas, obteniendo los conocimientos generales a lo largo del curso.<\/span><\/p>\n<div><span style=\"color: #000000;\">La obtenci\u00f3n de la certificaci\u00f3n de Aguas Abiertas (SNSI) habilita a bucear hasta una profundidad m\u00e1xima de 18 metros\/ 60 pies.<\/span><\/div>\n<div>\n<p><span style=\"color: #000000;\">\u00a1Esto s\u00f3lo es el comienzo! Pronto ya, como buzo certificado, descubrir\u00e1s fabulosos destinos de buceo al rededor del mundo, gente interesante, experiencias inigualables.<br \/>\n<\/span><\/p>\n<p><span style=\"color: #000000;\"><strong>PROGRAMACI\u00d3N:<\/strong><\/span><\/div>\n<div><span style=\"color: #000000;\"><b>Registro:<\/b> Se te proveer\u00e1 el manual Aguas Abiertas para que leas los primeros 3 cap\u00edtulos de 5.<\/span><\/div>\n<div><span style=\"color: #000000;\"><b>D\u00eda 1:<\/b> Revisi\u00f3n de teor\u00eda, cuestionarios, equipo y entrenamiento en piscina (terminar de leer los \u00faltimos cap\u00edtulos para el pr\u00f3ximo d\u00eda).<\/span><\/div>\n<div><span style=\"color: #000000;\"><b>D\u00eda 2:<\/b> 2 buceos embarcados donde practicaremos las habilidades aprendidas en arrecifes bajos de 9 a 12 m de profundidad.<\/span><\/div>\n<div>\n<p><span style=\"color: #000000;\"><b>D\u00eda 3: <\/b>2 divertidos buceos embarcados hasta 18 m. Examen final.<\/span><\/p>\n<p><span style=\"color: #000000;\"><strong>INCLUYE:<\/strong><\/span><\/div>\n<div><span style=\"color: #000000;\">1. 2-3 d\u00edas de curso.<\/span><\/div>\n<div><span style=\"color: #000000;\">2. Manual Aguas Abiertas.<\/span><\/div>\n<div><span style=\"color: #000000;\">3. Clases te\u00f3ricas de buceo.<\/span><\/div>\n<div><span style=\"color: #000000;\">4. Pr\u00e1cticas en piscina.<\/span><\/div>\n<div><span style=\"color: #000000;\">5. Equipo completo.<\/span><\/div>\n<div><span style=\"color: #000000;\">6. Pr\u00e1cticas en aguas abiertas con 4 inmersiones desde barco.<\/span><\/div>\n<div><span style=\"color: #000000;\">7. Examen final.<\/span><\/div>\n<div><span style=\"color: #000000;\">8. Certificaci\u00f3n.<\/span><\/div>\n<div><span style=\"color: #000000;\">\u00a0<\/span><\/div>\n<div><span style=\"color: #000000;\">\u00a0<b>PRECIO:<\/b><\/span><\/div>\n<div><span style=\"color: #000000;\">$9660 MXN<\/span><\/div>\n<div><span style=\"color: #000000;\">\u00a0<\/span><\/div>\n<div><span style=\"color: #000000;\">\u00a0*La certificaci\u00f3n puede ser <b>SNSI. SNSI<\/b> ofrece la opci\u00f3n de incluir la certificaci\u00f3n de Nitrox (Enricher Air Diver) \u00a1<b>sin ning\u00fan costo extra<\/b>!<\/span><\/div>\n<div><span style=\"color: #000000;\"><b>(ahorrar\u00e1s $3340 MXN que es el costo de la certificaci\u00f3n Nitrox)<\/b>\u00a0<\/span><\/div>\n<div>\n<p><span style=\"color: #000000;\">Al terminar el curso te entregaremos una credencial temporal, y recibir\u00e1s la permanente por correo<\/span><\/p>\n<p><strong><span style=\"color: #000000;\"><u>\u00a1COMIENZA TU AVENTURA AHORA!<\/u><\/span><\/strong><\/div>\n<div>\n<p><span style=\"color: #3366ff;\"><strong><a style=\"color: #3366ff;\" href=\"https:\/\/itunes.apple.com\/mx\/app\/snsi-mediahub\/id1166003785?mt=8\" target=\"_blank\" rel=\"noopener noreferrer\"><u>APPLE STORE <\/u>*<\/a>\u00a0 \u00a0<a style=\"color: #3366ff;\" href=\"https:\/\/play.google.com\/store\/apps\/details?id=com.scubasnsi.snsimediahub\" target=\"_blank\" rel=\"noopener noreferrer\"><u>ANDROID<\/u><u> \u00a0<\/u>*<\/a><\/strong><\/span><\/div>\n<p>[\/vc_column_text][vc_btn title=&#8221;RESERVAR AHORA&#8221; style=&#8221;flat&#8221; shape=&#8221;square&#8221; color=&#8221;primary&#8221; link=&#8221;url:%2Fes%2Fcontactanos%2F|||&#8221; css=&#8221;.vc_custom_1565035019864{padding-top: 40px !important;}&#8221;][\/vc_tta_section][vc_tta_section title=&#8221;Aguas abiertas para estudiantes referidos&#8221; tab_id=&#8221;1563577586048-bce396ef-0089&#8243;][vc_column_text]<\/p>\n<div>\n<hr \/>\n<p><span style=\"color: #000000;\">Si ya comenzaste con la parte te\u00f3rica y pr\u00e1cticas en aguas confinadas (con SNSI, o alguna otra agencia de certificaci\u00f3n como: SSI, CMAS, NAUI, IDEA, ACUC, etc.) estar\u00e1s apto para completar el curso completo de aguas abiertas con nosotros, solo necesitas traer tu forma de referido firmada por tu instructor y uno de nuestros instructores de buceo profesional terminar\u00e1 tu curso.<\/span><\/p>\n<p><strong style=\"color: #000000;\">INCLUYE:<br \/>\n<\/strong><span style=\"color: #000000;\">1.\u00a0<\/span><span style=\"color: #000000;\">2 d\u00edas de buceo desde barco con ejercicios.<br \/>\n<\/span><span style=\"color: #000000;\">2. Equipo completo.<br \/>\n<\/span><span style=\"color: #000000;\">3. Certificaci\u00f3n SNSI<\/span><\/p>\n<p><strong style=\"color: #000000;\">PRECIO:<br \/>\n<\/strong><span style=\"color: #000000;\">$6000 MXN<\/span><\/div>\n<p>[\/vc_column_text][vc_btn title=&#8221;RESERVAR AHORA&#8221; style=&#8221;flat&#8221; shape=&#8221;square&#8221; color=&#8221;primary&#8221; link=&#8221;url:%2Fes%2Fcontactanos%2F|||&#8221; css=&#8221;.vc_custom_1565035054614{padding-top: 40px !important;}&#8221;][\/vc_tta_section][vc_tta_section title=&#8221;Curso avanzado de aguas abiertas&#8221; tab_id=&#8221;1563577691234-a3456c8e-3c35&#8243;][vc_column_text]<\/p>\n<div><span style=\"color: #000000;\">Aprende y experimenta m\u00e1s aventuras de buceo con el curso Aguas Abiertas Avanzado de SSI. Al subir de nivel de Aguas Abiertas SSI, har\u00e1s 5 inmersiones y tendr\u00e1s la oportunidad de probar algunas de las actividades especializadas m\u00e1s enriquecedoras y divertidas del submarinismo.<\/span><\/div>\n<div><span style=\"color: #000000;\">Tambi\u00e9n estar\u00e1s capacitado para realizar buceos hasta una profundidad de 30 metros.<\/span><\/div>\n<div><span style=\"color: #000000;\">\u00a0<\/span><\/div>\n<div><span class=\"ace-all-bold-hthree\" style=\"color: #000000;\"><b>El Curso avanzado de aguas abiertas<\/b><\/span><\/div>\n<div><span class=\"ace-all-bold-hthree\" style=\"color: #000000;\"><b>INCLUYE:<\/b><\/span><\/div>\n<div><span style=\"color: #000000;\">\u2013 2-3 d\u00edas de curso de certificaci\u00f3n para buceos a m\u00e1s de 30 metros.<\/span><\/div>\n<div><span style=\"color: #000000;\">\u2013 Teor\u00eda<\/span><\/div>\n<div><span style=\"color: #000000;\">-Manual de buzo avanzado<\/span><\/div>\n<div><span style=\"color: #000000;\">-5 buceos en aguas abiertas \u00a0<\/span><\/div>\n<div><span style=\"color: #000000;\"><b>Con SNSI<\/b> \u2013 2 OBLIGATORIAS: Flotabilidad, Profundo + 2-3 A ELEGIR ENTRE LAS SIGUIENTES: desde barco, corriente, , navegaci\u00f3n, nocturno.<\/span><\/div>\n<div><span style=\"color: #000000;\">\u00a0<\/span><\/div>\n<div><span class=\"ace-all-bold-hthree\" style=\"color: #000000;\"><b>REQUISITOS:<\/b><\/span><\/div>\n<div><span style=\"color: #000000;\"><b>Con SNSI<\/b> \u2013 Ser buceador Aguas Abiertas SNSI o equivalente con otras agencias (SSI, CMAS, FMAS, NAUI, etc.) Para la certificaci\u00f3n es necesario tener como m\u00ednimo 18 inmersiones en bit\u00e1cora.<\/span><\/div>\n<div><span style=\"color: #000000;\">\u00a0Este curso se puede realizar como m\u00ednimo en 2 d\u00edas y el tiempo que necesites para leer el manual (solo 5 cap\u00edtulos). Puedes reservar los buceos como desees.<\/span><\/div>\n<div>\n<p><span style=\"color: #000000;\">Podemos comenzar cualquier d\u00eda, solo es necesario hacer la reserva con un d\u00eda de anticipaci\u00f3n.<\/span><\/p>\n<p><strong><span style=\"color: #000000;\">HORARIOS<\/span><\/strong><\/div>\n<div>\n<p><span style=\"color: #000000;\">Puedes elegir entre estos horarios para tus buceos:<br \/>\n<\/span><span style=\"color: #000000;\">1. 8:30 am \u2013 12:00<br \/>\n<\/span><span style=\"color: #000000;\">2. 12:30 pm \u2013 4:00 pm En este horario no se realizan buceos profundos, solo realizamos buceos profundos en la ma\u00f1ana.<br \/>\n<\/span><span style=\"color: #000000;\">3. 30 minutos antes del atardecer para buceo nocturno<\/span><\/p>\n<p><b style=\"color: #000000;\">PRECIO:<br \/>\n<\/b><span style=\"color: #000000;\">$8000 MXN<\/span><\/div>\n<p>[\/vc_column_text][vc_btn title=&#8221;RESERVAR AHORA&#8221; style=&#8221;flat&#8221; shape=&#8221;square&#8221; color=&#8221;primary&#8221; link=&#8221;url:%2Fes%2Fcontactanos%2F|||&#8221; css=&#8221;.vc_custom_1565035067507{padding-top: 40px !important;}&#8221;][\/vc_tta_section][vc_tta_section title=&#8221;Curso de buzo de rescate&#8221; tab_id=&#8221;1563577881199-ae06ab50-6a7a&#8221;][vc_column_text]<\/p>\n<div>\n<hr \/>\n<p><span style=\"color: #000000;\">Este curso de 3 d\u00edas m\u00ednimo ampliar\u00e1 tus conocimientos y experiencia. Los buceadores de rescate aprenden a mirar m\u00e1s all\u00e1 de s\u00ed mismos y consideran la seguridad y el bienestar de otros buceadores. El entrenamiento de Buceador de Rescate te preparar\u00e1 para la anticipaci\u00f3n y gesti\u00f3n de problemas y emergencias de buceo.<\/span><\/p>\n<p><span style=\"color: #000000;\"><b>INCLUYE:<\/b><\/span><\/div>\n<div><span style=\"color: #000000;\">1. Equipo completo.<\/span><\/div>\n<div><span style=\"color: #000000;\">2. Manual Buzo de Rescate.<\/span><\/div>\n<div><span style=\"color: #000000;\">3. Preparaci\u00f3n de un plan de asistencia de emergencia para un sitio de buceo.<\/span><\/div>\n<div><span style=\"color: #000000;\">4. 10 Ejercicios de entrenamiento en t\u00e9cnicas de Rescate y Auto-Rescate.<\/span><\/div>\n<div><span style=\"color: #000000;\">5. Simulacros de Rescate 1 y 2.<\/span><\/div>\n<div><span style=\"color: #000000;\">6. 2 inmersiones en aguas abiertas, donde practicar\u00e1n los ejercicios aprendidos en aguas confinadas.<\/span><\/div>\n<div><span style=\"color: #000000;\">7. Teor\u00eda, ex\u00e1men y certificaci\u00f3n.<\/span><\/div>\n<div><span style=\"color: #000000;\">\u00a0<\/span><\/div>\n<div><span style=\"color: #000000;\"><b>REQUISITOS:<\/b><\/span><\/div>\n<div><span style=\"color: #000000;\">1. Curso avanzado de aguas abiertas o equivalente<\/span><\/div>\n<div><span style=\"color: #000000;\">2. Edad m\u00ednima de 12 a\u00f1os.<\/span><\/div>\n<div><span style=\"color: #000000;\">3. Entrenamiento de Primeros Auxilios en los \u00faltimos 24 meses. El entrenamiento se puede completar conjuntamente con el curso de Rescate.<\/span><\/div>\n<div><span style=\"color: #000000;\">\u00a0CURSO DE PRIMEROS AUXILIOS $2660 MXN.\u00a0<\/span><\/div>\n<div><span style=\"color: #000000;\">\u00a0<\/span><\/div>\n<div><span style=\"color: #000000;\"><b>PRECIO:<\/b><\/span><\/div>\n<div><span style=\"color: #000000;\">$10440 MXN<\/span><\/div>\n<p>[\/vc_column_text][vc_btn title=&#8221;RESERVAR AHORA&#8221; style=&#8221;flat&#8221; shape=&#8221;square&#8221; color=&#8221;primary&#8221; link=&#8221;url:%2Fes%2Fcontactanos%2F|||&#8221; css=&#8221;.vc_custom_1565035084908{padding-top: 40px !important;}&#8221;][\/vc_tta_section][\/vc_tta_accordion][vc_separator][\/vc_column][\/vc_row][vc_row full_width=&#8221;stretch_row_content&#8221;][vc_column][vc_empty_space][\/vc_column][\/vc_row]<\/p>\n<\/section>","protected":false},"excerpt":{"rendered":"<p>[vc_row full_width=&#8221;stretch_row_content&#8221; css=&#8221;.vc_custom_1563566761802{padding-top: 20px !important;}&#8221;][vc_column width=&#8221;1\/2&#8243; css=&#8221;.vc_custom_1563566789576{padding-top: 20px !important;}&#8221;][vc_images_carousel images=&#8221;1017,1020,1023,1026,1029,1032,1035&#8243; img_size=&#8221;full&#8221; autoplay=&#8221;yes&#8221; hide_pagination_control=&#8221;yes&#8221; wrap=&#8221;yes&#8221;][\/vc_column][vc_column width=&#8221;1\/2&#8243; css=&#8221;.vc_custom_1563487977412{padding-top: 20px !important;padding-right: 10px !important;}&#8221;][vc_column_text] SOBRE BUCEO RECREACIONALES [\/vc_column_text][vc_column_text] Seg\u00fan nuestra experiencia, podemos asegurarte que el buceo recreativo es un deporte que crece d\u00eda a d\u00eda en todo el mundo, ya que muchos est\u00e1n interesados en la vida submarina por [&hellip;]<\/p>\n","protected":false},"author":1,"featured_media":0,"parent":1261,"menu_order":0,"comment_status":"closed","ping_status":"closed","template":"","meta":{"footnotes":""},"class_list":["post-1264","page","type-page","status-publish","hentry"],"_links":{"self":[{"href":"https:\/\/phantomdivers.com\/es\/wp-json\/wp\/v2\/pages\/1264","targetHints":{"allow":["GET"]}}],"collection":[{"href":"https:\/\/phantomdivers.com\/es\/wp-json\/wp\/v2\/pages"}],"about":[{"href":"https:\/\/phantomdivers.com\/es\/wp-json\/wp\/v2\/types\/page"}],"author":[{"embeddable":true,"href":"https:\/\/phantomdivers.com\/es\/wp-json\/wp\/v2\/users\/1"}],"replies":[{"embeddable":true,"href":"https:\/\/phantomdivers.com\/es\/wp-json\/wp\/v2\/comments?post=1264"}],"version-history":[{"count":12,"href":"https:\/\/phantomdivers.com\/es\/wp-json\/wp\/v2\/pages\/1264\/revisions"}],"predecessor-version":[{"id":5681,"href":"https:\/\/phantomdivers.com\/es\/wp-json\/wp\/v2\/pages\/1264\/revisions\/5681"}],"up":[{"embeddable":true,"href":"https:\/\/phantomdivers.com\/es\/wp-json\/wp\/v2\/pages\/1261"}],"wp:attachment":[{"href":"https:\/\/phantomdivers.com\/es\/wp-json\/wp\/v2\/media?parent=1264"}],"curies":[{"name":"wp","href":"https:\/\/api.w.org\/{rel}","templated":true}]}}