{"id":1261,"date":"2019-07-19T22:32:28","date_gmt":"2019-07-19T22:32:28","guid":{"rendered":"http:\/\/phantomdivers.com\/dive-courses\/"},"modified":"2026-03-18T11:19:38","modified_gmt":"2026-03-18T16:19:38","slug":"curso-de-buceo","status":"publish","type":"page","link":"https:\/\/phantomdivers.com\/es\/curso-de-buceo\/","title":{"rendered":"Cursos de buceo"},"content":{"rendered":"<section class=\"wpb-content-wrapper\"><p>[vc_row][vc_column width=&#8221;1\/2&#8243;][vc_single_image image=&#8221;1000&#8243; img_size=&#8221;full&#8221; alignment=&#8221;right&#8221; css=&#8221;.vc_custom_1563575096385{padding-top: 40px !important;}&#8221;][\/vc_column][vc_column width=&#8221;1\/2&#8243; css=&#8221;.vc_custom_1563487977412{padding-top: 20px !important;padding-right: 10px !important;}&#8221;][vc_column_text]<\/p>\n<h2 style=\"color: #000000; font-size: 28px;\"><strong>CURSOS RECREACIONALES<\/strong><\/h2>\n<hr \/>\n<p><span style=\"color: #000000;\">Los cursos recreativos son:<br \/>\nINTRODUCCI\u00d3N DE BUCEO<br \/>\nSNSI EASY DIVER<br \/>\nUPGRADE DE SCUBA DIVER A AGUAS ABIERTAS<br \/>\nREFERIDO DE AGUAS ABIERTAS SNSI<br \/>\nAGUAS ABIERTAS SNSI<br \/>\nAGUAS ABIERTAS AVANZADO<br \/>\nBUZO DE RESCATE<\/span><\/p>\n<p>[\/vc_column_text][vc_btn title=&#8221;APRENDE M\u00c1S&#8221; style=&#8221;flat&#8221; shape=&#8221;square&#8221; color=&#8221;primary&#8221; link=&#8221;url:%2Fes%2Fcurso-de-buceo%2Fcursos-recreacionales%2F|||&#8221; css=&#8221;.vc_custom_1564092421254{padding-top: 40px !important;}&#8221;][\/vc_column][\/vc_row][vc_row][vc_column][vc_empty_space][\/vc_column][\/vc_row][vc_row][vc_column width=&#8221;1\/2&#8243;][vc_single_image image=&#8221;1003&#8243; img_size=&#8221;full&#8221; alignment=&#8221;right&#8221; css=&#8221;.vc_custom_1563575225055{padding-top: 40px !important;}&#8221;][\/vc_column][vc_column width=&#8221;1\/2&#8243; css=&#8221;.vc_custom_1563487977412{padding-top: 20px !important;padding-right: 10px !important;}&#8221;][vc_column_text]<\/p>\n<h3 style=\"color: #000000; font-size: 28px;\"><strong>CURSOS DE ESPECIALIDADES<\/strong><\/h3>\n<hr \/>\n<p><span style=\"color: #000000;\">Los cursos de especializaci\u00f3n continuos est\u00e1n dise\u00f1ados para desarrollar sus habilidades de buceo y darle confianza adicional para seguir haciendo lo que ama.<\/span><br \/>\n<span style=\"color: #000000;\">Lo invitamos a aprender m\u00e1s sobre ellos y elegir cu\u00e1l ser\u00e1 su pr\u00f3xima aventura de buceo.<\/span><\/p>\n<p>[\/vc_column_text][vc_btn title=&#8221;APRENDE M\u00c1S&#8221; style=&#8221;flat&#8221; shape=&#8221;square&#8221; color=&#8221;primary&#8221; link=&#8221;url:%2Fes%2Fcurso-de-buceo%2Fcursos-de-especialidades%2F|||&#8221; css=&#8221;.vc_custom_1564092494124{padding-top: 40px !important;}&#8221;][\/vc_column][\/vc_row][vc_row][vc_column][vc_empty_space][\/vc_column][\/vc_row][vc_row][vc_column width=&#8221;1\/2&#8243;][vc_single_image image=&#8221;1006&#8243; img_size=&#8221;full&#8221; alignment=&#8221;right&#8221; css=&#8221;.vc_custom_1563575350522{padding-top: 40px !important;}&#8221;][\/vc_column][vc_column width=&#8221;1\/2&#8243; css=&#8221;.vc_custom_1563487977412{padding-top: 20px !important;padding-right: 10px !important;}&#8221;][vc_column_text]<\/p>\n<p><em><span style=\"color: #000000; font-size: 28px;\"><strong>First Aid &#038; CPR<\/strong><\/span><\/em><\/p>\n<hr \/>\n<p><span style=\"color: #000000;\">El curso de especialidades incluye lo siguiente:<br \/>\nFIRST AID COURSE<br \/>\nEMERGENCY OXYGEN PROVIDER COURSE<\/span><\/p>\n<p>[\/vc_column_text][vc_btn title=&#8221;APRENDE M\u00c1S&#8221; style=&#8221;flat&#8221; shape=&#8221;square&#8221; color=&#8221;primary&#8221; link=&#8221;url:%2Fes%2Fcurso-de-buceo%2Fprimeros-auxilios%2F|||&#8221; css=&#8221;.vc_custom_1564092556693{padding-top: 40px !important;}&#8221;][\/vc_column][\/vc_row][vc_row][vc_column][vc_empty_space][\/vc_column][\/vc_row][vc_row][vc_column width=&#8221;1\/2&#8243;][vc_single_image image=&#8221;1009&#8243; img_size=&#8221;full&#8221; alignment=&#8221;right&#8221; css=&#8221;.vc_custom_1563575483860{padding-top: 40px !important;}&#8221;][\/vc_column][vc_column width=&#8221;1\/2&#8243; css=&#8221;.vc_custom_1563487977412{padding-top: 20px !important;padding-right: 10px !important;}&#8221;][vc_column_text]<\/p>\n<p><span class=\"s2\" style=\"color: #000000; font-size: 28px;\"><em><strong>CURSO DE BUCEO PROFESIONAL<\/strong><\/em><br \/>\n<\/span><\/p>\n<hr \/>\n<p><span style=\"color: #000000;\">Le invitamos a continuar con este nivel profesional de certificaci\u00f3n si desea convertir su pasatiempo en una carrera de buceo y ser un l\u00edder que asesora y motiva a otros a aventurarse en el mundo del buceo. Adem\u00e1s de bucear mucho, tambi\u00e9n experimentar\u00e1 el placer de ver a otros buceadores divertirse tanto como usted.<\/span><\/p>\n<p>[\/vc_column_text][vc_btn title=&#8221;APRENDE M\u00c1S&#8221; style=&#8221;flat&#8221; shape=&#8221;square&#8221; color=&#8221;primary&#8221; link=&#8221;url:%2Fes%2Fcurso-de-buceo%2Fcurso-de-buceo-profesional%2F|||&#8221; css=&#8221;.vc_custom_1564092646668{padding-top: 40px !important;}&#8221;][\/vc_column][\/vc_row][vc_row][vc_column][vc_empty_space][\/vc_column][\/vc_row]<\/p>\n<\/section>","protected":false},"excerpt":{"rendered":"<p>[vc_row][vc_column width=&#8221;1\/2&#8243;][vc_single_image image=&#8221;1000&#8243; img_size=&#8221;full&#8221; alignment=&#8221;right&#8221; css=&#8221;.vc_custom_1563575096385{padding-top: 40px !important;}&#8221;][\/vc_column][vc_column width=&#8221;1\/2&#8243; css=&#8221;.vc_custom_1563487977412{padding-top: 20px !important;padding-right: 10px !important;}&#8221;][vc_column_text] CURSOS RECREACIONALES Los cursos recreativos son: INTRODUCCI\u00d3N DE BUCEO SNSI EASY DIVER UPGRADE DE SCUBA DIVER A AGUAS ABIERTAS REFERIDO DE AGUAS ABIERTAS SNSI AGUAS ABIERTAS SNSI AGUAS ABIERTAS AVANZADO BUZO DE RESCATE [\/vc_column_text][vc_btn title=&#8221;APRENDE M\u00c1S&#8221; style=&#8221;flat&#8221; shape=&#8221;square&#8221; color=&#8221;primary&#8221; link=&#8221;url:%2Fes%2Fcurso-de-buceo%2Fcursos-recreacionales%2F|||&#8221; css=&#8221;.vc_custom_1564092421254{padding-top: [&hellip;]<\/p>\n","protected":false},"author":1,"featured_media":0,"parent":0,"menu_order":0,"comment_status":"closed","ping_status":"closed","template":"","meta":{"footnotes":""},"class_list":["post-1261","page","type-page","status-publish","hentry"],"_links":{"self":[{"href":"https:\/\/phantomdivers.com\/es\/wp-json\/wp\/v2\/pages\/1261","targetHints":{"allow":["GET"]}}],"collection":[{"href":"https:\/\/phantomdivers.com\/es\/wp-json\/wp\/v2\/pages"}],"about":[{"href":"https:\/\/phantomdivers.com\/es\/wp-json\/wp\/v2\/types\/page"}],"author":[{"embeddable":true,"href":"https:\/\/phantomdivers.com\/es\/wp-json\/wp\/v2\/users\/1"}],"replies":[{"embeddable":true,"href":"https:\/\/phantomdivers.com\/es\/wp-json\/wp\/v2\/comments?post=1261"}],"version-history":[{"count":5,"href":"https:\/\/phantomdivers.com\/es\/wp-json\/wp\/v2\/pages\/1261\/revisions"}],"predecessor-version":[{"id":5675,"href":"https:\/\/phantomdivers.com\/es\/wp-json\/wp\/v2\/pages\/1261\/revisions\/5675"}],"wp:attachment":[{"href":"https:\/\/phantomdivers.com\/es\/wp-json\/wp\/v2\/media?parent=1261"}],"curies":[{"name":"wp","href":"https:\/\/api.w.org\/{rel}","templated":true}]}}