{"id":1255,"date":"2019-07-19T22:12:53","date_gmt":"2019-07-19T22:12:53","guid":{"rendered":"http:\/\/phantomdivers.com\/excursiones\/whale-shark\/"},"modified":"2025-09-27T10:14:06","modified_gmt":"2025-09-27T15:14:06","slug":"tiburon-ballena","status":"publish","type":"page","link":"https:\/\/phantomdivers.com\/es\/excursiones\/tiburon-ballena\/","title":{"rendered":"Tibur\u00f3n Ballena"},"content":{"rendered":"<section class=\"wpb-content-wrapper\"><p>[vc_row full_width=&#8221;stretch_row_content&#8221; css=&#8221;.vc_custom_1563566761802{padding-top: 20px !important;}&#8221;][vc_column width=&#8221;1\/2&#8243; css=&#8221;.vc_custom_1563566789576{padding-top: 20px !important;}&#8221;][vc_gallery type=&#8221;flexslider_slide&#8221; interval=&#8221;3&#8243; images=&#8221;4944,4947,4950,4953,4956,4959,4962,4965&#8243; img_size=&#8221;full&#8221;][\/vc_column][vc_column width=&#8221;1\/2&#8243; css=&#8221;.vc_custom_1563487977412{padding-top: 20px !important;padding-right: 10px !important;}&#8221;][vc_column_text]<\/p>\n<h2><strong><span style=\"font-size: 28px;\"><b>TIBUR\u00d3N BALLENA<br \/>\n<\/b><\/span><\/strong><\/h2>\n<div><span style=\"color: #000000;\">Los tiburones ballena son los peces m\u00e1s grandes del oc\u00e9ano: pueden alcanzar 16 metros\u00a0(50 pies) y de junio a mediados de septiembre, los tiburones ballena llegan al Canal de Yucat\u00e1n en M\u00e9xico, buscando las aguas caribe\u00f1as llenas de plancton.<\/span><\/div>\n<div>\n<p><span style=\"color: #000000;\">Este tour es una experiencia \u00fanica durante la cual, adem\u00e1s de nadar con los impresionantes e inofensivos tiburones ballena, tambi\u00e9n podr\u00e1s avistar delfines y mantas.<\/span><\/p>\n<p>&nbsp;<\/p>\n<\/div>\n<div><\/div>\n<h3 style=\"font-size: 28px;\"><strong>DETALLES<\/strong><\/h3>\n<p>[\/vc_column_text][vc_tta_accordion style=&#8221;flat&#8221; shape=&#8221;square&#8221; color=&#8221;blue&#8221; c_icon=&#8221;&#8221; active_section=&#8221;5&#8243;][vc_tta_section title=&#8221;Tour de snorkel con el tibur\u00f3n ballena&#8221; tab_id=&#8221;1563565961528-c6c5a4ea-61ac&#8221;][vc_column_text]<\/p>\n<div><span style=\"color: #000000;\"><strong>HORARIOS:<\/strong><\/span><\/div>\n<div><span style=\"color: #000000;\">Check in 6:30 am \u2013 3:00 pm<\/span><\/div>\n<div><span style=\"color: #000000;\">\u00a0<\/span><\/div>\n<div><span style=\"color: #000000;\"><strong>INCLUYE:<\/strong><\/span><\/div>\n<div><span style=\"color: #000000;\">1. Fruta, s\u00e1ndwich, bebidas y gu\u00eda.<\/span><\/div>\n<div><span style=\"color: #000000;\">2. Equipo de snorkel.<\/span><\/div>\n<div><span style=\"color: #000000;\">\u00a0<\/span><\/div>\n<div><span style=\"color: #000000;\"><strong>PRECIO:<\/strong><\/span><\/div>\n<div><span style=\"color: #000000;\">$4340 MXN por persona (transporte a Canc\u00fan incluido).<\/span><\/div>\n<p>[\/vc_column_text][\/vc_tta_section][\/vc_tta_accordion][vc_btn title=&#8221;RESERVAR AHORA&#8221; style=&#8221;flat&#8221; shape=&#8221;square&#8221; color=&#8221;primary&#8221; link=&#8221;url:%2Fes%2Fcontactanos%2F|||&#8221; css=&#8221;.vc_custom_1565034816128{padding-top: 40px !important;}&#8221;][\/vc_column][\/vc_row][vc_row full_width=&#8221;stretch_row_content&#8221;][vc_column][vc_empty_space][\/vc_column][\/vc_row]<\/p>\n<\/section>","protected":false},"excerpt":{"rendered":"<p>[vc_row full_width=&#8221;stretch_row_content&#8221; css=&#8221;.vc_custom_1563566761802{padding-top: 20px !important;}&#8221;][vc_column width=&#8221;1\/2&#8243; css=&#8221;.vc_custom_1563566789576{padding-top: 20px !important;}&#8221;][vc_gallery type=&#8221;flexslider_slide&#8221; interval=&#8221;3&#8243; images=&#8221;4944,4947,4950,4953,4956,4959,4962,4965&#8243; img_size=&#8221;full&#8221;][\/vc_column][vc_column width=&#8221;1\/2&#8243; css=&#8221;.vc_custom_1563487977412{padding-top: 20px !important;padding-right: 10px !important;}&#8221;][vc_column_text] TIBUR\u00d3N BALLENA Los tiburones ballena son los peces m\u00e1s grandes del oc\u00e9ano: pueden alcanzar 16 metros\u00a0(50 pies) y de junio a mediados de septiembre, los tiburones ballena llegan al Canal de Yucat\u00e1n en M\u00e9xico, buscando las [&hellip;]<\/p>\n","protected":false},"author":1,"featured_media":0,"parent":1235,"menu_order":0,"comment_status":"closed","ping_status":"closed","template":"","meta":{"footnotes":""},"class_list":["post-1255","page","type-page","status-publish","hentry"],"_links":{"self":[{"href":"https:\/\/phantomdivers.com\/es\/wp-json\/wp\/v2\/pages\/1255","targetHints":{"allow":["GET"]}}],"collection":[{"href":"https:\/\/phantomdivers.com\/es\/wp-json\/wp\/v2\/pages"}],"about":[{"href":"https:\/\/phantomdivers.com\/es\/wp-json\/wp\/v2\/types\/page"}],"author":[{"embeddable":true,"href":"https:\/\/phantomdivers.com\/es\/wp-json\/wp\/v2\/users\/1"}],"replies":[{"embeddable":true,"href":"https:\/\/phantomdivers.com\/es\/wp-json\/wp\/v2\/comments?post=1255"}],"version-history":[{"count":9,"href":"https:\/\/phantomdivers.com\/es\/wp-json\/wp\/v2\/pages\/1255\/revisions"}],"predecessor-version":[{"id":5617,"href":"https:\/\/phantomdivers.com\/es\/wp-json\/wp\/v2\/pages\/1255\/revisions\/5617"}],"up":[{"embeddable":true,"href":"https:\/\/phantomdivers.com\/es\/wp-json\/wp\/v2\/pages\/1235"}],"wp:attachment":[{"href":"https:\/\/phantomdivers.com\/es\/wp-json\/wp\/v2\/media?parent=1255"}],"curies":[{"name":"wp","href":"https:\/\/api.w.org\/{rel}","templated":true}]}}