{"id":1252,"date":"2019-07-19T21:30:14","date_gmt":"2019-07-19T21:30:14","guid":{"rendered":"http:\/\/phantomdivers.com\/excursiones\/snorkel\/"},"modified":"2025-09-27T10:17:39","modified_gmt":"2025-09-27T15:17:39","slug":"tours-de-snorkel","status":"publish","type":"page","link":"https:\/\/phantomdivers.com\/es\/excursiones\/tours-de-snorkel\/","title":{"rendered":"Tours de snorkel"},"content":{"rendered":"<section class=\"wpb-content-wrapper\"><p>[vc_row full_width=&#8221;stretch_row_content&#8221; css=&#8221;.vc_custom_1563566761802{padding-top: 20px !important;}&#8221;][vc_column width=&#8221;1\/2&#8243; css=&#8221;.vc_custom_1563566789576{padding-top: 20px !important;}&#8221;][vc_images_carousel images=&#8221;933,980,983,986&#8243; img_size=&#8221;full&#8221; autoplay=&#8221;yes&#8221; hide_pagination_control=&#8221;yes&#8221; wrap=&#8221;yes&#8221;][\/vc_column][vc_column width=&#8221;1\/2&#8243; css=&#8221;.vc_custom_1563487977412{padding-top: 20px !important;padding-right: 10px !important;}&#8221;][vc_column_text]<\/p>\n<h2><strong><span class=\"ace-all-bold-hthree\" style=\"font-size: 28px;\"><b>TOURS DE SNORKEL<\/b><\/span><br \/>\n<\/strong><\/h2>\n<hr \/>\n<p><span style=\"color: #000000;\">TOUR DE SNORKEL EN PLAYA DEL CARMEN<br \/>\nTOUR DE SNORKEL EN COZUMEL<\/span><\/p>\n<h3 style=\"font-size: 28px;\"><strong>DETALLES<\/strong><\/h3>\n<p>[\/vc_column_text][vc_tta_accordion style=&#8221;flat&#8221; shape=&#8221;square&#8221; color=&#8221;blue&#8221; c_icon=&#8221;&#8221; active_section=&#8221;5&#8243;][vc_tta_section title=&#8221;Tour de snorkel en Playa del Carmen&#8221; tab_id=&#8221;1563565961528-c6c5a4ea-61ac&#8221;][vc_column_text]<\/p>\n<div><span style=\"color: #000000;\">Esta actividad es una forma divertida y relajante de ver el mundo multicolor bajo la superficie del mar, puede ser tu primer acercamiento al mundo de las actividades submarinas o simplemente una actividad que te invita a sorprenderte con la sensaci\u00f3n relajante de flotar y estar sumergido en el paisaje submarino.<\/span><\/div>\n<div><span style=\"color: #000000;\">Puedes elegir entre hacer una excursi\u00f3n de snorkeling en un colorido arrecife de coral con muchos peces o en un hermoso arrecife ubicado en la bah\u00eda de Inah al sur de Playa del Carmen, donde tendr\u00e1s la oportunidad de ver tortugas, rayas, peces, etc.<\/span><\/div>\n<div><\/div>\n<div><span style=\"color: #000000;\"><strong>HORARIOS:<\/strong><\/span><\/div>\n<div><span style=\"color: #000000;\">Ma\u00f1ana: Check in 10:00 am a 12:00 pm<\/span><\/div>\n<div><span style=\"color: #000000;\">Tarde: Check in 1:00 pm a 3:00 pm<\/span><\/div>\n<div><span style=\"color: #000000;\">\u00a0<\/span><\/div>\n<div><span style=\"color: #000000;\"><strong>INCLUYE:<\/strong><\/span><\/div>\n<div><span style=\"color: #000000;\">1. Gu\u00eda de snorkel.<\/span><\/div>\n<div><span style=\"color: #000000;\">2. Equipo de snorkel.<\/span><\/div>\n<div><span style=\"color: #000000;\">3. Agua purificada.<\/span><\/div>\n<div><span style=\"color: #000000;\">\u00a0<\/span><\/div>\n<div><span style=\"color: #000000;\"><strong>PRECIOS:<\/strong><\/span><\/div>\n<div><span style=\"color: #000000;\">$1120 MXN (1 \u00bd HORA) \u2013 Arrecife de coral<\/span><\/div>\n<div><span style=\"color: #000000;\">$1440 MXN POR PERSONA\u00a0 (2 \u00bd HORAS) \u2013 Bah\u00eda Punta Inah<\/span><\/div>\n<p>[\/vc_column_text][\/vc_tta_section][vc_tta_section title=&#8221;Tour de snorkel en Cozumel&#8221; tab_id=&#8221;1563565961624-544d4e2a-d375&#8243;][vc_column_text]<\/p>\n<div><span style=\"color: #000000;\">Cozumel es uno de los lugares m\u00e1s famosos para vivir una aventura acu\u00e1tica, con coloridos arrecifes y formaciones de coral. Disfrutar\u00e1s del snorkeling en 3 puntos diferentes de esta hermosa isla.<\/span><\/div>\n<div><\/div>\n<div><span class=\"ace-all-bold-hthree\" style=\"color: #000000;\"><b>HORARIOS:<\/b><\/span><\/div>\n<div><span style=\"color: #000000;\">Check in 9:00 am en Phantom Divers<\/span><\/div>\n<div><span style=\"color: #000000;\">Ferry a las 10:00 am *<\/span><\/div>\n<div><span style=\"color: #000000;\">\u00a0<\/span><\/div>\n<div><span style=\"color: #000000;\"><b>INCLUYE<\/b>:<\/span><\/div>\n<div><span style=\"color: #000000;\">1. Gu\u00eda de snorkel.<\/span><\/div>\n<div><span style=\"color: #000000;\">2. Equipo de snorkel.<\/span><\/div>\n<div><span style=\"color: #000000;\">3. Agua purificada.<\/span><\/div>\n<div><span style=\"color: #000000;\">\u00a0\u00a0<\/span><\/div>\n<div><span style=\"color: #000000;\"><b>PRECIO<\/b>:<\/span><\/div>\n<div><span style=\"color: #000000;\">$1660 MXN *<\/span><\/div>\n<div><span style=\"color: #000000;\">\u00a0\u00a0<\/span><\/div>\n<div><b><span style=\"color: #000000;\">*** Tickets de ferry a Cozumel y costo de parque marino no incluidos.<\/span><\/b><\/div>\n<p>[\/vc_column_text][\/vc_tta_section][\/vc_tta_accordion][vc_btn title=&#8221;RESERVAR AHORA&#8221; style=&#8221;flat&#8221; shape=&#8221;square&#8221; color=&#8221;primary&#8221; link=&#8221;url:%2Fes%2Fcontactanos%2F|||&#8221; css=&#8221;.vc_custom_1565034716439{padding-top: 40px !important;}&#8221;][\/vc_column][\/vc_row][vc_row full_width=&#8221;stretch_row_content&#8221;][vc_column][vc_empty_space][\/vc_column][\/vc_row]<\/p>\n<\/section>","protected":false},"excerpt":{"rendered":"<p>[vc_row full_width=&#8221;stretch_row_content&#8221; css=&#8221;.vc_custom_1563566761802{padding-top: 20px !important;}&#8221;][vc_column width=&#8221;1\/2&#8243; css=&#8221;.vc_custom_1563566789576{padding-top: 20px !important;}&#8221;][vc_images_carousel images=&#8221;933,980,983,986&#8243; img_size=&#8221;full&#8221; autoplay=&#8221;yes&#8221; hide_pagination_control=&#8221;yes&#8221; wrap=&#8221;yes&#8221;][\/vc_column][vc_column width=&#8221;1\/2&#8243; css=&#8221;.vc_custom_1563487977412{padding-top: 20px !important;padding-right: 10px !important;}&#8221;][vc_column_text] TOURS DE SNORKEL TOUR DE SNORKEL EN PLAYA DEL CARMEN TOUR DE SNORKEL EN COZUMEL DETALLES [\/vc_column_text][vc_tta_accordion style=&#8221;flat&#8221; shape=&#8221;square&#8221; color=&#8221;blue&#8221; c_icon=&#8221;&#8221; active_section=&#8221;5&#8243;][vc_tta_section title=&#8221;Tour de snorkel en Playa del Carmen&#8221; tab_id=&#8221;1563565961528-c6c5a4ea-61ac&#8221;][vc_column_text] Esta actividad es una forma [&hellip;]<\/p>\n","protected":false},"author":1,"featured_media":0,"parent":1235,"menu_order":0,"comment_status":"closed","ping_status":"closed","template":"","meta":{"footnotes":""},"class_list":["post-1252","page","type-page","status-publish","hentry"],"_links":{"self":[{"href":"https:\/\/phantomdivers.com\/es\/wp-json\/wp\/v2\/pages\/1252","targetHints":{"allow":["GET"]}}],"collection":[{"href":"https:\/\/phantomdivers.com\/es\/wp-json\/wp\/v2\/pages"}],"about":[{"href":"https:\/\/phantomdivers.com\/es\/wp-json\/wp\/v2\/types\/page"}],"author":[{"embeddable":true,"href":"https:\/\/phantomdivers.com\/es\/wp-json\/wp\/v2\/users\/1"}],"replies":[{"embeddable":true,"href":"https:\/\/phantomdivers.com\/es\/wp-json\/wp\/v2\/comments?post=1252"}],"version-history":[{"count":18,"href":"https:\/\/phantomdivers.com\/es\/wp-json\/wp\/v2\/pages\/1252\/revisions"}],"predecessor-version":[{"id":5619,"href":"https:\/\/phantomdivers.com\/es\/wp-json\/wp\/v2\/pages\/1252\/revisions\/5619"}],"up":[{"embeddable":true,"href":"https:\/\/phantomdivers.com\/es\/wp-json\/wp\/v2\/pages\/1235"}],"wp:attachment":[{"href":"https:\/\/phantomdivers.com\/es\/wp-json\/wp\/v2\/media?parent=1252"}],"curies":[{"name":"wp","href":"https:\/\/api.w.org\/{rel}","templated":true}]}}