{"id":1249,"date":"2019-07-19T21:13:45","date_gmt":"2019-07-19T21:13:45","guid":{"rendered":"http:\/\/phantomdivers.com\/excursiones\/special-dive-tours\/"},"modified":"2026-03-18T14:54:36","modified_gmt":"2026-03-18T19:54:36","slug":"tours-de-buceo-especiales","status":"publish","type":"page","link":"https:\/\/phantomdivers.com\/es\/excursiones\/tours-de-buceo-especiales\/","title":{"rendered":"Tours de buceo especiales"},"content":{"rendered":"<section class=\"wpb-content-wrapper\"><p>[vc_row full_width=&#8221;stretch_row_content&#8221; css=&#8221;.vc_custom_1563566761802{padding-top: 20px !important;}&#8221;][vc_column width=&#8221;1\/2&#8243; css=&#8221;.vc_custom_1563566789576{padding-top: 20px !important;}&#8221;][vc_images_carousel images=&#8221;968,971,4150,4153,4156,4159,4162&#8243; img_size=&#8221;full&#8221; autoplay=&#8221;yes&#8221; wrap=&#8221;yes&#8221;][\/vc_column][vc_column width=&#8221;1\/2&#8243; css=&#8221;.vc_custom_1563487977412{padding-top: 20px !important;padding-right: 10px !important;}&#8221;][vc_column_text]<\/p>\n<h2 class=\"p1\"><span class=\"s1\" style=\"font-size: 28px;\"><strong><b>TOURS DE BUCEO ESPECIALES<\/b><br \/>\n<\/strong><\/span><\/h2>\n<hr \/>\n<p><span style=\"color: #000000;\">PHANTOM DIVERS te ofrece bucear en los sitios de buceo m\u00e1s emocionantes de la Riviera Maya, pasando por el museo submarino en Isla Mujeres hasta un magn\u00edfico buceo en\u00a0un barco hundido en\u00a0Puerto Morelos.<\/span><\/p>\n<h3 style=\"font-size: 28px;\"><strong>DETALLES<\/strong><\/h3>\n<p>[\/vc_column_text][vc_tta_accordion style=&#8221;flat&#8221; shape=&#8221;square&#8221; color=&#8221;blue&#8221; c_icon=&#8221;&#8221; active_section=&#8221;5&#8243;][vc_tta_section title=&#8221;Buceo en musa &#8211; museo subacu\u00e1tico&#8221; tab_id=&#8221;1563565961528-c6c5a4ea-61ac&#8221;][vc_column_text]<\/p>\n<div><span style=\"color: #000000;\">\u00a1Descubre el museo submarino en Isla Mujeres y un hermoso arrecife de coral!<\/span><\/div>\n<div><span style=\"color: #000000;\">Te llevamos a sumergirte en las aguas que rodean nuestra hermosa Isla Mujeres, donde bucear\u00e1s en m\u00e1s de 450 esculturas de tama\u00f1o natural que forman parte del monumental Museo de Arte Contempor\u00e1neo, llamado MUSA (Museo de Arte Subacu\u00e1tico) que se form\u00f3 en 2009.<\/span><\/div>\n<div><\/div>\n<div><span class=\"ace-all-bold-hthree\" style=\"color: #000000;\"><b>HORARIO:<\/b><\/span><\/div>\n<div><span style=\"color: #000000;\">Check in 10:00 am en Solo Buceo \u2013 3:00 pm.<\/span><\/div>\n<div><span style=\"color: #000000;\">\u00a0<\/span><\/div>\n<div><span style=\"color: #000000;\"><b>INCLUYE<\/b>:<\/span><\/div>\n<div><span style=\"color: #000000;\">\u00a01. Gu\u00eda certificado.<\/span><\/div>\n<div><span style=\"color: #000000;\">\u00a02. Buceo de 1 tanque en MUSA \u2013 Museo submarino.<\/span><\/div>\n<div><span style=\"color: #000000;\">\u00a03. Buceo de 1 tanque en arrecifes de Canc\u00fan.<\/span><\/div>\n<div><span style=\"color: #000000;\">\u00a04. Bebidas.<\/span><\/div>\n<div><span style=\"color: #000000;\">\u00a05. Tanques y plomo.<\/span><\/div>\n<div><span style=\"color: #000000;\">\u00a0<\/span><\/div>\n<div><span style=\"color: #000000;\">\u00a0<b>PRECIOS<\/b>:<\/span><\/div>\n<div><span style=\"color: #000000;\">2 TANQUES: $2440 MXN * (transporte a Canc\u00fan no incluido).<\/span><\/div>\n<div><span style=\"color: #000000;\">* Renta de equipos: $440 MXN.<\/span><\/div>\n<div><span style=\"color: #000000;\">(*Admisi\u00f3n al parque subacu\u00e1tico: $120 MXN incluido en el precio)<\/span><\/div>\n<p>[\/vc_column_text][\/vc_tta_section][vc_tta_section title=&#8221;Introducci\u00f3n de buceo SSI en Musa para buzos no certificados &#8211; museo subacu\u00e1tico&#8221; tab_id=&#8221;1563565961624-544d4e2a-d375&#8243;][vc_column_text]<\/p>\n<div><span style=\"color: #000000;\"><strong>Buceo de 2 tanques:<\/strong><\/span><\/div>\n<div><span style=\"color: #000000;\">En su primer buceo, te llevaremos a descubrir el Museo Submarino en las aguas que rodean Isla Mujeres, y para nuestro segundo buceo visitaremos el hermoso arrecife de coral llamado Manchones, uno de los favoritos de los buceadores, ya que tiene una barrera de coral de 12 kil\u00f3metros de largo con formaciones \u00fanicas, majestuosas, card\u00famen de peces y una gran cantidad de flora que juntos crean un universo de color de la impresionante vida marina que est\u00e1 lista para ser descubierta.<\/span><\/div>\n<div><\/div>\n<div><span style=\"color: #000000;\"><b>HORARIO<\/b>:<\/span><\/div>\n<div><span style=\"color: #000000;\">Check in: 9:00 am en Solo Buceo<\/span><\/div>\n<div><span style=\"color: #000000;\">\u00a0\u2013 3:00 pm.<\/span><\/div>\n<div><span style=\"color: #000000;\">\u00a0<\/span><\/div>\n<div><span style=\"color: #000000;\"><b>INCLUYE<\/b>:<\/span><\/div>\n<div><span style=\"color: #000000;\">1. Una clase en la que aprender\u00e1s los conceptos b\u00e1sicos del buceo.<\/span><\/div>\n<div><span style=\"color: #000000;\">2. Ejercicios en aguas abiertas poco profundas donde practicar\u00e1s las habilidades aprendidas en la parte te\u00f3rica.<\/span><\/div>\n<div><span style=\"color: #000000;\">3. Buceo en barco de 1 tanque en MUSA \u2013 Museo submarino con una profundidad m\u00e1xima de 12 metros.<\/span><\/div>\n<div><span style=\"color: #000000;\">4. Buceo de 1 tanque en los arrecifes de Canc\u00fan con una profundidad m\u00e1xima de 12 metros.<\/span><\/div>\n<div><span style=\"color: #000000;\">5. Gu\u00eda certificado.<\/span><\/div>\n<div><span style=\"color: #000000;\">6. Bebidas.<\/span><\/div>\n<div><span style=\"color: #000000;\">7. Renta de equipos.<\/span><\/div>\n<div><span style=\"color: #000000;\">\u00a0<\/span><\/div>\n<div><strong><span style=\"color: #000000;\">PRECIOS:<\/span><\/strong><\/div>\n<div><span style=\"color: #000000;\">2 TANQUES: $3660 MXN (transporte a Canc\u00fan no incluido).<\/span><\/div>\n<div><span style=\"color: #000000;\">(*Admisi\u00f3n al parque subacu\u00e1tico: $120 MXN incluido en el precio)<\/span><\/div>\n<p>[\/vc_column_text][\/vc_tta_section][vc_tta_section title=&#8221;Buceo en Puerto Morelos (Barco hundido)&#8221; tab_id=&#8221;1563566235339-60a56184-251c&#8221;][vc_column_text]<\/p>\n<div><span style=\"color: #000000;\">Bucea en barco hundido, en el ca\u00f1onero C-56 y descubre el maravilloso arrecife en Puerto Morelos. Para grupos de 4 o m\u00e1s.<\/span><\/div>\n<div><span style=\"color: #000000;\">\u00a0<\/span><\/div>\n<div><strong><span style=\"color: #000000;\">HORARIOS:<\/span><\/strong><\/div>\n<div><span style=\"color: #000000;\">Check in: 8:30 am (Phantom Divers) \u2013 2:00 pm.<\/span><\/div>\n<div><span style=\"color: #000000;\">\u00a0<\/span><\/div>\n<div><strong><span style=\"color: #000000;\">INCLUYE:<\/span><\/strong><\/div>\n<div><span style=\"color: #000000;\">1. Transporte Playa del Carmen \/ Puerto Morelos.<\/span><\/div>\n<div><span style=\"color: #000000;\">2. Gu\u00eda certificado.<\/span><\/div>\n<div><span style=\"color: #000000;\">3. Buceo en bote de 2 tanques.<\/span><\/div>\n<div><span style=\"color: #000000;\">4. Bebidas.<\/span><\/div>\n<div><span style=\"color: #000000;\">5. Tanques y plomo.<\/span><\/div>\n<div><span style=\"color: #000000;\">\u00a0<\/span><\/div>\n<div><strong><span style=\"color: #000000;\">\u00a0PRECIOS:<\/span><\/strong><\/div>\n<div><span style=\"color: #000000;\">\u00a02 TANQUES: $3220 MXN<\/span><\/div>\n<div><span style=\"color: #000000;\">Renta de equipo: $440 MXN<\/span><\/div>\n<p>[\/vc_column_text][\/vc_tta_section][\/vc_tta_accordion][vc_btn title=&#8221;RESERVAR AHORA&#8221; style=&#8221;flat&#8221; shape=&#8221;square&#8221; color=&#8221;primary&#8221; link=&#8221;url:%2Fes%2Fcontactanos%2F|||&#8221; css=&#8221;.vc_custom_1565034639944{padding-top: 40px !important;}&#8221;][\/vc_column][\/vc_row][vc_row full_width=&#8221;stretch_row_content&#8221;][vc_column][vc_empty_space][\/vc_column][\/vc_row]<\/p>\n<\/section>","protected":false},"excerpt":{"rendered":"<p>[vc_row full_width=&#8221;stretch_row_content&#8221; css=&#8221;.vc_custom_1563566761802{padding-top: 20px !important;}&#8221;][vc_column width=&#8221;1\/2&#8243; css=&#8221;.vc_custom_1563566789576{padding-top: 20px !important;}&#8221;][vc_images_carousel images=&#8221;968,971,4150,4153,4156,4159,4162&#8243; img_size=&#8221;full&#8221; autoplay=&#8221;yes&#8221; wrap=&#8221;yes&#8221;][\/vc_column][vc_column width=&#8221;1\/2&#8243; css=&#8221;.vc_custom_1563487977412{padding-top: 20px !important;padding-right: 10px !important;}&#8221;][vc_column_text] TOURS DE BUCEO ESPECIALES PHANTOM DIVERS te ofrece bucear en los sitios de buceo m\u00e1s emocionantes de la Riviera Maya, pasando por el museo submarino en Isla Mujeres hasta un magn\u00edfico buceo en\u00a0un barco hundido en\u00a0Puerto [&hellip;]<\/p>\n","protected":false},"author":1,"featured_media":0,"parent":1235,"menu_order":0,"comment_status":"closed","ping_status":"closed","template":"","meta":{"footnotes":""},"class_list":["post-1249","page","type-page","status-publish","hentry"],"_links":{"self":[{"href":"https:\/\/phantomdivers.com\/es\/wp-json\/wp\/v2\/pages\/1249","targetHints":{"allow":["GET"]}}],"collection":[{"href":"https:\/\/phantomdivers.com\/es\/wp-json\/wp\/v2\/pages"}],"about":[{"href":"https:\/\/phantomdivers.com\/es\/wp-json\/wp\/v2\/types\/page"}],"author":[{"embeddable":true,"href":"https:\/\/phantomdivers.com\/es\/wp-json\/wp\/v2\/users\/1"}],"replies":[{"embeddable":true,"href":"https:\/\/phantomdivers.com\/es\/wp-json\/wp\/v2\/comments?post=1249"}],"version-history":[{"count":14,"href":"https:\/\/phantomdivers.com\/es\/wp-json\/wp\/v2\/pages\/1249\/revisions"}],"predecessor-version":[{"id":5711,"href":"https:\/\/phantomdivers.com\/es\/wp-json\/wp\/v2\/pages\/1249\/revisions\/5711"}],"up":[{"embeddable":true,"href":"https:\/\/phantomdivers.com\/es\/wp-json\/wp\/v2\/pages\/1235"}],"wp:attachment":[{"href":"https:\/\/phantomdivers.com\/es\/wp-json\/wp\/v2\/media?parent=1249"}],"curies":[{"name":"wp","href":"https:\/\/api.w.org\/{rel}","templated":true}]}}