{"id":1242,"date":"2019-07-19T20:16:07","date_gmt":"2019-07-19T20:16:07","guid":{"rendered":"http:\/\/phantomdivers.com\/excursiones\/cenote-2\/"},"modified":"2025-09-27T09:30:18","modified_gmt":"2025-09-27T14:30:18","slug":"cenote-2es","status":"publish","type":"page","link":"https:\/\/phantomdivers.com\/es\/excursiones\/cenote-2es\/","title":{"rendered":"Cenote"},"content":{"rendered":"<section class=\"wpb-content-wrapper\"><p>[vc_row full_width=&#8221;stretch_row_content&#8221; css=&#8221;.vc_custom_1563566761802{padding-top: 20px !important;}&#8221;][vc_column width=&#8221;1\/2&#8243; css=&#8221;.vc_custom_1563566789576{padding-top: 20px !important;}&#8221;][vc_single_image image=&#8221;924&#8243; img_size=&#8221;full&#8221;][\/vc_column][vc_column width=&#8221;1\/2&#8243; css=&#8221;.vc_custom_1563487977412{padding-top: 20px !important;padding-right: 10px !important;}&#8221;][vc_column_text]<\/p>\n<h2 class=\"p1\"><span class=\"s1\" style=\"color: #000000; font-size: 28px;\"><strong>BUCEO EN CENOTE<br \/>\n<\/strong><\/span><\/h2>\n<hr \/>\n<p class=\"p1\"><span style=\"color: #000000;\">Los Cenotes son sistemas de cavernas inundadas formadas por r\u00edos cristalinos subterr\u00e1neos t\u00edpicos de la regi\u00f3n. En estos lugares se pueden encontrar incre\u00edbles estalactitas, estalagmitas y f\u00f3siles marinos. Con una visibilidad de m\u00e1s de 50 metros, los cenotes son un singular punto de atracci\u00f3n y una infaltable visita para cualquier buceador.<\/span><\/p>\n<h3 style=\"font-size: 28px;\"><strong>DETALLES<\/strong><\/h3>\n<p>[\/vc_column_text][vc_tta_accordion style=&#8221;flat&#8221; shape=&#8221;square&#8221; color=&#8221;blue&#8221; c_icon=&#8221;&#8221; active_section=&#8221;5&#8243;][vc_tta_section title=&#8221;Cenote&#8221; tab_id=&#8221;1563565961528-c6c5a4ea-61ac&#8221;][vc_column_text]<\/p>\n<p class=\"p1\"><span style=\"color: #000000;\"><strong><span class=\"s1\">DESCRIPCION:<br \/>\n<\/span><\/strong>Los Cenotes son sistemas de cavernas inundadas formadas por r\u00edos cristalinos subterr\u00e1neos t\u00edpicos de la regi\u00f3n. En estos lugares se pueden encontrar incre\u00edbles estalactitas, estalagmitas y f\u00f3siles marinos. Con una visibilidad de m\u00e1s de 50 metros, los cenotes son un singular punto de atracci\u00f3n y una infaltable visita para cualquier buceador.<br \/>\n<\/span><\/p>\n<p>[\/vc_column_text][\/vc_tta_section][vc_tta_section title=&#8221;Incluye&#8221; tab_id=&#8221;1564086826885-5233d509-15d4&#8243;][vc_column_text]<\/p>\n<p><span style=\"color: #000000;\"><span class=\"ace-all-bold-hthree\"><b>INCLUYE:<br \/>\n<\/b><\/span>\u00a0 1. Transporte Playa del Carmen \/ Cenotes.<br \/>\n2. Gu\u00eda certificado en buceo de cuevas.<br \/>\n3. Derecho de entrada.<br \/>\n4. Refrigerios.<br \/>\n5. Almuerzo.<\/span><\/p>\n<p>[\/vc_column_text][\/vc_tta_section][vc_tta_section title=&#8221;Categor\u00eda&#8221; tab_id=&#8221;1563565961624-544d4e2a-d375&#8243;][vc_column_text]<span style=\"color: #000000;\"><b>CATEGOR\u00cdA A<\/b>:<\/span><\/p>\n<p><span style=\"color: #000000;\">Dos Ojos: Un cenote parcialmente descubierto ubicado a 55kms al sur de Playa del Carmen. Cuenta con dos l\u00edneas de buceo llenas de estalactitas y estalagmitas. Ya que este cenote no es abierto es un poco obscuro, pero el agua es cristalina as\u00ed que solo tienes que encender tu l\u00e1mpara y disfrutar.<\/span><\/p>\n<p><span style=\"color: #000000;\">Dream Gate: Un cenote parcialmente descubierto con dos l\u00edneas de buceo; ambas llenas de finas estalactitas y columnas. En este cenote podr\u00e1n ver las raices de los arboles de la jungla llegando hasta el agua adem\u00e1s de formaciones rocosas y haloclina (en donde se junta el agua salada con el agua dulce).<\/span><\/p>\n<p><span style=\"color: #000000;\">* Para este buceo se requiere de un gran control de flotabilidad debido a las delicadas formaciones y el suelo sedimentado.<\/span><\/p>\n<p><span style=\"color: #000000;\"><b>CATEGOR\u00cdA B<\/b>:<\/span><\/p>\n<p><span style=\"color: #000000;\">Dos buceos de caverna en dos diferentes cenotes (1 cenote profundo + 1 cenote bajo). Para este tour se requieren al menos 4 buzos experimentados.<\/span><\/p>\n<ul>\n<li style=\"color: #000000;\">El Pit + Dos Ojos \/ El Pit + Nicte Ha \/ Dos Ojos + Nicte Ha.<\/li>\n<li style=\"color: #000000;\">Angelita + Car Wash (Aktun Ha) \/ Angelita + Casa Cenote \/ Angelita + Tajma Ha.<\/li>\n<\/ul>\n<p><span style=\"color: #000000;\">*Angelita y El Pit son dos de los cenotes m\u00e1s populares del \u00e1rea; muchos buzos se refieren a ellos como el cielo y el inframundo por los colores que se ven en cada uno. Cuando el sol est\u00e1 exactamente arriba del Pit se pueden ver rayos de luz que van desde la superficie hasta el fondo d\u00e1ndole al cenote diferentes tonos de azul. Mientras que el cenote Angelita tiene una vibra m\u00edstica al llegas a la nube ya que los colores empiezan a cambiar de azul a verde, amarillo y naranja mientras te vas adentrando el la nube. Esta es, sin duda,\u00a0 una expriencia que los buzos experimentados no se pueden perder. <\/span>[\/vc_column_text][\/vc_tta_section][vc_tta_section title=&#8221;Precios&#8221; tab_id=&#8221;1563566235339-60a56184-251c&#8221;][vc_column_text]<\/p>\n<div><span class=\"ace-all-bold-hthree\" style=\"color: #000000;\"><b>HORARIO:\u00a0<\/b><\/span><\/div>\n<div>\n<p><span style=\"color: #000000;\">Check in: 8:30 am \u2013 2:00-3:00 pm dependiendo del Cenote<\/span><\/p>\n<p>&nbsp;<\/p>\n<\/div>\n<div><span style=\"color: #000000;\"><strong><span class=\" \">PRECIOS:\u00a0<\/span><\/strong><\/span><\/div>\n<div><span style=\"color: #000000;\">2 TANQUES CENOTES<\/span><\/div>\n<div><span style=\"color: #000000;\">Categor\u00eda A: $4000 MXN\u00a0 \u00a0 \u00a0 \u00a0 \u00a0 \u00a0 \u00a0(Acompa\u00f1ante: $1900 MXN)<\/span><\/div>\n<div><span style=\"color: #000000;\">Categor\u00eda B: $4440 MXN\u00a0 \u00a0 \u00a0 \u00a0 \u00a0 \u00a0 \u00a0(Acompa\u00f1ante: $2120 MXN) \u00a0 \u00a0 \u00a0 <i>MIN. 4 PAX<\/i><\/span><\/div>\n<div><span style=\"color: #000000;\">Renta Equipo: $560 MXN\u00a0\u00a0<\/span><\/div>\n<p>[\/vc_column_text][\/vc_tta_section][\/vc_tta_accordion][vc_btn title=&#8221;RESERVAR AHORA&#8221; style=&#8221;flat&#8221; shape=&#8221;square&#8221; color=&#8221;primary&#8221; link=&#8221;url:%2Fes%2Fcontactanos%2F|||&#8221; css=&#8221;.vc_custom_1565034446021{padding-top: 40px !important;}&#8221;][\/vc_column][\/vc_row][vc_row full_width=&#8221;stretch_row_content&#8221;][vc_column][vc_empty_space][\/vc_column][\/vc_row]<\/p>\n<\/section>","protected":false},"excerpt":{"rendered":"<p>[vc_row full_width=&#8221;stretch_row_content&#8221; css=&#8221;.vc_custom_1563566761802{padding-top: 20px !important;}&#8221;][vc_column width=&#8221;1\/2&#8243; css=&#8221;.vc_custom_1563566789576{padding-top: 20px !important;}&#8221;][vc_single_image image=&#8221;924&#8243; img_size=&#8221;full&#8221;][\/vc_column][vc_column width=&#8221;1\/2&#8243; css=&#8221;.vc_custom_1563487977412{padding-top: 20px !important;padding-right: 10px !important;}&#8221;][vc_column_text] BUCEO EN CENOTE Los Cenotes son sistemas de cavernas inundadas formadas por r\u00edos cristalinos subterr\u00e1neos t\u00edpicos de la regi\u00f3n. En estos lugares se pueden encontrar incre\u00edbles estalactitas, estalagmitas y f\u00f3siles marinos. Con una visibilidad de m\u00e1s de 50 [&hellip;]<\/p>\n","protected":false},"author":1,"featured_media":0,"parent":1235,"menu_order":0,"comment_status":"closed","ping_status":"closed","template":"","meta":{"footnotes":""},"class_list":["post-1242","page","type-page","status-publish","hentry"],"_links":{"self":[{"href":"https:\/\/phantomdivers.com\/es\/wp-json\/wp\/v2\/pages\/1242","targetHints":{"allow":["GET"]}}],"collection":[{"href":"https:\/\/phantomdivers.com\/es\/wp-json\/wp\/v2\/pages"}],"about":[{"href":"https:\/\/phantomdivers.com\/es\/wp-json\/wp\/v2\/types\/page"}],"author":[{"embeddable":true,"href":"https:\/\/phantomdivers.com\/es\/wp-json\/wp\/v2\/users\/1"}],"replies":[{"embeddable":true,"href":"https:\/\/phantomdivers.com\/es\/wp-json\/wp\/v2\/comments?post=1242"}],"version-history":[{"count":15,"href":"https:\/\/phantomdivers.com\/es\/wp-json\/wp\/v2\/pages\/1242\/revisions"}],"predecessor-version":[{"id":5600,"href":"https:\/\/phantomdivers.com\/es\/wp-json\/wp\/v2\/pages\/1242\/revisions\/5600"}],"up":[{"embeddable":true,"href":"https:\/\/phantomdivers.com\/es\/wp-json\/wp\/v2\/pages\/1235"}],"wp:attachment":[{"href":"https:\/\/phantomdivers.com\/es\/wp-json\/wp\/v2\/media?parent=1242"}],"curies":[{"name":"wp","href":"https:\/\/api.w.org\/{rel}","templated":true}]}}