{"id":1238,"date":"2019-07-19T20:01:24","date_gmt":"2019-07-19T20:01:24","guid":{"rendered":"http:\/\/phantomdivers.com\/excursiones\/playa-del-carmen\/"},"modified":"2026-03-18T12:54:34","modified_gmt":"2026-03-18T17:54:34","slug":"playa-del-carmen-es","status":"publish","type":"page","link":"https:\/\/phantomdivers.com\/es\/excursiones\/playa-del-carmen-es\/","title":{"rendered":"Playa del Carmen"},"content":{"rendered":"<section class=\"wpb-content-wrapper\"><p>[vc_row full_width=&#8221;stretch_row_content&#8221; css=&#8221;.vc_custom_1563566761802{padding-top: 20px !important;}&#8221;][vc_column width=&#8221;1\/2&#8243; css=&#8221;.vc_custom_1563566789576{padding-top: 20px !important;}&#8221;][vc_images_carousel images=&#8221;921,945,948,951&#8243; img_size=&#8221;full&#8221; autoplay=&#8221;yes&#8221; wrap=&#8221;yes&#8221;][\/vc_column][vc_column width=&#8221;1\/2&#8243; css=&#8221;.vc_custom_1563487977412{padding-top: 20px !important;padding-right: 10px !important;}&#8221;][vc_column_text]<\/p>\n<h2 style=\"font-size: 28px;\">BUCEO EN PLAYA DEL CARMEN<\/h2>\n<div><span style=\"color: #000000;\">Playa del Carmen, es un famoso para\u00edso mundial que ofrece a los buzos la oportunidad de descubrir la vida submarina a lo largo de la costa de la segunda barrera de arrecifes m\u00e1s grande del mundo, estamos seguros que te encantar\u00e1. Independientemente de ser un buceador certificado con experiencia o si es tu primera vez bajo el agua.<\/span><\/div>\n<p><span style=\"color: #000000;\"><br \/>\nTOURS DIARIOS PARA BUZOS CERTIFICADOS<br \/>\nBUCEO NOCTURNO PARA BUZOS CERTIFICADOS<br \/>\nSSI SCUBA DIVER INTRODUCTION PARA BUZOS NO CERTIFICADOS<\/span><\/p>\n<h3 style=\"font-size: 28px;\">DETALLES<\/h3>\n<p>[\/vc_column_text][vc_tta_accordion style=&#8221;flat&#8221; shape=&#8221;square&#8221; color=&#8221;blue&#8221; c_icon=&#8221;&#8221; active_section=&#8221;5&#8243;][vc_tta_section title=&#8221;Tours diarios para buzos certificados&#8221; tab_id=&#8221;1563565961528-c6c5a4ea-61ac&#8221;][vc_column_text]<\/p>\n<div>\n<p><span style=\"color: #000000;\">PHANTOM DIVERS ofrece incre\u00edbles sitios de buceo donde puedes disfrutar de arrecifes como Tortugas, S\u00e1balos, Barracuda, Shangrila, Jardines, Cueva de Pargo, entre otros. Tambi\u00e9n tenemos paredes como Pared Verde, Chuzumbul, Moc-Che y buceo en barcos hundidos, todo en Playa del Carmen.<\/span><\/p>\n<p><span style=\"color: #000000;\"><b>HORARIO<\/b>:\u00a0<\/span><\/p>\n<\/div>\n<div><span style=\"color: #000000;\">Ma\u00f1ana: Check in: 8.30 am a 12.00 pm<\/span><\/div>\n<div>\n<p><span style=\"color: #000000;\">Tarde: Check in: 12.30 pm a 4.00 pm (buceos bajos)<\/span><\/p>\n<p><span style=\"color: #000000;\"><b>INCLUYE<\/b>:\u00a0<\/span><\/p>\n<\/div>\n<p><span style=\"color: #000000;\">1. Gu\u00eda<br \/>\n<\/span><span style=\"color: #000000;\">2. Tanques, plomo y agua purificada<\/span><\/p>\n<div><span class=\"ace-all-bold-hthree\" style=\"color: #000000;\"><b>PRECIO:<\/b><\/span><\/div>\n<div><span style=\"color: #000000;\">1 TANQUE: $1660 MXN<\/span><\/div>\n<div><span style=\"color: #000000;\">2 TANQUES: $1900 MXN<\/span><\/div>\n<div><span style=\"color: #000000;\">Renta de equipo: $440 MXN<\/span><\/div>\n<p>[\/vc_column_text][vc_btn title=&#8221;RESERVAR AHORA&#8221; style=&#8221;flat&#8221; shape=&#8221;square&#8221; color=&#8221;primary&#8221; link=&#8221;url:%2Fes%2Fcontactanos%2F|||&#8221; css=&#8221;.vc_custom_1565034314681{padding-top: 40px !important;}&#8221;][\/vc_tta_section][vc_tta_section title=&#8221;Buceo nocturno para buzos certificados&#8221; tab_id=&#8221;1563565961624-544d4e2a-d375&#8243;][vc_column_text]<\/p>\n<div><span style=\"color: #000000;\">PHANTOM DIVERS te lleva a una aventura \u00fanica llena de adrenalina y diversi\u00f3n. Buceo de un tanque para explorar la vida marina nocturna del arrecife y descubrir las diferentes especies que hacen su aparici\u00f3n al atardecer.<\/span><\/div>\n<div><\/div>\n<div><strong><span style=\"color: #000000;\">HORARIO:\u00a0<\/span><\/strong><\/div>\n<div><span style=\"color: #000000;\">30 minutos antes del atardecer.<\/span><\/div>\n<div><\/div>\n<div><strong><span style=\"color: #000000;\">INCLUYE:\u00a0<\/span><\/strong><\/div>\n<div><span style=\"color: #000000;\">1. Gu\u00eda\u00a0<\/span><\/div>\n<p><span style=\"color: #000000;\">2. Tanques, plomo y agua purificada\u00a0<\/span><\/p>\n<div><strong><span style=\"color: #000000;\">PRECIO:\u00a0<\/span><\/strong><\/div>\n<div><span style=\"color: #000000;\">1 TANQUE: $2120 MXN<\/span><\/div>\n<div><span style=\"color: #000000;\">Renta de equipo: $560 MXN<\/span><\/div>\n<p>[\/vc_column_text][vc_btn title=&#8221;RESERVAR AHORA&#8221; style=&#8221;flat&#8221; shape=&#8221;square&#8221; color=&#8221;primary&#8221; link=&#8221;url:%2Fes%2Fcontactanos%2F|||&#8221; css=&#8221;.vc_custom_1565034328898{padding-top: 40px !important;}&#8221;][\/vc_tta_section][vc_tta_section title=&#8221;Introducci\u00f3n de buceo SNSI para buzos no certificados&#8221; tab_id=&#8221;1563566235339-60a56184-251c&#8221;][vc_column_text]<\/p>\n<div><span style=\"color: #000000;\">Como buceadores no certificados, puedes tomar el curso Introducci\u00f3n de Buceo. Este curso incluye una clase de 30 minutos que explicar\u00e1 los conceptos b\u00e1sicos del buceo y c\u00f3mo manejar el equipo bajo el agua, algunos ejercicios en aguas confinadas y, finalmente, dos inmersiones, donde podr\u00e1s disfrutar de la vida marina en dos arrecifes de coral diferentes.<\/span><\/div>\n<div><\/div>\n<div><span style=\"color: #000000;\"><b>HORARIO<\/b>:<\/span><\/div>\n<div><span style=\"color: #000000;\">Check in: 12.00 pm<\/span><\/div>\n<div><span style=\"color: #000000;\">Duraci\u00f3n aproximada: 4 horas<\/span><\/div>\n<div><\/div>\n<div><span style=\"color: #000000;\"><b>INCLUYE<\/b>:\u00a0<\/span><\/div>\n<div><span style=\"color: #000000;\">1. Una clase en la que aprender\u00e1s los conceptos b\u00e1sicos del buceo.<\/span><\/div>\n<div><span style=\"color: #000000;\">2. Ejercicios en aguas abiertas poco profundas donde practicar\u00e1s las habilidades aprendidas en la parte te\u00f3rica.<\/span><\/div>\n<div><span style=\"color: #000000;\">3. 2 inmersiones en dos arrecifes diferentes, con una profundidad m\u00e1xima de 12 metros.<\/span><\/div>\n<div><span style=\"color: #000000;\">4. Gu\u00eda.<\/span><\/div>\n<div><span style=\"color: #000000;\">5. Tanques, plomo y agua purificada.<\/span><\/div>\n<div><span style=\"color: #000000;\">6. Alquiler de equipos.<\/span><\/div>\n<div><\/div>\n<div><span class=\"ace-all-bold-hthree\" style=\"color: #000000;\">\u00a0<b>PRECIOS:\u00a0<\/b><\/span><\/div>\n<div><span style=\"color: #000000;\">2 TANQUES: $2900 MXN<\/span><\/div>\n<p>[\/vc_column_text][vc_btn title=&#8221;RESERVAR AHORA&#8221; style=&#8221;flat&#8221; shape=&#8221;square&#8221; color=&#8221;primary&#8221; link=&#8221;url:%2Fes%2Fcontactanos%2F|||&#8221; css=&#8221;.vc_custom_1565034351635{padding-top: 40px !important;}&#8221;][\/vc_tta_section][\/vc_tta_accordion][\/vc_column][\/vc_row][vc_row full_width=&#8221;stretch_row_content&#8221;][vc_column][vc_empty_space][\/vc_column][\/vc_row]<\/p>\n<\/section>","protected":false},"excerpt":{"rendered":"<p>[vc_row full_width=&#8221;stretch_row_content&#8221; css=&#8221;.vc_custom_1563566761802{padding-top: 20px !important;}&#8221;][vc_column width=&#8221;1\/2&#8243; css=&#8221;.vc_custom_1563566789576{padding-top: 20px !important;}&#8221;][vc_images_carousel images=&#8221;921,945,948,951&#8243; img_size=&#8221;full&#8221; autoplay=&#8221;yes&#8221; wrap=&#8221;yes&#8221;][\/vc_column][vc_column width=&#8221;1\/2&#8243; css=&#8221;.vc_custom_1563487977412{padding-top: 20px !important;padding-right: 10px !important;}&#8221;][vc_column_text] BUCEO EN PLAYA DEL CARMEN Playa del Carmen, es un famoso para\u00edso mundial que ofrece a los buzos la oportunidad de descubrir la vida submarina a lo largo de la costa de la segunda barrera de [&hellip;]<\/p>\n","protected":false},"author":1,"featured_media":0,"parent":1235,"menu_order":0,"comment_status":"closed","ping_status":"closed","template":"","meta":{"footnotes":""},"class_list":["post-1238","page","type-page","status-publish","hentry"],"_links":{"self":[{"href":"https:\/\/phantomdivers.com\/es\/wp-json\/wp\/v2\/pages\/1238","targetHints":{"allow":["GET"]}}],"collection":[{"href":"https:\/\/phantomdivers.com\/es\/wp-json\/wp\/v2\/pages"}],"about":[{"href":"https:\/\/phantomdivers.com\/es\/wp-json\/wp\/v2\/types\/page"}],"author":[{"embeddable":true,"href":"https:\/\/phantomdivers.com\/es\/wp-json\/wp\/v2\/users\/1"}],"replies":[{"embeddable":true,"href":"https:\/\/phantomdivers.com\/es\/wp-json\/wp\/v2\/comments?post=1238"}],"version-history":[{"count":13,"href":"https:\/\/phantomdivers.com\/es\/wp-json\/wp\/v2\/pages\/1238\/revisions"}],"predecessor-version":[{"id":5692,"href":"https:\/\/phantomdivers.com\/es\/wp-json\/wp\/v2\/pages\/1238\/revisions\/5692"}],"up":[{"embeddable":true,"href":"https:\/\/phantomdivers.com\/es\/wp-json\/wp\/v2\/pages\/1235"}],"wp:attachment":[{"href":"https:\/\/phantomdivers.com\/es\/wp-json\/wp\/v2\/media?parent=1238"}],"curies":[{"name":"wp","href":"https:\/\/api.w.org\/{rel}","templated":true}]}}