{"id":1235,"date":"2019-07-19T19:14:25","date_gmt":"2019-07-19T19:14:25","guid":{"rendered":"http:\/\/phantomdivers.com\/tours\/"},"modified":"2026-03-18T12:58:54","modified_gmt":"2026-03-18T17:58:54","slug":"excursiones","status":"publish","type":"page","link":"https:\/\/phantomdivers.com\/es\/excursiones\/","title":{"rendered":"Excursiones"},"content":{"rendered":"<section class=\"wpb-content-wrapper\"><p>[vc_row full_width=&#8221;stretch_row_content&#8221;][vc_column width=&#8221;1\/2&#8243;][vc_single_image image=&#8221;921&#8243; img_size=&#8221;full&#8221; alignment=&#8221;right&#8221; css=&#8221;.vc_custom_1563563865170{padding-top: 40px !important;}&#8221;][\/vc_column][vc_column width=&#8221;1\/2&#8243; css=&#8221;.vc_custom_1563487977412{padding-top: 20px !important;padding-right: 10px !important;}&#8221;][vc_column_text]<\/p>\n<h2 class=\"p1\" style=\"text-align: left; font-size: 28px;\"><span style=\"color: #000000;\"><strong>BUCEO EN PLAYA DEL CARMEN<br \/>\n<\/strong><\/span><\/h2>\n<hr \/>\n<div><span style=\"color: #000000;\">Playa del Carmen, es un famoso para\u00edso mundial que ofrece a los buzos la oportunidad de descubrir la vida submarina a lo largo de la costa de la segunda barrera de arrecifes m\u00e1s grande del mundo, estamos seguros que te encantar\u00e1. Independientemente de ser un buceador certificado con experiencia o si es tu primera vez bajo el agua.<\/span><\/div>\n<p><span style=\"color: #000000;\"><br \/>\nTOURS DIARIOS PARA BUZOS CERTIFICADOS<br \/>\nBUCEO NOCTURNO PARA BUZOS CERTIFICADOS<br \/>\nSSI SCUBA DIVER INTRODUCTION PARA BUZOS NO CERTIFICADOS<\/span><\/p>\n<p>[\/vc_column_text][vc_btn title=&#8221;APRENDE M\u00c1S&#8221; style=&#8221;flat&#8221; shape=&#8221;square&#8221; color=&#8221;primary&#8221; link=&#8221;url:%2Fes%2Fexcursiones%2Fplaya-del-carmen-es%2F|||&#8221; css=&#8221;.vc_custom_1564084250123{padding-top: 40px !important;}&#8221;][\/vc_column][\/vc_row][vc_row full_width=&#8221;stretch_row_content&#8221;][vc_column][vc_empty_space][\/vc_column][\/vc_row][vc_row full_width=&#8221;stretch_row_content&#8221;][vc_column width=&#8221;1\/2&#8243;][vc_single_image image=&#8221;924&#8243; img_size=&#8221;full&#8221; alignment=&#8221;right&#8221; css=&#8221;.vc_custom_1563564016486{padding-top: 40px !important;}&#8221;][\/vc_column][vc_column width=&#8221;1\/2&#8243; css=&#8221;.vc_custom_1563487977412{padding-top: 20px !important;padding-right: 10px !important;}&#8221;][vc_column_text]<\/p>\n<h3 class=\"p1\" style=\"text-align: left; font-size: 28px;\"><span style=\"color: #000000;\"><strong>BUCEO EN CENOTE<br \/>\n<\/strong><\/span><\/h3>\n<hr \/>\n<p class=\"p1\"><span style=\"color: #000000;\">Los Cenotes son sistemas de cavernas inundadas formadas por r\u00edos cristalinos subterr\u00e1neos t\u00edpicos de la regi\u00f3n. En estos lugares se pueden encontrar incre\u00edbles estalactitas, estalagmitas y f\u00f3siles marinos. Con una visibilidad de m\u00e1s de 50 metros, los cenotes son un singular punto de atracci\u00f3n y una infaltable visita para cualquier buceador.<\/span><\/p>\n<p class=\"p1\" style=\"text-align: left;\"><span style=\"color: #000000;\">\u00a0<\/span><\/p>\n<p>[\/vc_column_text][vc_btn title=&#8221;APRENDE M\u00c1S&#8221; style=&#8221;flat&#8221; shape=&#8221;square&#8221; color=&#8221;primary&#8221; link=&#8221;url:%2Fes%2Fexcursiones%2Fcenote-2es%2F|||&#8221; css=&#8221;.vc_custom_1564084430143{padding-top: 40px !important;}&#8221;][\/vc_column][\/vc_row][vc_row full_width=&#8221;stretch_row_content&#8221;][vc_column][vc_empty_space][\/vc_column][\/vc_row][vc_row full_width=&#8221;stretch_row_content&#8221;][vc_column width=&#8221;1\/2&#8243;][vc_single_image image=&#8221;927&#8243; img_size=&#8221;full&#8221; alignment=&#8221;right&#8221; css=&#8221;.vc_custom_1563564170735{padding-top: 40px !important;}&#8221;][\/vc_column][vc_column width=&#8221;1\/2&#8243; css=&#8221;.vc_custom_1563487977412{padding-top: 20px !important;padding-right: 10px !important;}&#8221;][vc_column_text]<\/p>\n<p class=\"p1\" style=\"text-align: left;\"><span style=\"color: #000000; font-size: 28px;\"><strong><b>BUCEO<\/b> <b>\u00a0EN COZUMEL<\/b><br \/>\n<\/strong><\/span><\/p>\n<hr \/>\n<div><span style=\"color: #000000;\">La mundialmente famosa isla de Cozumel se encuentra frente a PLAYA DEL CARMEN, a solo 15 km de la costa (35 minutos en ferry), la mayor\u00eda de sus arrecifes forman parte del PARQUE NACIONAL MARINO desde 1996, el buceo en paredes es definitivamente la principal atracci\u00f3n. . Nuestro equipo asociado en Cozumel lo estar\u00e1 esperando, listo para guiarlo a vivir las hermosas experiencias de buceo o snorkeling:<\/span><\/div>\n<div><\/div>\n<p><span style=\"color: #000000;\">SALIDAS DIARIAS PARA BUZOS CERTIFICADOS<br \/>\nINTRODUCCI\u00d3N DE BUCEO SSI PARA BUZOS NO CERTIFICADOS<br \/>\nSNORKEL EN COZUMEL<\/span><\/p>\n<p>[\/vc_column_text][vc_btn title=&#8221;APRENDE M\u00c1S&#8221; style=&#8221;flat&#8221; shape=&#8221;square&#8221; color=&#8221;primary&#8221; link=&#8221;url:%2Fes%2Fexcursiones%2Fcozumel-es%2F|||&#8221; css=&#8221;.vc_custom_1564084687061{padding-top: 40px !important;}&#8221;][\/vc_column][\/vc_row][vc_row full_width=&#8221;stretch_row_content&#8221;][vc_column][vc_empty_space][\/vc_column][\/vc_row][vc_row full_width=&#8221;stretch_row_content&#8221;][vc_column width=&#8221;1\/2&#8243;][vc_single_image image=&#8221;930&#8243; img_size=&#8221;full&#8221; alignment=&#8221;right&#8221; css=&#8221;.vc_custom_1563564503597{padding-top: 40px !important;}&#8221;][\/vc_column][vc_column width=&#8221;1\/2&#8243; css=&#8221;.vc_custom_1563487977412{padding-top: 20px !important;padding-right: 10px !important;}&#8221;][vc_column_text]<\/p>\n<p class=\"p1\" style=\"text-align: left;\"><span style=\"color: #000000; font-size: 28px;\"><strong><b>TOURS DE BUCEO ESPECIALES<\/b><br \/>\n<\/strong><\/span><\/p>\n<hr \/>\n<p><span style=\"color: #000000;\">PHANTOM DIVERS te ofrece bucear en los sitios de buceo m\u00e1s emocionantes de la Riviera Maya, pasando por el museo submarino en Isla Mujeres hasta un magn\u00edfico buceo en un barco hundido en Puerto Morelos.<\/span><\/p>\n<p>[\/vc_column_text][vc_btn title=&#8221;APRENDE M\u00c1S&#8221; style=&#8221;flat&#8221; shape=&#8221;square&#8221; color=&#8221;primary&#8221; link=&#8221;url:%2Fes%2Fexcursiones%2Ftours-de-buceo-especiales%2F|||&#8221; css=&#8221;.vc_custom_1564084870274{padding-top: 40px !important;}&#8221;][\/vc_column][\/vc_row][vc_row full_width=&#8221;stretch_row_content&#8221;][vc_column][vc_empty_space][\/vc_column][\/vc_row][vc_row full_width=&#8221;stretch_row_content&#8221;][vc_column width=&#8221;1\/2&#8243;][vc_single_image image=&#8221;933&#8243; img_size=&#8221;full&#8221; alignment=&#8221;right&#8221; css=&#8221;.vc_custom_1563564618693{padding-top: 40px !important;}&#8221;][\/vc_column][vc_column width=&#8221;1\/2&#8243; css=&#8221;.vc_custom_1563487977412{padding-top: 20px !important;padding-right: 10px !important;}&#8221;][vc_column_text]<span style=\"color: #000000; font-size: 28px;\"><strong><b>TOURS DE SNORKEL<\/b><br \/>\n<\/strong><\/span><\/p>\n<hr \/>\n<p><span style=\"color: #000000;\">TOUR DE SNORKEL EN PLAYA DEL CARMEN<br \/>\nTOUR DE SNORKEL EN COZUMEL<br \/>\n<\/span>[\/vc_column_text][vc_btn title=&#8221;APRENDE M\u00c1S&#8221; style=&#8221;flat&#8221; shape=&#8221;square&#8221; color=&#8221;primary&#8221; link=&#8221;url:%2Fes%2Fexcursiones%2Ftours-de-snorkel%2F|||&#8221; css=&#8221;.vc_custom_1564085004383{padding-top: 40px !important;}&#8221;][\/vc_column][\/vc_row][vc_row full_width=&#8221;stretch_row_content&#8221;][vc_column][vc_empty_space][\/vc_column][\/vc_row][vc_row full_width=&#8221;stretch_row_content&#8221;][vc_column width=&#8221;1\/2&#8243;][vc_single_image image=&#8221;936&#8243; img_size=&#8221;full&#8221; alignment=&#8221;right&#8221; css=&#8221;.vc_custom_1563564757496{padding-top: 40px !important;}&#8221;][\/vc_column][vc_column width=&#8221;1\/2&#8243; css=&#8221;.vc_custom_1563487977412{padding-top: 20px !important;padding-right: 10px !important;}&#8221;][vc_column_text]<\/p>\n<p class=\"p1\" style=\"text-align: left; font-size: 28px;\"><span style=\"color: #000000;\"><strong><b>TIBUR\u00d3N BALLENA<\/b><br \/>\n<\/strong><\/span><\/p>\n<hr \/>\n<div><span style=\"color: #000000;\">Los tiburones ballena son los peces m\u00e1s grandes del oc\u00e9ano: pueden alcanzar 16 metros (50 pies) y de junio a mediados de septiembre, los tiburones ballena llegan al Canal de Yucat\u00e1n en M\u00e9xico, buscando las aguas caribe\u00f1as llenas de plancton.<\/span><\/div>\n<div><span style=\"color: #000000;\">Este tour es una experiencia \u00fanica durante la cual, adem\u00e1s de nadar con los impresionantes e inofensivos tiburones ballena, tambi\u00e9n podr\u00e1s avistar delfines y mantas.<\/span><\/div>\n<p>[\/vc_column_text][vc_btn title=&#8221;APRENDE M\u00c1S&#8221; style=&#8221;flat&#8221; shape=&#8221;square&#8221; color=&#8221;primary&#8221; link=&#8221;url:%2Fes%2Fexcursiones%2Ftiburon-ballena%2F|||&#8221; css=&#8221;.vc_custom_1564085163634{padding-top: 40px !important;}&#8221;][\/vc_column][\/vc_row][vc_row full_width=&#8221;stretch_row_content&#8221;][vc_column][vc_empty_space][\/vc_column][\/vc_row][vc_row full_width=&#8221;stretch_row_content&#8221;][vc_column width=&#8221;1\/2&#8243;][vc_single_image image=&#8221;939&#8243; img_size=&#8221;full&#8221; alignment=&#8221;right&#8221; css=&#8221;.vc_custom_1563564900396{padding-top: 40px !important;}&#8221;][\/vc_column][vc_column width=&#8221;1\/2&#8243; css=&#8221;.vc_custom_1563487977412{padding-top: 20px !important;padding-right: 10px !important;}&#8221;][vc_column_text]<\/p>\n<p class=\"p1\" style=\"text-align: left; font-size: 28px;\"><span style=\"color: #000000;\"><strong><b>SERVICIO DE FOTOGRAF\u00cdA Y VIDEO<\/b><br \/>\n<\/strong><\/span><\/p>\n<hr \/>\n<div><span style=\"color: #000000;\">En la mayor\u00eda de las inmersiones, PHANTOM DIVERS ofrece el mejor servicio de fotograf\u00eda y video brindado por profesionales con equipos de alta calidad, para que pueda llevar sus recuerdos a casa en formato digital.<\/span><\/div>\n<div><span style=\"color: #000000;\">\u00a0<\/span><\/div>\n<div><span style=\"color: #000000;\">Ofrecemos servicio de alquiler de \u00a0equipos profesionales de alta calidad para producciones de televisi\u00f3n y cine operado por nuestros camar\u00f3grafos profesionales.<\/span><\/div>\n<p class=\"p1\" style=\"text-align: left;\"><span style=\"color: #000000;\">\u00a0<\/span><\/p>\n<p>[\/vc_column_text][vc_btn title=&#8221;APRENDE M\u00c1S&#8221; style=&#8221;flat&#8221; shape=&#8221;square&#8221; color=&#8221;primary&#8221; link=&#8221;url:%2Fes%2Fexcursiones%2Fservicio-de-fotografia-y-video%2F|||&#8221; css=&#8221;.vc_custom_1564085332521{padding-top: 40px !important;}&#8221;][\/vc_column][\/vc_row][vc_row full_width=&#8221;stretch_row_content&#8221;][vc_column][vc_empty_space][\/vc_column][\/vc_row]<\/p>\n<\/section>","protected":false},"excerpt":{"rendered":"<p>[vc_row full_width=&#8221;stretch_row_content&#8221;][vc_column width=&#8221;1\/2&#8243;][vc_single_image image=&#8221;921&#8243; img_size=&#8221;full&#8221; alignment=&#8221;right&#8221; css=&#8221;.vc_custom_1563563865170{padding-top: 40px !important;}&#8221;][\/vc_column][vc_column width=&#8221;1\/2&#8243; css=&#8221;.vc_custom_1563487977412{padding-top: 20px !important;padding-right: 10px !important;}&#8221;][vc_column_text] BUCEO EN PLAYA DEL CARMEN Playa del Carmen, es un famoso para\u00edso mundial que ofrece a los buzos la oportunidad de descubrir la vida submarina a lo largo de la costa de la segunda barrera de arrecifes m\u00e1s grande del [&hellip;]<\/p>\n","protected":false},"author":1,"featured_media":0,"parent":0,"menu_order":0,"comment_status":"closed","ping_status":"closed","template":"","meta":{"footnotes":""},"class_list":["post-1235","page","type-page","status-publish","hentry"],"_links":{"self":[{"href":"https:\/\/phantomdivers.com\/es\/wp-json\/wp\/v2\/pages\/1235","targetHints":{"allow":["GET"]}}],"collection":[{"href":"https:\/\/phantomdivers.com\/es\/wp-json\/wp\/v2\/pages"}],"about":[{"href":"https:\/\/phantomdivers.com\/es\/wp-json\/wp\/v2\/types\/page"}],"author":[{"embeddable":true,"href":"https:\/\/phantomdivers.com\/es\/wp-json\/wp\/v2\/users\/1"}],"replies":[{"embeddable":true,"href":"https:\/\/phantomdivers.com\/es\/wp-json\/wp\/v2\/comments?post=1235"}],"version-history":[{"count":6,"href":"https:\/\/phantomdivers.com\/es\/wp-json\/wp\/v2\/pages\/1235\/revisions"}],"predecessor-version":[{"id":5695,"href":"https:\/\/phantomdivers.com\/es\/wp-json\/wp\/v2\/pages\/1235\/revisions\/5695"}],"wp:attachment":[{"href":"https:\/\/phantomdivers.com\/es\/wp-json\/wp\/v2\/media?parent=1235"}],"curies":[{"name":"wp","href":"https:\/\/api.w.org\/{rel}","templated":true}]}}