{"id":1232,"date":"2019-07-19T18:01:52","date_gmt":"2019-07-19T18:01:52","guid":{"rendered":"http:\/\/phantomdivers.com\/buceo-tiburones\/padi-shark-observer\/"},"modified":"2026-03-18T14:45:50","modified_gmt":"2026-03-18T19:45:50","slug":"ssi-observador-de-tiburones","status":"publish","type":"page","link":"https:\/\/phantomdivers.com\/es\/buceo-tiburones\/ssi-observador-de-tiburones\/","title":{"rendered":"SSI Observador de tiburones"},"content":{"rendered":"<section class=\"wpb-content-wrapper\"><p>[vc_row full_width=&#8221;stretch_row_content&#8221; css=&#8221;.vc_custom_1563556730526{padding-top: 20px !important;}&#8221;][vc_column width=&#8221;1\/2&#8243; css=&#8221;.vc_custom_1563556763700{padding-top: 20px !important;padding-bottom: 20px !important;}&#8221;][vc_images_carousel images=&#8221;885,874&#8243; img_size=&#8221;full&#8221; autoplay=&#8221;yes&#8221; hide_prev_next_buttons=&#8221;yes&#8221; wrap=&#8221;yes&#8221;][\/vc_column][vc_column width=&#8221;1\/2&#8243; css=&#8221;.vc_custom_1563558563212{padding-top: 20px !important;padding-left: 10px !important;}&#8221;][vc_column_text css=&#8221;.vc_custom_1564083541616{padding-bottom: 20px !important;}&#8221;]<\/p>\n<h2 style=\"font-size: 28px;\">SSI OBSERVADOR DE TIBURONES<\/h2>\n<div><span style=\"color: #000000;\">La experiencia que hemos adquirido durante los \u00faltimos a\u00f1os nos ha permitido crear una especialidad reconocida por SSI: Observador de tiburones. Este curso te ayudar\u00e1 a comprender el buceo con tiburones toro y a realizarlo de una manera segura y responsable.<\/span><\/div>\n<div><\/div>\n<div><span style=\"color: #000000;\">Este curso toma de 1 a 2 d\u00edas e incluye:<\/span><\/div>\n<div><span style=\"color: #000000;\">\u2013 Introducci\u00f3n a la biolog\u00eda del tibur\u00f3n toro (<b><i>Carcharhinus Leucas<\/i><\/b>).<\/span><\/div>\n<div><span style=\"color: #000000;\">\u2013 Revisi\u00f3n de conocimiento.<\/span><\/div>\n<div><span style=\"color: #000000;\">\u2013 V\u00eddeo explicativo sobre el buceo con tiburones toro.<\/span><\/div>\n<div><span style=\"color: #000000;\">\u2013 Tour de buceo de 2 tanques sin atracci\u00f3n, durante el cual es posible observar tiburones en su h\u00e1bitat natural, sin que esto sea una garant\u00eda.<\/span><\/div>\n<div><span style=\"color: #000000;\">\u2013 Una excursi\u00f3n de buceo Encuentro con tibur\u00f3n de 1 tanque (Alimentaci\u00f3n de tibur\u00f3n toro), durante la cual aprender\u00e1s a observar las caracter\u00edsticas espec\u00edficas de los tiburones (como el g\u00e9nero, las heridas, las marcas de nacimiento, los anzuelos, etc.), conocer\u00e1s diferentes comportamientos y los comparar\u00e1s.<\/span><\/div>\n<div><span style=\"color: #000000;\">\u2013 Examen final.<\/span><\/div>\n<div>\n<p><span style=\"color: #000000;\">\u2013 Certificaci\u00f3n SSI Observador de Tiburones.<\/span><\/p>\n<p>&nbsp;<\/p>\n<\/div>\n<h3 style=\"font-size: 28px;\">DETALLES<\/h3>\n<p>[\/vc_column_text][vc_tta_accordion style=&#8221;flat&#8221; shape=&#8221;square&#8221; color=&#8221;blue&#8221; c_icon=&#8221;&#8221; active_section=&#8221;5&#8243;][vc_tta_section title=&#8221;Requisitos&#8221; tab_id=&#8221;1563552032604-d253e329-da70&#8243;][vc_column_text]<\/p>\n<div><span style=\"color: #000000;\">\u2013 Certificaci\u00f3n en Aguas abiertas, con una experiencia m\u00ednima de 20 inmersiones registradas, o certificaci\u00f3n en Aguas abiertas Avanzado.<\/span><\/div>\n<div><span style=\"color: #000000;\">\u2013 Buen consumo de aire.<\/span><\/div>\n<div><span style=\"color: #000000;\">\u2013 Buenas t\u00e9cnicas de ecualizaci\u00f3n.<\/span><\/div>\n<p>[\/vc_column_text][\/vc_tta_section][vc_tta_section title=&#8221;Precio&#8221; tab_id=&#8221;1563552032636-397aa197-a14c&#8221;][vc_column_text]<\/p>\n<div><strong><span style=\"color: #000000;\">HORARIO:<\/span><\/strong><\/div>\n<div><span style=\"color: #000000;\">Ma\u00f1ana: Check in 8:30 am a 12:30 pm<\/span><\/div>\n<div><strong><span style=\"color: #000000;\">\u00a0<\/span><\/strong><\/div>\n<div><span style=\"color: #000000;\"><strong>PRECIO:<\/strong> $6900 MXN sin equipo de alquiler.<\/span><\/div>\n<div><span style=\"color: #000000;\">\u00a0 \u00a0 \u00a0 \u00a0 \u00a0 \u00a0 $7780 MXN con equipo de alquiler incluido.<\/span><\/div>\n<div><span style=\"color: #000000;\">\u00a0 \u00a0 \u00a0 \u00a0 \u00a0 \u00a0\u00a0<\/span><\/div>\n<div><span style=\"color: #000000;\">Es importante saber que los tiburones toro nos visitan entre noviembre y marzo, por lo que solo en este per\u00edodo es posible tomar el curso SSI Observador de tiburones.<\/span><\/div>\n<div><span style=\"color: #000000;\">\u00a0<\/span><\/div>\n<div>\n<p><span style=\"color: #000000;\"><span style=\"color: #000000;\">Al tomar este curso, apoyar\u00e1s a la Asociaci\u00f3n Civil<span style=\"color: #0000ff;\"><a class=\"attrlink\" style=\"color: #0000ff;\" href=\"https:\/\/www.savingoursharks.org\" target=\"_blank\" rel=\"noreferrer nofollow noopener\" data-target-href=\"https:\/\/www.savingoursharks.org\"><u> Saving Our Sharks<\/u><\/a><\/span><span style=\"color: #0000ff;\">*<\/span> ya que por cada certificaci\u00f3n emitida, se realiza una donaci\u00f3n.<\/span><\/span><\/p>\n<p><span style=\"color: #3366ff;\"><a style=\"color: #3366ff;\" href=\"https:\/\/www.youtube.com\/watch?v=5S4a-J3PRQc\" target=\"_blank\" rel=\"noopener noreferrer\"><b>VIDEO DE EXPLICACI\u00d3N DE LAS REGLAS Y CONDUCTA DEL BUCEO CON TIBUR\u00d3N TORO<\/b><\/a><\/span><br \/>\n<span style=\"color: #000000;\"><br \/>\n<\/span><\/p>\n<\/div>\n<p>[\/vc_column_text][\/vc_tta_section][\/vc_tta_accordion][vc_btn title=&#8221;RESERVAR AHORA&#8221; style=&#8221;flat&#8221; shape=&#8221;square&#8221; color=&#8221;blue&#8221; size=&#8221;lg&#8221; align=&#8221;left&#8221; link=&#8221;url:%2Fes%2Fcontactanos%2F|||&#8221;][\/vc_column][\/vc_row][vc_row full_width=&#8221;stretch_row_content&#8221;][vc_column][vc_empty_space][\/vc_column][\/vc_row]<\/p>\n<\/section>","protected":false},"excerpt":{"rendered":"<p>[vc_row full_width=&#8221;stretch_row_content&#8221; css=&#8221;.vc_custom_1563556730526{padding-top: 20px !important;}&#8221;][vc_column width=&#8221;1\/2&#8243; css=&#8221;.vc_custom_1563556763700{padding-top: 20px !important;padding-bottom: 20px !important;}&#8221;][vc_images_carousel images=&#8221;885,874&#8243; img_size=&#8221;full&#8221; autoplay=&#8221;yes&#8221; hide_prev_next_buttons=&#8221;yes&#8221; wrap=&#8221;yes&#8221;][\/vc_column][vc_column width=&#8221;1\/2&#8243; css=&#8221;.vc_custom_1563558563212{padding-top: 20px !important;padding-left: 10px !important;}&#8221;][vc_column_text css=&#8221;.vc_custom_1564083541616{padding-bottom: 20px !important;}&#8221;] SSI OBSERVADOR DE TIBURONES La experiencia que hemos adquirido durante los \u00faltimos a\u00f1os nos ha permitido crear una especialidad reconocida por SSI: Observador de tiburones. Este curso te ayudar\u00e1 a [&hellip;]<\/p>\n","protected":false},"author":1,"featured_media":0,"parent":1212,"menu_order":0,"comment_status":"closed","ping_status":"closed","template":"","meta":{"footnotes":""},"class_list":["post-1232","page","type-page","status-publish","hentry"],"_links":{"self":[{"href":"https:\/\/phantomdivers.com\/es\/wp-json\/wp\/v2\/pages\/1232","targetHints":{"allow":["GET"]}}],"collection":[{"href":"https:\/\/phantomdivers.com\/es\/wp-json\/wp\/v2\/pages"}],"about":[{"href":"https:\/\/phantomdivers.com\/es\/wp-json\/wp\/v2\/types\/page"}],"author":[{"embeddable":true,"href":"https:\/\/phantomdivers.com\/es\/wp-json\/wp\/v2\/users\/1"}],"replies":[{"embeddable":true,"href":"https:\/\/phantomdivers.com\/es\/wp-json\/wp\/v2\/comments?post=1232"}],"version-history":[{"count":10,"href":"https:\/\/phantomdivers.com\/es\/wp-json\/wp\/v2\/pages\/1232\/revisions"}],"predecessor-version":[{"id":5704,"href":"https:\/\/phantomdivers.com\/es\/wp-json\/wp\/v2\/pages\/1232\/revisions\/5704"}],"up":[{"embeddable":true,"href":"https:\/\/phantomdivers.com\/es\/wp-json\/wp\/v2\/pages\/1212"}],"wp:attachment":[{"href":"https:\/\/phantomdivers.com\/es\/wp-json\/wp\/v2\/media?parent=1232"}],"curies":[{"name":"wp","href":"https:\/\/api.w.org\/{rel}","templated":true}]}}