{"id":1229,"date":"2019-07-19T17:47:47","date_gmt":"2019-07-19T17:47:47","guid":{"rendered":"http:\/\/phantomdivers.com\/buceo-tiburones\/bull-shark-discovery\/"},"modified":"2025-09-27T09:49:15","modified_gmt":"2025-09-27T14:49:15","slug":"descubre-al-tiburon-toro","status":"publish","type":"page","link":"https:\/\/phantomdivers.com\/es\/buceo-tiburones\/descubre-al-tiburon-toro\/","title":{"rendered":"Descubre al Tibur\u00f3n Toro"},"content":{"rendered":"<section class=\"wpb-content-wrapper\"><p>[vc_row full_width=&#8221;stretch_row_content&#8221; css=&#8221;.vc_custom_1563556730526{padding-top: 20px !important;}&#8221;][vc_column width=&#8221;1\/2&#8243; css=&#8221;.vc_custom_1563556763700{padding-top: 20px !important;padding-bottom: 20px !important;}&#8221;][vc_single_image image=&#8221;882&#8243; img_size=&#8221;full&#8221;][\/vc_column][vc_column width=&#8221;1\/2&#8243; css=&#8221;.vc_custom_1563558563212{padding-top: 20px !important;padding-left: 10px !important;}&#8221;][vc_column_text css=&#8221;.vc_custom_1564077793938{padding-bottom: 20px !important;}&#8221;]<\/p>\n<h2 style=\"font-size: 28px;\">DESCUBRE AL TIBUR\u00d3N TORO<\/h2>\n<p><span style=\"color: #000000;\"><strong>DESCRIPCION:<\/strong><br \/>\n<\/span><\/p>\n<div>\n<div><span style=\"color: #000000;\">Estos buceos se realizan en un \u00e1rea de fondo arenoso a una profundidad de 18 metros, \u00a0se hace buceo con corriente durante 45 minutos cerca de la zona donde atraemos a los tiburones.<\/span><\/div>\n<div><\/div>\n<div>\n<p><span style=\"color: #000000;\">No usamos ning\u00fan tipo de carnada o cebo para atraer a los tiburones en esta inmersi\u00f3n, los \u00a0tiburones se ver\u00e1n en su ambiente natural y t\u00fa tendr\u00e1s la oportunidad de tomar fotos y \u00a0estar cerca de ellos.<\/span><\/p>\n<p>&nbsp;<\/p>\n<\/div>\n<\/div>\n<h3 style=\"font-size: 28px;\">DETALLES<\/h3>\n<p>[\/vc_column_text][vc_tta_accordion style=&#8221;flat&#8221; shape=&#8221;square&#8221; color=&#8221;blue&#8221; c_icon=&#8221;&#8221; active_section=&#8221;5&#8243;][vc_tta_section title=&#8221;Requisitos previos&#8221; tab_id=&#8221;1563552032604-d253e329-da70&#8243;][vc_column_text]<\/p>\n<div><span style=\"color: #000000;\">\u2013 Ser certificado en Aguas Abiertas.<\/span><\/div>\n<div><span style=\"color: #000000;\">\u2013 Buen consumo de aire.<\/span><\/div>\n<div><span style=\"color: #000000;\">\u2013 Buenas t\u00e9cnicas de compensaci\u00f3n.<\/span><\/div>\n<div><span style=\"color: #000000;\">\u2013 Escuchar atentamente y seguir el plan de buceo.<\/span><\/div>\n<div><span style=\"color: #000000;\">\u2013 Equipo adecuado (traje de neopreno completo, sin color brillante).<\/span><\/div>\n<p>[\/vc_column_text][\/vc_tta_section][vc_tta_section title=&#8221;Precio&#8221; tab_id=&#8221;1563552032636-397aa197-a14c&#8221;][vc_column_text]<\/p>\n<div><span class=\"ace-all-bold-hthree\" style=\"color: #000000;\"><span class=\" \"><b>HORARIO:<\/b><\/span><\/span><\/div>\n<div><span style=\"color: #000000;\">Ma\u00f1ana: Check in 8:30 am a 12:30 pm<\/span><\/div>\n<div><\/div>\n<div><span style=\"color: #000000;\"><b>PRECIO:<\/b> $2180 MXN (no hay reembolso si no se ven tiburones, incluye el brazalete de conservaci\u00f3n)\u00a0<\/span><\/div>\n<div><span style=\"color: #000000;\">\u00a0 \u00a0 \u00a0 \u00a0 \u00a0 + 440 MXN por renta de equipo. Debe ser en el mismo orden que en la otra excursi\u00f3n.\u00a0<\/span><\/div>\n<p>[\/vc_column_text][\/vc_tta_section][\/vc_tta_accordion][vc_btn title=&#8221;RESERVAR AHORA&#8221; style=&#8221;flat&#8221; shape=&#8221;square&#8221; color=&#8221;blue&#8221; size=&#8221;lg&#8221; align=&#8221;left&#8221; link=&#8221;url:%2Fes%2Fcontactanos%2F|||&#8221;][\/vc_column][\/vc_row][vc_row full_width=&#8221;stretch_row_content&#8221;][vc_column][vc_empty_space][\/vc_column][\/vc_row]<\/p>\n<\/section>","protected":false},"excerpt":{"rendered":"<p>[vc_row full_width=&#8221;stretch_row_content&#8221; css=&#8221;.vc_custom_1563556730526{padding-top: 20px !important;}&#8221;][vc_column width=&#8221;1\/2&#8243; css=&#8221;.vc_custom_1563556763700{padding-top: 20px !important;padding-bottom: 20px !important;}&#8221;][vc_single_image image=&#8221;882&#8243; img_size=&#8221;full&#8221;][\/vc_column][vc_column width=&#8221;1\/2&#8243; css=&#8221;.vc_custom_1563558563212{padding-top: 20px !important;padding-left: 10px !important;}&#8221;][vc_column_text css=&#8221;.vc_custom_1564077793938{padding-bottom: 20px !important;}&#8221;] DESCUBRE AL TIBUR\u00d3N TORO DESCRIPCION: Estos buceos se realizan en un \u00e1rea de fondo arenoso a una profundidad de 18 metros, \u00a0se hace buceo con corriente durante 45 minutos cerca de la zona [&hellip;]<\/p>\n","protected":false},"author":1,"featured_media":0,"parent":1212,"menu_order":0,"comment_status":"closed","ping_status":"closed","template":"","meta":{"footnotes":""},"class_list":["post-1229","page","type-page","status-publish","hentry"],"_links":{"self":[{"href":"https:\/\/phantomdivers.com\/es\/wp-json\/wp\/v2\/pages\/1229","targetHints":{"allow":["GET"]}}],"collection":[{"href":"https:\/\/phantomdivers.com\/es\/wp-json\/wp\/v2\/pages"}],"about":[{"href":"https:\/\/phantomdivers.com\/es\/wp-json\/wp\/v2\/types\/page"}],"author":[{"embeddable":true,"href":"https:\/\/phantomdivers.com\/es\/wp-json\/wp\/v2\/users\/1"}],"replies":[{"embeddable":true,"href":"https:\/\/phantomdivers.com\/es\/wp-json\/wp\/v2\/comments?post=1229"}],"version-history":[{"count":9,"href":"https:\/\/phantomdivers.com\/es\/wp-json\/wp\/v2\/pages\/1229\/revisions"}],"predecessor-version":[{"id":5605,"href":"https:\/\/phantomdivers.com\/es\/wp-json\/wp\/v2\/pages\/1229\/revisions\/5605"}],"up":[{"embeddable":true,"href":"https:\/\/phantomdivers.com\/es\/wp-json\/wp\/v2\/pages\/1212"}],"wp:attachment":[{"href":"https:\/\/phantomdivers.com\/es\/wp-json\/wp\/v2\/media?parent=1229"}],"curies":[{"name":"wp","href":"https:\/\/api.w.org\/{rel}","templated":true}]}}