{"id":1226,"date":"2019-07-19T17:36:36","date_gmt":"2019-07-19T17:36:36","guid":{"rendered":"http:\/\/phantomdivers.com\/buceo-tiburones\/bull-shark-encounter-reef\/"},"modified":"2025-09-27T09:52:51","modified_gmt":"2025-09-27T14:52:51","slug":"encuentro-con-tiburon-toro-arrecife","status":"publish","type":"page","link":"https:\/\/phantomdivers.com\/es\/buceo-tiburones\/encuentro-con-tiburon-toro-arrecife\/","title":{"rendered":"Encuentro con tibur\u00f3n toro + Arrecife"},"content":{"rendered":"<section class=\"wpb-content-wrapper\"><p>[vc_row full_width=&#8221;stretch_row_content&#8221; css=&#8221;.vc_custom_1563556730526{padding-top: 20px !important;}&#8221;][vc_column width=&#8221;1\/2&#8243; css=&#8221;.vc_custom_1563556763700{padding-top: 20px !important;padding-bottom: 20px !important;}&#8221;][vc_video link=&#8221;https:\/\/www.youtube.com\/watch?v=5S4a-J3PRQc&#8221;][\/vc_column][vc_column width=&#8221;1\/2&#8243; css=&#8221;.vc_custom_1563554364484{padding-right: 10px !important;}&#8221;][vc_column_text css=&#8221;.vc_custom_1564077003696{padding-bottom: 20px !important;}&#8221;]<\/p>\n<h2 style=\"font-size: 28px;\">ENCUENTRO CON TIBUR\u00d3N TORO + ARRECIFE<\/h2>\n<p><span style=\"color: #000000;\"><strong>DESCRIPCION:<br \/>\n<\/strong><br \/>\n<\/span><br \/>\n<span style=\"color: #000000;\"><span class=\"s2\">Este paquete especial es la combinaci\u00f3n de 2 inmersiones incre\u00edbles: la primera se lleva a cabo en un colorido arrecife donde se pueden ver muchos peces tropicales y corales, la segunda inmersi\u00f3n es nuestro buceo lleno de acci\u00f3n ENCUENTRO CON EL TIBUR\u00d3N TORO (alimentaci\u00f3n de tiburones toro).<\/span><\/span><\/p>\n<h3 style=\"font-size: 28px;\">DETALLES<\/h3>\n<p>[\/vc_column_text][vc_tta_accordion style=&#8221;flat&#8221; shape=&#8221;square&#8221; color=&#8221;blue&#8221; c_icon=&#8221;&#8221; active_section=&#8221;5&#8243;][vc_tta_section title=&#8221;Pre-requisitos&#8221; tab_id=&#8221;1563552032604-d253e329-da70&#8243;][vc_column_text]<\/p>\n<div><span style=\"color: #000000;\">\u2013 Buzos Avanzados o Open Water con m\u00e1s de 20 inmersiones registradas (si no cumple con esto, puede realizar una inmersi\u00f3n de revisi\u00f3n previa a la inmersi\u00f3n con tiburones para que el instructor pueda evaluar sus habilidades de buceo).<\/span><\/div>\n<div><span style=\"color: #000000;\">\u2013 Buen consumo de aire.<\/span><\/div>\n<div><span style=\"color: #000000;\">\u2013 Buenas t\u00e9cnicas de ecualizaci\u00f3n.<\/span><\/div>\n<div><span style=\"color: #000000;\">\u2013 Escuchar atentamente y seguir el plan de buceo.<\/span><\/div>\n<div><span style=\"color: #000000;\">\u2013 Equipo adecuado (traje completo, sin colores brillantes).<\/span><\/div>\n<div><\/div>\n<div><span style=\"color: #000000;\">Es importante que te conduzcas como un buen buceador y sigas el plan para su seguridad y la del resto del grupo.<\/span><\/div>\n<p>[\/vc_column_text][\/vc_tta_section][vc_tta_section title=&#8221;Precio&#8221; tab_id=&#8221;1563552032636-397aa197-a14c&#8221;][vc_column_text]<\/p>\n<div><strong><span style=\"color: #000000;\">HORARIO:<\/span><\/strong><\/div>\n<div><span style=\"color: #000000;\">Ma\u00f1ana: Check in: 8:30 am a 12:30 pm<\/span><\/div>\n<div><span style=\"color: #000000;\">\u00a0<\/span><\/div>\n<div><span style=\"color: #000000;\"><strong>PRECIO:<\/strong> $4420 MXN<\/span><\/div>\n<div>\n<p><span style=\"color: #000000;\">+ $440 MXN por renta de equipo<\/span><\/p>\n<p>&nbsp;<\/p>\n<p class=\"p1\"><span style=\"color: #3366ff;\"><a style=\"color: #3366ff;\" href=\"https:\/\/www.youtube.com\/watch?v=5S4a-J3PRQc\" target=\"_blank\" rel=\"noopener noreferrer\"><b>VIDEO DE EXPLICACI\u00d3N DE LAS REGLAS Y CONDUCTA DEL BUCEO CON TIBUR\u00d3N TORO<\/b><\/a><\/span><\/p>\n<\/div>\n<p>[\/vc_column_text][\/vc_tta_section][\/vc_tta_accordion][vc_btn title=&#8221;RESERVAR AHORA&#8221; style=&#8221;flat&#8221; shape=&#8221;square&#8221; color=&#8221;blue&#8221; size=&#8221;lg&#8221; align=&#8221;left&#8221; link=&#8221;url:%2Fes%2Fcontactanos%2F|||&#8221;][\/vc_column][\/vc_row][vc_row full_width=&#8221;stretch_row_content&#8221;][vc_column][vc_empty_space][\/vc_column][\/vc_row]<\/p>\n<\/section>","protected":false},"excerpt":{"rendered":"<p>[vc_row full_width=&#8221;stretch_row_content&#8221; css=&#8221;.vc_custom_1563556730526{padding-top: 20px !important;}&#8221;][vc_column width=&#8221;1\/2&#8243; css=&#8221;.vc_custom_1563556763700{padding-top: 20px !important;padding-bottom: 20px !important;}&#8221;][vc_video link=&#8221;https:\/\/www.youtube.com\/watch?v=5S4a-J3PRQc&#8221;][\/vc_column][vc_column width=&#8221;1\/2&#8243; css=&#8221;.vc_custom_1563554364484{padding-right: 10px !important;}&#8221;][vc_column_text css=&#8221;.vc_custom_1564077003696{padding-bottom: 20px !important;}&#8221;] ENCUENTRO CON TIBUR\u00d3N TORO + ARRECIFE DESCRIPCION: Este paquete especial es la combinaci\u00f3n de 2 inmersiones incre\u00edbles: la primera se lleva a cabo en un colorido arrecife donde se pueden ver muchos peces tropicales y corales, [&hellip;]<\/p>\n","protected":false},"author":1,"featured_media":0,"parent":1212,"menu_order":0,"comment_status":"closed","ping_status":"closed","template":"","meta":{"footnotes":""},"class_list":["post-1226","page","type-page","status-publish","hentry"],"_links":{"self":[{"href":"https:\/\/phantomdivers.com\/es\/wp-json\/wp\/v2\/pages\/1226","targetHints":{"allow":["GET"]}}],"collection":[{"href":"https:\/\/phantomdivers.com\/es\/wp-json\/wp\/v2\/pages"}],"about":[{"href":"https:\/\/phantomdivers.com\/es\/wp-json\/wp\/v2\/types\/page"}],"author":[{"embeddable":true,"href":"https:\/\/phantomdivers.com\/es\/wp-json\/wp\/v2\/users\/1"}],"replies":[{"embeddable":true,"href":"https:\/\/phantomdivers.com\/es\/wp-json\/wp\/v2\/comments?post=1226"}],"version-history":[{"count":8,"href":"https:\/\/phantomdivers.com\/es\/wp-json\/wp\/v2\/pages\/1226\/revisions"}],"predecessor-version":[{"id":5608,"href":"https:\/\/phantomdivers.com\/es\/wp-json\/wp\/v2\/pages\/1226\/revisions\/5608"}],"up":[{"embeddable":true,"href":"https:\/\/phantomdivers.com\/es\/wp-json\/wp\/v2\/pages\/1212"}],"wp:attachment":[{"href":"https:\/\/phantomdivers.com\/es\/wp-json\/wp\/v2\/media?parent=1226"}],"curies":[{"name":"wp","href":"https:\/\/api.w.org\/{rel}","templated":true}]}}