{"id":1223,"date":"2019-07-19T17:15:34","date_gmt":"2019-07-19T17:15:34","guid":{"rendered":"http:\/\/phantomdivers.com\/buceo-tiburones\/bull-shark-encounter\/"},"modified":"2025-09-27T09:50:36","modified_gmt":"2025-09-27T14:50:36","slug":"encuentro-buceo-con-tiburon-toro","status":"publish","type":"page","link":"https:\/\/phantomdivers.com\/es\/buceo-tiburones\/encuentro-buceo-con-tiburon-toro\/","title":{"rendered":"Encuentro buceo con Tibur\u00f3n Toro"},"content":{"rendered":"<section class=\"wpb-content-wrapper\"><p>[vc_row full_width=&#8221;stretch_row_content&#8221; css=&#8221;.vc_custom_1563556730526{padding-top: 20px !important;}&#8221;][vc_column width=&#8221;1\/2&#8243; css=&#8221;.vc_custom_1563556763700{padding-top: 20px !important;padding-bottom: 20px !important;}&#8221;][vc_video link=&#8221;https:\/\/www.youtube.com\/watch?v=5S4a-J3PRQc&#8221;][\/vc_column][vc_column width=&#8221;1\/2&#8243; css=&#8221;.vc_custom_1563554364484{padding-right: 10px !important;}&#8221;][vc_column_text css=&#8221;.vc_custom_1564073162419{padding-bottom: 20px !important;}&#8221;]<\/p>\n<h2 style=\"font-size: 28px;\">ENCUENTRO BUCEO CON TIBUR\u00d3N TORO<\/h2>\n<p class=\"p1\"><span style=\"color: #000000;\"><strong>DESCRIPCI\u00d3N:<br \/>\n<\/strong><\/span><\/p>\n<div><span style=\"color: #000000;\">Vamos a bucear con los tiburones toro a 24 metros de profundidad, esta es una inmersi\u00f3n est\u00e1tica donde tendr\u00e1s que permanecer en tu lugar asignado.\u00a0<\/span><\/div>\n<div><span style=\"color: #000000;\">As\u00ed que si est\u00e1s listo para esta aventura de alto octanaje, te invitamos a acompa\u00f1arnos en este viaje de tu vida!<\/span><\/div>\n<div><\/div>\n<div><span style=\"color: #000000;\">Los tiburones toro son tiburones grandes, no son t\u00edmidos y se pasean entre los buzos. \u00c9ste es un comportamiento normal para ellos, si no est\u00e1s preparado puede ser una experiencia conmocionante. Utilizamos pescado para atraer a los tiburones, lo que a veces provoca que est\u00e9n muy cerca y activos.<\/span><\/div>\n<div><\/div>\n<div>\n<p><span style=\"color: #000000;\">La posici\u00f3n de los tiburones \u00a0en la cadena alimenticia es vital para la salud del ecosistema. Cuanto m\u00e1s aprendamos sobre estos animales, m\u00e1s podremos disfrutar y cuidar de ellos.<\/span><\/p>\n<p>&nbsp;<\/p>\n<\/div>\n<h3 style=\"font-size: 28px;\">DETALLES<\/h3>\n<p>[\/vc_column_text][vc_tta_accordion style=&#8221;flat&#8221; shape=&#8221;square&#8221; color=&#8221;blue&#8221; c_icon=&#8221;&#8221; active_section=&#8221;5&#8243;][vc_tta_section title=&#8221;Requisitos previos&#8221; tab_id=&#8221;1563552032604-d253e329-da70&#8243;][vc_column_text]<\/p>\n<div><span style=\"color: #000000;\">\u2013 Ser buzo Avanzado u Open Water con m\u00e1s de 20 inmersiones registradas (si usted no cumple con esto \u00a0puede hacer un buceo de check-out antes de la inmersi\u00f3n con tibur\u00f3n en el cual el instructor \u00a0puede evaluar sus habilidades de buceo).<\/span><\/div>\n<div><span style=\"color: #000000;\">\u2013 Buen consumo de aire.<\/span><\/div>\n<div><span style=\"color: #000000;\">\u2013 Buenas t\u00e9cnicas de compensaci\u00f3n.<\/span><\/div>\n<div><span style=\"color: #000000;\">\u2013 Escuchar atentamente y seguir el plan de buceo.<\/span><\/div>\n<div><span style=\"color: #000000;\">\u2013 Equipo adecuado (traje de neopreno completo, sin color brillante).<\/span><\/div>\n<div><span style=\"color: #000000;\">\u00a0<\/span><\/div>\n<div><span style=\"color: #000000;\">Es importante mantener una conducta adecuada y seguir el plan de buceo para su seguridad y la del resto del grupo.\u00a0<\/span><\/div>\n<p>[\/vc_column_text][\/vc_tta_section][vc_tta_section title=&#8221;Precio&#8221; tab_id=&#8221;1563552032636-397aa197-a14c&#8221;][vc_column_text]<\/p>\n<div><span class=\"ace-all-bold-hthree\" style=\"color: #000000;\"><b>HORARIO:<\/b><\/span><\/div>\n<div><span style=\"color: #000000;\">Tarde: Check in: \u00a01:30 pm a 4:00 pm<\/span><\/div>\n<div><span style=\"color: #000000;\">\u00a0\u00a0<\/span><\/div>\n<div><span style=\"color: #000000;\"><b>PRECIO:<\/b> \u00a0 \u00a0 $3560 MXN (en caso de no ver tiburones se hace un reembolso parcial. Incluye el bracalete de conservaci\u00f3n)<b>\u00a0<\/b><\/span><\/div>\n<div><\/div>\n<div><span style=\"color: #000000;\">+ $440 MXN por renta de equipo<\/span><\/div>\n<div><span style=\"color: #000000;\">\u00a0<\/span><\/div>\n<div><span style=\"color: #000000;\"><i>Lugar privilegiado de fotograf\u00eda<\/i>: <b>$3340 MXN<\/b>\u00a0extra (solo hay disponibilidad para un lugar por buceo).<\/span><\/div>\n<div><span style=\"color: #000000;\">\u00a0<\/span><\/div>\n<div><span style=\"color: #000000;\">NOTA: Es una buena idea evaluar las condiciones locales del clima un par de d\u00edas antes de su llegada.<\/span><\/div>\n<div><span style=\"color: #000000;\">\u00a0<\/span><\/div>\n<div><span style=\"color: #0000ff;\"><a style=\"color: #0000ff;\" href=\"https:\/\/www.youtube.com\/watch?v=5S4a-J3PRQc\" target=\"_blank\" rel=\"noopener noreferrer\"><span class=\"ace-all-bold-hthree\"><b>VIDEO DE EXPLICACI\u00d3N DE LAS REGLAS Y CONDUCTA DEL BUCEO CON TIBUR\u00d3N TORO<\/b><\/span><\/a><\/span><\/div>\n<p>[\/vc_column_text][\/vc_tta_section][\/vc_tta_accordion][vc_btn title=&#8221;RESERVAR AHORA&#8221; style=&#8221;flat&#8221; shape=&#8221;square&#8221; color=&#8221;blue&#8221; size=&#8221;lg&#8221; align=&#8221;left&#8221; link=&#8221;url:%2Fes%2Fcontactanos%2F|||&#8221;][\/vc_column][\/vc_row][vc_row full_width=&#8221;stretch_row_content&#8221;][vc_column][vc_empty_space][\/vc_column][\/vc_row]<\/p>\n<\/section>","protected":false},"excerpt":{"rendered":"<p>[vc_row full_width=&#8221;stretch_row_content&#8221; css=&#8221;.vc_custom_1563556730526{padding-top: 20px !important;}&#8221;][vc_column width=&#8221;1\/2&#8243; css=&#8221;.vc_custom_1563556763700{padding-top: 20px !important;padding-bottom: 20px !important;}&#8221;][vc_video link=&#8221;https:\/\/www.youtube.com\/watch?v=5S4a-J3PRQc&#8221;][\/vc_column][vc_column width=&#8221;1\/2&#8243; css=&#8221;.vc_custom_1563554364484{padding-right: 10px !important;}&#8221;][vc_column_text css=&#8221;.vc_custom_1564073162419{padding-bottom: 20px !important;}&#8221;] ENCUENTRO BUCEO CON TIBUR\u00d3N TORO DESCRIPCI\u00d3N: Vamos a bucear con los tiburones toro a 24 metros de profundidad, esta es una inmersi\u00f3n est\u00e1tica donde tendr\u00e1s que permanecer en tu lugar asignado.\u00a0 As\u00ed que si est\u00e1s listo [&hellip;]<\/p>\n","protected":false},"author":1,"featured_media":0,"parent":1212,"menu_order":0,"comment_status":"closed","ping_status":"closed","template":"","meta":{"footnotes":""},"class_list":["post-1223","page","type-page","status-publish","hentry"],"_links":{"self":[{"href":"https:\/\/phantomdivers.com\/es\/wp-json\/wp\/v2\/pages\/1223","targetHints":{"allow":["GET"]}}],"collection":[{"href":"https:\/\/phantomdivers.com\/es\/wp-json\/wp\/v2\/pages"}],"about":[{"href":"https:\/\/phantomdivers.com\/es\/wp-json\/wp\/v2\/types\/page"}],"author":[{"embeddable":true,"href":"https:\/\/phantomdivers.com\/es\/wp-json\/wp\/v2\/users\/1"}],"replies":[{"embeddable":true,"href":"https:\/\/phantomdivers.com\/es\/wp-json\/wp\/v2\/comments?post=1223"}],"version-history":[{"count":11,"href":"https:\/\/phantomdivers.com\/es\/wp-json\/wp\/v2\/pages\/1223\/revisions"}],"predecessor-version":[{"id":5606,"href":"https:\/\/phantomdivers.com\/es\/wp-json\/wp\/v2\/pages\/1223\/revisions\/5606"}],"up":[{"embeddable":true,"href":"https:\/\/phantomdivers.com\/es\/wp-json\/wp\/v2\/pages\/1212"}],"wp:attachment":[{"href":"https:\/\/phantomdivers.com\/es\/wp-json\/wp\/v2\/media?parent=1223"}],"curies":[{"name":"wp","href":"https:\/\/api.w.org\/{rel}","templated":true}]}}