{"id":1216,"date":"2019-07-18T22:59:32","date_gmt":"2019-07-18T22:59:32","guid":{"rendered":"http:\/\/phantomdivers.com\/buceo-tiburones\/bull-shark-diving-information\/"},"modified":"2025-09-27T09:58:56","modified_gmt":"2025-09-27T14:58:56","slug":"la-conservacion-del-tiburon-toro","status":"publish","type":"page","link":"https:\/\/phantomdivers.com\/es\/buceo-tiburones\/la-conservacion-del-tiburon-toro\/","title":{"rendered":"La conservaci\u00f3n del tibur\u00f3n toro"},"content":{"rendered":"<section class=\"wpb-content-wrapper\"><p>[vc_row full_width=&#8221;stretch_row_content&#8221; css=&#8221;.vc_custom_1563554306003{padding-top: 20px !important;}&#8221;][vc_column width=&#8221;1\/2&#8243;][vc_video link=&#8221;https:\/\/www.youtube.com\/watch?v=5S4a-J3PRQc&#8221;][\/vc_column][vc_column width=&#8221;1\/2&#8243; css=&#8221;.vc_custom_1563554364484{padding-right: 10px !important;}&#8221;][vc_column_text css=&#8221;.vc_custom_1564071629148{padding-bottom: 20px !important;}&#8221;]<\/p>\n<h2><span style=\"color: #000000; font-size: 30px;\">SOBRE EL TIBUR\u00d3N TORO<\/span><\/h2>\n<p><span style=\"color: #000000;\">En realidad, el tibur\u00f3n toro <b><i>(Carcharhinus Leucas)<\/i><\/b> es una especie oportunista que puede crecer hasta 4 metros de longitud. Esto significa que se alimenta de muchos tipos de animales acu\u00e1ticos, especialmente peces, tortugas, mam\u00edferos marinos e incluso otros tiburones.<\/span><\/p>\n<p><span style=\"color: #000000;\">Playa del Carmen se encuentra entre los mejores lugares del mundo para bucear con tiburones toro, su c\u00e1lido mar y la buena visibilidad nos permiten apreciar con gran satisfacci\u00f3n la belleza y elegancia de estos majestuosos depredadores en Playa del Carmen entre noviembre y marzo.<\/span><\/p>\n<h3 style=\"font-size: 28px;\">DETALLES<\/h3>\n<div><span style=\"color: #000000;\">Nuestro centro de buceo, Phantom Divers, fue el primero en ofrecer los famosos encuentros donde se atraen a los tiburones toros en Playa del Carmen. Lo que nos mueve es la pasi\u00f3n por comprender, descubrir y hacer conocer los misterios que esconden estos asombrosos animales.<\/span><\/div>\n<div><span style=\"color: #000000;\">\u00a1\u00danete a nosotros para disfrutar de esta \u00fanica experiencia!<\/span><\/div>\n<p>[\/vc_column_text][vc_tta_accordion style=&#8221;flat&#8221; shape=&#8221;square&#8221; color=&#8221;blue&#8221; c_icon=&#8221;&#8221; active_section=&#8221;5&#8243;][vc_tta_section title=&#8221;Cuadro comparativo&#8221; tab_id=&#8221;1563552032604-d253e329-da70&#8243;][vc_column_text el_class=&#8221;tabla&#8221;]<\/p>\n<table>\n<thead>\n<tr>\n<th>CUADRO COMPARATIVO<\/th>\n<th>ENCUENTOR CON TUBUR\u00d3N TORO<\/th>\n<th>DESCUBRE AL TUBUR\u00d3N TORO<\/th>\n<\/tr>\n<\/thead>\n<tbody>\n<tr>\n<th>NIVEL DE EXPERIENCIA<\/th>\n<td>BUZO AVANZADO<\/td>\n<td>OPEN WATER<\/td>\n<\/tr>\n<tr>\n<th>PROFUNDIDAD<\/th>\n<td>24 Metros \/ 80 Pies<\/td>\n<td>18 Metros \/ 60 Pies<\/td>\n<\/tr>\n<tr>\n<th>DURACI\u00d3N<\/th>\n<td>25 MIN<\/td>\n<td>45 MIN<\/td>\n<\/tr>\n<tr>\n<th>TIPO DE BUCEO<\/th>\n<td>Est\u00e1tico<\/td>\n<td>Corriente<\/td>\n<\/tr>\n<tr>\n<th>PARADA DE SEGURIDAD<\/th>\n<td>Si<\/td>\n<td>Si<\/td>\n<\/tr>\n<tr>\n<th>ATTRACCI\u00d3N<\/th>\n<td>Si<\/td>\n<td>No<\/td>\n<\/tr>\n<tr>\n<th>DISTANCIA DE LOS TIBURONES<\/th>\n<td>Muy cerca<\/td>\n<td>6 ao 8 Metros \/ 20 a 60 Pies<\/td>\n<\/tr>\n<tr>\n<th>N\u00daMERO DE TIBURONES<\/th>\n<td>1 a 20+<\/td>\n<td>N\/A<\/td>\n<\/tr>\n<tr>\n<th>INTERACCI\u00d3N<\/th>\n<td>Si*<\/td>\n<td>No<\/td>\n<\/tr>\n<tr>\n<th>FOTOGRAF\u00cdA<\/th>\n<td>++++++<\/td>\n<td>++<\/td>\n<\/tr>\n<tr>\n<th>FOTOGRAF\u00cdA CON LUGAR PRIVILEGIADO<\/th>\n<td>Si<\/td>\n<td>No<\/td>\n<\/tr>\n<tr>\n<th>PRECIO<\/th>\n<td>3560 MXN + brazalete de conservaci\u00f3n + 440 MXN Equipo<\/td>\n<td>2180 MXN + brazalete de conservaci\u00f3n + 440 MXN Equipo<\/td>\n<\/tr>\n<tr>\n<th>REEMBOLSO EN CASO DE NO VER TIBURONES<\/th>\n<td>Reembolso parcial<\/td>\n<td>No<\/td>\n<\/tr>\n<\/tbody>\n<\/table>\n<p>[\/vc_column_text][\/vc_tta_section][vc_tta_section title=&#8221;La conservaci\u00f3n del tibur\u00f3n toro&#8221; tab_id=&#8221;1563552032636-397aa197-a14c&#8221;][vc_column_text]<\/p>\n<div>\n<div><span style=\"color: #000000;\">En M\u00e9xico, los tiburones est\u00e1n bajo la creciente presi\u00f3n de la industria pesquera. Esta es una realidad muy alarmante para todos los amantes de los tiburones y el ecosistema marino. Sin embargo, para avanzar con los planes de conservaci\u00f3n, es necesario conocer sus patrones de movimiento.<\/span><\/div>\n<div><\/div>\n<div><span style=\"color: #000000;\">Nuestro director, Jorge Loria, fund\u00f3 la Organizaci\u00f3n no gubernamental <span style=\"color: #0000ff;\"><a class=\"attrlink\" style=\"color: #0000ff;\" href=\"https:\/\/www.savingoursharks.org\/\" target=\"_blank\" rel=\"noreferrer nofollow noopener\" data-target-href=\"https:\/\/www.savingoursharks.org\/\">Saving Our Sharks<\/a> <\/span><span style=\"color: #0000ff;\">,<\/span> que est\u00e1 realizando una extensa investigaci\u00f3n sobre los patrones de movimiento de los tiburones, mediante el uso de la telemetr\u00eda ac\u00fastica y satelital, para ubicar el h\u00e1bitat apropiado para esta especie. Estas investigaciones son necesarias para establecer los tiempos y las \u00e1reas correctas para la protecci\u00f3n de los tiburones.<\/span><\/div>\n<div><span style=\"color: #000000;\">\u00a0<\/span><\/div>\n<div><span style=\"color: #000000;\">El equipo de Phantom Divers est\u00e1 consciente de esta realidad, estamos trabajando directamente con la ONG Saving Our Sharks para lograr el objetivo principal: LA CREACI\u00d3N DE UN SANTUARIO DE TIBURONES EN LA COSTA DEL CARIBE MEXICANO, lo que implica la protecci\u00f3n total de los tiburones en esta \u00e1rea. Al bucear con Phantom Divers, tambi\u00e9n apoyar\u00e1 la conservaci\u00f3n.<\/span><\/div>\n<div><span style=\"color: #000000;\">\u00a0<\/span><\/div>\n<div><span style=\"color: #000000;\">Actualmente, Playa del Carmen es considerado uno de los mejores lugares del mundo para realizar este tipo de buceo, dada la claridad de sus aguas y la cantidad de espec\u00edmenes que se pueden observar en una sola inmersi\u00f3n. PHANTOM DIVERS es PIONERO, tanto en el BUCEO con tiburones toro como en su CONSERVACI\u00d3N en el Caribe mexicano, colaboramos con diferentes ONG nacionales e internacionales para estudiar y proteger a los tiburones en el \u00e1rea.<\/span><\/div>\n<div><span style=\"color: #000000;\">Estamos participando en el proyecto de telemetr\u00eda de tiburones toro,\u00a0el buceo de atraccion equivocamente llamado buceo de alimentacion de tiburon toro, nos a permitido colocar marcas acusticas a los tiburones toro de playa del carmen para ayudar a recopilar informaci\u00f3n para crear un Santuario de tiburones en nuestra regi\u00f3n y aprender m\u00e1s sobre su comportamiento.<\/span><\/div>\n<div><span style=\"color: #000000;\">Cuando bucees con PHANTOM DIVERS, estar\u00e1s apoyando este proyecto y el cuidado del ecosistema marino, ya que el valor de 100 MXN que pagas por el BRAZALETE DE CONSERVACI\u00d3N est\u00e1 destinado a la asociaci\u00f3n Saving Our Sharks.<\/span><\/div>\n<div><span style=\"color: #000000;\">En el transcurso de los a\u00f1os, nuestra comunidad y colegas se dieron cuenta de que era posible realizar actividades de buceo con el TIBUR\u00d3N TORO en PLAYA DEL CARMEN de manera segura y al mismo tiempo hacer que los buceadores tomen conciencia de la importancia de la conservaci\u00f3n de esta especie, ya que su importancia es vital para el ecosistema marino, debido a esto, PHANTOM DIVERS se enorgullece de los premios que hemos recibido a nivel local, ya que nos alienta a continuar colaborando con la conservaci\u00f3n de los ecosistemas marinos en el Caribe mexicano a trav\u00e9s de la investigaci\u00f3n, la educaci\u00f3n ambiental y la capacitaci\u00f3n.<\/span><\/div>\n<div><span style=\"color: #000000;\">Todav\u00eda tenemos un largo camino por delante, esperamos contar con su participaci\u00f3n.<\/span><\/div>\n<div>\n<p><span class=\" \" style=\"color: #000000;\">Bucear con tiburones toros es una aventura que nunca olvidar\u00e1s.<\/span><\/p>\n<p><a style=\"color: #0000ff;\" href=\"https:\/\/www.youtube.com\/watch?time_continue=9&amp;v=AcrwUi-r3Xk\" target=\"_blank\" rel=\"noopener noreferrer\"><b><u>VIDEO ABOUT CONSERVATION<\/u><\/b><\/a><\/p>\n<\/div>\n<\/div>\n<p>[\/vc_column_text][\/vc_tta_section][\/vc_tta_accordion][\/vc_column][\/vc_row][vc_row full_width=&#8221;stretch_row_content&#8221;][vc_column][vc_empty_space][\/vc_column][\/vc_row]<\/p>\n<\/section>","protected":false},"excerpt":{"rendered":"<p>[vc_row full_width=&#8221;stretch_row_content&#8221; css=&#8221;.vc_custom_1563554306003{padding-top: 20px !important;}&#8221;][vc_column width=&#8221;1\/2&#8243;][vc_video link=&#8221;https:\/\/www.youtube.com\/watch?v=5S4a-J3PRQc&#8221;][\/vc_column][vc_column width=&#8221;1\/2&#8243; css=&#8221;.vc_custom_1563554364484{padding-right: 10px !important;}&#8221;][vc_column_text css=&#8221;.vc_custom_1564071629148{padding-bottom: 20px !important;}&#8221;] SOBRE EL TIBUR\u00d3N TORO En realidad, el tibur\u00f3n toro (Carcharhinus Leucas) es una especie oportunista que puede crecer hasta 4 metros de longitud. Esto significa que se alimenta de muchos tipos de animales acu\u00e1ticos, especialmente peces, tortugas, mam\u00edferos marinos e incluso [&hellip;]<\/p>\n","protected":false},"author":1,"featured_media":0,"parent":1212,"menu_order":0,"comment_status":"closed","ping_status":"closed","template":"","meta":{"footnotes":""},"class_list":["post-1216","page","type-page","status-publish","hentry"],"_links":{"self":[{"href":"https:\/\/phantomdivers.com\/es\/wp-json\/wp\/v2\/pages\/1216","targetHints":{"allow":["GET"]}}],"collection":[{"href":"https:\/\/phantomdivers.com\/es\/wp-json\/wp\/v2\/pages"}],"about":[{"href":"https:\/\/phantomdivers.com\/es\/wp-json\/wp\/v2\/types\/page"}],"author":[{"embeddable":true,"href":"https:\/\/phantomdivers.com\/es\/wp-json\/wp\/v2\/users\/1"}],"replies":[{"embeddable":true,"href":"https:\/\/phantomdivers.com\/es\/wp-json\/wp\/v2\/comments?post=1216"}],"version-history":[{"count":6,"href":"https:\/\/phantomdivers.com\/es\/wp-json\/wp\/v2\/pages\/1216\/revisions"}],"predecessor-version":[{"id":5610,"href":"https:\/\/phantomdivers.com\/es\/wp-json\/wp\/v2\/pages\/1216\/revisions\/5610"}],"up":[{"embeddable":true,"href":"https:\/\/phantomdivers.com\/es\/wp-json\/wp\/v2\/pages\/1212"}],"wp:attachment":[{"href":"https:\/\/phantomdivers.com\/es\/wp-json\/wp\/v2\/media?parent=1216"}],"curies":[{"name":"wp","href":"https:\/\/api.w.org\/{rel}","templated":true}]}}