{"id":1212,"date":"2019-07-18T21:53:33","date_gmt":"2019-07-18T21:53:33","guid":{"rendered":"http:\/\/phantomdivers.com\/shark-diving-tours\/"},"modified":"2026-03-18T14:47:13","modified_gmt":"2026-03-18T19:47:13","slug":"buceo-tiburones","status":"publish","type":"page","link":"https:\/\/phantomdivers.com\/es\/buceo-tiburones\/","title":{"rendered":"Buceo con Tiburones"},"content":{"rendered":"<section class=\"wpb-content-wrapper\"><p>[vc_row full_width=&#8221;stretch_row_content&#8221;][vc_column width=&#8221;1\/2&#8243;][vc_single_image image=&#8221;871&#8243; img_size=&#8221;full&#8221; alignment=&#8221;center&#8221; css=&#8221;.vc_custom_1563487917989{padding-top: 40px !important;}&#8221;][\/vc_column][vc_column width=&#8221;1\/2&#8243; css=&#8221;.vc_custom_1563487977412{padding-top: 20px !important;padding-right: 10px !important;}&#8221;][vc_column_text]<\/p>\n<h2 style=\"text-align: left;\"><strong><span style=\"color: #333333; font-size: 28px;\">LA CONSERVACI\u00d3N DEL TIBUR\u00d3N TORO<\/span><\/strong><\/h2>\n<p>[\/vc_column_text][vc_column_text]<\/p>\n<div>\n<hr \/>\n<p><span style=\"color: #000000;\">Phantom Divers es el centro pionero en buceo con tibur\u00f3n toro en el Caribe mexicano, espec\u00edficamente \u00a0en Playa del Carmen.<br \/>\nHemos estado desarrollando nuestra propia t\u00e9cnica y aprendiendo de diferentes inmersiones con tibur\u00f3n alrededor del mundo desde 1997, con la finalidad de hacer de este un buceo seguro, educativo y divertido.<br \/>\nLos tiburones toro son uno de los depredadores oce\u00e1nicos m\u00e1s temidos, a pesar de que los humanos no forman parte de su dieta. Desafortunadamente, su mala reputaci\u00f3n se debe al hecho de que la mayor\u00eda de la informaci\u00f3n que se encuentra sobre ellos, proviene de los tabloides. Sin embargo, bucear alrededor de estos animales es una experiencia que cada vez m\u00e1s personas quieren disfrutar.<\/span><\/p>\n<\/div>\n<div>\n<p><span class=\" \" style=\"color: #000000;\">Es importante saber que los tiburones toro nos visitan entre noviembre y marzo.<\/span><\/p>\n<p><span style=\"color: #000000;\">ENCUENTRO CON EL TIBUR\u00d3N TORO<\/span><br \/>\n<span style=\"color: #000000;\"><span class=\" \">ENCUENTRO CON EL TIBUR\u00d3N TORO + ARRECIFE<br \/>\n<\/span><span class=\" \">DESCUBRE AL TIBUR\u00d3N TORO<br \/>\n<\/span><span class=\" \">CERTIFICACI\u00d3N DE OBSERVADOR DE TIBURONES\u00a0<\/span><\/span><\/p>\n<\/div>\n<p>[\/vc_column_text][vc_btn title=&#8221;APRENDE M\u00c1S&#8221; style=&#8221;flat&#8221; shape=&#8221;square&#8221; color=&#8221;primary&#8221; link=&#8221;url:%2Fes%2Fbuceo-tiburones%2Fla-conservacion-del-tiburon-toro%2F|||&#8221; css=&#8221;.vc_custom_1564675664166{padding-top: 40px !important;}&#8221;][\/vc_column][\/vc_row][vc_row full_width=&#8221;stretch_row_content&#8221;][vc_column][vc_separator color=&#8221;custom&#8221; accent_color=&#8221;#ebebeb&#8221; css=&#8221;.vc_custom_1563488575993{padding-top: 40px !important;}&#8221;][vc_empty_space][\/vc_column][\/vc_row][vc_row full_width=&#8221;stretch_row_content&#8221;][vc_column width=&#8221;1\/2&#8243;][vc_single_image image=&#8221;874&#8243; img_size=&#8221;full&#8221; alignment=&#8221;center&#8221; css=&#8221;.vc_custom_1563488734213{padding-top: 40px !important;}&#8221;][\/vc_column][vc_column width=&#8221;1\/2&#8243; css=&#8221;.vc_custom_1563487977412{padding-top: 20px !important;padding-right: 10px !important;}&#8221;][vc_column_text]<\/p>\n<h2 style=\"text-align: left;\"><strong><span style=\"color: #333333; font-size: 28px;\">Encuentro Con Tibur\u00f3n Toro<\/span><\/strong><\/h2>\n<p>[\/vc_column_text][vc_column_text]<\/p>\n<hr \/>\n<div>\n<div><span style=\"color: #000000;\">Vamos a bucear con los tiburones toro a 24 metros de profundidad, esta es una inmersi\u00f3n est\u00e1tica donde tendr\u00e1s que permanecer en tu lugar asignado.\u00a0<\/span><\/div>\n<div><span style=\"color: #000000;\">As\u00ed que si est\u00e1s listo para esta aventura de alto octanaje, te invitamos a acompa\u00f1arnos en este viaje de tu vida!<\/span><\/div>\n<div><\/div>\n<div><span style=\"color: #000000;\">Los tiburones toro son tiburones grandes, no son t\u00edmidos y se pasean entre los buzos. \u00c9ste es un comportamiento normal para ellos, si no est\u00e1s preparado puede ser una experiencia conmocionante. Utilizamos pescado para atraer a los tiburones, lo que a veces provoca que est\u00e9n muy cerca y activos.<\/span><\/div>\n<\/div>\n<p>[\/vc_column_text][vc_btn title=&#8221;APRENDE M\u00c1S&#8221; style=&#8221;flat&#8221; shape=&#8221;square&#8221; color=&#8221;primary&#8221; link=&#8221;url:%2Fes%2Fbuceo-tiburones%2Fencuentro-buceo-con-tiburon-toro%2F|||&#8221; css=&#8221;.vc_custom_1564675762547{padding-top: 40px !important;}&#8221;][\/vc_column][\/vc_row][vc_row full_width=&#8221;stretch_row_content&#8221;][vc_column][vc_separator color=&#8221;custom&#8221; accent_color=&#8221;#ebebeb&#8221; css=&#8221;.vc_custom_1563488575993{padding-top: 40px !important;}&#8221;][vc_empty_space][\/vc_column][\/vc_row][vc_row full_width=&#8221;stretch_row_content&#8221;][vc_column width=&#8221;1\/2&#8243;][vc_single_image image=&#8221;878&#8243; img_size=&#8221;full&#8221; alignment=&#8221;center&#8221; css=&#8221;.vc_custom_1563489707140{padding-top: 40px !important;}&#8221;][\/vc_column][vc_column width=&#8221;1\/2&#8243; css=&#8221;.vc_custom_1563487977412{padding-top: 20px !important;padding-right: 10px !important;}&#8221;][vc_column_text]<\/p>\n<h2 style=\"text-align: left;\"><strong><span style=\"color: #333333; font-size: 28px;\">Encuentro Con Tiburon Toro + Arrecife<\/span><\/strong><\/h2>\n<p>[\/vc_column_text][vc_column_text]<\/p>\n<hr \/>\n<div><span style=\"color: #000000;\">Este paquete especial es la combinaci\u00f3n de 2 inmersiones incre\u00edbles: la primera se lleva a cabo en un colorido arrecife donde se pueden ver muchos peces tropicales y corales, la segunda inmersi\u00f3n es nuestro buceo lleno de acci\u00f3n ENCUENTRO CON EL TIBUR\u00d3N TORO (alimentaci\u00f3n de tiburones toro).<\/span><\/div>\n<p>[\/vc_column_text][vc_btn title=&#8221;APRENDE M\u00c1S&#8221; style=&#8221;flat&#8221; shape=&#8221;square&#8221; color=&#8221;primary&#8221; link=&#8221;url:%2Fes%2Fbuceo-tiburones%2Fencuentro-con-tiburon-toro-arrecife%2F|||&#8221; css=&#8221;.vc_custom_1564070953596{padding-top: 40px !important;}&#8221;][\/vc_column][\/vc_row][vc_row full_width=&#8221;stretch_row_content&#8221;][vc_column][vc_separator color=&#8221;custom&#8221; accent_color=&#8221;#ebebeb&#8221; css=&#8221;.vc_custom_1563488575993{padding-top: 40px !important;}&#8221;][vc_empty_space][\/vc_column][\/vc_row][vc_row full_width=&#8221;stretch_row_content&#8221;][vc_column width=&#8221;1\/2&#8243;][vc_single_image image=&#8221;3978&#8243; img_size=&#8221;full&#8221; alignment=&#8221;center&#8221; css=&#8221;.vc_custom_1577218071597{padding-top: 40px !important;}&#8221;][\/vc_column][vc_column width=&#8221;1\/2&#8243; css=&#8221;.vc_custom_1563487977412{padding-top: 20px !important;padding-right: 10px !important;}&#8221;][vc_column_text]<\/p>\n<h2 style=\"text-align: left;\"><strong><span style=\"color: #333333; font-size: 28px;\">Encuentro con las Rayas<\/span><\/strong><\/h2>\n<p>[\/vc_column_text][vc_column_text]<\/p>\n<hr \/>\n<div><span style=\"color: #000000;\">Durante la temporada de tiburones toro, en los d\u00edas que se ausentan a tener sus cr\u00edas o a alimentarse en otras zonas, ofrecemos el buceo de Encuentro con las Rayas, en este buceo el gu\u00eda atractor, acercara a las rayas a los clientes para que las puedan observar de cerca, un maravilloso encuentro de interacci\u00f3n.<\/span><\/div>\n<div><\/div>\n<div><span style=\"color: #000000;\">Bucearemos a 24 metros de profundidad, esta es una inmersi\u00f3n est\u00e1tica donde tendr\u00e1s que permanecer en tu lugar asignado. <\/span><\/div>\n<div><\/div>\n<p>[\/vc_column_text][vc_btn title=&#8221;APRENDE M\u00c1S&#8221; style=&#8221;flat&#8221; shape=&#8221;square&#8221; color=&#8221;primary&#8221; link=&#8221;url:https%3A%2F%2Fphantomdivers.com%2Fes%2Fbuceo-tiburones%2Fencuentro-con-las-rayas%2F|title:Encuentro%20con%20las%20Rayas||&#8221; css=&#8221;.vc_custom_1577218203090{padding-top: 40px !important;}&#8221;][\/vc_column][\/vc_row][vc_row full_width=&#8221;stretch_row_content&#8221;][vc_column][vc_separator color=&#8221;custom&#8221; accent_color=&#8221;#ebebeb&#8221; css=&#8221;.vc_custom_1563488575993{padding-top: 40px !important;}&#8221;][vc_empty_space][\/vc_column][\/vc_row][vc_row full_width=&#8221;stretch_row_content&#8221;][vc_column width=&#8221;1\/2&#8243;][vc_single_image image=&#8221;882&#8243; img_size=&#8221;full&#8221; alignment=&#8221;center&#8221; css=&#8221;.vc_custom_1563489975468{padding-top: 40px !important;}&#8221;][\/vc_column][vc_column width=&#8221;1\/2&#8243; css=&#8221;.vc_custom_1563487977412{padding-top: 20px !important;padding-right: 10px !important;}&#8221;][vc_column_text]<\/p>\n<h2 style=\"text-align: left;\"><strong><span style=\"color: #333333; font-size: 28px;\">DESCUBRE AL TIBUR\u00d3N TORO<\/span><\/strong><\/h2>\n<p>[\/vc_column_text][vc_column_text]<\/p>\n<hr \/>\n<div><span style=\"color: #000000;\">Estos buceos se realizan en un \u00e1rea de fondo arenoso a una profundidad de 18 metros, \u00a0se hace buceo con corriente durante 45 minutos cerca de la zona donde atraemos a los tiburones.<\/span><\/div>\n<div><\/div>\n<div><span style=\"color: #000000;\">No usamos ning\u00fan tipo de carnada o cebo para atraer a los tiburones en esta inmersi\u00f3n, los \u00a0tiburones se ver\u00e1n en su ambiente natural y t\u00fa tendr\u00e1s la oportunidad de tomar fotos y \u00a0estar cerca de ellos.<\/span><\/div>\n<p>[\/vc_column_text][vc_btn title=&#8221;APRENDE M\u00c1S&#8221; style=&#8221;flat&#8221; shape=&#8221;square&#8221; color=&#8221;primary&#8221; link=&#8221;url:%2Fes%2Fbuceo-tiburones%2Fdescubre-al-tiburon-toro%2F|||&#8221; css=&#8221;.vc_custom_1564071060353{padding-top: 40px !important;}&#8221;][\/vc_column][\/vc_row][vc_row full_width=&#8221;stretch_row_content&#8221;][vc_column][vc_separator color=&#8221;custom&#8221; accent_color=&#8221;#ebebeb&#8221; css=&#8221;.vc_custom_1563488575993{padding-top: 40px !important;}&#8221;][vc_empty_space][\/vc_column][\/vc_row][vc_row full_width=&#8221;stretch_row_content&#8221;][vc_column width=&#8221;1\/2&#8243;][vc_single_image image=&#8221;885&#8243; img_size=&#8221;full&#8221; alignment=&#8221;center&#8221; css=&#8221;.vc_custom_1563490138600{padding-top: 40px !important;}&#8221;][\/vc_column][vc_column width=&#8221;1\/2&#8243; css=&#8221;.vc_custom_1563487977412{padding-top: 20px !important;padding-right: 10px !important;}&#8221;][vc_column_text]<\/p>\n<h2 style=\"text-align: left;\"><strong><span style=\"color: #333333; font-size: 28px;\">SSI OBSERVADOR DE TIBURONES<\/span><\/strong><\/h2>\n<p>[\/vc_column_text][vc_column_text]<\/p>\n<hr \/>\n<p><span style=\"color: #000000;\">The experience we have been acquiring during the past years has allowed us to create a specialty recognized by SSI: Shark Observer. This course will help you do bull shark diving in a safe and responsible way.<\/span><\/p>\n<p>[\/vc_column_text][vc_btn title=&#8221;APRENDE M\u00c1S&#8221; style=&#8221;flat&#8221; shape=&#8221;square&#8221; color=&#8221;primary&#8221; link=&#8221;url:%2Fes%2Fbuceo-tiburones%2Fssi-observador-de-tiburones%2F|||&#8221; css=&#8221;.vc_custom_1564071159010{padding-top: 40px !important;}&#8221;][\/vc_column][\/vc_row][vc_row full_width=&#8221;stretch_row_content&#8221;][vc_column][vc_separator color=&#8221;custom&#8221; accent_color=&#8221;#ebebeb&#8221; css=&#8221;.vc_custom_1563488575993{padding-top: 40px !important;}&#8221;][vc_empty_space][\/vc_column][\/vc_row]<\/p>\n<\/section>","protected":false},"excerpt":{"rendered":"<p>[vc_row full_width=&#8221;stretch_row_content&#8221;][vc_column width=&#8221;1\/2&#8243;][vc_single_image image=&#8221;871&#8243; img_size=&#8221;full&#8221; alignment=&#8221;center&#8221; css=&#8221;.vc_custom_1563487917989{padding-top: 40px !important;}&#8221;][\/vc_column][vc_column width=&#8221;1\/2&#8243; css=&#8221;.vc_custom_1563487977412{padding-top: 20px !important;padding-right: 10px !important;}&#8221;][vc_column_text] LA CONSERVACI\u00d3N DEL TIBUR\u00d3N TORO [\/vc_column_text][vc_column_text] Phantom Divers es el centro pionero en buceo con tibur\u00f3n toro en el Caribe mexicano, espec\u00edficamente \u00a0en Playa del Carmen. Hemos estado desarrollando nuestra propia t\u00e9cnica y aprendiendo de diferentes inmersiones con tibur\u00f3n alrededor [&hellip;]<\/p>\n","protected":false},"author":1,"featured_media":0,"parent":0,"menu_order":0,"comment_status":"closed","ping_status":"closed","template":"","meta":{"footnotes":""},"class_list":["post-1212","page","type-page","status-publish","hentry"],"_links":{"self":[{"href":"https:\/\/phantomdivers.com\/es\/wp-json\/wp\/v2\/pages\/1212","targetHints":{"allow":["GET"]}}],"collection":[{"href":"https:\/\/phantomdivers.com\/es\/wp-json\/wp\/v2\/pages"}],"about":[{"href":"https:\/\/phantomdivers.com\/es\/wp-json\/wp\/v2\/types\/page"}],"author":[{"embeddable":true,"href":"https:\/\/phantomdivers.com\/es\/wp-json\/wp\/v2\/users\/1"}],"replies":[{"embeddable":true,"href":"https:\/\/phantomdivers.com\/es\/wp-json\/wp\/v2\/comments?post=1212"}],"version-history":[{"count":9,"href":"https:\/\/phantomdivers.com\/es\/wp-json\/wp\/v2\/pages\/1212\/revisions"}],"predecessor-version":[{"id":5707,"href":"https:\/\/phantomdivers.com\/es\/wp-json\/wp\/v2\/pages\/1212\/revisions\/5707"}],"wp:attachment":[{"href":"https:\/\/phantomdivers.com\/es\/wp-json\/wp\/v2\/media?parent=1212"}],"curies":[{"name":"wp","href":"https:\/\/api.w.org\/{rel}","templated":true}]}}